{"id":998,"date":"2022-02-15T15:11:27","date_gmt":"2022-02-15T13:11:27","guid":{"rendered":"https:\/\/kuopionkonservatorio.letm.com\/?page_id=998"},"modified":"2024-09-19T15:18:26","modified_gmt":"2024-09-19T12:18:26","slug":"kuopionpianokilpailu","status":"publish","type":"page","link":"https:\/\/kuopionkonservatorio.fi\/fi\/kuopionpianokilpailu\/","title":{"rendered":"Kuopion pianokilpailu"},"content":{"rendered":"\n<div class=\"wp-block-columns alignwide is-layout-flex wp-container-core-columns-is-layout-9d6595d7 wp-block-columns-is-layout-flex\">\n<div class=\"wp-block-column is-layout-flow wp-block-column-is-layout-flow\" style=\"flex-basis:33.33%\">\n<h2 class=\"wp-block-heading\" id=\"kuopion-pianokilpailu\">Kuopion pianokilpailu<\/h2>\n\n\n\n<figure class=\"wp-block-image size-full is-resized\"><img decoding=\"async\" width=\"592\" height=\"697\" src=\"https:\/\/kuopionkonservatorio.fi\/wp-content\/uploads\/logo-x@72x.png\" alt=\"Pinkki tyylitelty flyygeli, jonka koskettimet ovat oranssit. Alla teksti Kuopion X pianokilapilu 5.-7.4.2024.\" class=\"wp-image-4027 no-lazyload\" style=\"width:262px;height:309px\" srcset=\"https:\/\/kuopionkonservatorio.fi\/wp-content\/uploads\/\/logo-x@72x.png 592w, https:\/\/kuopionkonservatorio.fi\/wp-content\/uploads\/\/logo-x@72x-489x576.png 489w\" sizes=\"(max-width: 592px) 100vw, 592px\" \/><\/figure>\n<\/div>\n\n\n\n<div class=\"wp-block-column is-layout-flow wp-block-column-is-layout-flow\" style=\"flex-basis:66.66%\">\n<h2 class=\"wp-block-heading\">Kuopion X pianokilpailu<\/h2>\n\n\n\n<p class=\"has-ingressi-font-size\">J\u00e4rjestyksess\u00e4\u00e4n kymmenes Kuopion pianokilpailu j\u00e4rjestettiin 5.\u20137.4.2024 Kuopion Musiikkikeskuksen Kamarimusiikkisalissa.<\/p>\n\n\n\n<p>Kuopion konservatorion ja Savonia ammattikorkeakoulun yhdess\u00e4 j\u00e4rjest\u00e4m\u00e4\u00e4n pianokilpailuun on kutsuttiin Savon, Karjalan ja Kainuun musiikkioppilaitosten pianonsoiton opiskelijoita. Kilpailussa oli kolme sarjaa: ensimm\u00e4inen sarja alle 13-vuotiaille, toinen sarja 13\u201316-vuotiaille ja kolmas sarja 17-vuotiaille ja sit\u00e4 vanhemmille.<\/p>\n\n\n\n<p>Kilpailun juryssa olivat&nbsp;<strong>Tuija Hakkila&nbsp;<\/strong>Sibelius-Akatemiasta,&nbsp;<strong>Eveliina Kyt\u00f6m\u00e4ki&nbsp;<\/strong>Turun ammattikorkeakoulusta ja&nbsp;<strong>Kari Tikkala&nbsp;<\/strong>Musiikkiopisto Juvenaliasta puheenjohtajanaan&nbsp;<strong>Esko Kauppinen&nbsp;<\/strong>Kuopion konservatoriosta.<\/p>\n\n\n\n<p>Jokaisen kolmen sarjan ohjelman tuli sis\u00e4lt\u00e4\u00e4 wienil\u00e4isklassista musiikkia (mukaan lukien Schubert) sek\u00e4 osan tai osia <strong>Jouni Kurosen<\/strong> kilpailuun s\u00e4velt\u00e4mist\u00e4 teoksista. Jokaisen sarjan ohjelma on kuvattu tarkemmin kilpailun s\u00e4\u00e4nn\u00f6iss\u00e4.<\/p>\n\n\n\n<p><a href=\"https:\/\/kuopionkonservatorio.fi\/wp-content\/uploads\/X-Kuopion-pianokilpailun-saannot.pdf\"><strong>X Kuopion pianokilpailun s\u00e4\u00e4nn\u00f6t<\/strong><\/a><\/p>\n\n\n\n<h2 class=\"wp-block-heading has-ingressi-font-size\"><strong>Palkitut<\/strong><\/h2>\n\n\n\n<p>Jury jakoi kilpailun ensimm\u00e4isess\u00e4 sarjassa (alle 13-vuotiaat) tunnustuspalkinnot&nbsp;<strong>Huugo Korhoselle&nbsp;<\/strong>(Kuopion konservatorio Siilinj\u00e4rven toimipiste),<strong>&nbsp;Ennika Paalaselle&nbsp;<\/strong>(Mikkelin musiikkiopisto),<strong>&nbsp;Paavo Savikkomaalle&nbsp;<\/strong>(Kuopion konservatorio)<strong>, Arijus \u0160ereckikselle&nbsp;<\/strong>(Kuopion konservatorio) ja<strong>&nbsp;Justin Xianille&nbsp;<\/strong>(Kuopion konservatorio)<strong>.<\/strong>&nbsp;Erikoispalkinnot Jouni Kurosen s\u00e4vellyksen tulkinnasta jaettiin&nbsp;<strong>Lilja Jyrk\u00f6selle<\/strong>&nbsp;(Kuopion konservatorio Siilinj\u00e4rven toimipiste) ja&nbsp;<strong>Varvara J\u00e4\u00e4skel\u00e4iselle<\/strong>&nbsp;(Kuopion konservatorio Siilinj\u00e4rven toimipiste).<\/p>\n\n\n\n<p>Toisessa sarjassa (13\u201316-vuotiaat) jaettu ensimm\u00e4inen palkinto my\u00f6nnettiin&nbsp;<strong>Atte Kohtalalle<\/strong>&nbsp;(Savonlinnan musiikki- ja tanssiopisto) ja&nbsp;<strong>Gennadii Tinovitskiille<\/strong>&nbsp;(Joensuun konservatorio). Jaettu kolmas palkinto my\u00f6nnettiin&nbsp;<strong>Eetu Rautiolle<\/strong>&nbsp;(Lappeenrannan musiikkiopisto) ja&nbsp;<strong>Christian Hietalalle&nbsp;<\/strong>(Kuusamon musiikkiopisto). Erikoispalkinnon Kurosen s\u00e4vellyksen tulkinnasta sai&nbsp;<strong>Taito Hiltunen<\/strong>&nbsp;(Kuopio konservatorio).<\/p>\n\n\n\n<p>Kolmannessa sarjassa (17-vuotiaat ja sit\u00e4 vanhemmat) voiton vei\u00a0<strong>Eelis Vuokko<\/strong>\u00a0(Lappeenrannan musiikkiopisto), toiselle sijalle tuli\u00a0<strong>Niilo Pirhonen<\/strong>\u00a0(Mikkelin musiikkiopisto) ja kolmannelle sijalle\u00a0<strong>Olga Laamanen<\/strong>\u00a0(Savonlinnan musiikki- ja tanssiopisto). Erikoispalkinnon Kurosen s\u00e4vellyksen tulkinnasta sai\u00a0<strong>Milka Honkala<\/strong>\u00a0(Savonia-ammattikorkeakoulu).<\/p>\n<\/div>\n<\/div>\n","protected":false},"excerpt":{"rendered":"<p>Kuopion pianokilpailu Kuopion X pianokilpailu J\u00e4rjestyksess\u00e4\u00e4n kymmenes Kuopion pianokilpailu j\u00e4rjestettiin 5.\u20137.4.2024 Kuopion Musiikkikeskuksen Kamarimusiikkisalissa. Kuopion konservatorion ja Savonia ammattikorkeakoulun yhdess\u00e4 j\u00e4rjest\u00e4m\u00e4\u00e4n pianokilpailuun on kutsuttiin Savon, Karjalan ja Kainuun musiikkioppilaitosten pianonsoiton opiskelijoita. Kilpailussa oli kolme sarjaa: ensimm\u00e4inen sarja alle 13-vuotiaille, toinen sarja 13\u201316-vuotiaille ja kolmas sarja 17-vuotiaille ja sit\u00e4 vanhemmille. Kilpailun juryssa olivat&nbsp;Tuija Hakkila&nbsp;Sibelius-Akatemiasta,&nbsp;Eveliina Kyt\u00f6m\u00e4ki&nbsp;Turun ammattikorkeakoulusta [&hellip;]<\/p>\n","protected":false},"author":9,"featured_media":0,"parent":0,"menu_order":0,"comment_status":"closed","ping_status":"closed","template":"","meta":{"inline_featured_image":false,"footnotes":""},"oppiaine":[101],"class_list":["post-998","page","type-page","status-publish","hentry","oppiaine-piano"],"_links":{"self":[{"href":"https:\/\/kuopionkonservatorio.fi\/fi\/wp-json\/wp\/v2\/pages\/998","targetHints":{"allow":["GET"]}}],"collection":[{"href":"https:\/\/kuopionkonservatorio.fi\/fi\/wp-json\/wp\/v2\/pages"}],"about":[{"href":"https:\/\/kuopionkonservatorio.fi\/fi\/wp-json\/wp\/v2\/types\/page"}],"author":[{"embeddable":true,"href":"https:\/\/kuopionkonservatorio.fi\/fi\/wp-json\/wp\/v2\/users\/9"}],"replies":[{"embeddable":true,"href":"https:\/\/kuopionkonservatorio.fi\/fi\/wp-json\/wp\/v2\/comments?post=998"}],"version-history":[{"count":0,"href":"https:\/\/kuopionkonservatorio.fi\/fi\/wp-json\/wp\/v2\/pages\/998\/revisions"}],"wp:attachment":[{"href":"https:\/\/kuopionkonservatorio.fi\/fi\/wp-json\/wp\/v2\/media?parent=998"}],"wp:term":[{"taxonomy":"oppiaine","embeddable":true,"href":"https:\/\/kuopionkonservatorio.fi\/fi\/wp-json\/wp\/v2\/oppiaine?post=998"}],"curies":[{"name":"wp","href":"https:\/\/api.w.org\/{rel}","templated":true}]}}