{"id":996,"date":"2022-02-15T15:10:15","date_gmt":"2022-02-15T13:10:15","guid":{"rendered":"https:\/\/kuopionkonservatorio.letm.com\/?page_id=996"},"modified":"2026-03-16T10:44:58","modified_gmt":"2026-03-16T08:44:58","slug":"pianistienjuhlat","status":"publish","type":"page","link":"https:\/\/kuopionkonservatorio.fi\/fi\/pianistienjuhlat\/","title":{"rendered":"Pianistien Juhlat"},"content":{"rendered":"\n<div class=\"wp-block-columns alignwide is-layout-flex wp-container-core-columns-is-layout-9d6595d7 wp-block-columns-is-layout-flex\">\n<div class=\"wp-block-column is-layout-flow wp-block-column-is-layout-flow\" style=\"flex-basis:33.33%\">\n<h2 class=\"wp-block-heading\" id=\"pianistien-juhlat\">Pianistien Juhlat<\/h2>\n<\/div>\n\n\n\n<div class=\"wp-block-column is-layout-flow wp-block-column-is-layout-flow\" style=\"flex-basis:66.66%\">\n<p class=\"has-ingressi-font-size\">Kahdeksannet Pianistien Juhlat j\u00e4rjestettiin Nilsi\u00e4ss\u00e4 7.2.2026.<\/p>\n\n\n\n<p>Kuopion konservatorion viiden toimipisteen (Suonenjoki, Juankoski, Lapinlahti, Nilsi\u00e4 ja Siilinj\u00e4rvi) nuorten pianistien katselmus kokoaa nuoria soittajia nauttimaan musiikista ja harrastuksestaan, esiintym\u00e4\u00e4n yleis\u00f6lle sek\u00e4 tapaamaan yst\u00e4vi\u00e4. <em>Pianistien Juhlat<\/em> -katselmus on samalla yleis\u00f6lle avoin ja maksuton kulttuuritilaisuus.<\/p>\n\n\n\n<p><em>Pianistien Juhlat<\/em> -katselmusta on j\u00e4rjestetty s\u00e4\u00e4nn\u00f6llisesti muutamien vuosien v\u00e4lein. Ensimm\u00e4inen <em>Pianistien Juhlat<\/em> j\u00e4rjestettiin Suonenjoella vuonna 2010. Tapahtuma on odotettu, ja sen my\u00f6nteisen merkityksen voi n\u00e4hd\u00e4 ennen muuta esityksiss\u00e4 ja soittajien innossa sek\u00e4 yleis\u00f6n antamassa palautteessa. Osittain yhteisi\u00e4 opettajavoimia k\u00e4ytt\u00e4v\u00e4t toimipisteet vaihtavat katselmuksen my\u00f6t\u00e4 kokemuksia ja k\u00e4yt\u00e4nt\u00f6j\u00e4.<\/p>\n\n\n\n<p><\/p>\n<\/div>\n<\/div>\n","protected":false},"excerpt":{"rendered":"<p>Pianistien Juhlat Kahdeksannet Pianistien Juhlat j\u00e4rjestettiin Nilsi\u00e4ss\u00e4 7.2.2026. Kuopion konservatorion viiden toimipisteen (Suonenjoki, Juankoski, Lapinlahti, Nilsi\u00e4 ja Siilinj\u00e4rvi) nuorten pianistien katselmus kokoaa nuoria soittajia nauttimaan musiikista ja harrastuksestaan, esiintym\u00e4\u00e4n yleis\u00f6lle sek\u00e4 tapaamaan yst\u00e4vi\u00e4. Pianistien Juhlat -katselmus on samalla yleis\u00f6lle avoin ja maksuton kulttuuritilaisuus. Pianistien Juhlat -katselmusta on j\u00e4rjestetty s\u00e4\u00e4nn\u00f6llisesti muutamien vuosien v\u00e4lein. Ensimm\u00e4inen Pianistien Juhlat [&hellip;]<\/p>\n","protected":false},"author":9,"featured_media":18277,"parent":0,"menu_order":0,"comment_status":"closed","ping_status":"closed","template":"","meta":{"inline_featured_image":false,"footnotes":""},"oppiaine":[],"class_list":["post-996","page","type-page","status-publish","has-post-thumbnail","hentry"],"_links":{"self":[{"href":"https:\/\/kuopionkonservatorio.fi\/fi\/wp-json\/wp\/v2\/pages\/996","targetHints":{"allow":["GET"]}}],"collection":[{"href":"https:\/\/kuopionkonservatorio.fi\/fi\/wp-json\/wp\/v2\/pages"}],"about":[{"href":"https:\/\/kuopionkonservatorio.fi\/fi\/wp-json\/wp\/v2\/types\/page"}],"author":[{"embeddable":true,"href":"https:\/\/kuopionkonservatorio.fi\/fi\/wp-json\/wp\/v2\/users\/9"}],"replies":[{"embeddable":true,"href":"https:\/\/kuopionkonservatorio.fi\/fi\/wp-json\/wp\/v2\/comments?post=996"}],"version-history":[{"count":0,"href":"https:\/\/kuopionkonservatorio.fi\/fi\/wp-json\/wp\/v2\/pages\/996\/revisions"}],"wp:featuredmedia":[{"embeddable":true,"href":"https:\/\/kuopionkonservatorio.fi\/fi\/wp-json\/wp\/v2\/media\/18277"}],"wp:attachment":[{"href":"https:\/\/kuopionkonservatorio.fi\/fi\/wp-json\/wp\/v2\/media?parent=996"}],"wp:term":[{"taxonomy":"oppiaine","embeddable":true,"href":"https:\/\/kuopionkonservatorio.fi\/fi\/wp-json\/wp\/v2\/oppiaine?post=996"}],"curies":[{"name":"wp","href":"https:\/\/api.w.org\/{rel}","templated":true}]}}