{"id":992,"date":"2022-09-12T07:30:00","date_gmt":"2022-09-12T04:30:00","guid":{"rendered":"https:\/\/kuopionkonservatorio.letm.com\/?page_id=992"},"modified":"2026-03-16T14:48:48","modified_gmt":"2026-03-16T12:48:48","slug":"lastenlauantai","status":"publish","type":"page","link":"https:\/\/kuopionkonservatorio.fi\/fi\/lastenlauantai\/","title":{"rendered":"Lasten lauantai"},"content":{"rendered":"\n<div class=\"wp-block-columns alignwide is-layout-flex wp-container-core-columns-is-layout-9d6595d7 wp-block-columns-is-layout-flex\">\n<div class=\"wp-block-column is-layout-flow wp-block-column-is-layout-flow\" style=\"flex-basis:33.33%\">\n<h2 class=\"wp-block-heading\" id=\"lasten-lauantai\">Lasten lauantai<\/h2>\n<\/div>\n\n\n\n<div class=\"wp-block-column is-layout-flow wp-block-column-is-layout-flow\" style=\"flex-basis:66.66%\">\n<p class=\"has-ingressi-font-size\">Kuopion konservatorion Lasten lauantai j\u00e4rjestet\u00e4\u00e4n la 28.3.2026 klo 12\u201315.<\/p>\n\n\n\n<p>Tervetuloa Kuopion konservatorion Lasten lauantaihin 28.3.2026 klo 12.00\u201315.10 kauppakeskus Matkukseen! Musiikki raikaa kauppakeskuksen Elohuoneessa, kun esiintym\u00e4ss\u00e4 on konservatorion oppilaita.<\/p>\n\n\n\n<p>Klo 12.00 Primo-orkesteri ja Juniorijouset<br>Klo 13.30 Estradille astuu harmonikkayhtye ja tuo mukanaan Katri-Helenaa, Nightwishia ja polkan jytkett\u00e4!<br>Klo 14.00 Klarinettiyhtye Ametisti, jonka t\u00e4m\u00e4nkertaisessa esityksess\u00e4 kuullaan Tsaikovskin P\u00e4hkin\u00e4ns\u00e4rkij\u00e4-baletin tuttuja s\u00e4veli\u00e4 sek\u00e4 ja elokuvamusiikkia kaukaisesta galaksista.<br>Klo 14.35 esiintyv\u00e4t rytmimusiikin b\u00e4ndit MelodiaMestarit ja Diamond Band<br>Tapahtuma p\u00e4\u00e4ttyy noin klo 15.10.<\/p>\n\n\n\n<p>Tapahtumassa mukana OP Pohjois-Savon onnenpy\u00f6r\u00e4.<\/p>\n\n\n\n<p><\/p>\n<\/div>\n<\/div>\n\n\n\n<p><\/p>\n","protected":false},"excerpt":{"rendered":"<p>Lasten lauantai Kuopion konservatorion Lasten lauantai j\u00e4rjestet\u00e4\u00e4n la 28.3.2026 klo 12\u201315. Tervetuloa Kuopion konservatorion Lasten lauantaihin 28.3.2026 klo 12.00\u201315.10 kauppakeskus Matkukseen! Musiikki raikaa kauppakeskuksen Elohuoneessa, kun esiintym\u00e4ss\u00e4 on konservatorion oppilaita. Klo 12.00 Primo-orkesteri ja JuniorijousetKlo 13.30 Estradille astuu harmonikkayhtye ja tuo mukanaan Katri-Helenaa, Nightwishia ja polkan jytkett\u00e4!Klo 14.00 Klarinettiyhtye Ametisti, jonka t\u00e4m\u00e4nkertaisessa esityksess\u00e4 kuullaan Tsaikovskin [&hellip;]<\/p>\n","protected":false},"author":9,"featured_media":0,"parent":0,"menu_order":0,"comment_status":"closed","ping_status":"closed","template":"","meta":{"inline_featured_image":false,"footnotes":""},"oppiaine":[],"class_list":["post-992","page","type-page","status-publish","hentry"],"_links":{"self":[{"href":"https:\/\/kuopionkonservatorio.fi\/fi\/wp-json\/wp\/v2\/pages\/992","targetHints":{"allow":["GET"]}}],"collection":[{"href":"https:\/\/kuopionkonservatorio.fi\/fi\/wp-json\/wp\/v2\/pages"}],"about":[{"href":"https:\/\/kuopionkonservatorio.fi\/fi\/wp-json\/wp\/v2\/types\/page"}],"author":[{"embeddable":true,"href":"https:\/\/kuopionkonservatorio.fi\/fi\/wp-json\/wp\/v2\/users\/9"}],"replies":[{"embeddable":true,"href":"https:\/\/kuopionkonservatorio.fi\/fi\/wp-json\/wp\/v2\/comments?post=992"}],"version-history":[{"count":0,"href":"https:\/\/kuopionkonservatorio.fi\/fi\/wp-json\/wp\/v2\/pages\/992\/revisions"}],"wp:attachment":[{"href":"https:\/\/kuopionkonservatorio.fi\/fi\/wp-json\/wp\/v2\/media?parent=992"}],"wp:term":[{"taxonomy":"oppiaine","embeddable":true,"href":"https:\/\/kuopionkonservatorio.fi\/fi\/wp-json\/wp\/v2\/oppiaine?post=992"}],"curies":[{"name":"wp","href":"https:\/\/api.w.org\/{rel}","templated":true}]}}