{"id":988,"date":"2022-02-15T15:06:21","date_gmt":"2022-02-15T13:06:21","guid":{"rendered":"https:\/\/kuopionkonservatorio.letm.com\/?page_id=988"},"modified":"2026-03-16T13:28:19","modified_gmt":"2026-03-16T11:28:19","slug":"talvikamari","status":"publish","type":"page","link":"https:\/\/kuopionkonservatorio.fi\/fi\/talvikamari\/","title":{"rendered":"Talvikamari-festivaali"},"content":{"rendered":"\n<div class=\"wp-block-columns alignwide is-layout-flex wp-container-core-columns-is-layout-9d6595d7 wp-block-columns-is-layout-flex\">\n<div class=\"wp-block-column is-layout-flow wp-block-column-is-layout-flow\" style=\"flex-basis:33.33%\">\n<h2 class=\"wp-block-heading\" id=\"talvikamari-festivaali\">Talvikamari-festivaali<\/h2>\n<\/div>\n\n\n\n<div class=\"wp-block-column is-layout-flow wp-block-column-is-layout-flow\" style=\"flex-basis:66.66%\">\n<p class=\"has-ingressi-font-size\">Viikon verran yhteismusisoinnin ja tanssin riemua!<\/p>\n\n\n\n<p>Viikon mittainen Talvikamari-festivaali j\u00e4rjestet\u00e4\u00e4n j\u00e4lleen helmikuussa 2027.<\/p>\n\n\n\n<p>Jo 22 kertaa j\u00e4rjestetty Talvikamari-festivaali on Kuopion konservatorion,\u00a0Kuopion\u00a0taidelukio Lumitin, Savonia-ammattikorkeakoulun Musiikin ja tanssin yksik\u00f6n sek\u00e4 Taideyliopiston Sibelius-Akatemian Kuopion yksik\u00f6n yhdess\u00e4 toteuttama yhteismusisoinnin juhla. Konserttien esiintyj\u00e4t on koottu pitk\u00e4lti tapahtumaa j\u00e4rjest\u00e4vien oppilaitosten oppilaista ja ammattiopiskelijoista.\u00a0<\/p>\n\n\n\n<p>Talvikamari-festivaalin tapahtumia j\u00e4rjestet\u00e4\u00e4n p\u00e4\u00e4asiassa Kuopion Musiikkikeskuksen Kamarimusiikkisalissa, mutta my\u00f6s mm. Kuopion tuomiokirkossa ja ITAK-n\u00e4ytt\u00e4m\u00f6ll\u00e4. Kaikkiin festivaalin tapahtumiin on vapaa p\u00e4\u00e4sy.\u00a0<\/p>\n\n\n\n<p>\/\/<\/p>\n\n\n\n<p>Traditional Talvikamari-festival takes place in February 2027.<br>Warmly welcome to join our annual fest of making music together!<\/p>\n\n\n\n<figure class=\"wp-block-image size-full\"><img decoding=\"async\" width=\"1920\" height=\"393\" src=\"https:\/\/kuopionkonservatorio.fi\/wp-content\/uploads\/logojen-rivi.png\" alt=\"Tapahtumaa j\u00e4rjest\u00e4vien oppilaitosten logot.\" class=\"wp-image-19859 no-lazyload\" srcset=\"https:\/\/kuopionkonservatorio.fi\/wp-content\/uploads\/logojen-rivi.png 1920w, https:\/\/kuopionkonservatorio.fi\/wp-content\/uploads\/logojen-rivi-1024x210.png 1024w, https:\/\/kuopionkonservatorio.fi\/wp-content\/uploads\/logojen-rivi-768x157.png 768w, https:\/\/kuopionkonservatorio.fi\/wp-content\/uploads\/logojen-rivi-1536x314.png 1536w\" sizes=\"(max-width: 1920px) 100vw, 1920px\" \/><\/figure>\n<\/div>\n<\/div>\n\n\n\n<p><\/p>\n","protected":false},"excerpt":{"rendered":"<p>Talvikamari-festivaali Viikon verran yhteismusisoinnin ja tanssin riemua! Viikon mittainen Talvikamari-festivaali j\u00e4rjestet\u00e4\u00e4n j\u00e4lleen helmikuussa 2027. Jo 22 kertaa j\u00e4rjestetty Talvikamari-festivaali on Kuopion konservatorion,\u00a0Kuopion\u00a0taidelukio Lumitin, Savonia-ammattikorkeakoulun Musiikin ja tanssin yksik\u00f6n sek\u00e4 Taideyliopiston Sibelius-Akatemian Kuopion yksik\u00f6n yhdess\u00e4 toteuttama yhteismusisoinnin juhla. Konserttien esiintyj\u00e4t on koottu pitk\u00e4lti tapahtumaa j\u00e4rjest\u00e4vien oppilaitosten oppilaista ja ammattiopiskelijoista.\u00a0 Talvikamari-festivaalin tapahtumia j\u00e4rjestet\u00e4\u00e4n p\u00e4\u00e4asiassa Kuopion Musiikkikeskuksen Kamarimusiikkisalissa, [&hellip;]<\/p>\n","protected":false},"author":9,"featured_media":0,"parent":0,"menu_order":0,"comment_status":"closed","ping_status":"closed","template":"","meta":{"inline_featured_image":false,"footnotes":""},"oppiaine":[],"class_list":["post-988","page","type-page","status-publish","hentry"],"_links":{"self":[{"href":"https:\/\/kuopionkonservatorio.fi\/fi\/wp-json\/wp\/v2\/pages\/988","targetHints":{"allow":["GET"]}}],"collection":[{"href":"https:\/\/kuopionkonservatorio.fi\/fi\/wp-json\/wp\/v2\/pages"}],"about":[{"href":"https:\/\/kuopionkonservatorio.fi\/fi\/wp-json\/wp\/v2\/types\/page"}],"author":[{"embeddable":true,"href":"https:\/\/kuopionkonservatorio.fi\/fi\/wp-json\/wp\/v2\/users\/9"}],"replies":[{"embeddable":true,"href":"https:\/\/kuopionkonservatorio.fi\/fi\/wp-json\/wp\/v2\/comments?post=988"}],"version-history":[{"count":0,"href":"https:\/\/kuopionkonservatorio.fi\/fi\/wp-json\/wp\/v2\/pages\/988\/revisions"}],"wp:attachment":[{"href":"https:\/\/kuopionkonservatorio.fi\/fi\/wp-json\/wp\/v2\/media?parent=988"}],"wp:term":[{"taxonomy":"oppiaine","embeddable":true,"href":"https:\/\/kuopionkonservatorio.fi\/fi\/wp-json\/wp\/v2\/oppiaine?post=988"}],"curies":[{"name":"wp","href":"https:\/\/api.w.org\/{rel}","templated":true}]}}