{"id":986,"date":"2022-02-15T15:05:34","date_gmt":"2022-02-15T13:05:34","guid":{"rendered":"https:\/\/kuopionkonservatorio.letm.com\/?page_id=986"},"modified":"2026-04-09T15:52:16","modified_gmt":"2026-04-09T12:52:16","slug":"liekeissa","status":"publish","type":"page","link":"https:\/\/kuopionkonservatorio.fi\/fi\/liekeissa\/","title":{"rendered":"Liekeiss\u00e4!"},"content":{"rendered":"\n<div class=\"wp-block-columns alignwide is-layout-flex wp-container-core-columns-is-layout-9d6595d7 wp-block-columns-is-layout-flex\">\n<div class=\"wp-block-column is-layout-flow wp-block-column-is-layout-flow\" style=\"flex-basis:33.33%\">\n<h2 class=\"wp-block-heading\" id=\"liekeissa-festivaali\">Liekeiss\u00e4!-festivaali<\/h2>\n<\/div>\n\n\n\n<div class=\"wp-block-column is-layout-flow wp-block-column-is-layout-flow\" style=\"flex-basis:66.66%\">\n<p class=\"has-ingressi-font-size\">Kuopion konservatorion ammattiopiskelijoiden toteuttama maineikas Liekeiss\u00e4 -festivaali j\u00e4rjestet\u00e4\u00e4n 12.\u201313.5.2026!<\/p>\n\n\n\n<p>Maxim Kuopion lavalle nousevat Kuopion konservatorion toisen asteen ammatillisen koulutuksen rytmimusiikin muusikko-opiskelijat. Festivaalin tarkempi ohjelma julkaistaan l\u00e4hemp\u00e4n\u00e4 tapahtumaa.<br>Musiikkiteknologiopiskelijat vastaavat koko tapahtuman \u00e4\u00e4nentoistosta.<\/p>\n\n\n\n<p>Maxim Kuopio, Haapaniemenkatu 34, Kuopio. Vapaa p\u00e4\u00e4sy, ik\u00e4rajaton tapahtuma.<\/p>\n\n\n\n<h2 class=\"wp-block-heading has-ingressi-font-size\">Ohjelma<\/h2>\n\n\n\n<p><em>Muutokset mahdollisia.<\/em><\/p>\n\n\n\n<p><strong>TIISTAI<\/strong><br><strong>Aula<\/strong> <br>17.00 J-P ARFFMAN &#8211; Tarinoita el\u00e4m\u00e4st\u00e4<\/p>\n\n\n\n<p><strong>Sali<\/strong><br>17.30 AARNIVALKEA &#8211; Tokyo &#8211; New York &#8211; Kuopio -Tour<br>18.45 TAJUNNANVIRTAA &#8211; Suomalaisia kirsikkoja<br>20.00 KUULE MINUA &#8211; Musiikkia Haloo Helsinki ja Ellips -yhtyeilt\u00e4<br>21.15 CHILDREN OF THE WILD &#8211; Aleksi Laiho in memoriam<\/p>\n\n\n\n<p><strong>KESKIVIIKKO<\/strong><br><strong>Aula<\/strong><br>17.30 SUIVRE LE SOLEIL &#8211; L\u00e4mpimi\u00e4 viserryksi\u00e4<\/p>\n\n\n\n<p><strong>Sali<\/strong><br>18.30 PATE MEHT\u00c4L\u00c4INEN RYHM\u00c4 &#8211; Pohjois-Savon taivaan alla<br>19.45 KARL ROSSIAN Jazz Ensemble<br>21.00 RYHM\u00c4PAINE &#8211; Hits of Motown<br><\/p>\n\n\n\n<p>\/\/<\/p>\n\n\n\n<p><strong>The famous &#8221;Liekeiss\u00e4!&#8221; festival organized by students of the Kuopio Conservatory will take place on 12.\u201313.5.2026 in live-restaurant Maxim.<\/strong><\/p>\n\n\n\n<p>Musician-students of rhythmic music from Kuopio Conservatory&#8217;s secondary vocational education will perform at the festival, most of whom will give their competence demonstration at the event. The students of the music technology line are responsible for the sound reproduction of the entire event. Free entry.<\/p>\n\n\n\n<div style=\"height:100px\" aria-hidden=\"true\" class=\"wp-block-spacer\"><\/div>\n\n\n<ul class=\"filebird-block-filebird-gallery wp-block-gallery blocks-gallery-grid columns-3 is-cropped\" style=\"--columns: 3;--space: 0px;--min-width: 0px;\"><li class=\"blocks-gallery-item\"><figure><img decoding=\"async\" width=\"1810\" height=\"2560\" src=\"https:\/\/kuopionkonservatorio.fi\/wp-content\/uploads\/Pate-Mehtalainen-jpeg-scaled.jpg\" alt=\"Pate Meht\u00e4l\u00e4inen jpeg\" class=\"wp-image-20784 no-lazyload\" srcset=\"https:\/\/kuopionkonservatorio.fi\/wp-content\/uploads\/Pate-Mehtalainen-jpeg-scaled.jpg 1810w, https:\/\/kuopionkonservatorio.fi\/wp-content\/uploads\/Pate-Mehtalainen-jpeg-407x576.jpg 407w, https:\/\/kuopionkonservatorio.fi\/wp-content\/uploads\/Pate-Mehtalainen-jpeg-764x1080.jpg 764w, https:\/\/kuopionkonservatorio.fi\/wp-content\/uploads\/Pate-Mehtalainen-jpeg-768x1086.jpg 768w, https:\/\/kuopionkonservatorio.fi\/wp-content\/uploads\/Pate-Mehtalainen-jpeg-1086x1536.jpg 1086w, https:\/\/kuopionkonservatorio.fi\/wp-content\/uploads\/Pate-Mehtalainen-jpeg-1448x2048.jpg 1448w\" sizes=\"(max-width: 1810px) 100vw, 1810px\" \/><\/figure><\/li><li class=\"blocks-gallery-item\"><figure><img decoding=\"async\" width=\"1024\" height=\"1536\" src=\"https:\/\/kuopionkonservatorio.fi\/wp-content\/uploads\/J-P_Arffman_Juliste_Maxim_20260512.png\" alt=\"J-P_Arffman_Juliste_Maxim_20260512\" class=\"wp-image-20782 no-lazyload\" srcset=\"https:\/\/kuopionkonservatorio.fi\/wp-content\/uploads\/J-P_Arffman_Juliste_Maxim_20260512.png 1024w, https:\/\/kuopionkonservatorio.fi\/wp-content\/uploads\/J-P_Arffman_Juliste_Maxim_20260512-384x576.png 384w, https:\/\/kuopionkonservatorio.fi\/wp-content\/uploads\/J-P_Arffman_Juliste_Maxim_20260512-720x1080.png 720w, https:\/\/kuopionkonservatorio.fi\/wp-content\/uploads\/J-P_Arffman_Juliste_Maxim_20260512-768x1152.png 768w\" sizes=\"(max-width: 1024px) 100vw, 1024px\" \/><\/figure><\/li><li class=\"blocks-gallery-item\"><figure><img decoding=\"async\" width=\"1080\" height=\"1350\" src=\"https:\/\/kuopionkonservatorio.fi\/wp-content\/uploads\/Juliste-1080x1350-Raappana-Haikonen.png\" alt=\"Juliste 1080x1350 Raappana Haikonen\" class=\"wp-image-20780 no-lazyload\" srcset=\"https:\/\/kuopionkonservatorio.fi\/wp-content\/uploads\/Juliste-1080x1350-Raappana-Haikonen.png 1080w, https:\/\/kuopionkonservatorio.fi\/wp-content\/uploads\/Juliste-1080x1350-Raappana-Haikonen-461x576.png 461w, https:\/\/kuopionkonservatorio.fi\/wp-content\/uploads\/Juliste-1080x1350-Raappana-Haikonen-864x1080.png 864w, https:\/\/kuopionkonservatorio.fi\/wp-content\/uploads\/Juliste-1080x1350-Raappana-Haikonen-768x960.png 768w\" sizes=\"(max-width: 1080px) 100vw, 1080px\" \/><\/figure><\/li><\/ul><\/div>\n\n\n\n<div class=\"wp-block-column is-layout-flow wp-block-column-is-layout-flow\"><\/div>\n<\/div>\n\n\n\n<p><\/p>\n","protected":false},"excerpt":{"rendered":"<p>Liekeiss\u00e4!-festivaali Kuopion konservatorion ammattiopiskelijoiden toteuttama maineikas Liekeiss\u00e4 -festivaali j\u00e4rjestet\u00e4\u00e4n 12.\u201313.5.2026! Maxim Kuopion lavalle nousevat Kuopion konservatorion toisen asteen ammatillisen koulutuksen rytmimusiikin muusikko-opiskelijat. Festivaalin tarkempi ohjelma julkaistaan l\u00e4hemp\u00e4n\u00e4 tapahtumaa.Musiikkiteknologiopiskelijat vastaavat koko tapahtuman \u00e4\u00e4nentoistosta. Maxim Kuopio, Haapaniemenkatu 34, Kuopio. Vapaa p\u00e4\u00e4sy, ik\u00e4rajaton tapahtuma. Ohjelma Muutokset mahdollisia. TIISTAIAula 17.00 J-P ARFFMAN &#8211; Tarinoita el\u00e4m\u00e4st\u00e4 Sali17.30 AARNIVALKEA &#8211; Tokyo [&hellip;]<\/p>\n","protected":false},"author":9,"featured_media":0,"parent":0,"menu_order":0,"comment_status":"closed","ping_status":"closed","template":"","meta":{"inline_featured_image":false,"footnotes":""},"oppiaine":[],"class_list":["post-986","page","type-page","status-publish","hentry"],"_links":{"self":[{"href":"https:\/\/kuopionkonservatorio.fi\/fi\/wp-json\/wp\/v2\/pages\/986","targetHints":{"allow":["GET"]}}],"collection":[{"href":"https:\/\/kuopionkonservatorio.fi\/fi\/wp-json\/wp\/v2\/pages"}],"about":[{"href":"https:\/\/kuopionkonservatorio.fi\/fi\/wp-json\/wp\/v2\/types\/page"}],"author":[{"embeddable":true,"href":"https:\/\/kuopionkonservatorio.fi\/fi\/wp-json\/wp\/v2\/users\/9"}],"replies":[{"embeddable":true,"href":"https:\/\/kuopionkonservatorio.fi\/fi\/wp-json\/wp\/v2\/comments?post=986"}],"version-history":[{"count":0,"href":"https:\/\/kuopionkonservatorio.fi\/fi\/wp-json\/wp\/v2\/pages\/986\/revisions"}],"wp:attachment":[{"href":"https:\/\/kuopionkonservatorio.fi\/fi\/wp-json\/wp\/v2\/media?parent=986"}],"wp:term":[{"taxonomy":"oppiaine","embeddable":true,"href":"https:\/\/kuopionkonservatorio.fi\/fi\/wp-json\/wp\/v2\/oppiaine?post=986"}],"curies":[{"name":"wp","href":"https:\/\/api.w.org\/{rel}","templated":true}]}}