{"id":984,"date":"2022-02-15T15:04:30","date_gmt":"2022-02-15T13:04:30","guid":{"rendered":"https:\/\/kuopionkonservatorio.letm.com\/?page_id=984"},"modified":"2025-11-25T11:20:07","modified_gmt":"2025-11-25T09:20:07","slug":"kytee","status":"publish","type":"page","link":"https:\/\/kuopionkonservatorio.fi\/fi\/kytee\/","title":{"rendered":"KYTEE"},"content":{"rendered":"\n<div class=\"wp-block-columns alignwide is-layout-flex wp-container-core-columns-is-layout-9d6595d7 wp-block-columns-is-layout-flex\">\n<div class=\"wp-block-column is-layout-flow wp-block-column-is-layout-flow\" style=\"flex-basis:33.33%\">\n<h2 class=\"wp-block-heading\" id=\"kytee-festivaali\">KYTEE-festivaali<\/h2>\n<\/div>\n\n\n\n<div class=\"wp-block-column is-layout-flow wp-block-column-is-layout-flow\"><\/div>\n\n\n\n<div class=\"wp-block-column is-layout-flow wp-block-column-is-layout-flow\"><\/div>\n\n\n\n<div class=\"wp-block-column is-layout-flow wp-block-column-is-layout-flow\" style=\"flex-basis:66.66%\">\n<p class=\"has-ingressi-font-size\">Joulukuussa KYTEE!<\/p>\n\n\n\n<p>Kuopion konservatorion rytmimusiikin opiskelijoiden kymmenes KYTEE-festivaali ottaa Maximin lavan haltuun \u2013 kolme iltaa t\u00e4ynn\u00e4 r\u00e4iskyv\u00e4\u00e4 energiaa ja tulevaisuuden tekij\u00f6it\u00e4!<\/p>\n\n\n\n<p>Musiikkia on tarjolla moneen makuun, katso ohjelma alta! Musiikkiteknologiopiskelijoiden huipputiimi pit\u00e4\u00e4 huolen ett\u00e4 jokainen biisi kuulostaa timantilta.<\/p>\n\n\n\n<p>Salikonserttien v\u00e4liajoilla on aulassa OPEN STAGE, jami-is\u00e4nt\u00e4n\u00e4 toimii Tomi K\u00e4m\u00e4r\u00e4inen. TERVETULOA MUSISOIMAAN!<\/p>\n\n\n\n<p>Kytee-festivaalille on kaikkina iltoina vapaa p\u00e4\u00e4sy, ja tapahtuma on ik\u00e4rajaton. Tervetuloa fiilistelem\u00e4\u00e4n livemusiikkia!<\/p>\n\n\n\n<p>Ohjelmaravintola Maxim, Haapaniemenkatu 34, Kuopio<\/p>\n\n\n\n<p>\/\/<\/p>\n\n\n\n<p><strong>Kytee-festival organized by students of the Kuopio Conservatory will take place on 9.\u201311.12.2025 in the live-restaurant Maxim.<\/strong><\/p>\n\n\n\n<p>Musician-students of rhythmic music from Kuopio Conservatory\u2019s secondary vocational education will perform at the festival, most of whom will give their competence demonstration at the event. The students of the music technology line are responsible for the sound reproduction of the entire event. Free entry.<\/p>\n\n\n\n<h2 class=\"wp-block-heading has-ingressi-font-size\">Ohjelma<\/h2>\n\n\n\n<p><strong>TIISTAI 9.12.2025<\/strong><\/p>\n\n\n\n<p><strong>AULA<\/strong><br>klo 18.00<br><strong>HANNA &amp; HANNU<\/strong> \u2013 Monitahoista el\u00e4m\u00e4\u00e4 el\u00e4vin s\u00e4velin<br><strong>LAULAJIEN HETKI<\/strong> \u2013 Osa 1: Afrorytmien sykkeess\u00e4<\/p>\n\n\n\n<p><strong>SALI<\/strong><br>klo 19.00 <strong>PJBB<\/strong> \u2013 Pohjantie Juniors &amp; Maestro Krzysztof Dobosiewicz<br>klo 20.00 <strong>IHANASTI REMPALLAAN<\/strong> \u2013 Loiria laidasta laitaan<br>klo 21.15 <strong>VIRTUAL REALITY<\/strong> \u2013 Matka fantasiamaailmojen s\u00e4veliin<\/p>\n\n\n\n<p><strong>KESKIVIIKKO 10.12.2025<\/strong><\/p>\n\n\n\n<p><strong>AULA<\/strong><br>klo 18.00<br><strong>LAULAJIEN HETKI <\/strong>\u2013 Osa 2: Syvien tunteiden tunnelmissa<br><strong>DUO KESKENKASVUISET<\/strong> \u2013 Originaalia ja lainattua suomipoppia<\/p>\n\n\n\n<p><strong>SALI<\/strong><\/p>\n\n\n\n<p>klo 19.00 <strong>AARNIVALKEA<\/strong> \u2013 Vuosikymmenien aarteita<br>klo 20.00 <strong>IN THE DARK SHE BLOOMS<\/strong> \u2013 Root Music Told in a Woman\u2019s Voice<br>klo 21.15 <strong>MY FINNISH HEART<\/strong><em> <\/em>\u2013 Suomalainen sielu latinjazzin rytmeiss\u00e4<\/p>\n\n\n\n<p><strong>TORSTAI 11.12.2025<\/strong><\/p>\n\n\n\n<p><strong>AULA<\/strong><br>klo 18.00<br><strong>TIUKU with The Best of Friends<\/strong> \u2013 Good Music Only<\/p>\n\n\n\n<p><strong>SALI<\/strong><\/p>\n\n\n\n<p>klo 19.00 <strong>RYHM\u00c4PAINE<\/strong> \u2013 Karkeaksi hiottuja timantteja<br>klo 20.00 <strong>ONLY VANS<\/strong> \u2013 The Only Ones plays ONCE ONLY<br>klo 21.15 <strong>KREATURES OF THE NIGHT<\/strong> \u2013 KISS -tribuutti<\/p>\n\n\n<ul class=\"filebird-block-filebird-gallery layout-masonry columns-2\" style=\"--columns: 2;--space: 2px;--min-width: 0px;\"><li class=\"blocks-gallery-item\"><figure><img decoding=\"async\" width=\"1809\" height=\"2560\" src=\"https:\/\/kuopionkonservatorio.fi\/wp-content\/uploads\/In-The-Dark-She-Blooms-scaled.jpg\" alt=\"Black Minimalist Coming Soon Poster\" class=\"wp-image-18854 no-lazyload\" srcset=\"https:\/\/kuopionkonservatorio.fi\/wp-content\/uploads\/In-The-Dark-She-Blooms-scaled.jpg 1809w, https:\/\/kuopionkonservatorio.fi\/wp-content\/uploads\/In-The-Dark-She-Blooms-407x576.jpg 407w, https:\/\/kuopionkonservatorio.fi\/wp-content\/uploads\/In-The-Dark-She-Blooms-763x1080.jpg 763w, https:\/\/kuopionkonservatorio.fi\/wp-content\/uploads\/In-The-Dark-She-Blooms-768x1087.jpg 768w, https:\/\/kuopionkonservatorio.fi\/wp-content\/uploads\/In-The-Dark-She-Blooms-1086x1536.jpg 1086w, https:\/\/kuopionkonservatorio.fi\/wp-content\/uploads\/In-The-Dark-She-Blooms-1448x2048.jpg 1448w\" sizes=\"(max-width: 1809px) 100vw, 1809px\" \/><\/figure><\/li><li class=\"blocks-gallery-item\"><figure><img decoding=\"async\" width=\"1587\" height=\"2245\" src=\"https:\/\/kuopionkonservatorio.fi\/wp-content\/uploads\/Virtual-Reality.png\" alt=\"Virtual Reality\" class=\"wp-image-18776 no-lazyload\" srcset=\"https:\/\/kuopionkonservatorio.fi\/wp-content\/uploads\/Virtual-Reality.png 1587w, https:\/\/kuopionkonservatorio.fi\/wp-content\/uploads\/Virtual-Reality-407x576.png 407w, https:\/\/kuopionkonservatorio.fi\/wp-content\/uploads\/Virtual-Reality-763x1080.png 763w, https:\/\/kuopionkonservatorio.fi\/wp-content\/uploads\/Virtual-Reality-768x1086.png 768w, https:\/\/kuopionkonservatorio.fi\/wp-content\/uploads\/Virtual-Reality-1086x1536.png 1086w, https:\/\/kuopionkonservatorio.fi\/wp-content\/uploads\/Virtual-Reality-1448x2048.png 1448w\" sizes=\"(max-width: 1587px) 100vw, 1587px\" \/><\/figure><\/li><li class=\"blocks-gallery-item\"><figure><img decoding=\"async\" width=\"1772\" height=\"2560\" src=\"https:\/\/kuopionkonservatorio.fi\/wp-content\/uploads\/OnlyVans_keikkajuliste-2025-valmis-scaled.jpg\" alt=\"OnlyVans_keikkajuliste 2025 valmis\" class=\"wp-image-18774 no-lazyload\" srcset=\"https:\/\/kuopionkonservatorio.fi\/wp-content\/uploads\/OnlyVans_keikkajuliste-2025-valmis-scaled.jpg 1772w, https:\/\/kuopionkonservatorio.fi\/wp-content\/uploads\/OnlyVans_keikkajuliste-2025-valmis-399x576.jpg 399w, https:\/\/kuopionkonservatorio.fi\/wp-content\/uploads\/OnlyVans_keikkajuliste-2025-valmis-748x1080.jpg 748w, https:\/\/kuopionkonservatorio.fi\/wp-content\/uploads\/OnlyVans_keikkajuliste-2025-valmis-768x1109.jpg 768w, https:\/\/kuopionkonservatorio.fi\/wp-content\/uploads\/OnlyVans_keikkajuliste-2025-valmis-1063x1536.jpg 1063w, https:\/\/kuopionkonservatorio.fi\/wp-content\/uploads\/OnlyVans_keikkajuliste-2025-valmis-1418x2048.jpg 1418w\" sizes=\"(max-width: 1772px) 100vw, 1772px\" \/><\/figure><\/li><li class=\"blocks-gallery-item\"><figure><img decoding=\"async\" width=\"1440\" height=\"2560\" src=\"https:\/\/kuopionkonservatorio.fi\/wp-content\/uploads\/juliste_kytee_Johanna-scaled.jpg\" alt=\"juliste_kytee_Johanna\" class=\"wp-image-18772 no-lazyload\" srcset=\"https:\/\/kuopionkonservatorio.fi\/wp-content\/uploads\/juliste_kytee_Johanna-scaled.jpg 1440w, https:\/\/kuopionkonservatorio.fi\/wp-content\/uploads\/juliste_kytee_Johanna-324x576.jpg 324w, https:\/\/kuopionkonservatorio.fi\/wp-content\/uploads\/juliste_kytee_Johanna-608x1080.jpg 608w, https:\/\/kuopionkonservatorio.fi\/wp-content\/uploads\/juliste_kytee_Johanna-768x1365.jpg 768w, https:\/\/kuopionkonservatorio.fi\/wp-content\/uploads\/juliste_kytee_Johanna-864x1536.jpg 864w, https:\/\/kuopionkonservatorio.fi\/wp-content\/uploads\/juliste_kytee_Johanna-1152x2048.jpg 1152w\" sizes=\"(max-width: 1440px) 100vw, 1440px\" \/><\/figure><\/li><li class=\"blocks-gallery-item\"><figure><img decoding=\"async\" width=\"1811\" height=\"2560\" src=\"https:\/\/kuopionkonservatorio.fi\/wp-content\/uploads\/Juliste-hemu--scaled.jpg\" alt=\"Juliste hemu\" class=\"wp-image-18770 no-lazyload\" srcset=\"https:\/\/kuopionkonservatorio.fi\/wp-content\/uploads\/Juliste-hemu--scaled.jpg 1811w, https:\/\/kuopionkonservatorio.fi\/wp-content\/uploads\/Juliste-hemu--408x576.jpg 408w, https:\/\/kuopionkonservatorio.fi\/wp-content\/uploads\/Juliste-hemu--764x1080.jpg 764w, https:\/\/kuopionkonservatorio.fi\/wp-content\/uploads\/Juliste-hemu--768x1085.jpg 768w, https:\/\/kuopionkonservatorio.fi\/wp-content\/uploads\/Juliste-hemu--1087x1536.jpg 1087w, https:\/\/kuopionkonservatorio.fi\/wp-content\/uploads\/Juliste-hemu--1449x2048.jpg 1449w\" sizes=\"(max-width: 1811px) 100vw, 1811px\" \/><\/figure><\/li><\/ul>\n\n\n<div class=\"wp-block-columns is-layout-flex wp-container-core-columns-is-layout-9d6595d7 wp-block-columns-is-layout-flex\">\n<div class=\"wp-block-column is-layout-flow wp-block-column-is-layout-flow\" style=\"flex-basis:33.33%\"><\/div>\n\n\n\n<div class=\"wp-block-column is-layout-flow wp-block-column-is-layout-flow\" style=\"flex-basis:66.66%\"><\/div>\n<\/div>\n<\/div>\n<\/div>\n\n\n\n<p><\/p>\n","protected":false},"excerpt":{"rendered":"<p>KYTEE-festivaali Joulukuussa KYTEE! Kuopion konservatorion rytmimusiikin opiskelijoiden kymmenes KYTEE-festivaali ottaa Maximin lavan haltuun \u2013 kolme iltaa t\u00e4ynn\u00e4 r\u00e4iskyv\u00e4\u00e4 energiaa ja tulevaisuuden tekij\u00f6it\u00e4! Musiikkia on tarjolla moneen makuun, katso ohjelma alta! Musiikkiteknologiopiskelijoiden huipputiimi pit\u00e4\u00e4 huolen ett\u00e4 jokainen biisi kuulostaa timantilta. Salikonserttien v\u00e4liajoilla on aulassa OPEN STAGE, jami-is\u00e4nt\u00e4n\u00e4 toimii Tomi K\u00e4m\u00e4r\u00e4inen. TERVETULOA MUSISOIMAAN! Kytee-festivaalille on kaikkina iltoina [&hellip;]<\/p>\n","protected":false},"author":9,"featured_media":0,"parent":0,"menu_order":0,"comment_status":"closed","ping_status":"closed","template":"","meta":{"inline_featured_image":false,"footnotes":""},"oppiaine":[],"class_list":["post-984","page","type-page","status-publish","hentry"],"_links":{"self":[{"href":"https:\/\/kuopionkonservatorio.fi\/fi\/wp-json\/wp\/v2\/pages\/984","targetHints":{"allow":["GET"]}}],"collection":[{"href":"https:\/\/kuopionkonservatorio.fi\/fi\/wp-json\/wp\/v2\/pages"}],"about":[{"href":"https:\/\/kuopionkonservatorio.fi\/fi\/wp-json\/wp\/v2\/types\/page"}],"author":[{"embeddable":true,"href":"https:\/\/kuopionkonservatorio.fi\/fi\/wp-json\/wp\/v2\/users\/9"}],"replies":[{"embeddable":true,"href":"https:\/\/kuopionkonservatorio.fi\/fi\/wp-json\/wp\/v2\/comments?post=984"}],"version-history":[{"count":0,"href":"https:\/\/kuopionkonservatorio.fi\/fi\/wp-json\/wp\/v2\/pages\/984\/revisions"}],"wp:attachment":[{"href":"https:\/\/kuopionkonservatorio.fi\/fi\/wp-json\/wp\/v2\/media?parent=984"}],"wp:term":[{"taxonomy":"oppiaine","embeddable":true,"href":"https:\/\/kuopionkonservatorio.fi\/fi\/wp-json\/wp\/v2\/oppiaine?post=984"}],"curies":[{"name":"wp","href":"https:\/\/api.w.org\/{rel}","templated":true}]}}