{"id":971,"date":"2022-02-15T14:14:36","date_gmt":"2022-02-15T12:14:36","guid":{"rendered":"https:\/\/kuopionkonservatorio.letm.com\/?page_id=971"},"modified":"2026-03-30T13:17:19","modified_gmt":"2026-03-30T10:17:19","slug":"hakeminen","status":"publish","type":"page","link":"https:\/\/kuopionkonservatorio.fi\/fi\/hakeminen\/","title":{"rendered":"Hakeminen"},"content":{"rendered":"\n<div class=\"wp-block-columns alignwide is-layout-flex wp-container-core-columns-is-layout-9d6595d7 wp-block-columns-is-layout-flex\">\n<div class=\"wp-block-column is-layout-flow wp-block-column-is-layout-flow\" style=\"flex-basis:33.33%\">\n<h2 class=\"wp-block-heading\" id=\"hakeminen\">Hakeminen<\/h2>\n\n\n<ul class=\"relatives\"><li class=\"page_item page-item-1230\"><a href=\"https:\/\/kuopionkonservatorio.fi\/fi\/hakeminen\/jatkoilmoittautuminen\/\">Jatkoilmoittautuminen<\/a><\/li>\n<\/ul>\n\n\n\n<ul class=\"wp-block-list linkkilista\">\n<li><a href=\"https:\/\/kuopionkonservatorio.fi\/oppilaitos\/toimipisteet\/\">Toimipisteet<\/a><\/li>\n\n\n\n<li><a href=\"https:\/\/kuopionkonservatorio.fi\/oppilaitos\/lukukausimaksut\/\">Lukukausimaksut<\/a><\/li>\n\n\n\n<li><a href=\"https:\/\/kuopionkonservatorio.fi\/fi\/oppilaitos\/lukuvuosi\/#\">Lukuvuosi<\/a><\/li>\n\n\n\n<li><a href=\"https:\/\/kuopionkonservatorio.fi\/ota-yhteytta\/hallintohenkilosto\/\">Ota yhteytt\u00e4<\/a><\/li>\n<\/ul>\n<\/div>\n\n\n\n<div class=\"wp-block-column is-layout-flow wp-block-column-is-layout-flow\" style=\"flex-basis:66.66%\">\n<p class=\"has-ingressi-font-size\">Tule meille harrastamaan ja opiskelemaan!<\/p>\n\n\n\n<p class=\"mb-5\">Tarjoamme musiikin ja tanssin opetusta vauvasta aikuisi\u00e4lle saakka. Alta n\u00e4et meneill\u00e4\u00e4n olevat ja tulevat haut eri opintokokonaisuuksimme. Otsikkoa klikkaamalla n\u00e4et lis\u00e4tietoja sek\u00e4 linkin hakulomakkeelle.<\/p>\n\n\n\n      <div class=\"wp-block-letm-blocks-accordion\">\n        \n\n<div class=\"wp-block-letm-blocks-accordion-single-row\">\n<div class=\"wp-block-columns accordion-head has-valkoinen-color has-vadelma-background-color has-text-color has-background is-layout-flex wp-container-core-columns-is-layout-9d6595d7 wp-block-columns-is-layout-flex\">\n<div class=\"wp-block-column is-layout-flow wp-block-column-is-layout-flow\" style=\"flex-basis:50%\">\n<p class=\"heading-left\">Soiton ja laulun opetus &#8211; ilmoittaudu musiikin taiteen perusopetukseen<\/p>\n<\/div>\n\n\n\n<div class=\"wp-block-column is-layout-flow wp-block-column-is-layout-flow\" style=\"flex-basis:50%\">\n<p class=\"heading-right\">10.3.\u201315.4.2026<\/p>\n<\/div>\n<\/div>\n\n\n\n<div class=\"wp-block-columns accordion-content is-layout-flex wp-container-core-columns-is-layout-9d6595d7 wp-block-columns-is-layout-flex\">\n<div class=\"wp-block-column is-layout-flow wp-block-column-is-layout-flow\" style=\"flex-basis:100%\">\n<p><a href=\"https:\/\/kuopionkonservatorio.inschool.fi\/browsecourses?school-id=5\"><strong>Linkki hakulomakkeelle (Wilma)<\/strong><\/a><\/p>\n\n\n\n<p><a href=\"https:\/\/kuopionkonservatorio.fi\/fi\/tutustu-soittimiin\/\">Soitinesittelyt<\/a><\/p>\n\n\n\n<p><strong>Oppilasvalinta<\/strong><\/p>\n\n\n\n<p>Oppilasvalinta j\u00e4rjestet\u00e4\u00e4n 28.-29.4.2026. Oppilasvalinnan aikataulu l\u00e4hetet\u00e4\u00e4n s\u00e4hk\u00f6postitse.<\/p>\n\n\n\n<p>Hakulomakkeelle kannattaa valita 2\u20133 mieluisaa soitinta. Oppilasvalinnassa voidaan my\u00f6s yhdess\u00e4 pohtia hakijalle sopivaa soitinta. Hakijalle l\u00e4hetet\u00e4\u00e4n oppilasvalinnan aikataulu ilmoittautumisen yhteydess\u00e4 annettuun s\u00e4hk\u00f6postiosoitteeseen. Jos et l\u00f6yd\u00e4 kutsua s\u00e4hk\u00f6postistasi tai et p\u00e4\u00e4se osallistumaan oppilasvalintaan olethan yhteydess\u00e4 opintosihteeriimme: <a href=\"mailto:opintosihteeri@kuopionkonservatorio.fi\">opintosihteeri@kuopionkonservatorio.fi<\/a>.<\/p>\n\n\n\n<p><a href=\"https:\/\/kuopionkonservatorio.fi\/fi\/musiikki-harrastuksena\/klassisen-musiikin-opinnot\/\">Tutustu klassisen musiikin perusopintoihin<\/a><\/p>\n\n\n\n<p><a href=\"https:\/\/kuopionkonservatorio.fi\/fi\/musiikki-harrastuksena\/rytmimusiikin-opinnot\/\">Tutustu rytmimusiikin perusopintoihin<\/a><\/p>\n<\/div>\n<\/div>\n<\/div>\n\n\n\n<div class=\"wp-block-letm-blocks-accordion-single-row\">\n<div class=\"wp-block-columns accordion-head has-valkoinen-color has-oranssi-background-color has-text-color has-background is-layout-flex wp-container-core-columns-is-layout-9d6595d7 wp-block-columns-is-layout-flex\">\n<div class=\"wp-block-column is-layout-flow wp-block-column-is-layout-flow\" style=\"flex-basis:50%\">\n<p class=\"heading-left\">Tanssin opinnot 9 v. alkaen &#8211; ilmoittaudu tanssin taiteen perusopetukseen<\/p>\n<\/div>\n\n\n\n<div class=\"wp-block-column is-layout-flow wp-block-column-is-layout-flow\" style=\"flex-basis:50%\">\n<p class=\"heading-right\">10.3.\u201315.4.2026<\/p>\n<\/div>\n<\/div>\n\n\n\n<div class=\"wp-block-columns accordion-content is-layout-flex wp-container-core-columns-is-layout-9d6595d7 wp-block-columns-is-layout-flex\">\n<div class=\"wp-block-column is-layout-flow wp-block-column-is-layout-flow\" style=\"flex-basis:100%\">\n<p>P\u00e4\u00e4aineeksi voi valita baletin, nykytanssin tai molemmat. Opetusta on Kuopiossa, Juankoskella ja Nilsi\u00e4ss\u00e4.<\/p>\n\n\n\n<p><a href=\"https:\/\/kuopionkonservatorio.inschool.fi\/browsecourses?school-id=10\"><strong>Linkki hakulomakkeelle (Wilma)<\/strong><\/a><\/p>\n\n\n\n<p>Kuopion tanssin perusopintojen hakijoille pidet\u00e4\u00e4n n\u00e4ytetanssitunti tiistaina 28.4. klo 19.00 Kuopion Musiikkikeskuksessa. Tunnin tarkoituksena on l\u00f6yt\u00e4\u00e4 kullekin hakijalle sopivin opetusryhm\u00e4. Tarkempi ohje n\u00e4ytetanssitunnista l\u00e4hetet\u00e4\u00e4n s\u00e4hk\u00f6postilla.<\/p>\n\n\n\n<p><a href=\"https:\/\/kuopionkonservatorio.fi\/fi\/tanssi-harrastuksena\/baletti-ja-nykytanssi\/\">Tutustu tanssin perusopintoihin<\/a><\/p>\n<\/div>\n<\/div>\n<\/div>\n\n\n\n<div class=\"wp-block-letm-blocks-accordion-single-row\">\n<div class=\"wp-block-columns accordion-head has-musta-color has-sumu-background-color has-text-color has-background is-layout-flex wp-container-core-columns-is-layout-9d6595d7 wp-block-columns-is-layout-flex\">\n<div class=\"wp-block-column is-layout-flow wp-block-column-is-layout-flow\" style=\"flex-basis:50%\">\n<p class=\"heading-left\">Musiikkileikkikoulu<\/p>\n<\/div>\n\n\n\n<div class=\"wp-block-column is-layout-flow wp-block-column-is-layout-flow\" style=\"flex-basis:50%\">\n<p class=\"heading-right\">Elokuussa 2026<\/p>\n<\/div>\n<\/div>\n\n\n\n<div class=\"wp-block-columns accordion-content has-valkoinen-background-color has-background is-layout-flex wp-container-core-columns-is-layout-9d6595d7 wp-block-columns-is-layout-flex\">\n<div class=\"wp-block-column is-layout-flow wp-block-column-is-layout-flow\" style=\"flex-basis:100%\">\n<ul class=\"wp-block-list\">\n<li>Seuraava ilmoittautumisaika on elokuussa 2026.<\/li>\n\n\n\n<li>Hinta 135 \u20ac \/ lukukausi (Lukukausimaksu laskutetaan kaksi kertaa lukuvuoden aikana, syys- ja kev\u00e4tlukukaudella.)<\/li>\n\n\n\n<li>45\u201360 min ryhm\u00e4st\u00e4 riippuen, kerran viikossa.<\/li>\n\n\n\n<li>Opettaja ottaa yhteytt\u00e4 ennen opetuksen alkua.<\/li>\n\n\n\n<li>Kuopio, Juankoski, Lapinlahti, Siilinj\u00e4rvi, Suonenjoki<\/li>\n\n\n\n<li><a href=\"https:\/\/kuopionkonservatorio.fi\/wp-content\/uploads\/Musiikin-varhaisian-lukujarjestys-19.12.2025-2026-kevat.pdf\">Lukuj\u00e4rjestys 2025\u20132026<\/a><\/li>\n\n\n\n<li>Ryhmi\u00e4 0\u20136-vuotiaille: <a href=\"https:\/\/kuopionkonservatorio.fi\/wp-content\/uploads\/Musiikin-varhaisian-opintojen-opetustarjotin-2025-2026-15.4.pdf\">Varhaisi\u00e4n opetustarjonta lukuvuonna 2025\u20132026<\/a><\/li>\n\n\n\n<li><a href=\"https:\/\/kuopionkonservatorio.fi\/fi\/musiikki-harrastuksena\/musiikkileikkikoulu\/\">Lue lis\u00e4\u00e4 musiikkileikkikoulun sis\u00e4ll\u00f6ist\u00e4<\/a><\/li>\n<\/ul>\n\n\n\n<p><a href=\"https:\/\/kuopionkonservatorio.inschool.fi\/browsecourses?school-id=4\"><strong>Linkki hakulomakkeelle (Wilma)<\/strong><\/a><\/p>\n<\/div>\n<\/div>\n<\/div>\n\n\n\n<div class=\"wp-block-letm-blocks-accordion-single-row\">\n<div class=\"wp-block-columns accordion-head has-musta-color has-sumu-background-color has-text-color has-background is-layout-flex wp-container-core-columns-is-layout-9d6595d7 wp-block-columns-is-layout-flex\">\n<div class=\"wp-block-column is-layout-flow wp-block-column-is-layout-flow\" style=\"flex-basis:50%\">\n<p class=\"heading-left\">Musiikin valmentava opetus<\/p>\n<\/div>\n\n\n\n<div class=\"wp-block-column is-layout-flow wp-block-column-is-layout-flow\" style=\"flex-basis:50%\">\n<p class=\"heading-right\">Elokuussa 2026<\/p>\n<\/div>\n<\/div>\n\n\n\n<div class=\"wp-block-columns accordion-content is-layout-flex wp-container-core-columns-is-layout-9d6595d7 wp-block-columns-is-layout-flex\">\n<div class=\"wp-block-column is-layout-flow wp-block-column-is-layout-flow\" style=\"flex-basis:100%\">\n<ul class=\"wp-block-list\">\n<li>Seuraava ilmoittautumisaika on elokuussa 2026.<\/li>\n\n\n\n<li>Alkusoitto, alkulaulu, soitinkarusellit: 165 \u20ac \/ lukukausi<\/li>\n\n\n\n<li>Musiikkipajat, kuorot: 135 \u20ac \/ lukukausi<\/li>\n\n\n\n<li>Kahteen opetusryhm\u00e4\u00e4n osallistuminen 260 \u20ac \/ lukukausi (esim. muskari + alkusoitto)<\/li>\n\n\n\n<li>Lukukausimaksu laskutetaan kaksi kertaa lukuvuoden aikana, syys- ja kev\u00e4tlukukaudella.<\/li>\n\n\n\n<li>Opettaja ottaa yhteytt\u00e4 ennen opetuksen alkua.<\/li>\n\n\n\n<li>Alkusoitto, alkulaulu, soitinkarusellit, musiikkipajat, kuorot: <a href=\"https:\/\/kuopionkonservatorio.fi\/wp-content\/uploads\/Musiikin-varhaisian-opintojen-opetustarjotin-2025-2026-15.4.pdf\">Varhaisi\u00e4n opetustarjonta 2025\u20132026<\/a><\/li>\n\n\n\n<li><a href=\"https:\/\/kuopionkonservatorio.fi\/wp-content\/uploads\/Musiikin-varhaisian-lukujarjestys-19.12.2025-2026-kevat.pdf\">Lukuj\u00e4rjestys 2025\u20132026<\/a><\/li>\n\n\n\n<li><a href=\"https:\/\/kuopionkonservatorio.fi\/fi\/musiikki-harrastuksena\/musiikin-valmentavat-opinnot\/\">Lue lis\u00e4\u00e4 musiikin valmentavista opinnoista<\/a><\/li>\n\n\n\n<li>Kuopio, Nilsi\u00e4, Lapinlahti, Siilinj\u00e4rvi, Suonenjoki<\/li>\n<\/ul>\n\n\n\n<p><a href=\"https:\/\/kuopionkonservatorio.inschool.fi\/browsecourses?school-id=4\"><strong>Linkki hakulomakkeelle (Wilma)<\/strong><\/a><\/p>\n<\/div>\n<\/div>\n<\/div>\n\n\n\n<div class=\"wp-block-letm-blocks-accordion-single-row\">\n<div class=\"wp-block-columns accordion-head has-musta-color has-sumu-background-color has-text-color has-background is-layout-flex wp-container-core-columns-is-layout-9d6595d7 wp-block-columns-is-layout-flex\">\n<div class=\"wp-block-column is-layout-flow wp-block-column-is-layout-flow\" style=\"flex-basis:50%\">\n<p class=\"heading-left\">Hakulomake konservatorion opetukseen, Kuopion alakoulun musiikin painotusopetukseen pyrkiville<\/p>\n<\/div>\n\n\n\n<div class=\"wp-block-column is-layout-flow wp-block-column-is-layout-flow\" style=\"flex-basis:50%\">\n<p class=\"heading-right\">Joulukuussa 2026<\/p>\n<\/div>\n<\/div>\n\n\n\n<div class=\"wp-block-columns accordion-content is-layout-flex wp-container-core-columns-is-layout-9d6595d7 wp-block-columns-is-layout-flex\">\n<div class=\"wp-block-column is-layout-flow wp-block-column-is-layout-flow\" style=\"flex-basis:100%\">\n<p><strong>Musiikki (Haapaniemi, Kalevala, Rajala)<\/strong><br>Musiikkiluokalle hakeva oppilas voi halutessaan hakea my\u00f6s Kuopion konservatorion oppilaaksi. Molempiin hakeva oppilas t\u00e4ytt\u00e4\u00e4 my\u00f6s konservatorion s\u00e4hk\u00f6isen hakulomakkeen 1.12.2025\u201320.2.2026 osoitteessa: <strong><a href=\"https:\/\/kuopionkonservatorio.inschool.fi\/browsecourses\">https:\/\/kuopionkonservatorio.inschool.fi\/browsecourses<\/a><\/strong><\/p>\n\n\n\n<p>Hakija tekee vain musiikkiluokan valintakokeen, jonka konservatorio huomioi osana oppilaitoksen\u00adsa koko oppilasvalintaa, jos my\u00f6s hakulomake kon\u00adservatoriolle on t\u00e4ytetty. Konservatorion vapaiden oppilaspaikkojen m\u00e4\u00e4r\u00e4 vaihtelee vuosittain.<\/p>\n\n\n\n<p>Konservatorioon valitut oppilaat saavat tiedon oppilasvalinnasta kes\u00e4kuussa 2026.<\/p>\n<\/div>\n<\/div>\n<\/div>\n\n\n\n<div class=\"wp-block-letm-blocks-accordion-single-row\">\n<div class=\"wp-block-columns accordion-head has-musta-color has-sumu-background-color has-text-color has-background is-layout-flex wp-container-core-columns-is-layout-9d6595d7 wp-block-columns-is-layout-flex\">\n<div class=\"wp-block-column is-layout-flow wp-block-column-is-layout-flow\" style=\"flex-basis:50%\">\n<p class=\"heading-left\">Lastentanssi<\/p>\n<\/div>\n\n\n\n<div class=\"wp-block-column is-layout-flow wp-block-column-is-layout-flow\" style=\"flex-basis:50%\">\n<p class=\"heading-right\">Elokuussa 2026<\/p>\n<\/div>\n<\/div>\n\n\n\n<div class=\"wp-block-columns accordion-content is-layout-flex wp-container-core-columns-is-layout-9d6595d7 wp-block-columns-is-layout-flex\">\n<div class=\"wp-block-column is-layout-flow wp-block-column-is-layout-flow\" style=\"flex-basis:100%\">\n<ul class=\"wp-block-list\">\n<li>Seuraava ilmoittautumisaika on elokuussa 2026.<\/li>\n\n\n\n<li>Ryhmi\u00e4 2\u20135-vuotiaille, yksin tai oman aikuisen kanssa.<\/li>\n\n\n\n<li>Hinta 135 \u20ac \/ lukukausi (Lukukausimaksu laskutetaan kaksi kertaa lukuvuoden aikana, syys- ja kev\u00e4tlukukaudella.)<\/li>\n\n\n\n<li>45 min \/ viikko.<\/li>\n\n\n\n<li>Opettaja ottaa yhteytt\u00e4 ennen opetuksen alkua.<\/li>\n\n\n\n<li><a href=\"https:\/\/kuopionkonservatorio.fi\/wp-content\/uploads\/Tanssin-lukujarjestys-25-26-paiv.-8.9.2025.pdf\">Tanssin lukuj\u00e4rjestys 2025\u20132026<\/a><\/li>\n\n\n\n<li><a href=\"https:\/\/kuopionkonservatorio.fi\/fi\/tanssi-harrastuksena\/lastentanssi\/\">Lue lis\u00e4\u00e4 lastentanssista<\/a><\/li>\n\n\n\n<li>Kuopio, Nilsi\u00e4<\/li>\n<\/ul>\n\n\n\n<p><a href=\"https:\/\/kuopionkonservatorio.inschool.fi\/browsecourses?school-id=11\"><strong>Linkki hakulomakkeelle (Wilma)<\/strong><\/a><\/p>\n<\/div>\n<\/div>\n<\/div>\n\n\n\n<div class=\"wp-block-letm-blocks-accordion-single-row\">\n<div class=\"wp-block-columns accordion-head has-musta-color has-sumu-background-color has-text-color has-background is-layout-flex wp-container-core-columns-is-layout-9d6595d7 wp-block-columns-is-layout-flex\">\n<div class=\"wp-block-column is-layout-flow wp-block-column-is-layout-flow\" style=\"flex-basis:50%\">\n<p class=\"heading-left\">Tanssin valmentavat opinnot<\/p>\n<\/div>\n\n\n\n<div class=\"wp-block-column is-layout-flow wp-block-column-is-layout-flow\" style=\"flex-basis:50%\">\n<p class=\"heading-right\">Elokuussa 2026<\/p>\n<\/div>\n<\/div>\n\n\n\n<div class=\"wp-block-columns accordion-content is-layout-flex wp-container-core-columns-is-layout-9d6595d7 wp-block-columns-is-layout-flex\">\n<div class=\"wp-block-column is-layout-flow wp-block-column-is-layout-flow\" style=\"flex-basis:100%\">\n<ul class=\"wp-block-list\">\n<li>Seuraava ilmoittautumisaika on elokuussa 2026.<\/li>\n\n\n\n<li>Ryhmi\u00e4 6\u20138-vuotiaille<\/li>\n\n\n\n<li>Hinta 165 \u20ac \/ lukukausi (Lukukausimaksu laskutetaan kaksi kertaa lukuvuoden aikana, syys- ja kev\u00e4tlukukaudella.)<\/li>\n\n\n\n<li>60 min \/ viikko<\/li>\n\n\n\n<li>Opettaja ottaa yhteytt\u00e4 ennen opetuksen alkua.<\/li>\n\n\n\n<li><a href=\"https:\/\/kuopionkonservatorio.fi\/wp-content\/uploads\/Tanssin-lukujarjestys-25-26-paiv.-8.9.2025.pdf\">Tanssin lukuj\u00e4rjestys 2025\u20132026<\/a><\/li>\n\n\n\n<li><a href=\"https:\/\/kuopionkonservatorio.fi\/fi\/tanssi-harrastuksena\/tanssin-valmentavat-opinnot\/\">Lue lis\u00e4\u00e4 tanssin valmentavasta opetuksesta<\/a><\/li>\n\n\n\n<li>Kuopio<\/li>\n<\/ul>\n\n\n\n<p><a href=\"https:\/\/kuopionkonservatorio.inschool.fi\/browsecourses?school-id=11\"><strong>Linkki hakulomakkeelle (Wilma)<\/strong><\/a><\/p>\n<\/div>\n<\/div>\n<\/div>\n\n\n\n<div class=\"wp-block-letm-blocks-accordion-single-row\">\n<div class=\"wp-block-columns accordion-head has-musta-color has-sumu-background-color has-text-color has-background has-link-color wp-elements-7eb53e81ba2f12496189ca7fdc4b504d is-layout-flex wp-container-core-columns-is-layout-9d6595d7 wp-block-columns-is-layout-flex\">\n<div class=\"wp-block-column is-layout-flow wp-block-column-is-layout-flow\" style=\"flex-basis:50%\">\n<p class=\"heading-left has-musta-color has-text-color has-link-color wp-elements-270588a92acd98ee28c2fc5da890844c\">Hakulomake konservatorion opetukseen, Kuopion alakoulun tanssin painotusopetukseen pyrkiville<\/p>\n<\/div>\n\n\n\n<div class=\"wp-block-column is-layout-flow wp-block-column-is-layout-flow\" style=\"flex-basis:50%\">\n<p class=\"heading-right has-musta-color has-text-color has-link-color wp-elements-1ca66588da22f1ec31ce014a7078814a\">Joulukuussa 2026<\/p>\n<\/div>\n<\/div>\n\n\n\n<div class=\"wp-block-columns accordion-content is-layout-flex wp-container-core-columns-is-layout-9d6595d7 wp-block-columns-is-layout-flex\">\n<div class=\"wp-block-column is-layout-flow wp-block-column-is-layout-flow\" style=\"flex-basis:100%\">\n<p><strong>Tanssi (Kalevalan koulu)<\/strong><br>Tanssin painotettuun opetukseen hakeva oppilas voi halutessaan hakea my\u00f6s Kuopion konservato\u00adrion oppilaaksi. Molempiin hakeva oppilas t\u00e4ytt\u00e4\u00e4 my\u00f6s konservatorion s\u00e4hk\u00f6isen hakulomakkeen 1.12.2025\u201320.2.2026 osoitteessa: <strong><a href=\"https:\/\/kuopionkonservatorio.inschool.fi\/browsecourses\">https:\/\/kuopionkonservatorio.inschool.fi\/browsecourses<\/a><\/strong> ja valitsee p\u00e4\u00e4aineekseen nykytanssin tai baletin.<\/p>\n\n\n\n<p>Hakija osallistuu tanssin painotetun opetuksen valintakokeeseen, jonka konservatorio huomioi osana oppilaitoksensa koko oppilasvalintaa.<\/p>\n\n\n\n<p>Konservatorioon valitut oppilaat saavat tiedon oppilasvalinnasta kes\u00e4kuussa 2026.<\/p>\n<\/div>\n<\/div>\n<\/div>\n\n\n\n<div class=\"wp-block-letm-blocks-accordion-single-row\">\n<div class=\"wp-block-columns accordion-head has-valkoinen-color has-sumu-background-color has-text-color has-background is-layout-flex wp-container-core-columns-is-layout-9d6595d7 wp-block-columns-is-layout-flex\">\n<div class=\"wp-block-column is-layout-flow wp-block-column-is-layout-flow\" style=\"flex-basis:50%\">\n<p class=\"heading-left has-musta-color has-text-color has-link-color wp-elements-eb490e82e86ffb27839f0482163b1f49\">Musiikkialan ammatilliset tutkinnonosat <br>sek\u00e4 t\u00e4ydennyskoulutus, 15\u2013145 osp<\/p>\n<\/div>\n\n\n\n<div class=\"wp-block-column has-sumu-background-color has-background is-layout-flow wp-block-column-is-layout-flow\" style=\"flex-basis:50%\">\n<p class=\"heading-right has-musta-color has-text-color has-link-color wp-elements-3de5b75ffd0335b1b5f5a9088071b5c3\">Jatkuva haku 17.2.\u201329.3.2026<\/p>\n<\/div>\n<\/div>\n\n\n\n<div class=\"wp-block-columns accordion-content is-layout-flex wp-container-core-columns-is-layout-9d6595d7 wp-block-columns-is-layout-flex\">\n<div class=\"wp-block-column is-layout-flow wp-block-column-is-layout-flow\" style=\"flex-basis:100%\">\n<p>Voit hakea suorittamaan musiikkialan perustutkinnon tutkinnonosia hakuaikana. Jos sinulla on jo toisen asteen koulutus tai korkea-asteen tutkinto, olet jo ty\u00f6el\u00e4m\u00e4ss\u00e4 tai haluat hy\u00f6dynt\u00e4\u00e4 ty\u00f6ss\u00e4si enemm\u00e4n musiikillisia taitoja, voit hakeutua konservatorioon tutkinnon osan suorittajaksi.<br><br><a href=\"https:\/\/www.kuopionkonservatorio.fi\/hakuinfo\">Siirry t\u00e4st\u00e4 linkist\u00e4 ammatillisen koulutuksen hakuinfo-sivulle!<\/a><\/p>\n<\/div>\n<\/div>\n<\/div>\n\n\n\n<div class=\"wp-block-letm-blocks-accordion-single-row\">\n<div class=\"wp-block-columns accordion-head has-musta-color has-sumu-background-color has-text-color has-background is-layout-flex wp-container-core-columns-is-layout-9d6595d7 wp-block-columns-is-layout-flex\">\n<div class=\"wp-block-column is-layout-flow wp-block-column-is-layout-flow\" style=\"flex-basis:50%\">\n<p class=\"heading-left\">Musiikkialan perustutkinto 180 osp<br>Peruskoulun tai lukion suorittaneet hakijat<\/p>\n<\/div>\n\n\n\n<div class=\"wp-block-column is-layout-flow wp-block-column-is-layout-flow\" style=\"flex-basis:50%\">\n<p class=\"heading-right\">Yhteishaku 17.2.\u201317.3.2026<\/p>\n<\/div>\n<\/div>\n\n\n\n<div class=\"wp-block-columns accordion-content is-layout-flex wp-container-core-columns-is-layout-9d6595d7 wp-block-columns-is-layout-flex\">\n<div class=\"wp-block-column is-layout-flow wp-block-column-is-layout-flow\" style=\"flex-basis:100%\">\n<p>T\u00e4ss\u00e4 haussa voit hakea opiskelemaan koko tutkintoa (musiikkialan perustutkinto, musiikin osaamisala).<br><br><a href=\"https:\/\/www.kuopionkonservatorio.fi\/hakuinfo\">Siirry t\u00e4st\u00e4 linkist\u00e4 ammatillisen koulutuksen hakuinfo-sivulle!<\/a><\/p>\n<\/div>\n<\/div>\n<\/div>\n\n\n\n<div class=\"wp-block-letm-blocks-accordion-single-row\">\n<div class=\"wp-block-columns accordion-head has-musta-color has-sumu-background-color has-text-color has-background is-layout-flex wp-container-core-columns-is-layout-9d6595d7 wp-block-columns-is-layout-flex\">\n<div class=\"wp-block-column is-layout-flow wp-block-column-is-layout-flow\" style=\"flex-basis:50%\">\n<p class=\"heading-left\">Avoin konservatorio<\/p>\n<\/div>\n\n\n\n<div class=\"wp-block-column is-layout-flow wp-block-column-is-layout-flow\" style=\"flex-basis:50%\">\n<p class=\"heading-right\">Elokuussa 2026<\/p>\n<\/div>\n<\/div>\n\n\n\n<div class=\"wp-block-columns accordion-content is-layout-flex wp-container-core-columns-is-layout-9d6595d7 wp-block-columns-is-layout-flex\">\n<div class=\"wp-block-column is-layout-flow wp-block-column-is-layout-flow\" style=\"flex-basis:100%\">\n<p>Seuraava hakuaika Avoimen konservatorion opintoihin on elokuussa 2026.<\/p>\n\n\n\n<p>Avoimeen konservatorioon voivat hakea kaikki musiikin ja tanssin opiskelusta kiinnostuneet. Avoimessa voi opiskella musiikin ja tanssin lyhytkursseja tai v\u00e4hint\u00e4\u00e4n lukukauden kest\u00e4vi\u00e4 musiikin ja tanssin opintoja.<\/p>\n\n\n\n<p><a href=\"https:\/\/kuopionkonservatorio.inschool.fi\/browsecourses\"><strong>Linkki hakulomakkeelle (Wilma)<\/strong><\/a><\/p>\n<\/div>\n<\/div>\n<\/div>\n\n      <\/div>\n\n    \n\n\n      <div class=\"wp-block-letm-blocks-accordion\">\n        \n\n<div class=\"wp-block-letm-blocks-accordion-single-row\">\n<div class=\"wp-block-columns accordion-head has-background is-layout-flex wp-container-core-columns-is-layout-9d6595d7 wp-block-columns-is-layout-flex\" style=\"background-color:#eddce4\">\n<div class=\"wp-block-column is-layout-flow wp-block-column-is-layout-flow\" style=\"flex-basis:50%\">\n<p class=\"heading-left\">Lukukausimaksut<\/p>\n<\/div>\n\n\n\n<div class=\"wp-block-column is-layout-flow wp-block-column-is-layout-flow\" style=\"flex-basis:50%\">\n<p class=\"heading-right\"><\/p>\n<\/div>\n<\/div>\n\n\n\n<div class=\"wp-block-columns accordion-content is-layout-flex wp-container-core-columns-is-layout-9d6595d7 wp-block-columns-is-layout-flex\">\n<div class=\"wp-block-column is-layout-flow wp-block-column-is-layout-flow\" style=\"flex-basis:100%\">\n<p>Tietoa Kuopion konservatorion lukukausimaksuista, oppilaspaikan peruuttamisehdoista sek\u00e4 lukukausimaksujen huojennuksista: <\/p>\n\n\n\n<p><strong><a href=\"https:\/\/kuopionkonservatorio.fi\/fi\/oppilaitos\/lukukausimaksut\/\">Lukukausimaksut<\/a><\/strong><\/p>\n<\/div>\n<\/div>\n<\/div>\n\n      <\/div>\n\n    <\/div>\n<\/div>\n","protected":false},"excerpt":{"rendered":"<p>Hakeminen Tule meille harrastamaan ja opiskelemaan! Tarjoamme musiikin ja tanssin opetusta vauvasta aikuisi\u00e4lle saakka. Alta n\u00e4et meneill\u00e4\u00e4n olevat ja tulevat haut eri opintokokonaisuuksimme. Otsikkoa klikkaamalla n\u00e4et lis\u00e4tietoja sek\u00e4 linkin hakulomakkeelle.<\/p>\n","protected":false},"author":9,"featured_media":0,"parent":0,"menu_order":0,"comment_status":"closed","ping_status":"closed","template":"","meta":{"inline_featured_image":false,"footnotes":""},"oppiaine":[],"class_list":["post-971","page","type-page","status-publish","hentry"],"_links":{"self":[{"href":"https:\/\/kuopionkonservatorio.fi\/fi\/wp-json\/wp\/v2\/pages\/971","targetHints":{"allow":["GET"]}}],"collection":[{"href":"https:\/\/kuopionkonservatorio.fi\/fi\/wp-json\/wp\/v2\/pages"}],"about":[{"href":"https:\/\/kuopionkonservatorio.fi\/fi\/wp-json\/wp\/v2\/types\/page"}],"author":[{"embeddable":true,"href":"https:\/\/kuopionkonservatorio.fi\/fi\/wp-json\/wp\/v2\/users\/9"}],"replies":[{"embeddable":true,"href":"https:\/\/kuopionkonservatorio.fi\/fi\/wp-json\/wp\/v2\/comments?post=971"}],"version-history":[{"count":0,"href":"https:\/\/kuopionkonservatorio.fi\/fi\/wp-json\/wp\/v2\/pages\/971\/revisions"}],"wp:attachment":[{"href":"https:\/\/kuopionkonservatorio.fi\/fi\/wp-json\/wp\/v2\/media?parent=971"}],"wp:term":[{"taxonomy":"oppiaine","embeddable":true,"href":"https:\/\/kuopionkonservatorio.fi\/fi\/wp-json\/wp\/v2\/oppiaine?post=971"}],"curies":[{"name":"wp","href":"https:\/\/api.w.org\/{rel}","templated":true}]}}