{"id":5634,"date":"2024-02-19T09:31:11","date_gmt":"2024-02-19T07:31:11","guid":{"rendered":"https:\/\/kuopionkonservatorio.fi\/?page_id=5634"},"modified":"2025-07-30T13:12:09","modified_gmt":"2025-07-30T10:12:09","slug":"otto-poutiaisen-jousiakatemia","status":"publish","type":"page","link":"https:\/\/kuopionkonservatorio.fi\/fi\/otto-poutiaisen-jousiakatemia\/","title":{"rendered":"Otto Poutiaisen jousiakatemia"},"content":{"rendered":"\n<div class=\"wp-block-columns alignwide is-layout-flex wp-container-core-columns-is-layout-9d6595d7 wp-block-columns-is-layout-flex\">\n<div class=\"wp-block-column is-layout-flow wp-block-column-is-layout-flow\" style=\"flex-basis:33.33%\">\n<h2 class=\"wp-block-heading\">Otto Poutiaisen jousiakatemia<\/h2>\n<\/div>\n\n\n\n<div class=\"wp-block-column is-layout-flow wp-block-column-is-layout-flow\" style=\"flex-basis:66.66%\">\n<p>Jousiakatemia toimii Otto Poutiaisen s\u00e4\u00e4ti\u00f6n rahoittamana Kuopiossa. Aktiiviopiskelijoiksi jousiakatemian mestarikursseille voivat hakea kuopiolaisissa musiikkioppilaitoksissa opiskelevat tai niihin hakevat opiskelijat. Tunnit ovat avoimia kuuntelijoille. Jousiakatemiaan hyv\u00e4ksytyt opiskelijat saavat koulutusstipendin soittimen teemavuoden ajaksi. Jousiakatemia voi my\u00f6nt\u00e4\u00e4 stipendej\u00e4 my\u00f6s soitinhankintoihin jousiakatemiaan valituille opiskelijoille.<\/p>\n\n\n\n<p>Jousiakatemian lukuvuosi 2024\u20132025 on viulun teemavuosi. Lukuvuoden aikana j\u00e4rjestet\u00e4\u00e4n nelj\u00e4 viulun mestarikurssia ja p\u00e4\u00e4t\u00f6skonsertti. Opiskelijat k\u00e4ytt\u00e4v\u00e4t omia s\u00e4est\u00e4ji\u00e4\u00e4n. Opettajana 2024\u20132025 toimii arvostettu viulupedagogi Taideyliopiston Sibelius Akatemian lehtori Yvonne Frye.<\/p>\n\n\n\n<p>Seuraavat teemavuodet ovat<\/p>\n\n\n\n<ul class=\"wp-block-list\">\n<li>2025\u20132026 sello<\/li>\n\n\n\n<li>2026\u20132027 alttoviulu ja kontrabasso<\/li>\n<\/ul>\n\n\n\n<h2 class=\"wp-block-heading has-medium-font-size\">Hakeminen<\/h2>\n\n\n\n<p>Hakuaika jousiakatemiaan on kev\u00e4tlukukaudella 6.5.2024 menness\u00e4. Jousiakatemiaan haetaan s\u00e4hk\u00f6isell\u00e4 hakulomakkeella. Hakulomakkeelle liitet\u00e4\u00e4n mukaan linkki videoon, jossa hakija soittaa vapaavalintaisen teoksen.<\/p>\n\n\n\n<p>Hakija lataa videon haluamaansa palveluun (esim. YuoTube, Google Drive Vimeo). Linkki videoon liitet\u00e4\u00e4n mukaan hakulomakkeeseen.<\/p>\n\n\n\n<p><a href=\"https:\/\/link.webropol.com\/s\/otto-poutiaisen-jousiakatemia\"><strong>Hae Otto Poutiaisen jousiakatemiaan t\u00e4st\u00e4<\/strong><\/a><\/p>\n<\/div>\n<\/div>\n\n\n\n<h2 class=\"wp-block-heading\"><\/h2>\n","protected":false},"excerpt":{"rendered":"<p>Otto Poutiaisen jousiakatemia Jousiakatemia toimii Otto Poutiaisen s\u00e4\u00e4ti\u00f6n rahoittamana Kuopiossa. Aktiiviopiskelijoiksi jousiakatemian mestarikursseille voivat hakea kuopiolaisissa musiikkioppilaitoksissa opiskelevat tai niihin hakevat opiskelijat. Tunnit ovat avoimia kuuntelijoille. Jousiakatemiaan hyv\u00e4ksytyt opiskelijat saavat koulutusstipendin soittimen teemavuoden ajaksi. Jousiakatemia voi my\u00f6nt\u00e4\u00e4 stipendej\u00e4 my\u00f6s soitinhankintoihin jousiakatemiaan valituille opiskelijoille. Jousiakatemian lukuvuosi 2024\u20132025 on viulun teemavuosi. Lukuvuoden aikana j\u00e4rjestet\u00e4\u00e4n nelj\u00e4 viulun mestarikurssia [&hellip;]<\/p>\n","protected":false},"author":9,"featured_media":0,"parent":0,"menu_order":0,"comment_status":"closed","ping_status":"closed","template":"","meta":{"inline_featured_image":false,"footnotes":""},"oppiaine":[],"class_list":["post-5634","page","type-page","status-publish","hentry"],"_links":{"self":[{"href":"https:\/\/kuopionkonservatorio.fi\/fi\/wp-json\/wp\/v2\/pages\/5634","targetHints":{"allow":["GET"]}}],"collection":[{"href":"https:\/\/kuopionkonservatorio.fi\/fi\/wp-json\/wp\/v2\/pages"}],"about":[{"href":"https:\/\/kuopionkonservatorio.fi\/fi\/wp-json\/wp\/v2\/types\/page"}],"author":[{"embeddable":true,"href":"https:\/\/kuopionkonservatorio.fi\/fi\/wp-json\/wp\/v2\/users\/9"}],"replies":[{"embeddable":true,"href":"https:\/\/kuopionkonservatorio.fi\/fi\/wp-json\/wp\/v2\/comments?post=5634"}],"version-history":[{"count":0,"href":"https:\/\/kuopionkonservatorio.fi\/fi\/wp-json\/wp\/v2\/pages\/5634\/revisions"}],"wp:attachment":[{"href":"https:\/\/kuopionkonservatorio.fi\/fi\/wp-json\/wp\/v2\/media?parent=5634"}],"wp:term":[{"taxonomy":"oppiaine","embeddable":true,"href":"https:\/\/kuopionkonservatorio.fi\/fi\/wp-json\/wp\/v2\/oppiaine?post=5634"}],"curies":[{"name":"wp","href":"https:\/\/api.w.org\/{rel}","templated":true}]}}