{"id":528,"date":"2021-12-01T15:07:08","date_gmt":"2021-12-01T13:07:08","guid":{"rendered":"https:\/\/kuopionkonservatorio.letm.com\/?page_id=528"},"modified":"2026-03-13T15:47:45","modified_gmt":"2026-03-13T13:47:45","slug":"musiikkiteknologi","status":"publish","type":"page","link":"https:\/\/kuopionkonservatorio.fi\/fi\/musiikista-ammatti\/musiikkiteknologi\/","title":{"rendered":"Musiikkiteknologi"},"content":{"rendered":"\n<div class=\"wp-block-cover alignfull is-light\" style=\"min-height:290px;aspect-ratio:unset;\"><video class=\"wp-block-cover__video-background intrinsic-ignore\" autoplay muted loop playsinline src=\"https:\/\/kuopionkonservatorio.fi\/wp-content\/uploads\/Musiikkiteknologi_hero_v_2_pakattu.mp4\" style=\"object-position:48% 36%\" data-object-fit=\"cover\" data-object-position=\"48% 36%\"><\/video><span aria-hidden=\"true\" class=\"wp-block-cover__background has-background-dim-0 has-background-dim\"><\/span><div class=\"wp-block-cover__inner-container is-layout-flow wp-block-cover-is-layout-flow\">\n<p class=\"has-text-align-center has-large-font-size\"><\/p>\n<\/div><\/div>\n\n\n\n<div class=\"wp-block-group alignwide mb-5\"><div class=\"wp-block-group__inner-container is-layout-flow wp-block-group-is-layout-flow\"><div class=\"breadcrumbs align  wp-block-bcn-breadcrumb-trail has-text-color has-background\" vocab=\"https:\/\/schema.org\/\" typeof=\"BreadcrumbList\">\n\t<span><\/span>\n\t<span property=\"itemListElement\" typeof=\"ListItem\"><a property=\"item\" typeof=\"WebPage\" title=\"Go to Kuopion konservatorio.\" href=\"https:\/\/kuopionkonservatorio.fi\/fi\/\" class=\"home\" aria-current=\"page\"><i class=\"inline-block mr-1 has-black-color bi bi-house\"><\/i><\/a><meta property=\"position\" content=\"1\"><\/span><\/div>\n<\/div><\/div>\n\n\n\n<div class=\"wp-block-columns alignwide is-layout-flex wp-container-core-columns-is-layout-9d6595d7 wp-block-columns-is-layout-flex\">\n<div class=\"wp-block-column is-layout-flow wp-block-column-is-layout-flow\" style=\"flex-basis:33.33%\"><h2 class=\"wp-block-post-title\">Musiikkiteknologi<\/h2>\n\n<ul class=\"relatives\"><li class=\"page_item page-item-534\"><a href=\"https:\/\/kuopionkonservatorio.fi\/fi\/musiikista-ammatti\/hakuinfo\/\">Hakuinfo<\/a><\/li>\n<li class=\"page_item page-item-15147\"><a href=\"https:\/\/kuopionkonservatorio.fi\/fi\/musiikista-ammatti\/kaksoistutkinto\/\">Kaksoistutkinto<\/a><\/li>\n<li class=\"page_item page-item-521\"><a href=\"https:\/\/kuopionkonservatorio.fi\/fi\/musiikista-ammatti\/muusikko-klassinen-musiikki\/\">Muusikko, klassinen musiikki<\/a><\/li>\n<li class=\"page_item page-item-524\"><a href=\"https:\/\/kuopionkonservatorio.fi\/fi\/musiikista-ammatti\/muusikko-rytmimusiikki\/\">Muusikko, rytmimusiikki<\/a><\/li>\n<li class=\"page_item page-item-1066 page_item_has_children\"><a href=\"https:\/\/kuopionkonservatorio.fi\/fi\/musiikista-ammatti\/ammatillisen-koulutuksen-yhteystiedot\/\">Ammatillisen koulutuksen yhteystiedot<\/a><\/li>\n<\/ul>\n\n\n\n<h5 class=\"wp-block-heading has-harmaa-color has-text-color\">Opiskelu<\/h5>\n\n\n\n<ul class=\"wp-block-list linkkilista\">\n<li><a href=\"https:\/\/kuopionkonservatorio.fi\/wp-content\/uploads\/valintakoeopas_2026_yhteishaku_12032026-2.pdf\">Valintakoeopas 2026<\/a><\/li>\n\n\n\n<li><a href=\"https:\/\/kuopionkonservatorio.fi\/wp-content\/uploads\/Opiskelijan-opas-2025-2026.pdf\">Opiskelijan opas 2025\u20132026<\/a><\/li>\n\n\n\n<li><a href=\"https:\/\/eperusteet.opintopolku.fi\/#\/fi\/ammatillinen\/9722957\/tutkinnonosat\">Tutkinnon perusteet 2026<\/a><\/li>\n\n\n\n<li><a href=\"https:\/\/kuopionkonservatorio.fi\/wp-content\/uploads\/ops_klassinen_2022_7.6.pdf\">OPS Klassinen musiikki 2022<\/a><\/li>\n\n\n\n<li><a href=\"https:\/\/kuopionkonservatorio.fi\/wp-content\/uploads\/OPS_2022-rytmi_7.6.pdf\">OPS Rytmimusiikki 2022<\/a><\/li>\n\n\n\n<li><a href=\"https:\/\/kuopionkonservatorio.fi\/wp-content\/uploads\/Ops_Musiikkiteknologia_2022_7.6.pdf\">OPS Musiikkiteknologia 2022<\/a><\/li>\n\n\n\n<li><a href=\"https:\/\/kuopionkonservatorio.fi\/wp-content\/uploads\/Ohjaussuunnitelma__kuopionkonservatorio_2023.pdf\">Opinto-ohjaussuunnitelma 2023<\/a><\/li>\n\n\n\n<li><a rel=\"noreferrer noopener\" href=\"https:\/\/kuopionkonservatorio.fi\/wp-content\/uploads\/Opiskelijan-arvioinnin-toteuttamissuunnitelma-2018.pdf\" target=\"_blank\">Opiskelijoiden arvioinnin toteutumissuunnitelma<\/a><\/li>\n\n\n\n<li><a href=\"https:\/\/kuopionkonservatorio.fi\/wp-content\/uploads\/opiskeluhuoltosuunnitelma-2023-2024.pdf\" target=\"_blank\" rel=\"noreferrer noopener\">Opiskeluhuoltosuunnitelma<\/a><\/li>\n\n\n\n<li><a rel=\"noreferrer noopener\" href=\"https:\/\/kuopionkonservatorio.fi\/wp-content\/uploads\/ammatillisen_koulutuksen_jarjestyssaanto.docx\" target=\"_blank\">J\u00e4rjestyss\u00e4\u00e4nt\u00f6<\/a><\/li>\n\n\n\n<li><a href=\"https:\/\/mcusercontent.com\/595065e59217a155228949f5a\/files\/6a75f8a9-12e5-4d87-8cfc-e74be8640cd7\/Musiikin_ammattiin_Konservatorioliitto_.pdf\" target=\"_blank\" rel=\"noreferrer noopener\">Musiikin ammattiin -esite<\/a> (Konservatorioliitto)<\/li>\n\n\n\n<li><a href=\"https:\/\/kuopionkonservatorio.fi\/fi\/slice-opiskelijakortti\/\">Slice-opiskelijakortti<\/a><\/li>\n\n\n\n<li><a href=\"https:\/\/opiskelijankuopio.fi\/\">Opiskelijan Kuopio<\/a><\/li>\n<\/ul>\n<\/div>\n\n\n\n<div class=\"wp-block-column is-layout-flow wp-block-column-is-layout-flow\" style=\"flex-basis:66.66%\">\n<p class=\"has-ingressi-font-size\">Musiikkialan perustutkinto, Musiikkiteknologi (180 osp)<\/p>\n\n\n\n<p class=\"has-vaaleanpunainen-background-color has-background\"><strong>Huom! Musiikkiteknologia ei tarjolla kev\u00e4\u00e4n 2026 yhteishaussa.<\/strong><\/p>\n\n\n\n<p>Kuopion konservatorion musiikkialan toisen asteen ammatillisessa koulutuksessa voit saada musiikista itsellesi ammatin! Musiikkialan perustutkinnon laajuus on 180 osaamispistett\u00e4. Tutkinto antaa ammatilliset perusvalmiudet ja yleisen korkeakoulukelpoisuuden.<\/p>\n\n\n\n<p>Kuopion konservatorion musiikkiteknologikoulutus toteutetaan Puistokadun tiloissa. Musiikkialan perustutkinnon suorittanut musiikkiteknologi osaa k\u00e4ytt\u00e4\u00e4 musiikin tietotekniikan, \u00e4\u00e4nitt\u00e4misen ja \u00e4\u00e4nentoiston sovelluksia. Opintojen keskeisi\u00e4 sis\u00e4lt\u00f6j\u00e4 ovat \u00e4\u00e4nentoistoon ja \u00e4\u00e4nitt\u00e4miseen liittyv\u00e4t projektit. Musiikkiteknologian sis\u00e4lt\u00f6jen lis\u00e4ksi opintoihin kuuluu instrumentti- ja yhtyesoittoa sek\u00e4 yleissivist\u00e4vi\u00e4 opintoja. <\/p>\n\n\n\n<p>Valinnaiset tutkinnonosat mahdollistavat juuri sinulle sopivan opintokokonaisuuden, ja voit suunnata opintojasi omaa urasuunnitelmaa tukien. Osa opinnoista tehd\u00e4\u00e4n k\u00e4yt\u00e4nn\u00f6n ty\u00f6el\u00e4m\u00e4ss\u00e4 ns. ty\u00f6el\u00e4m\u00e4jaksojen kautta. Musiikkiteknologian opiskelijat toimivat vuosittain my\u00f6s oppilaitoksen KYTEE- ja Liekeiss\u00e4! -festivaalien \u00e4\u00e4nentoistoon liittyviss\u00e4 teht\u00e4viss\u00e4.<\/p>\n\n\n\n<p><a href=\"https:\/\/kuopionkonservatorio.fi\/fi\/kytee\/\"><strong>Lue lis\u00e4\u00e4 KYTEE-festivaalista<\/strong><\/a><br><a href=\"https:\/\/kuopionkonservatorio.fi\/fi\/liekeissa\/\"><strong>Lue lis\u00e4\u00e4 Liekeiss\u00e4! -festivaalista<\/strong><\/a><\/p>\n\n\n\n<div class=\"wp-block-media-text has-media-on-the-right is-stacked-on-mobile is-image-fill-element has-vaaleanpunainen-background-color has-background\" style=\"grid-template-columns:auto 44%\"><div class=\"wp-block-media-text__content\">\n<h2 class=\"wp-block-heading has-ingressi-font-size\">Musiikkialan toiseen asteen ammatillinen koulutus soveltuu sinulle, jos<\/h2>\n\n\n\n<ul class=\"wp-block-list\">\n<li>haluat musiikista ammatin<\/li>\n\n\n\n<li>haluat keskitty\u00e4 musiikin p\u00e4\u00e4toimiseen opiskeluun<\/li>\n\n\n\n<li>haluat panostaa soitto-opiskeluun entist\u00e4 enemm\u00e4n<\/li>\n\n\n\n<li>olet suorittanut lukion, mutta musiikilliset taitosi eiv\u00e4t viel\u00e4 riit\u00e4 korkea-asteen opintoihin<\/li>\n\n\n\n<li>toimit jo musiikin parissa, mutta haluat t\u00e4ydent\u00e4\u00e4 opintojasi ja vahvistaa ammatillista osaamistasi<\/li>\n\n\n\n<li>haluat vaihtaa ammattia<\/li>\n\n\n\n<li>haluat hy\u00f6dynt\u00e4\u00e4 musiikin harrastuneisuutta jatko-opinnoissa.<\/li>\n<\/ul>\n<\/div><figure class=\"wp-block-media-text__media\"><img decoding=\"async\" width=\"1024\" height=\"682\" src=\"https:\/\/kuopionkonservatorio.fi\/wp-content\/uploads\/1024x682-px-tekno.jpg\" alt=\"\" class=\"wp-image-5474 size-full no-lazyload\" style=\"object-position:22% 89%\" srcset=\"https:\/\/kuopionkonservatorio.fi\/wp-content\/uploads\/\/1024x682-px-tekno.jpg 1024w, https:\/\/kuopionkonservatorio.fi\/wp-content\/uploads\/\/1024x682-px-tekno-865x576.jpg 865w, https:\/\/kuopionkonservatorio.fi\/wp-content\/uploads\/\/1024x682-px-tekno-768x512.jpg 768w\" sizes=\"(max-width: 1024px) 100vw, 1024px\" \/><\/figure><\/div>\n\n\n\n<h2 class=\"wp-block-heading has-ingressi-font-size\" id=\"tutkinnon-osat\"><strong>Tutkinnon osat<\/strong><\/h2>\n\n\n\n<ol class=\"wp-block-list\">\n<li><strong>Pakolliset ammatilliset tutkinnon osat 100 osp<\/strong>\n<ul class=\"wp-block-list\">\n<li>Musiikkialan toimintaymp\u00e4rist\u00f6ss\u00e4 toimiminen 15 osp<\/li>\n\n\n\n<li>\u00c4\u00e4nentoistolaitteiston k\u00e4ytt\u00e4minen 30 osp<\/li>\n\n\n\n<li>\u00c4\u00e4nitt\u00e4minen 30 osp<\/li>\n\n\n\n<li>Musiikkiteknologia ja musiikillinen ilmaisu 25 osp<\/li>\n<\/ul>\n<\/li>\n\n\n\n<li><strong>Valinnaiset ammatilliset tutkinnon osat 45 osp<\/strong><\/li>\n\n\n\n<li><strong>Yhteiset tutkinnon osat 35 osp<\/strong><\/li>\n<\/ol>\n\n\n\n<p>Voit my\u00f6s suorittaa lukio- ja\/tai ylioppilastutkinnon (kaksois-\/kolmoistutkinto) ammatillisten opintojen rinnalla jolloin opiskeluaikaa voidaan tarvittaessa pident\u00e4\u00e4 vuodella.<br><a href=\"https:\/\/kuopionkonservatorio.fi\/fi\/musiikista-ammatti\/kaksoistutkinto\/\"><strong>Lue lis\u00e4\u00e4 kaksoistutkinnosta<\/strong><\/a><\/p>\n<\/div>\n<\/div>\n","protected":false},"excerpt":{"rendered":"<p>Opiskelu Musiikkialan perustutkinto, Musiikkiteknologi (180 osp) Huom! Musiikkiteknologia ei tarjolla kev\u00e4\u00e4n 2026 yhteishaussa. Kuopion konservatorion musiikkialan toisen asteen ammatillisessa koulutuksessa voit saada musiikista itsellesi ammatin! Musiikkialan perustutkinnon laajuus on 180 osaamispistett\u00e4. Tutkinto antaa ammatilliset perusvalmiudet ja yleisen korkeakoulukelpoisuuden. Kuopion konservatorion musiikkiteknologikoulutus toteutetaan Puistokadun tiloissa. Musiikkialan perustutkinnon suorittanut musiikkiteknologi osaa k\u00e4ytt\u00e4\u00e4 musiikin tietotekniikan, \u00e4\u00e4nitt\u00e4misen ja \u00e4\u00e4nentoiston [&hellip;]<\/p>\n","protected":false},"author":1,"featured_media":0,"parent":217,"menu_order":3,"comment_status":"closed","ping_status":"closed","template":"page-templates\/page_video-hero.php","meta":{"inline_featured_image":false,"footnotes":""},"oppiaine":[],"class_list":["post-528","page","type-page","status-publish","hentry"],"_links":{"self":[{"href":"https:\/\/kuopionkonservatorio.fi\/fi\/wp-json\/wp\/v2\/pages\/528","targetHints":{"allow":["GET"]}}],"collection":[{"href":"https:\/\/kuopionkonservatorio.fi\/fi\/wp-json\/wp\/v2\/pages"}],"about":[{"href":"https:\/\/kuopionkonservatorio.fi\/fi\/wp-json\/wp\/v2\/types\/page"}],"author":[{"embeddable":true,"href":"https:\/\/kuopionkonservatorio.fi\/fi\/wp-json\/wp\/v2\/users\/1"}],"replies":[{"embeddable":true,"href":"https:\/\/kuopionkonservatorio.fi\/fi\/wp-json\/wp\/v2\/comments?post=528"}],"version-history":[{"count":0,"href":"https:\/\/kuopionkonservatorio.fi\/fi\/wp-json\/wp\/v2\/pages\/528\/revisions"}],"up":[{"embeddable":true,"href":"https:\/\/kuopionkonservatorio.fi\/fi\/wp-json\/wp\/v2\/pages\/217"}],"wp:attachment":[{"href":"https:\/\/kuopionkonservatorio.fi\/fi\/wp-json\/wp\/v2\/media?parent=528"}],"wp:term":[{"taxonomy":"oppiaine","embeddable":true,"href":"https:\/\/kuopionkonservatorio.fi\/fi\/wp-json\/wp\/v2\/oppiaine?post=528"}],"curies":[{"name":"wp","href":"https:\/\/api.w.org\/{rel}","templated":true}]}}