{"id":524,"date":"2021-12-01T15:05:39","date_gmt":"2021-12-01T13:05:39","guid":{"rendered":"https:\/\/kuopionkonservatorio.letm.com\/?page_id=524"},"modified":"2026-03-13T15:46:07","modified_gmt":"2026-03-13T13:46:07","slug":"muusikko-rytmimusiikki","status":"publish","type":"page","link":"https:\/\/kuopionkonservatorio.fi\/fi\/musiikista-ammatti\/muusikko-rytmimusiikki\/","title":{"rendered":"Muusikko, rytmimusiikki"},"content":{"rendered":"\n<div class=\"wp-block-cover alignfull is-light\" style=\"min-height:290px;aspect-ratio:unset;\"><video class=\"wp-block-cover__video-background intrinsic-ignore\" autoplay muted loop playsinline src=\"https:\/\/kuopionkonservatorio.fi\/wp-content\/uploads\/Muusikko-rytmi_hero_v_2_pakattu.mp4\" style=\"object-position:50% 25%\" data-object-fit=\"cover\" data-object-position=\"50% 25%\"><\/video><span aria-hidden=\"true\" class=\"wp-block-cover__background has-background-dim-0 has-background-dim\"><\/span><div class=\"wp-block-cover__inner-container is-layout-flow wp-block-cover-is-layout-flow\">\n<p class=\"has-text-align-center has-large-font-size\"><\/p>\n<\/div><\/div>\n\n\n\n<div class=\"wp-block-group alignwide mb-5\"><div class=\"wp-block-group__inner-container is-layout-flow wp-block-group-is-layout-flow\"><div class=\"breadcrumbs align  wp-block-bcn-breadcrumb-trail has-text-color has-background\" vocab=\"https:\/\/schema.org\/\" typeof=\"BreadcrumbList\">\n\t<span><\/span>\n\t<span property=\"itemListElement\" typeof=\"ListItem\"><a property=\"item\" typeof=\"WebPage\" title=\"Go to Kuopion konservatorio.\" href=\"https:\/\/kuopionkonservatorio.fi\/fi\/\" class=\"home\" aria-current=\"page\"><i class=\"inline-block mr-1 has-black-color bi bi-house\"><\/i><\/a><meta property=\"position\" content=\"1\"><\/span><\/div>\n<\/div><\/div>\n\n\n\n<div class=\"wp-block-columns alignwide is-layout-flex wp-container-core-columns-is-layout-9d6595d7 wp-block-columns-is-layout-flex\">\n<div class=\"wp-block-column is-layout-flow wp-block-column-is-layout-flow\" style=\"flex-basis:33.33%\">\n<h2 class=\"wp-block-heading\" id=\"muusikko-rytmimusiikki\">Muusikko, rytmimusiikki<\/h2>\n\n\n<ul class=\"relatives\"><li class=\"page_item page-item-534\"><a href=\"https:\/\/kuopionkonservatorio.fi\/fi\/musiikista-ammatti\/hakuinfo\/\">Hakuinfo<\/a><\/li>\n<li class=\"page_item page-item-15147\"><a href=\"https:\/\/kuopionkonservatorio.fi\/fi\/musiikista-ammatti\/kaksoistutkinto\/\">Kaksoistutkinto<\/a><\/li>\n<li class=\"page_item page-item-521\"><a href=\"https:\/\/kuopionkonservatorio.fi\/fi\/musiikista-ammatti\/muusikko-klassinen-musiikki\/\">Muusikko, klassinen musiikki<\/a><\/li>\n<li class=\"page_item page-item-528\"><a href=\"https:\/\/kuopionkonservatorio.fi\/fi\/musiikista-ammatti\/musiikkiteknologi\/\">Musiikkiteknologi<\/a><\/li>\n<li class=\"page_item page-item-1066 page_item_has_children\"><a href=\"https:\/\/kuopionkonservatorio.fi\/fi\/musiikista-ammatti\/ammatillisen-koulutuksen-yhteystiedot\/\">Ammatillisen koulutuksen yhteystiedot<\/a><\/li>\n<\/ul>\n\n\n\n<h5 class=\"wp-block-heading has-harmaa-color has-text-color\">Opiskelu<\/h5>\n\n\n\n<ul class=\"wp-block-list linkkilista\">\n<li><a href=\"https:\/\/kuopionkonservatorio.fi\/wp-content\/uploads\/valintakoeopas_2026_yhteishaku_12032026-2.pdf\">Valintakoeopas 2026<\/a><\/li>\n\n\n\n<li><a href=\"https:\/\/kuopionkonservatorio.fi\/wp-content\/uploads\/Opiskelijan-opas-2025-2026.pdf\">Opiskelijan opas 2025\u20132026<\/a><\/li>\n\n\n\n<li><a href=\"https:\/\/eperusteet.opintopolku.fi\/#\/fi\/ammatillinen\/9722957\/tutkinnonosat\">Tutkinnon perusteet 2026<\/a><\/li>\n\n\n\n<li><a href=\"https:\/\/kuopionkonservatorio.fi\/wp-content\/uploads\/ops_klassinen_2022_7.6.pdf\">OPS Klassinen musiikki 2022<\/a><\/li>\n\n\n\n<li><a href=\"https:\/\/kuopionkonservatorio.fi\/wp-content\/uploads\/OPS_2022-rytmi_7.6.pdf\">OPS Rytmimusiikki 2022<\/a><\/li>\n\n\n\n<li><a href=\"https:\/\/kuopionkonservatorio.fi\/wp-content\/uploads\/Ops_Musiikkiteknologia_2022_7.6.pdf\">OPS Musiikkiteknologia 2022<\/a><\/li>\n\n\n\n<li><a href=\"https:\/\/kuopionkonservatorio.fi\/wp-content\/uploads\/Ohjaussuunnitelma__kuopionkonservatorio_2023.pdf\">Opinto-ohjaussuunnitelma 2023<\/a><\/li>\n\n\n\n<li><a rel=\"noreferrer noopener\" href=\"https:\/\/kuopionkonservatorio.fi\/wp-content\/uploads\/Opiskelijan-arvioinnin-toteuttamissuunnitelma-2018.pdf\" target=\"_blank\">Opiskelijoiden arvioinnin toteutumissuunnitelma<\/a><\/li>\n\n\n\n<li><a href=\"https:\/\/kuopionkonservatorio.fi\/wp-content\/uploads\/opiskeluhuoltosuunnitelma-2023-2024.pdf\" target=\"_blank\" rel=\"noreferrer noopener\">Opiskeluhuoltosuunnitelma<\/a><\/li>\n\n\n\n<li><a rel=\"noreferrer noopener\" href=\"https:\/\/kuopionkonservatorio.fi\/wp-content\/uploads\/ammatillisen_koulutuksen_jarjestyssaanto.docx\" target=\"_blank\">J\u00e4rjestyss\u00e4\u00e4nt\u00f6<\/a><\/li>\n\n\n\n<li><a href=\"https:\/\/mcusercontent.com\/595065e59217a155228949f5a\/files\/6a75f8a9-12e5-4d87-8cfc-e74be8640cd7\/Musiikin_ammattiin_Konservatorioliitto_.pdf\" target=\"_blank\" rel=\"noreferrer noopener\">Musiikin ammattiin -esite<\/a> (Konservatorioliitto)<\/li>\n\n\n\n<li><a href=\"https:\/\/kuopionkonservatorio.fi\/fi\/slice-opiskelijakortti\/\">Slice-opiskelijakortti<\/a><\/li>\n\n\n\n<li><a href=\"https:\/\/opiskelijankuopio.fi\/\">Kuopio opiskelijakaupunkina<\/a><\/li>\n<\/ul>\n<\/div>\n\n\n\n<div class=\"wp-block-column is-layout-flow wp-block-column-is-layout-flow\" style=\"flex-basis:66.66%\">\n<p class=\"has-ingressi-font-size\">Musiikkialan perustutkinto, Muusikko (180 osp)<\/p>\n\n\n\n<p>Kuopion konservatorion musiikkialan toisen asteen ammatillisessa koulutuksessa voit saada musiikista itsellesi ammatin! Musiikkialan perustutkinnon laajuus on 180 osaamispistett\u00e4. Tutkinto antaa ammatilliset perusvalmiudet ja yleisen korkeakoulukelpoisuuden.<\/p>\n\n\n\n<p>Kuopion konservatorion rytmimusiikin ammatillinen koulutus toteutetaan useissa opetuspisteiss\u00e4 Kuopion keskustan alueella. Meill\u00e4 voit kehitt\u00e4\u00e4 omaa erityisosaamistasi ja laajentaa muusikkouttasi toimiaksesi monipuolisena rytmimusiikin ammattilaisena.<\/p>\n\n\n\n<p>Koulutus painottuu instrumenttiopintoihin ja yhtyesoittoon. Valinnaiset tutkinnonosat mahdollistavat juuri sinulle sopivan opintokokonaisuuden, painottaen opintoja loppuvaiheessa esimerkiksi musiikkiteknologiaan, s\u00e4velt\u00e4miseen ja sovittamiseen tai yritt\u00e4jyyteen.<\/p>\n\n\n\n<p>Rytmimusiikin opiskelijoilla instrumenttina voi olla my\u00f6s&nbsp;<strong>DAW<\/strong>&nbsp;(Digital Audio Workstation). DAW-instrumentin opinnot sis\u00e4lt\u00e4v\u00e4t mm. eri ohjelmistojen opiskelua, live-taustojen valmistelua, yhtyeess\u00e4 toimimista, live-miksausta (esim. efektien ja looppien k\u00e4ytt\u00f6) ja klikki-raidan k\u00e4ytt\u00f6\u00e4.<\/p>\n\n\n\n<p>Osa opinnoista tapahtuu k\u00e4yt\u00e4nn\u00f6n ty\u00f6el\u00e4m\u00e4ss\u00e4 ns. ty\u00f6el\u00e4m\u00e4jaksojen kautta. Opiskelijat esiintyv\u00e4t vuosittain my\u00f6s oppilaitoksen KYTEE- ja Liekeiss\u00e4! -festivaaleilla.<\/p>\n\n\n\n<p><a href=\"https:\/\/kuopionkonservatorio.fi\/fi\/kytee\/\"><strong>Lue lis\u00e4\u00e4 KYTEE-festivaalista<\/strong><\/a><br><a href=\"https:\/\/kuopionkonservatorio.fi\/fi\/liekeissa\/\"><strong>Lue lis\u00e4\u00e4 Liekeiss\u00e4! -festivaalista<\/strong><\/a><\/p>\n\n\n\n<div class=\"wp-block-media-text has-media-on-the-right is-stacked-on-mobile is-image-fill-element has-vaaleanpunainen-background-color has-background\" style=\"grid-template-columns:auto 44%\"><div class=\"wp-block-media-text__content\">\n<h2 class=\"wp-block-heading has-ingressi-font-size\">Musiikkialan toiseen asteen ammatillinen koulutus soveltuu sinulle, jos<\/h2>\n\n\n\n<ul class=\"wp-block-list\">\n<li>haluat musiikista ammatin<\/li>\n\n\n\n<li>haluat keskitty\u00e4 musiikin p\u00e4\u00e4toimiseen opiskeluun<\/li>\n\n\n\n<li>haluat panostaa soitto-opiskeluun entist\u00e4 enemm\u00e4n<\/li>\n\n\n\n<li>olet suorittanut lukion, mutta musiikilliset taitosi eiv\u00e4t viel\u00e4 riit\u00e4 korkea-asteen opintoihin<\/li>\n\n\n\n<li>toimit jo musiikin parissa, mutta haluat t\u00e4ydent\u00e4\u00e4 opintojasi ja vahvistaa ammatillista osaamistasi<\/li>\n\n\n\n<li>haluat vaihtaa ammattia<\/li>\n\n\n\n<li>haluat hy\u00f6dynt\u00e4\u00e4 musiikin harrastuneisuutta jatko-opinnoissa.<\/li>\n<\/ul>\n<\/div><figure class=\"wp-block-media-text__media\"><img decoding=\"async\" width=\"1620\" height=\"1080\" src=\"https:\/\/kuopionkonservatorio.fi\/wp-content\/uploads\/pexels-cottonbro-5648348-1620x1080.jpg\" alt=\"\" class=\"wp-image-17292 size-full no-lazyload\" style=\"object-position:45% 31%\" srcset=\"https:\/\/kuopionkonservatorio.fi\/wp-content\/uploads\/pexels-cottonbro-5648348-1620x1080.jpg 1620w, https:\/\/kuopionkonservatorio.fi\/wp-content\/uploads\/pexels-cottonbro-5648348-864x576.jpg 864w, https:\/\/kuopionkonservatorio.fi\/wp-content\/uploads\/pexels-cottonbro-5648348-768x512.jpg 768w, https:\/\/kuopionkonservatorio.fi\/wp-content\/uploads\/pexels-cottonbro-5648348-1536x1024.jpg 1536w, https:\/\/kuopionkonservatorio.fi\/wp-content\/uploads\/pexels-cottonbro-5648348-2048x1365.jpg 2048w\" sizes=\"(max-width: 1620px) 100vw, 1620px\" \/><\/figure><\/div>\n\n\n\n<h2 class=\"wp-block-heading has-ingressi-font-size\" id=\"koulutukseen-hakeutuvalla-tulee-olla\"><strong>Tutkinnon osat<\/strong><\/h2>\n\n\n\n<ol class=\"wp-block-list\">\n<li><strong>Pakolliset ammatilliset tutkinnon osat 100 osp<\/strong>\n<ul class=\"wp-block-list\">\n<li>Musiikkialan toimintaymp\u00e4rist\u00f6ss\u00e4 toimiminen 15 osp<\/li>\n\n\n\n<li>Musiikkialan esiintymiskokoonpanossa toimiminen 30 osp<\/li>\n\n\n\n<li>Instrumenttitaitojen kehitt\u00e4minen ja musiikin esitt\u00e4minen 30 osp<\/li>\n\n\n\n<li>Musiikin hahmottaminen ja musiikkiohjelmiston valmistaminen 25 osp<\/li>\n<\/ul>\n<\/li>\n\n\n\n<li><strong>Valinnaiset ammatilliset tutkinnon osat 45 osp<\/strong><\/li>\n\n\n\n<li><strong>Yhteiset tutkinnon osat 35 osp<\/strong><\/li>\n<\/ol>\n\n\n\n<p>Voit my\u00f6s suorittaa lukio- ja\/tai ylioppilastutkinnon (kaksois-\/kolmoistutkinto) ammatillisten opintojen rinnalla jolloin opiskeluaikaa voidaan tarvittaessa pident\u00e4\u00e4 vuodella.<br><a href=\"https:\/\/kuopionkonservatorio.fi\/fi\/musiikista-ammatti\/kaksoistutkinto\/\"><strong>Lue lis\u00e4\u00e4 kaksoistutkinnosta<\/strong><\/a><\/p>\n<\/div>\n<\/div>\n","protected":false},"excerpt":{"rendered":"<p>Muusikko, rytmimusiikki Opiskelu Musiikkialan perustutkinto, Muusikko (180 osp) Kuopion konservatorion musiikkialan toisen asteen ammatillisessa koulutuksessa voit saada musiikista itsellesi ammatin! Musiikkialan perustutkinnon laajuus on 180 osaamispistett\u00e4. Tutkinto antaa ammatilliset perusvalmiudet ja yleisen korkeakoulukelpoisuuden. Kuopion konservatorion rytmimusiikin ammatillinen koulutus toteutetaan useissa opetuspisteiss\u00e4 Kuopion keskustan alueella. Meill\u00e4 voit kehitt\u00e4\u00e4 omaa erityisosaamistasi ja laajentaa muusikkouttasi toimiaksesi monipuolisena rytmimusiikin [&hellip;]<\/p>\n","protected":false},"author":1,"featured_media":0,"parent":217,"menu_order":2,"comment_status":"closed","ping_status":"closed","template":"page-templates\/page_video-hero.php","meta":{"inline_featured_image":false,"footnotes":""},"oppiaine":[],"class_list":["post-524","page","type-page","status-publish","hentry"],"_links":{"self":[{"href":"https:\/\/kuopionkonservatorio.fi\/fi\/wp-json\/wp\/v2\/pages\/524","targetHints":{"allow":["GET"]}}],"collection":[{"href":"https:\/\/kuopionkonservatorio.fi\/fi\/wp-json\/wp\/v2\/pages"}],"about":[{"href":"https:\/\/kuopionkonservatorio.fi\/fi\/wp-json\/wp\/v2\/types\/page"}],"author":[{"embeddable":true,"href":"https:\/\/kuopionkonservatorio.fi\/fi\/wp-json\/wp\/v2\/users\/1"}],"replies":[{"embeddable":true,"href":"https:\/\/kuopionkonservatorio.fi\/fi\/wp-json\/wp\/v2\/comments?post=524"}],"version-history":[{"count":0,"href":"https:\/\/kuopionkonservatorio.fi\/fi\/wp-json\/wp\/v2\/pages\/524\/revisions"}],"up":[{"embeddable":true,"href":"https:\/\/kuopionkonservatorio.fi\/fi\/wp-json\/wp\/v2\/pages\/217"}],"wp:attachment":[{"href":"https:\/\/kuopionkonservatorio.fi\/fi\/wp-json\/wp\/v2\/media?parent=524"}],"wp:term":[{"taxonomy":"oppiaine","embeddable":true,"href":"https:\/\/kuopionkonservatorio.fi\/fi\/wp-json\/wp\/v2\/oppiaine?post=524"}],"curies":[{"name":"wp","href":"https:\/\/api.w.org\/{rel}","templated":true}]}}