{"id":517,"date":"2021-12-01T14:59:04","date_gmt":"2021-12-01T12:59:04","guid":{"rendered":"https:\/\/kuopionkonservatorio.letm.com\/?page_id=517"},"modified":"2026-03-12T11:03:20","modified_gmt":"2026-03-12T09:03:20","slug":"baletti-ja-nykytanssi","status":"publish","type":"page","link":"https:\/\/kuopionkonservatorio.fi\/fi\/tanssi-harrastuksena\/baletti-ja-nykytanssi\/","title":{"rendered":"Tanssin taiteen perusopetus"},"content":{"rendered":"\n<div class=\"wp-block-cover alignfull is-light\" style=\"min-height:300px;aspect-ratio:unset;\"><video class=\"wp-block-cover__video-background intrinsic-ignore\" autoplay muted loop playsinline src=\"https:\/\/kuopionkonservatorio.fi\/wp-content\/uploads\/Nykytanssi-ja-baletti_hero_v_2_pakattu.mp4\" style=\"object-position:50% 17%\" data-object-fit=\"cover\" data-object-position=\"50% 17%\"><\/video><span aria-hidden=\"true\" class=\"wp-block-cover__background has-background-dim-0 has-background-dim\"><\/span><div class=\"wp-block-cover__inner-container is-layout-flow wp-block-cover-is-layout-flow\">\n<p class=\"has-text-align-center has-large-font-size\"><\/p>\n<\/div><\/div>\n\n\n\n<div class=\"wp-block-group alignwide mb-5\"><div class=\"wp-block-group__inner-container is-layout-flow wp-block-group-is-layout-flow\"><div class=\"breadcrumbs align  wp-block-bcn-breadcrumb-trail has-text-color has-background\" vocab=\"https:\/\/schema.org\/\" typeof=\"BreadcrumbList\">\n\t<span><\/span>\n\t<span property=\"itemListElement\" typeof=\"ListItem\"><a property=\"item\" typeof=\"WebPage\" title=\"Go to Kuopion konservatorio.\" href=\"https:\/\/kuopionkonservatorio.fi\/fi\/\" class=\"home\" aria-current=\"page\"><i class=\"inline-block mr-1 has-black-color bi bi-house\"><\/i><\/a><meta property=\"position\" content=\"1\"><\/span><\/div>\n<\/div><\/div>\n\n\n\n<div class=\"wp-block-columns alignwide is-layout-flex wp-container-core-columns-is-layout-9d6595d7 wp-block-columns-is-layout-flex\">\n<div class=\"wp-block-column is-layout-flow wp-block-column-is-layout-flow\" style=\"flex-basis:33.33%\">\n<h2 class=\"wp-block-heading\" id=\"baletti-ja-nykytanssi\">Baletti ja nykytanssi<\/h2>\n\n\n\n<ul class=\"wp-block-list linkkilista\">\n<li><a href=\"https:\/\/kuopionkonservatorio.fi\/hakeminen\/\">Hakeminen<\/a><\/li>\n\n\n\n<li><a href=\"https:\/\/kuopionkonservatorio.fi\/hakeminen\/jatkoilmoittautuminen\/\">Jatkoilmoittautuminen<\/a><\/li>\n\n\n\n<li><a href=\"https:\/\/kuopionkonservatorio.fi\/lomakkeet\/\">Lomakkeet<\/a><\/li>\n\n\n\n<li><a href=\"https:\/\/kuopionkonservatorio.fi\/wp-content\/uploads\/Tanssin-lukujarjestys-25-26-paiv.-8.9.2025.pdf\">Lukuj\u00e4rjestys 2025\u20132026<\/a><\/li>\n\n\n\n<li><a href=\"https:\/\/kuopionkonservatorio.fi\/oppilaitos\/lukukausimaksut\/\" data-type=\"page\" data-id=\"1018\">Lukukausimaksut<\/a><\/li>\n\n\n\n<li><a href=\"https:\/\/kuopionkonservatorio.fi\/oppilaitos\/lukuvuosi\/\" data-type=\"page\" data-id=\"1028\">Lukuvuosi<\/a><\/li>\n\n\n\n<li><a href=\"https:\/\/kuopionkonservatorio.fi\/tanssi-harrastuksena\/naytokset\/\" data-type=\"page\" data-id=\"1058\">N\u00e4yt\u00f6kset<\/a><\/li>\n\n\n\n<li><a href=\"https:\/\/kuopionkonservatorio.fi\/wp-content\/uploads\/Kuopion-konservatorio-OPS-2018.pdf\">OPS 2018<\/a><\/li>\n\n\n\n<li><a href=\"https:\/\/kuopionkonservatorio.fi\/tanssi-harrastuksena\/tanssin-opettajat-ja-opetuspisteet\/\">Tanssin opettajat ja opetuspisteet<\/a><\/li>\n\n\n\n<li><a rel=\"noreferrer noopener\" href=\"https:\/\/kuopionkonservatorio.fi\/wp-content\/uploads\/Tanssin-varhaisian-opintojen-opas.pdf\" target=\"_blank\">Tanssin varhaisi\u00e4n opintojen opas<\/a><\/li>\n\n\n\n<li><a href=\"https:\/\/kuopionkonservatorio.fi\/wp-content\/uploads\/Tanssin-perusopintojen-opas-paiv.-27.1.2026.pdf\" target=\"_blank\" rel=\"noreferrer noopener\">Tanssin perusopintojen opas<\/a><\/li>\n\n\n\n<li><a href=\"https:\/\/kuopionkonservatorio.fi\/wp-content\/uploads\/Tanssin-syventavien-opintojen-opas-paiv.-6.2.2026-1.pdf\" target=\"_blank\" rel=\"noreferrer noopener\">Tanssin syvent\u00e4vien opintojen opas<\/a><\/li>\n<\/ul>\n<\/div>\n\n\n\n<div class=\"wp-block-column is-layout-flow wp-block-column-is-layout-flow\" style=\"flex-basis:66.66%\">\n<p class=\"has-ingressi-font-size\">Luovaa liikett\u00e4, tanssitekniikkaa ja esiintymisen el\u00e4myksi\u00e4!<\/p>\n\n\n\n<p class=\"has-marjapuuro-background-color has-background\">Hakuaika tanssin taiteen perusopetukseen 10.3.\u201315.4.2026<br><a href=\"https:\/\/kuopionkonservatorio.fi\/fi\/hakeminen\/\"><strong>kuopionkonservatorio.fi\/hakeminen<\/strong><\/a><\/p>\n\n\n\n<p>Baletin ja nykytanssin opinnot voi aloittaa konservatoriossa 9-vuotiaana <strong>tanssin perusopinnoista<\/strong>. Perusopinnot tarjoavat lapsille ja nuorille tanssin iloa ja mahdollisuuden opiskella tanssia pitk\u00e4j\u00e4nteisesti. Opetus etenee yksil\u00f6llisesti tasolta toiselle. Perusopintojen j\u00e4lkeen oppilas voi siirty\u00e4 tanssin <strong>syvent\u00e4viin opintoihin<\/strong>.<\/p>\n\n\n\n<p>P\u00e4\u00e4aineeksi voi valita baletin, nykytanssin tai molemmat.<\/p>\n\n\n\n<p><strong>Nykytanssi<\/strong>&nbsp;ottaa vaikutteita modernin tanssin eri tekniikoista ja tyyleist\u00e4. Oman mausteensa nykytanssiin tuo jokaisen opettajan ainutlaatuinen l\u00e4hestymistapa. Nykytanssille ominaista on monipuolinen kehon- ja lattiank\u00e4ytt\u00f6, improvisaatio sek\u00e4 luova l\u00e4hestymistapa liikkeeseen.<\/p>\n\n\n\n<p><strong>Balettitunneilla<\/strong>&nbsp;opiskellaan klassisen baletin perinnett\u00e4 ja estetiikkaa. Balettitunti sis\u00e4lt\u00e4\u00e4 tankosarjoja, keskilattiaharjoituksia, hyppyj\u00e4, piruetteja, tanssisarjoja sek\u00e4 opintojen edetess\u00e4 my\u00f6s k\u00e4rkitossuty\u00f6skentely\u00e4.<\/p>\n\n\n\n      <div class=\"wp-block-letm-blocks-accordion\">\n        \n\n<div class=\"wp-block-letm-blocks-accordion-single-row\">\n<div class=\"wp-block-columns accordion-head has-oranssi-background-color has-background is-layout-flex wp-container-core-columns-is-layout-9d6595d7 wp-block-columns-is-layout-flex\">\n<div class=\"wp-block-column is-layout-flow wp-block-column-is-layout-flow\" style=\"flex-basis:50%\">\n<p class=\"heading-left has-valkoinen-color has-text-color has-link-color wp-elements-af4854a316e8a882912c008ee169cdbb\">Perusopinnot<\/p>\n<\/div>\n\n\n\n<div class=\"wp-block-column is-layout-flow wp-block-column-is-layout-flow\" style=\"flex-basis:50%\">\n<p class=\"heading-right\"><\/p>\n<\/div>\n<\/div>\n\n\n\n<div class=\"wp-block-columns accordion-content is-layout-flex wp-container-core-columns-is-layout-9d6595d7 wp-block-columns-is-layout-flex\">\n<div class=\"wp-block-column is-layout-flow wp-block-column-is-layout-flow\" style=\"flex-basis:100%\">\n<p>Tavoitteena on her\u00e4tt\u00e4\u00e4 oppilaissa rakkaus ja omakohtainen suhde tanssiin sek\u00e4 rohkaista heit\u00e4 ilmaisemaan itse\u00e4\u00e4n tanssin keinoin.<\/p>\n\n\n\n<p>Perusopintojen laajuus on 800 tuntia ja ne aloitetaan alkutasolta. P\u00e4\u00e4aineessa annetaan opetusta s\u00e4\u00e4nn\u00f6llisesti kaksi tai kolme kertaa viikossa. Oppilas etenee yksil\u00f6llisesti tasolta toiselle. Opintojen edetess\u00e4 p\u00e4\u00e4aineen rinnalle tulee my\u00f6s sivuaineita sek\u00e4 valinnaisia opintoja. Opintojen rakenteeseen ja sis\u00e4lt\u00f6ihin voi tutustua tarkemmin Tanssin perusopintojen oppaassa.<\/p>\n\n\n\n<p>Esiintyminen ja omien koreografioiden ty\u00f6st\u00e4minen ovat olennainen osa tanssiopintoja. Kaikki ryhm\u00e4t esiintyv\u00e4t vuosittain tanssin kev\u00e4tn\u00e4yt\u00f6ksiss\u00e4. Oppilaat saavat my\u00f6s esitt\u00e4\u00e4 omia teoksiaan mm. \u201dOmat tanssit\u201d -tapahtumissa. Lis\u00e4ksi pyrimme j\u00e4rjest\u00e4m\u00e4\u00e4n muita isompia ja pienempi\u00e4 esiintymistilaisuuksia.<\/p>\n\n\n\n<p>Perusopinnot suoritettuaan oppilas voi siirty\u00e4&nbsp;tanssin syvent\u00e4viin opintoihin&nbsp;tai&nbsp;Avoimen konservatorion&nbsp;aikuisryhmiin.<\/p>\n<\/div>\n<\/div>\n<\/div>\n\n\n\n<div class=\"wp-block-letm-blocks-accordion-single-row\">\n<div class=\"wp-block-columns accordion-head has-oranssi-background-color has-background is-layout-flex wp-container-core-columns-is-layout-9d6595d7 wp-block-columns-is-layout-flex\">\n<div class=\"wp-block-column is-layout-flow wp-block-column-is-layout-flow\" style=\"flex-basis:50%\">\n<p class=\"heading-left has-valkoinen-color has-text-color has-link-color wp-elements-de2337d2252d69806c0971e8acdc339d\">Syvent\u00e4v\u00e4t opinnot<\/p>\n<\/div>\n\n\n\n<div class=\"wp-block-column is-layout-flow wp-block-column-is-layout-flow\" style=\"flex-basis:50%\">\n<p class=\"heading-right\"><\/p>\n<\/div>\n<\/div>\n\n\n\n<div class=\"wp-block-columns accordion-content is-layout-flex wp-container-core-columns-is-layout-9d6595d7 wp-block-columns-is-layout-flex\">\n<div class=\"wp-block-column is-layout-flow wp-block-column-is-layout-flow\" style=\"flex-basis:100%\">\n<p>Syvent\u00e4v\u00e4t opinnot vahvistavat perusopinnoissa opittuja taitoja ja tietoja. Oppilas valitsee p\u00e4\u00e4aineekseen baletin, nykytanssin tai molemmat. Oppilaat p\u00e4\u00e4sev\u00e4t vahvistamaan omakohtaista suhdettaan tanssiin ja tanssitaiteeseen.<\/p>\n\n\n\n<p>Syvent\u00e4vien opintojen laajuus on noin 500 tuntia. Opintoihin sis\u00e4ltyy p\u00e4\u00e4aineen ohella sek\u00e4 tanssin oheisharjoittelua, koreografista ty\u00f6skentely\u00e4 ett\u00e4 tanssintuntemusta. Lis\u00e4ksi tarjolla valinnainen sivuaine. Opintojen loppuvaiheessa oppilas tekee opettajan ohjauksessa lopputy\u00f6n.<\/p>\n\n\n\n<p>Syvent\u00e4v\u00e4t opinnot antavat my\u00f6s valmiuksia mahdollisia tanssin ammattiopintoja varten. Opintojen p\u00e4\u00e4tteeksi oppilas saa p\u00e4\u00e4tt\u00f6todistuksen tanssin taiteen perusopetuksen laajan oppim\u00e4\u00e4r\u00e4n suorittamisesta.<\/p>\n\n\n\n<p>Opinnot suoritettuaan oppilas voi jatkaa tanssin harrastamista avoimen konservatorion aikuisryhm\u00e4ss\u00e4 tai hakeutua tanssin ammattiopintoihin.<\/p>\n<\/div>\n<\/div>\n<\/div>\n\n      <\/div>\n\n    \n\n\n<p class=\"has-persikka-background-color has-background\"><strong>Kysy vapaita oppilaspaikkoja!<\/strong><br>Vapaita oppilaspaikkoja ryhmiin voi tiedustella pitkin vuotta: sonja.lydman@kuopionkonservatorio.fi<\/p>\n\n\n\n<h2 class=\"wp-block-heading has-ingressi-font-size\">Opintojen eteneminen<\/h2>\n\n\n\n<figure class=\"wp-block-image size-large\"><img decoding=\"async\" width=\"1716\" height=\"1080\" src=\"https:\/\/kuopionkonservatorio.fi\/wp-content\/uploads\/Tanssiopintojen-eteneminen-2026-1716x1080.jpg\" alt=\"Tanssin varhaisi\u00e4n opinnot. Lastentanssi: 2\u20133 v. ryhm\u00e4t aikuisen kanssa, 4\u20135 v. ryhm\u00e4t aikuisen kanssa tai ilman. Lastentanssista voi siirty\u00e4 tanssin valmentaviin opintoihin: valmentavat 1 (6\u20137 v.) ja valmentavat 2 (8 v.). Valmentavista opinnoista voi siirty\u00e4 tanssin taiteen perusopintoihin. 9-vuotiaasta alkaen baletin ja nykytanssin alkutasot, keskitasot, jatkotasot ja syvent\u00e4viin valmentavat. T\u00e4m\u00e4n j\u00e4lkeen syvent\u00e4v\u00e4t opinnot.\" class=\"wp-image-19574 no-lazyload\" srcset=\"https:\/\/kuopionkonservatorio.fi\/wp-content\/uploads\/Tanssiopintojen-eteneminen-2026-1716x1080.jpg 1716w, https:\/\/kuopionkonservatorio.fi\/wp-content\/uploads\/Tanssiopintojen-eteneminen-2026-915x576.jpg 915w, https:\/\/kuopionkonservatorio.fi\/wp-content\/uploads\/Tanssiopintojen-eteneminen-2026-768x483.jpg 768w, https:\/\/kuopionkonservatorio.fi\/wp-content\/uploads\/Tanssiopintojen-eteneminen-2026-1536x967.jpg 1536w, https:\/\/kuopionkonservatorio.fi\/wp-content\/uploads\/Tanssiopintojen-eteneminen-2026-2048x1289.jpg 2048w\" sizes=\"(max-width: 1716px) 100vw, 1716px\" \/><\/figure>\n<\/div>\n<\/div>\n","protected":false},"excerpt":{"rendered":"<p>Baletti ja nykytanssi Luovaa liikett\u00e4, tanssitekniikkaa ja esiintymisen el\u00e4myksi\u00e4! Hakuaika tanssin taiteen perusopetukseen 10.3.\u201315.4.2026kuopionkonservatorio.fi\/hakeminen Baletin ja nykytanssin opinnot voi aloittaa konservatoriossa 9-vuotiaana tanssin perusopinnoista. Perusopinnot tarjoavat lapsille ja nuorille tanssin iloa ja mahdollisuuden opiskella tanssia pitk\u00e4j\u00e4nteisesti. Opetus etenee yksil\u00f6llisesti tasolta toiselle. Perusopintojen j\u00e4lkeen oppilas voi siirty\u00e4 tanssin syvent\u00e4viin opintoihin. P\u00e4\u00e4aineeksi voi valita baletin, nykytanssin tai [&hellip;]<\/p>\n","protected":false},"author":9,"featured_media":0,"parent":212,"menu_order":2,"comment_status":"closed","ping_status":"closed","template":"page-templates\/page_video-hero.php","meta":{"inline_featured_image":false,"footnotes":""},"oppiaine":[],"class_list":["post-517","page","type-page","status-publish","hentry"],"_links":{"self":[{"href":"https:\/\/kuopionkonservatorio.fi\/fi\/wp-json\/wp\/v2\/pages\/517","targetHints":{"allow":["GET"]}}],"collection":[{"href":"https:\/\/kuopionkonservatorio.fi\/fi\/wp-json\/wp\/v2\/pages"}],"about":[{"href":"https:\/\/kuopionkonservatorio.fi\/fi\/wp-json\/wp\/v2\/types\/page"}],"author":[{"embeddable":true,"href":"https:\/\/kuopionkonservatorio.fi\/fi\/wp-json\/wp\/v2\/users\/9"}],"replies":[{"embeddable":true,"href":"https:\/\/kuopionkonservatorio.fi\/fi\/wp-json\/wp\/v2\/comments?post=517"}],"version-history":[{"count":0,"href":"https:\/\/kuopionkonservatorio.fi\/fi\/wp-json\/wp\/v2\/pages\/517\/revisions"}],"up":[{"embeddable":true,"href":"https:\/\/kuopionkonservatorio.fi\/fi\/wp-json\/wp\/v2\/pages\/212"}],"wp:attachment":[{"href":"https:\/\/kuopionkonservatorio.fi\/fi\/wp-json\/wp\/v2\/media?parent=517"}],"wp:term":[{"taxonomy":"oppiaine","embeddable":true,"href":"https:\/\/kuopionkonservatorio.fi\/fi\/wp-json\/wp\/v2\/oppiaine?post=517"}],"curies":[{"name":"wp","href":"https:\/\/api.w.org\/{rel}","templated":true}]}}