{"id":512,"date":"2021-12-01T14:55:50","date_gmt":"2021-12-01T12:55:50","guid":{"rendered":"https:\/\/kuopionkonservatorio.letm.com\/?page_id=512"},"modified":"2026-04-17T08:28:43","modified_gmt":"2026-04-17T05:28:43","slug":"tanssin-valmentavat-opinnot","status":"publish","type":"page","link":"https:\/\/kuopionkonservatorio.fi\/fi\/tanssi-harrastuksena\/tanssin-valmentavat-opinnot\/","title":{"rendered":"Tanssin valmentavat opinnot"},"content":{"rendered":"\n<div class=\"wp-block-cover alignfull is-light\" style=\"min-height:300px;aspect-ratio:unset;\"><video class=\"wp-block-cover__video-background intrinsic-ignore\" autoplay muted loop playsinline src=\"https:\/\/kuopionkonservatorio.fi\/wp-content\/uploads\/Tanssin-valmentavat-opinnot_hero_v_2_pakattu.mp4\" style=\"object-position:52% 31%\" data-object-fit=\"cover\" data-object-position=\"52% 31%\"><\/video><span aria-hidden=\"true\" class=\"wp-block-cover__background has-background-dim-0 has-background-dim\"><\/span><div class=\"wp-block-cover__inner-container is-layout-flow wp-block-cover-is-layout-flow\">\n<p class=\"has-text-align-center has-large-font-size\"><\/p>\n<\/div><\/div>\n\n\n\n<div class=\"wp-block-group alignwide mb-5\"><div class=\"wp-block-group__inner-container is-layout-flow wp-block-group-is-layout-flow\"><div class=\"breadcrumbs align  wp-block-bcn-breadcrumb-trail has-text-color has-background\" vocab=\"https:\/\/schema.org\/\" typeof=\"BreadcrumbList\">\n\t<span><\/span>\n\t<span property=\"itemListElement\" typeof=\"ListItem\"><a property=\"item\" typeof=\"WebPage\" title=\"Go to Kuopion konservatorio.\" href=\"https:\/\/kuopionkonservatorio.fi\/fi\/\" class=\"home\" aria-current=\"page\"><i class=\"inline-block mr-1 has-black-color bi bi-house\"><\/i><\/a><meta property=\"position\" content=\"1\"><\/span><\/div>\n<\/div><\/div>\n\n\n\n<div class=\"wp-block-columns alignwide is-layout-flex wp-container-core-columns-is-layout-9d6595d7 wp-block-columns-is-layout-flex\">\n<div class=\"wp-block-column is-layout-flow wp-block-column-is-layout-flow\" style=\"flex-basis:33.33%\">\n<h2 class=\"wp-block-heading\" id=\"valmentavat-opinnot\">Valmentavat opinnot<\/h2>\n\n\n<ul class=\"relatives\"><li class=\"page_item page-item-508\"><a href=\"https:\/\/kuopionkonservatorio.fi\/fi\/tanssi-harrastuksena\/lastentanssi\/\">Lastentanssi<\/a><\/li>\n<li class=\"page_item page-item-517\"><a href=\"https:\/\/kuopionkonservatorio.fi\/fi\/tanssi-harrastuksena\/baletti-ja-nykytanssi\/\">Tanssin taiteen perusopetus<\/a><\/li>\n<li class=\"page_item page-item-1579\"><a href=\"https:\/\/kuopionkonservatorio.fi\/fi\/tanssi-harrastuksena\/tanssin-opettajat-ja-opetuspisteet\/\">Tanssin opettajat ja opetuspisteet<\/a><\/li>\n<\/ul>\n\n\n\n<h5 class=\"wp-block-heading has-harmaa-color has-text-color\">Opiskelu<\/h5>\n\n\n\n<ul class=\"wp-block-list linkkilista\">\n<li><a href=\"https:\/\/kuopionkonservatorio.fi\/hakeminen\/\">Hakeminen<\/a><\/li>\n\n\n\n<li><a href=\"https:\/\/kuopionkonservatorio.fi\/hakeminen\/jatkoilmoittautuminen\/\">Jatkoilmoittautuminen<\/a><\/li>\n\n\n\n<li><a href=\"https:\/\/kuopionkonservatorio.fi\/lomakkeet\/\">Lomakkeet<\/a><\/li>\n\n\n\n<li><a href=\"https:\/\/kuopionkonservatorio.fi\/oppilaitos\/lukukausimaksut\/\" data-type=\"page\" data-id=\"1018\">Lukukausimaksut<\/a><\/li>\n\n\n\n<li><a href=\"https:\/\/kuopionkonservatorio.fi\/wp-content\/uploads\/Tanssin-lukujarjestys-25-26-paiv.-8.9.2025.pdf\">Lukuj\u00e4rjestys 2025\u20132026<\/a><\/li>\n\n\n\n<li><a href=\"https:\/\/kuopionkonservatorio.fi\/oppilaitos\/lukuvuosi\/\" data-type=\"page\" data-id=\"1028\">Lukuvuosi<\/a><\/li>\n\n\n\n<li><a href=\"https:\/\/kuopionkonservatorio.fi\/tanssi-harrastuksena\/naytokset\/\" data-type=\"page\" data-id=\"1058\">N\u00e4yt\u00f6kset<\/a><\/li>\n\n\n\n<li><a href=\"https:\/\/kuopionkonservatorio.fi\/wp-content\/uploads\/Kuopion-konservatorio-OPS-2018.pdf\">OPS 2018<\/a><\/li>\n\n\n\n<li><a rel=\"noreferrer noopener\" href=\"https:\/\/kuopionkonservatorio.fi\/wp-content\/uploads\/Tanssin-varhaisian-opintojen-opas.pdf\" target=\"_blank\">Tanssin varhaisi\u00e4n opintojen opas<\/a><\/li>\n\n\n\n<li><a href=\"https:\/\/kuopionkonservatorio.fi\/wp-content\/uploads\/Tanssin-perusopintojen-opas-paiv.-27.1.2026.pdf\" target=\"_blank\" rel=\"noreferrer noopener\">Tanssin perusopintojen opas<\/a><\/li>\n\n\n\n<li><a href=\"https:\/\/kuopionkonservatorio.fi\/wp-content\/uploads\/Tanssin-syventavien-opintojen-opas-paiv.-6.2.2026-1.pdf\" target=\"_blank\" rel=\"noreferrer noopener\">Tanssin syvent\u00e4vien opintojen opas<\/a><\/li>\n<\/ul>\n<\/div>\n\n\n\n<div class=\"wp-block-column is-layout-flow wp-block-column-is-layout-flow\" style=\"flex-basis:66.66%\">\n<p class=\"has-ingressi-font-size\">Luovaa liikett\u00e4 sek\u00e4 baletin ja nykytanssin alkeita!<\/p>\n\n\n\n<p class=\"has-vaaleanpunainen-background-color has-background\">Seuraava ilmoittautumisaika tanssin valmentavaan opetukseen on 1.\u201315.8.2026.<\/p>\n\n\n\n<p>Tanssin valmentavissa opinnoissa oppilas tutustuu sek\u00e4 nykytanssiin ett\u00e4 balettiin monipuolisen perusliikkumisen ohella.<\/p>\n\n\n\n<p>Tunnit sis\u00e4lt\u00e4v\u00e4t muun muassa luovia harjoitteita, tanssitekniikkaa, akrobatiaa ja pieni\u00e4 koreografioita. Yhteinen tekeminen sek\u00e4 positiiviset keholliset kokemukset vahvistavat lapsen min\u00e4kuvaa ja ruokkivat luovuutta. Monipuolinen liikkuminen valmistaa lasta my\u00f6s tanssin perusopintoihin. &nbsp;&nbsp;&nbsp;<\/p>\n\n\n\n<p>Valmentavien opintojen j\u00e4lkeen, tanssin perusopetukseen siirtyess\u00e4\u00e4n oppilas valitsee p\u00e4\u00e4aineekseen baletin tai nykytanssin. Halutessaan voi ottaa my\u00f6s kaksi p\u00e4\u00e4ainetta.<\/p>\n\n\n\n      <div class=\"wp-block-letm-blocks-accordion\">\n        \n\n<div class=\"wp-block-letm-blocks-accordion-single-row\">\n<div class=\"wp-block-columns accordion-head has-valkoinen-color has-turkoosi-background-color has-text-color has-background is-layout-flex wp-container-core-columns-is-layout-9d6595d7 wp-block-columns-is-layout-flex\">\n<div class=\"wp-block-column is-layout-flow wp-block-column-is-layout-flow\" style=\"flex-basis:50%\">\n<p class=\"heading-left\"><strong>Valmentavat 1<\/strong> 6\u20137-vuotiaat<\/p>\n<\/div>\n\n\n\n<div class=\"wp-block-column is-layout-flow wp-block-column-is-layout-flow\" style=\"flex-basis:50%\">\n<p class=\"heading-right\"><\/p>\n<\/div>\n<\/div>\n\n\n\n<div class=\"wp-block-columns accordion-content is-layout-flex wp-container-core-columns-is-layout-9d6595d7 wp-block-columns-is-layout-flex\">\n<div class=\"wp-block-column is-layout-flow wp-block-column-is-layout-flow\" style=\"flex-basis:100%\">\n<ul class=\"wp-block-list\">\n<li>60min. kerran viikossa<\/li>\n\n\n\n<li>6\u20137-vuotiaat<\/li>\n<\/ul>\n<\/div>\n<\/div>\n<\/div>\n\n\n\n<div class=\"wp-block-letm-blocks-accordion-single-row\">\n<div class=\"wp-block-columns accordion-head has-valkoinen-color has-turkoosi-background-color has-text-color has-background is-layout-flex wp-container-core-columns-is-layout-9d6595d7 wp-block-columns-is-layout-flex\">\n<div class=\"wp-block-column is-layout-flow wp-block-column-is-layout-flow\" style=\"flex-basis:50%\">\n<p class=\"heading-left\"><strong>Valmentavat 2<\/strong> 8-vuotiaat<\/p>\n<\/div>\n\n\n\n<div class=\"wp-block-column is-layout-flow wp-block-column-is-layout-flow\" style=\"flex-basis:50%\">\n<p class=\"heading-right\"><\/p>\n<\/div>\n<\/div>\n\n\n\n<div class=\"wp-block-columns accordion-content is-layout-flex wp-container-core-columns-is-layout-9d6595d7 wp-block-columns-is-layout-flex\">\n<div class=\"wp-block-column is-layout-flow wp-block-column-is-layout-flow\" style=\"flex-basis:100%\">\n<ul class=\"wp-block-list\">\n<li>60min. kerran viikossa<\/li>\n\n\n\n<li>7\u20138-vuotiaat<\/li>\n<\/ul>\n<\/div>\n<\/div>\n<\/div>\n\n      <\/div>\n\n    \n\n\n<h2 class=\"wp-block-heading has-ingressi-font-size\">Opintojen eteneminen<\/h2>\n\n\n\n<figure class=\"wp-block-image size-large\"><img decoding=\"async\" width=\"1716\" height=\"1080\" src=\"https:\/\/kuopionkonservatorio.fi\/wp-content\/uploads\/Tanssiopintojen-eteneminen-2026-1716x1080.jpg\" alt=\"Tanssin varhaisi\u00e4n opinnot. Lastentanssi: 2\u20133 v. ryhm\u00e4t aikuisen kanssa, 4\u20135 v. ryhm\u00e4t aikuisen kanssa tai ilman. Lastentanssista voi siirty\u00e4 tanssin valmentaviin opintoihin: valmentavat 1 (6\u20137 v.) ja valmentavat 2 (8 v.). Valmentavista opinnoista voi siirty\u00e4 tanssin taiteen perusopintoihin. 9-vuotiaasta alkaen baletin ja nykytanssin alkutasot, keskitasot, jatkotasot ja syvent\u00e4viin valmentavat. T\u00e4m\u00e4n j\u00e4lkeen syvent\u00e4v\u00e4t opinnot.\" class=\"wp-image-19574 no-lazyload\" srcset=\"https:\/\/kuopionkonservatorio.fi\/wp-content\/uploads\/Tanssiopintojen-eteneminen-2026-1716x1080.jpg 1716w, https:\/\/kuopionkonservatorio.fi\/wp-content\/uploads\/Tanssiopintojen-eteneminen-2026-915x576.jpg 915w, https:\/\/kuopionkonservatorio.fi\/wp-content\/uploads\/Tanssiopintojen-eteneminen-2026-768x483.jpg 768w, https:\/\/kuopionkonservatorio.fi\/wp-content\/uploads\/Tanssiopintojen-eteneminen-2026-1536x967.jpg 1536w, https:\/\/kuopionkonservatorio.fi\/wp-content\/uploads\/Tanssiopintojen-eteneminen-2026-2048x1289.jpg 2048w\" sizes=\"(max-width: 1716px) 100vw, 1716px\" \/><\/figure>\n<\/div>\n<\/div>\n\n\n\n<p><\/p>\n","protected":false},"excerpt":{"rendered":"<p>Valmentavat opinnot Opiskelu Luovaa liikett\u00e4 sek\u00e4 baletin ja nykytanssin alkeita! Seuraava ilmoittautumisaika tanssin valmentavaan opetukseen on 1.\u201315.8.2026. Tanssin valmentavissa opinnoissa oppilas tutustuu sek\u00e4 nykytanssiin ett\u00e4 balettiin monipuolisen perusliikkumisen ohella. Tunnit sis\u00e4lt\u00e4v\u00e4t muun muassa luovia harjoitteita, tanssitekniikkaa, akrobatiaa ja pieni\u00e4 koreografioita. Yhteinen tekeminen sek\u00e4 positiiviset keholliset kokemukset vahvistavat lapsen min\u00e4kuvaa ja ruokkivat luovuutta. Monipuolinen liikkuminen valmistaa [&hellip;]<\/p>\n","protected":false},"author":1,"featured_media":0,"parent":212,"menu_order":1,"comment_status":"closed","ping_status":"closed","template":"page-templates\/page_video-hero.php","meta":{"inline_featured_image":false,"footnotes":""},"oppiaine":[],"class_list":["post-512","page","type-page","status-publish","hentry"],"_links":{"self":[{"href":"https:\/\/kuopionkonservatorio.fi\/fi\/wp-json\/wp\/v2\/pages\/512","targetHints":{"allow":["GET"]}}],"collection":[{"href":"https:\/\/kuopionkonservatorio.fi\/fi\/wp-json\/wp\/v2\/pages"}],"about":[{"href":"https:\/\/kuopionkonservatorio.fi\/fi\/wp-json\/wp\/v2\/types\/page"}],"author":[{"embeddable":true,"href":"https:\/\/kuopionkonservatorio.fi\/fi\/wp-json\/wp\/v2\/users\/1"}],"replies":[{"embeddable":true,"href":"https:\/\/kuopionkonservatorio.fi\/fi\/wp-json\/wp\/v2\/comments?post=512"}],"version-history":[{"count":0,"href":"https:\/\/kuopionkonservatorio.fi\/fi\/wp-json\/wp\/v2\/pages\/512\/revisions"}],"up":[{"embeddable":true,"href":"https:\/\/kuopionkonservatorio.fi\/fi\/wp-json\/wp\/v2\/pages\/212"}],"wp:attachment":[{"href":"https:\/\/kuopionkonservatorio.fi\/fi\/wp-json\/wp\/v2\/media?parent=512"}],"wp:term":[{"taxonomy":"oppiaine","embeddable":true,"href":"https:\/\/kuopionkonservatorio.fi\/fi\/wp-json\/wp\/v2\/oppiaine?post=512"}],"curies":[{"name":"wp","href":"https:\/\/api.w.org\/{rel}","templated":true}]}}