{"id":508,"date":"2021-12-01T14:54:48","date_gmt":"2021-12-01T12:54:48","guid":{"rendered":"https:\/\/kuopionkonservatorio.letm.com\/?page_id=508"},"modified":"2026-02-10T09:32:12","modified_gmt":"2026-02-10T07:32:12","slug":"lastentanssi","status":"publish","type":"page","link":"https:\/\/kuopionkonservatorio.fi\/fi\/tanssi-harrastuksena\/lastentanssi\/","title":{"rendered":"Lastentanssi"},"content":{"rendered":"\n<div class=\"wp-block-cover alignfull is-light\" style=\"min-height:299px;aspect-ratio:unset;\"><video class=\"wp-block-cover__video-background intrinsic-ignore\" autoplay muted loop playsinline src=\"https:\/\/kuopionkonservatorio.fi\/wp-content\/uploads\/Lastentanssi_hero_v_2_pakattu.mp4\" style=\"object-position:45% 48%\" data-object-fit=\"cover\" data-object-position=\"45% 48%\"><\/video><span aria-hidden=\"true\" class=\"wp-block-cover__background has-background-dim-0 has-background-dim\"><\/span><div class=\"wp-block-cover__inner-container is-layout-flow wp-block-cover-is-layout-flow\">\n<p class=\"has-text-align-center has-large-font-size\"><\/p>\n<\/div><\/div>\n\n\n\n<div class=\"wp-block-group alignwide mb-5\"><div class=\"wp-block-group__inner-container is-layout-flow wp-block-group-is-layout-flow\"><div class=\"breadcrumbs align  wp-block-bcn-breadcrumb-trail has-text-color has-background\" vocab=\"https:\/\/schema.org\/\" typeof=\"BreadcrumbList\">\n\t<span><\/span>\n\t<span property=\"itemListElement\" typeof=\"ListItem\"><a property=\"item\" typeof=\"WebPage\" title=\"Go to Kuopion konservatorio.\" href=\"https:\/\/kuopionkonservatorio.fi\/fi\/\" class=\"home\" aria-current=\"page\"><i class=\"inline-block mr-1 has-black-color bi bi-house\"><\/i><\/a><meta property=\"position\" content=\"1\"><\/span><\/div>\n<\/div><\/div>\n\n\n\n<div class=\"wp-block-columns alignwide is-layout-flex wp-container-core-columns-is-layout-9d6595d7 wp-block-columns-is-layout-flex\">\n<div class=\"wp-block-column is-layout-flow wp-block-column-is-layout-flow\" style=\"flex-basis:33.33%\">\n<h2 class=\"wp-block-heading\" id=\"lastentanssi\">Lastentanssi<\/h2>\n\n\n<ul class=\"relatives\"><li class=\"page_item page-item-512\"><a href=\"https:\/\/kuopionkonservatorio.fi\/fi\/tanssi-harrastuksena\/tanssin-valmentavat-opinnot\/\">Tanssin valmentavat opinnot<\/a><\/li>\n<li class=\"page_item page-item-517\"><a href=\"https:\/\/kuopionkonservatorio.fi\/fi\/tanssi-harrastuksena\/baletti-ja-nykytanssi\/\">Tanssin taiteen perusopetus<\/a><\/li>\n<li class=\"page_item page-item-1579\"><a href=\"https:\/\/kuopionkonservatorio.fi\/fi\/tanssi-harrastuksena\/tanssin-opettajat-ja-opetuspisteet\/\">Tanssin opettajat ja opetuspisteet<\/a><\/li>\n<\/ul>\n\n\n\n<h5 class=\"wp-block-heading has-harmaa-color has-text-color\">Opiskelu<\/h5>\n\n\n\n<ul class=\"wp-block-list linkkilista\">\n<li><a href=\"https:\/\/kuopionkonservatorio.fi\/hakeminen\/\">Hakeminen<\/a><\/li>\n\n\n\n<li><a href=\"https:\/\/kuopionkonservatorio.fi\/hakeminen\/jatkoilmoittautuminen\/\">Jatkoilmoittautuminen<\/a><\/li>\n\n\n\n<li><a href=\"https:\/\/kuopionkonservatorio.fi\/lomakkeet\/\">Lomakkeet<\/a><\/li>\n\n\n\n<li><a href=\"https:\/\/kuopionkonservatorio.fi\/oppilaitos\/lukukausimaksut\/\" data-type=\"page\" data-id=\"1018\">Lukukausimaksut<\/a><\/li>\n\n\n\n<li><a href=\"https:\/\/kuopionkonservatorio.fi\/wp-content\/uploads\/Tanssin-lukujarjestys-25-26-paiv.-8.9.2025.pdf\">Lukuj\u00e4rjestys 2025\u20132026<\/a><\/li>\n\n\n\n<li><a href=\"https:\/\/kuopionkonservatorio.fi\/oppilaitos\/lukuvuosi\/\" data-type=\"page\" data-id=\"1028\">Lukuvuosi<\/a><\/li>\n\n\n\n<li><a href=\"https:\/\/kuopionkonservatorio.fi\/tanssi-harrastuksena\/naytokset\/\" data-type=\"page\" data-id=\"1058\">N\u00e4yt\u00f6kset<\/a><\/li>\n\n\n\n<li><a href=\"https:\/\/kuopionkonservatorio.fi\/wp-content\/uploads\/Kuopion-konservatorio-OPS-2018.pdf\">OPS 2018<\/a><\/li>\n\n\n\n<li><a rel=\"noreferrer noopener\" href=\"https:\/\/kuopionkonservatorio.fi\/wp-content\/uploads\/Tanssin-varhaisian-opintojen-opas.pdf\" target=\"_blank\">Tanssin varhaisi\u00e4n opintojen opas<\/a><\/li>\n\n\n\n<li><a href=\"https:\/\/kuopionkonservatorio.fi\/wp-content\/uploads\/Tanssin-perusopintojen-opas-paiv.-27.1.2026.pdf\" target=\"_blank\" rel=\"noreferrer noopener\">Tanssin perusopintojen opas<\/a><\/li>\n\n\n\n<li><a href=\"https:\/\/kuopionkonservatorio.fi\/wp-content\/uploads\/Tanssin-syventavien-opintojen-opas-paiv.-6.2.2026-1.pdf\" target=\"_blank\" rel=\"noreferrer noopener\">Tanssin syvent\u00e4vien opintojen opas<\/a><\/li>\n<\/ul>\n<\/div>\n\n\n\n<div class=\"wp-block-column is-layout-flow wp-block-column-is-layout-flow\" style=\"flex-basis:66.66%\">\n<p class=\"has-ingressi-font-size\">Leikkej\u00e4, loruja ja luovaa liikett\u00e4 &#8211; hypp\u00e4\u00e4 mukaan tanssin maailmaan!<\/p>\n\n\n\n<p class=\"has-vaaleanpunainen-background-color has-background\">Seuraava hakuaika lastentanssiryhmiin on elokuussa 2026.<\/p>\n\n\n\n<p>Lastentanssissa korostuu kokemuksellisuus ja ryhm\u00e4ss\u00e4 toimiminen. Maltilliset ryhm\u00e4koot mahdollistavat oppilaan yksil\u00f6llisen kohtaamisen.<\/p>\n\n\n\n<p>Perusliikunnan, leikin ja luovan liikkeen avulla oppilaan itsetunto ja my\u00f6nteinen min\u00e4kuva sek\u00e4 liikunnallisuus ja motoriset taidot kehittyv\u00e4t. Lorujen, leikkien ja erilaisten mielikuvien avulla tutustumme yhdess\u00e4 tanssin maailmaan. Oppilas tutustuu my\u00f6s luontevaan esill\u00e4 olemiseen ja harjoittelee esiintymist\u00e4 ryhm\u00e4n j\u00e4senen\u00e4.&nbsp;Lastentanssi luo pohjaa my\u00f6hemp\u00e4\u00e4 tanssin harrastamista varten.<\/p>\n\n\n\n<p class=\"mb-5\">Lastentanssin opetusta on tarjolla Kuopion&nbsp;ja Nilsi\u00e4n&nbsp;toimipisteiss\u00e4.<\/p>\n\n\n\n      <div class=\"wp-block-letm-blocks-accordion\">\n        \n\n<div class=\"wp-block-letm-blocks-accordion-single-row\">\n<div class=\"wp-block-columns accordion-head has-valkoinen-color has-vadelma-background-color has-text-color has-background is-layout-flex wp-container-core-columns-is-layout-9d6595d7 wp-block-columns-is-layout-flex\">\n<div class=\"wp-block-column is-layout-flow wp-block-column-is-layout-flow\" style=\"flex-basis:50%\">\n<p class=\"heading-left\"><strong>Lastentanssi<\/strong> 2\u20133-vuotiaat oman aikuisen kanssa<\/p>\n<\/div>\n\n\n\n<div class=\"wp-block-column is-layout-flow wp-block-column-is-layout-flow\" style=\"flex-basis:50%\">\n<p class=\"heading-right\"><\/p>\n<\/div>\n<\/div>\n\n\n\n<div class=\"wp-block-columns accordion-content is-layout-flex wp-container-core-columns-is-layout-9d6595d7 wp-block-columns-is-layout-flex\">\n<div class=\"wp-block-column is-layout-flow wp-block-column-is-layout-flow\" style=\"flex-basis:100%\">\n<ul class=\"wp-block-list\">\n<li>lapsi aikuisen kanssa<\/li>\n\n\n\n<li>45 min. kerran viikossa<\/li>\n\n\n\n<li>2\u20133-vuotiaat<\/li>\n<\/ul>\n<\/div>\n<\/div>\n<\/div>\n\n\n\n<div class=\"wp-block-letm-blocks-accordion-single-row\">\n<div class=\"wp-block-columns accordion-head has-valkoinen-color has-vadelma-background-color has-text-color has-background is-layout-flex wp-container-core-columns-is-layout-9d6595d7 wp-block-columns-is-layout-flex\">\n<div class=\"wp-block-column is-layout-flow wp-block-column-is-layout-flow\" style=\"flex-basis:50%\">\n<p class=\"heading-left\"><strong>Lastentanssi<\/strong> 4\u20135-vuotiaat oman aikuisen kanssa<\/p>\n<\/div>\n\n\n\n<div class=\"wp-block-column is-layout-flow wp-block-column-is-layout-flow\" style=\"flex-basis:50%\">\n<p class=\"heading-right\"><\/p>\n<\/div>\n<\/div>\n\n\n\n<div class=\"wp-block-columns accordion-content is-layout-flex wp-container-core-columns-is-layout-9d6595d7 wp-block-columns-is-layout-flex\">\n<div class=\"wp-block-column is-layout-flow wp-block-column-is-layout-flow\" style=\"flex-basis:100%\">\n<ul class=\"wp-block-list\">\n<li>lapsi aikuisen kanssa<\/li>\n\n\n\n<li>45 min. kerran viikossa<\/li>\n\n\n\n<li>4\u20135-vuotiaat<\/li>\n<\/ul>\n<\/div>\n<\/div>\n<\/div>\n\n\n\n<div class=\"wp-block-letm-blocks-accordion-single-row\">\n<div class=\"wp-block-columns accordion-head has-valkoinen-color has-vadelma-background-color has-text-color has-background is-layout-flex wp-container-core-columns-is-layout-9d6595d7 wp-block-columns-is-layout-flex\">\n<div class=\"wp-block-column is-layout-flow wp-block-column-is-layout-flow\" style=\"flex-basis:50%\">\n<p class=\"heading-left\"><strong>Lastentanssi<\/strong> 4\u20135-vuotiaat<\/p>\n<\/div>\n\n\n\n<div class=\"wp-block-column is-layout-flow wp-block-column-is-layout-flow\" style=\"flex-basis:50%\">\n<p class=\"heading-right\"><\/p>\n<\/div>\n<\/div>\n\n\n\n<div class=\"wp-block-columns accordion-content is-layout-flex wp-container-core-columns-is-layout-9d6595d7 wp-block-columns-is-layout-flex\">\n<div class=\"wp-block-column is-layout-flow wp-block-column-is-layout-flow\" style=\"flex-basis:100%\">\n<ul class=\"wp-block-list\">\n<li>45 min. kerran viikossa<\/li>\n\n\n\n<li>4\u20135-vuotiaat<\/li>\n<\/ul>\n<\/div>\n<\/div>\n<\/div>\n\n      <\/div>\n\n    <\/div>\n<\/div>\n","protected":false},"excerpt":{"rendered":"<p>Lastentanssi Opiskelu Leikkej\u00e4, loruja ja luovaa liikett\u00e4 &#8211; hypp\u00e4\u00e4 mukaan tanssin maailmaan! Seuraava hakuaika lastentanssiryhmiin on elokuussa 2026. Lastentanssissa korostuu kokemuksellisuus ja ryhm\u00e4ss\u00e4 toimiminen. Maltilliset ryhm\u00e4koot mahdollistavat oppilaan yksil\u00f6llisen kohtaamisen. Perusliikunnan, leikin ja luovan liikkeen avulla oppilaan itsetunto ja my\u00f6nteinen min\u00e4kuva sek\u00e4 liikunnallisuus ja motoriset taidot kehittyv\u00e4t. Lorujen, leikkien ja erilaisten mielikuvien avulla tutustumme yhdess\u00e4 [&hellip;]<\/p>\n","protected":false},"author":9,"featured_media":0,"parent":212,"menu_order":0,"comment_status":"closed","ping_status":"closed","template":"page-templates\/page_video-hero.php","meta":{"inline_featured_image":false,"footnotes":""},"oppiaine":[],"class_list":["post-508","page","type-page","status-publish","hentry"],"_links":{"self":[{"href":"https:\/\/kuopionkonservatorio.fi\/fi\/wp-json\/wp\/v2\/pages\/508","targetHints":{"allow":["GET"]}}],"collection":[{"href":"https:\/\/kuopionkonservatorio.fi\/fi\/wp-json\/wp\/v2\/pages"}],"about":[{"href":"https:\/\/kuopionkonservatorio.fi\/fi\/wp-json\/wp\/v2\/types\/page"}],"author":[{"embeddable":true,"href":"https:\/\/kuopionkonservatorio.fi\/fi\/wp-json\/wp\/v2\/users\/9"}],"replies":[{"embeddable":true,"href":"https:\/\/kuopionkonservatorio.fi\/fi\/wp-json\/wp\/v2\/comments?post=508"}],"version-history":[{"count":0,"href":"https:\/\/kuopionkonservatorio.fi\/fi\/wp-json\/wp\/v2\/pages\/508\/revisions"}],"up":[{"embeddable":true,"href":"https:\/\/kuopionkonservatorio.fi\/fi\/wp-json\/wp\/v2\/pages\/212"}],"wp:attachment":[{"href":"https:\/\/kuopionkonservatorio.fi\/fi\/wp-json\/wp\/v2\/media?parent=508"}],"wp:term":[{"taxonomy":"oppiaine","embeddable":true,"href":"https:\/\/kuopionkonservatorio.fi\/fi\/wp-json\/wp\/v2\/oppiaine?post=508"}],"curies":[{"name":"wp","href":"https:\/\/api.w.org\/{rel}","templated":true}]}}