{"id":4817,"date":"2023-11-24T09:50:24","date_gmt":"2023-11-24T07:50:24","guid":{"rendered":"https:\/\/kuopionkonservatorio.fi\/?page_id=4817"},"modified":"2023-11-24T10:33:33","modified_gmt":"2023-11-24T08:33:33","slug":"ilmoituskanava","status":"publish","type":"page","link":"https:\/\/kuopionkonservatorio.fi\/fi\/ilmoituskanava\/","title":{"rendered":"Ilmoituskanava"},"content":{"rendered":"\n<div class=\"wp-block-columns is-layout-flex wp-container-core-columns-is-layout-9d6595d7 wp-block-columns-is-layout-flex\">\n<div class=\"wp-block-column is-layout-flow wp-block-column-is-layout-flow\" style=\"flex-basis:50%\">\n<h2 class=\"wp-block-heading\">Ilmoituskanava<\/h2>\n<\/div>\n\n\n\n<div class=\"wp-block-column is-layout-flow wp-block-column-is-layout-flow\" style=\"flex-basis:65%\">\n<p>Ilmoituskanavalla ilmoitetaan vakavasta Euroopan unionin tai kansallisen oikeuden rikkomisesta (ilmoittajansuojeludirektiivi (EU) 2019\/1937).<\/p>\n\n\n\n<h2 class=\"wp-block-heading has-ingressi-font-size\">Mit\u00e4 voi ilmoittaa?<\/h2>\n\n\n\n<p>Ilmoituskanava on tarkoitettu v\u00e4\u00e4rink\u00e4yt\u00f6sep\u00e4ilyist\u00e4 tai -havainnoista sek\u00e4 ep\u00e4eettisest\u00e4 toiminnasta ilmoittamiseen. T\u00e4llaisia ovat esimerkiksi lakeihin, s\u00e4\u00e4d\u00f6ksiin tai toimintaperiaatteisiin kohdistuvat rikkomukset, toimihenkil\u00f6n ep\u00e4asiallinen toiminta tai lahjontaan ja korruptioon liittyv\u00e4t asiat.<\/p>\n\n\n\n<p><strong>Tutustu soveltamisalaan:<\/strong> <a href=\"https:\/\/www.finlex.fi\/fi\/laki\/alkup\/2022\/20221171\"><strong>www.finlex.fi\/fi\/laki\/alkup\/2022\/20221171<\/strong><\/a><\/p>\n\n\n\n<p>Virallisen ilmoituskanavan tulee lain mukaan olla k\u00e4yt\u00f6ss\u00e4 viimeist\u00e4\u00e4n 17.12.2023. Ulkopuolinen ohjelmantoimittaja on rakentanut Kuopion konservatorion ilmoituskanavan Webropol-ohjelman pohjalle.<\/p>\n\n\n\n<p>Ilmoituskanavan v\u00e4lityksell\u00e4 Kuopion konservatorion ty\u00f6ntekij\u00e4t, oppilaat, opiskelijat, huoltajat, sidosryhm\u00e4t tai muut yhteisty\u00f6kumppanit voivat turvallisesti ilmoittaa v\u00e4\u00e4rink\u00e4yt\u00f6sep\u00e4ilyst\u00e4 tai muusta ep\u00e4eettisest\u00e4 toiminnasta. Ilmoituksen voi tehd\u00e4 my\u00f6s anonyymin\u00e4. Lomake k\u00e4ytett\u00e4viss\u00e4 kielill\u00e4 suomi, ruotsi ja englanti.<\/p>\n\n\n\n<p>Kuopion konservatorio on sitoutunut toimimaan vastuullisesti kaikissa tilanteissa. Jos kuitenkin havaitset toiminnassamme ep\u00e4kohtia voit ilmaista huolesi t\u00e4m\u00e4n ilmoituskanavan kautta. Konkreettisia todisteita ei ilmoitusvaiheessa tarvita. Riitt\u00e4\u00e4, ett\u00e4 sinulla on perusteltu syy uskoa, ett\u00e4 ep\u00e4ilyksesi pit\u00e4\u00e4 paikkansa.<\/p>\n\n\n\n<h2 class=\"wp-block-heading has-ingressi-font-size\">Ilmoitukset k\u00e4sitell\u00e4\u00e4n luottamuksellisesti<\/h2>\n\n\n\n<p>K\u00e4sittelemme kaikki ilmoitukset hyv\u00e4n hallinnon periaatteita noudattaen, luottamuksellisesti ja hyvien tietosuojak\u00e4yt\u00e4nt\u00f6jen mukaisesti. Emme paljasta ilmoittajan henkil\u00f6tietoja v\u00e4\u00e4rink\u00e4yt\u00f6silmoituksen kohteelle tai tutkinnan ulkopuolisille henkil\u00f6ille. Ilmoituksia vastaanottaa ja selvitt\u00e4\u00e4 Kuopion konservatoriossa suppea, johtoryhm\u00e4n p\u00e4\u00e4t\u00f6ksell\u00e4 nimetty ryhm\u00e4.<\/p>\n\n\n\n<p>V\u00e4\u00e4rink\u00e4yt\u00f6silmoitukset tutkitaan tapaukseen soveltuvien muiden lakien sek\u00e4 hyv\u00e4n hallinnon periaatteiden mukaisesti ilmoittajaa parhain mahdollisin keinoin suojaten.<\/p>\n\n\n\n<p><strong>Muissa palautteissa pyyd\u00e4mme <\/strong>k\u00e4\u00e4ntym\u00e4\u00e4n suoraan asiasta Kuopion konservatoriossa vastaavan henkil\u00f6iden puoleen s\u00e4hk\u00f6postitse tai turvapostin kautta (tiedot l\u00f6ytyv\u00e4t kotisivulta). S\u00e4hk\u00f6postia voit l\u00e4hett\u00e4\u00e4 my\u00f6s yleiseen s\u00e4hk\u00f6postiosoitteeseen <a href=\"mailto:konservatorio@kuopionkonservatorio.fi\"><strong>konservatorio@kuopionkonservatorio.fi<\/strong><\/a>, josta viesti ohjataan eteenp\u00e4in kyseisest\u00e4 asiasta vastaavalle henkil\u00f6lle.<\/p>\n\n\n\n<p>Ty\u00f6suhteeseen ja ty\u00f6ntekoon liittyviss\u00e4 asioissa kannustamme henkil\u00f6kuntaa keskustelemaan havainnoistaan tai ep\u00e4ilyist\u00e4\u00e4n ensisijaisesti esihenkil\u00f6n, henkil\u00f6st\u00f6hallinnon, ty\u00f6suojeluhenkil\u00f6st\u00f6n tai muiden henkil\u00f6st\u00f6n edustajien kanssa.<\/p>\n\n\n\n<h2 class=\"wp-block-heading has-ingressi-font-size\">N\u00e4in teet s\u00e4hk\u00f6isen v\u00e4\u00e4rink\u00e4yt\u00f6silmoituksen<\/h2>\n\n\n\n<p>Ilmoituksen p\u00e4\u00e4set tekem\u00e4\u00e4n t\u00e4m\u00e4n linkin kautta: <a href=\"https:\/\/link.webropol.com\/cp\/huoli\"><strong>https:\/\/link.webropol.com\/cp\/huoli<\/strong><\/a><\/p>\n\n\n\n<p>Asian k\u00e4sittely\u00e4 voi seurata ilmoittajan tiedossa olevalla koodilla. Seurantasivulle p\u00e4\u00e4see t\u00e4m\u00e4n linkin kautta: <a href=\"https:\/\/new.webropolsurveys.com\/WB\/Login\"><strong>https:\/\/new.webropolsurveys.com\/WB\/Login<\/strong><\/a><\/p>\n<\/div>\n<\/div>\n\n\n\n<p><\/p>\n","protected":false},"excerpt":{"rendered":"<p>Ilmoituskanava Ilmoituskanavalla ilmoitetaan vakavasta Euroopan unionin tai kansallisen oikeuden rikkomisesta (ilmoittajansuojeludirektiivi (EU) 2019\/1937). Mit\u00e4 voi ilmoittaa? Ilmoituskanava on tarkoitettu v\u00e4\u00e4rink\u00e4yt\u00f6sep\u00e4ilyist\u00e4 tai -havainnoista sek\u00e4 ep\u00e4eettisest\u00e4 toiminnasta ilmoittamiseen. T\u00e4llaisia ovat esimerkiksi lakeihin, s\u00e4\u00e4d\u00f6ksiin tai toimintaperiaatteisiin kohdistuvat rikkomukset, toimihenkil\u00f6n ep\u00e4asiallinen toiminta tai lahjontaan ja korruptioon liittyv\u00e4t asiat. Tutustu soveltamisalaan: www.finlex.fi\/fi\/laki\/alkup\/2022\/20221171 Virallisen ilmoituskanavan tulee lain mukaan olla k\u00e4yt\u00f6ss\u00e4 viimeist\u00e4\u00e4n [&hellip;]<\/p>\n","protected":false},"author":9,"featured_media":0,"parent":0,"menu_order":0,"comment_status":"closed","ping_status":"closed","template":"","meta":{"inline_featured_image":false,"footnotes":""},"oppiaine":[],"class_list":["post-4817","page","type-page","status-publish","hentry"],"_links":{"self":[{"href":"https:\/\/kuopionkonservatorio.fi\/fi\/wp-json\/wp\/v2\/pages\/4817","targetHints":{"allow":["GET"]}}],"collection":[{"href":"https:\/\/kuopionkonservatorio.fi\/fi\/wp-json\/wp\/v2\/pages"}],"about":[{"href":"https:\/\/kuopionkonservatorio.fi\/fi\/wp-json\/wp\/v2\/types\/page"}],"author":[{"embeddable":true,"href":"https:\/\/kuopionkonservatorio.fi\/fi\/wp-json\/wp\/v2\/users\/9"}],"replies":[{"embeddable":true,"href":"https:\/\/kuopionkonservatorio.fi\/fi\/wp-json\/wp\/v2\/comments?post=4817"}],"version-history":[{"count":0,"href":"https:\/\/kuopionkonservatorio.fi\/fi\/wp-json\/wp\/v2\/pages\/4817\/revisions"}],"wp:attachment":[{"href":"https:\/\/kuopionkonservatorio.fi\/fi\/wp-json\/wp\/v2\/media?parent=4817"}],"wp:term":[{"taxonomy":"oppiaine","embeddable":true,"href":"https:\/\/kuopionkonservatorio.fi\/fi\/wp-json\/wp\/v2\/oppiaine?post=4817"}],"curies":[{"name":"wp","href":"https:\/\/api.w.org\/{rel}","templated":true}]}}