{"id":4266,"date":"2023-09-15T12:22:22","date_gmt":"2023-09-15T09:22:22","guid":{"rendered":"https:\/\/kuopionkonservatorio.fi\/?page_id=4266"},"modified":"2024-09-24T09:49:07","modified_gmt":"2024-09-24T06:49:07","slug":"musiikkitaidon-tehtavat","status":"publish","type":"page","link":"https:\/\/kuopionkonservatorio.fi\/fi\/musiikkitaidon-tehtavat\/","title":{"rendered":"Musiikkitaidon teht\u00e4v\u00e4t"},"content":{"rendered":"\n<div class=\"wp-block-columns alignwide is-layout-flex wp-container-core-columns-is-layout-9d6595d7 wp-block-columns-is-layout-flex\">\n<div class=\"wp-block-column is-layout-flow wp-block-column-is-layout-flow\" style=\"flex-basis:33.33%\">\n<h2 class=\"wp-block-heading\">Musiikkitaidon teht\u00e4v\u00e4t<\/h2>\n\n\n\n<p>Musiikkitaidon kurssien teht\u00e4v\u00e4t l\u00f6yd\u00e4t t\u00e4lt\u00e4 sivulta.<\/p>\n\n\n\n<p><a href=\"https:\/\/kuopionkonservatorio.fi\/avoin-konservatorio\/yhteystiedot\/\">Yhteystiedot<\/a><\/p>\n<\/div>\n\n\n\n<div class=\"wp-block-column is-layout-flow wp-block-column-is-layout-flow\" style=\"flex-basis:66.66%\">\n<h2 class=\"wp-block-heading\">Musiikkitaito 4a et\u00e4kurssi 2024<\/h2>\n\n\n\n<h2 class=\"wp-block-heading has-ingressi-font-size\">Kurssikirja:<\/h2>\n\n\n\n<p><a href=\"https:\/\/kuopionkonservatorio.fi\/wp-content\/uploads\/1Taidemusiikki-tutuksi-Orkesteri-ja-Renessanssi.pdf\">1 Taidemusiikki tutuksi Orkesteri ja Renessanssi<\/a><\/p>\n\n\n\n<p><a href=\"https:\/\/kuopionkonservatorio.fi\/wp-content\/uploads\/2Taidemusiikki-tutuksi-Barokki.pdf\">2 Taidemusiikki tutuksi Barokki<\/a><\/p>\n\n\n\n<p><a href=\"https:\/\/kuopionkonservatorio.fi\/wp-content\/uploads\/3Taidemusiikkia-tutuksi-Klassismi-Haydn-Mozart.pdf\">3 Taidemusiikki tutuksi Klassismi, Haydn, Mozart<\/a><\/p>\n\n\n\n<p><a href=\"https:\/\/kuopionkonservatorio.fi\/wp-content\/uploads\/4Taidemusiikki-tutuksi-Beethoven.pdf\">4 Taidemusiikki tutuksi Beethoven<\/a><\/p>\n\n\n\n<h2 class=\"wp-block-heading has-ingressi-font-size\">Konserttiarvostelulomakkeet<\/h2>\n\n\n\n<p><a href=\"https:\/\/forms.office.com\/e\/Htk0JKWsJn\">Konserttik\u00e4ynti 1<\/a><\/p>\n\n\n\n<p><a href=\"https:\/\/forms.office.com\/e\/YJfDHBEhDf\">Konserttik\u00e4ynti 2<\/a><\/p>\n\n\n\n<h2 class=\"wp-block-heading has-ingressi-font-size\">Harjoituksia kaikille tasoille<\/h2>\n\n\n\n<p><a href=\"https:\/\/quizlet.com\/user\/AnnieVainio\/sets\" data-type=\"link\" data-id=\"https:\/\/quizlet.com\/user\/AnnieVainio\/sets\">quizlet.com\/user\/AnnieVainio\/sets<\/a><\/p>\n\n\n\n<p><a href=\"https:\/\/quizlet.com\/join\/mVgKcCjMQ?i=4vn6e2&amp;x=1tqY\">quizlet.com | Musiikkitaitoa<\/a><\/p>\n<\/div>\n<\/div>\n\n\n\n<p><\/p>\n","protected":false},"excerpt":{"rendered":"<p>Musiikkitaidon teht\u00e4v\u00e4t Musiikkitaidon kurssien teht\u00e4v\u00e4t l\u00f6yd\u00e4t t\u00e4lt\u00e4 sivulta. Yhteystiedot Musiikkitaito 4a et\u00e4kurssi 2024 Kurssikirja: 1 Taidemusiikki tutuksi Orkesteri ja Renessanssi 2 Taidemusiikki tutuksi Barokki 3 Taidemusiikki tutuksi Klassismi, Haydn, Mozart 4 Taidemusiikki tutuksi Beethoven Konserttiarvostelulomakkeet Konserttik\u00e4ynti 1 Konserttik\u00e4ynti 2 Harjoituksia kaikille tasoille quizlet.com\/user\/AnnieVainio\/sets quizlet.com | Musiikkitaitoa<\/p>\n","protected":false},"author":8,"featured_media":0,"parent":0,"menu_order":0,"comment_status":"closed","ping_status":"closed","template":"","meta":{"inline_featured_image":false,"footnotes":""},"oppiaine":[96],"class_list":["post-4266","page","type-page","status-publish","hentry","oppiaine-musiikkitaito"],"_links":{"self":[{"href":"https:\/\/kuopionkonservatorio.fi\/fi\/wp-json\/wp\/v2\/pages\/4266","targetHints":{"allow":["GET"]}}],"collection":[{"href":"https:\/\/kuopionkonservatorio.fi\/fi\/wp-json\/wp\/v2\/pages"}],"about":[{"href":"https:\/\/kuopionkonservatorio.fi\/fi\/wp-json\/wp\/v2\/types\/page"}],"author":[{"embeddable":true,"href":"https:\/\/kuopionkonservatorio.fi\/fi\/wp-json\/wp\/v2\/users\/8"}],"replies":[{"embeddable":true,"href":"https:\/\/kuopionkonservatorio.fi\/fi\/wp-json\/wp\/v2\/comments?post=4266"}],"version-history":[{"count":0,"href":"https:\/\/kuopionkonservatorio.fi\/fi\/wp-json\/wp\/v2\/pages\/4266\/revisions"}],"wp:attachment":[{"href":"https:\/\/kuopionkonservatorio.fi\/fi\/wp-json\/wp\/v2\/media?parent=4266"}],"wp:term":[{"taxonomy":"oppiaine","embeddable":true,"href":"https:\/\/kuopionkonservatorio.fi\/fi\/wp-json\/wp\/v2\/oppiaine?post=4266"}],"curies":[{"name":"wp","href":"https:\/\/api.w.org\/{rel}","templated":true}]}}