{"id":387,"date":"2021-11-19T10:42:46","date_gmt":"2021-11-19T08:42:46","guid":{"rendered":"https:\/\/kuopionkonservatorio.letm.com\/?page_id=387"},"modified":"2022-03-14T10:17:18","modified_gmt":"2022-03-14T08:17:18","slug":"rytmimusiikin-musiikkitaito","status":"publish","type":"page","link":"https:\/\/kuopionkonservatorio.fi\/fi\/musiikki-harrastuksena\/rytmimusiikin-opinnot\/rytmimusiikin-musiikkitaito\/","title":{"rendered":"Rytmimusiikin musiikkitaito"},"content":{"rendered":"\n<div class=\"wp-block-columns alignwide is-layout-flex wp-container-core-columns-is-layout-9d6595d7 wp-block-columns-is-layout-flex\">\n<div class=\"wp-block-column is-layout-flow wp-block-column-is-layout-flow\" style=\"flex-basis:33.33%\">\n<h2 class=\"wp-block-heading\" id=\"musiikkitaito\">Musiikkitaito<\/h2>\n\n\n<ul class=\"relatives\"><li class=\"page_item page-item-1576\"><a href=\"https:\/\/kuopionkonservatorio.fi\/fi\/musiikki-harrastuksena\/rytmimusiikin-opinnot\/opettajat-ja-opetuspisteet\/\">Opettajat ja opetuspisteet<\/a><\/li>\n<\/ul>\n<\/div>\n\n\n\n<div class=\"wp-block-column is-layout-flow wp-block-column-is-layout-flow\" style=\"flex-basis:66.66%\">\n<p class=\"has-ingressi-font-size\">Duurista molliin \u2012 musiikilliset k\u00e4sitteet tutuiksi musiikkitaidossa!<\/p>\n\n\n\n<p>Musiikin perus- ja syvent\u00e4viin opintoihin kuuluu sek\u00e4 kaikille yhteisi\u00e4 ett\u00e4 valinnaisia musiikkitaidon kursseja. Musiikkitaidon opetus on opetussuunnitelmaan kuuluvaa ryhm\u00e4opetusta, johon kaikki oppilaat osallistuvat.<\/p>\n\n\n\n<p>Musiikin perusopintojen alku- ja keskitasolla musiikkitaidon opetus on integroitu ryhm\u00e4tuntiin (Musiikkitaito 1R ja 2R). N\u00e4ill\u00e4 tasoilla on my\u00f6s mahdollista osallistua ryhm\u00e4muotoiseen musiikkitaito-opetukseen puolivuotisilla tiiviskursseilla. Jatkotasolla ja musiikin syvent\u00e4viss\u00e4 opinnoissa musiikkitaito toteutetaan perinteisen\u00e4 ryhm\u00e4opetuksena. Opetuksessa k\u00e4ytet\u00e4\u00e4n monipuolisia ty\u00f6tapoja, ja luova ty\u00f6skentely ja musiikkiteknologia ovat vahva osa musiikkitaito-opiskelua. Keskeist\u00e4 on musiikin ilmi\u00f6ihin tutustuminen tekemisen kautta.&nbsp;<\/p>\n\n\n\n<p>Musiikin perus- ja syvent\u00e4viin opintoihin kuuluu sek\u00e4 kaikille yhteisi\u00e4 ett\u00e4 vapaasti valittavia musiikkitaidon kursseja. Perustasolla kaikille yhteisi\u00e4 kursseja ovat Musiikkitaito 1R, 2R, 3aR ja 4aR sek\u00e4 vapaasti valittavia 3bR ja 4bR. Syvent\u00e4v\u00e4ll\u00e4 tasolla kaikille yhteisi\u00e4 kursseja ovat Musiikkitaito 5aR ja 6aR, joiden lis\u00e4ksi valitaan v\u00e4hint\u00e4\u00e4n toinen seuraavista: 5bR ja 6bR.<\/p>\n\n\n\n<h4 class=\"wp-block-heading\" id=\"musiikin-perusopinnot\">Musiikin perusopinnot<\/h4>\n\n\n\n      <div class=\"wp-block-letm-blocks-accordion\">\n        \n\n<div class=\"wp-block-letm-blocks-accordion-single-row\">\n<div class=\"wp-block-columns accordion-head has-valkoinen-color has-vadelma-background-color has-text-color has-background is-layout-flex wp-container-core-columns-is-layout-9d6595d7 wp-block-columns-is-layout-flex\">\n<div class=\"wp-block-column is-layout-flow wp-block-column-is-layout-flow\" style=\"flex-basis:50%\">\n<p class=\"heading-left\">Alkutaso<\/p>\n<\/div>\n\n\n\n<div class=\"wp-block-column is-layout-flow wp-block-column-is-layout-flow\" style=\"flex-basis:50%\">\n<p class=\"heading-right\"><\/p>\n<\/div>\n<\/div>\n\n\n\n<div class=\"wp-block-columns accordion-content is-layout-flex wp-container-core-columns-is-layout-9d6595d7 wp-block-columns-is-layout-flex\">\n<div class=\"wp-block-column is-layout-flow wp-block-column-is-layout-flow\" style=\"flex-basis:100%\">\n<p><strong>Musiikin avaimet (klassinen)<\/strong><\/p>\n\n\n\n<p><em>Vapaasti valittava<\/em> kurssi 7-9 -vuotiaille. Kurssin sis\u00e4lt\u00f6: perussykkeen harjoittaminen ja keskeisi\u00e4 aika-arvoja, nuottien nimi\u00e4 omalla soittimella, laulaminen ja soittaminen. Kurssi j\u00e4rjestet\u00e4\u00e4n tarpeen mukaan.<\/p>\n\n\n\n<p><strong>Musiikkitaito 1R<\/strong><\/p>\n\n\n\n<p>Musiikkitaidon alkutason kurssi. Osallistutaan ryhm\u00e4opetuksen yhteydess\u00e4 tai erilliselle tiiviskurssille. J\u00e4rjestet\u00e4\u00e4n vuosittain.<\/p>\n\n\n\n<p>Sis\u00e4lt\u00f6: Nuottien nimi\u00e4 ja aika-arvoja sek\u00e4 rytmimusiikin yleisimpi\u00e4 tahtilajeja ohjelmiston mukaisesti.  Duuri- ja molli-asteikot, tutustutaan eri s\u00e4vellajien muodostamiseen ja tunnistamiseen. S\u00e4veltapailuharjoituksia ohjelmiston ilmi\u00f6it\u00e4 soveltaen. Harmoniassa painotus p\u00e4\u00e4tehoissa.<\/p>\n<\/div>\n<\/div>\n<\/div>\n\n\n\n<div class=\"wp-block-letm-blocks-accordion-single-row\">\n<div class=\"wp-block-columns accordion-head has-valkoinen-color has-vadelma-background-color has-text-color has-background is-layout-flex wp-container-core-columns-is-layout-9d6595d7 wp-block-columns-is-layout-flex\">\n<div class=\"wp-block-column is-layout-flow wp-block-column-is-layout-flow\" style=\"flex-basis:50%\">\n<p class=\"heading-left\">Keskitaso<\/p>\n<\/div>\n\n\n\n<div class=\"wp-block-column is-layout-flow wp-block-column-is-layout-flow\" style=\"flex-basis:50%\">\n<p class=\"heading-right\"><\/p>\n<\/div>\n<\/div>\n\n\n\n<div class=\"wp-block-columns accordion-content is-layout-flex wp-container-core-columns-is-layout-9d6595d7 wp-block-columns-is-layout-flex\">\n<div class=\"wp-block-column is-layout-flow wp-block-column-is-layout-flow\" style=\"flex-basis:100%\">\n<p><strong>Musiikkitaito 2R<\/strong><\/p>\n\n\n\n<p>Musiikkitaidon keskitason kurssi. Osallistutaan ryhm\u00e4opetuksen yhteydess\u00e4 tai erilliselle tiiviskurssille. J\u00e4rjestet\u00e4\u00e4n vuosittain.<\/p>\n\n\n\n<p>Edelt\u00e4v\u00e4t opinnot: Musiikkitaito 1R tai vastaavat tiedot ja taidot.<\/p>\n\n\n\n<p>Sis\u00e4lt\u00f6: Nuottien nimet ja aika-arvoja ohjelmiston mukaisesti. Laajennetaan rytmisten elementtien hallintaa ohjelmiston ilmi\u00f6iden kautta. Rytmimusiikin yleisimpi\u00e4 tahtilajeja ohjelmiston mukaisesti.&nbsp;Duuri- ja molli-asteikot, syvennet\u00e4\u00e4n s\u00e4vellajien osaamista. Muita asteikkoja ohjelmiston ilmi\u00f6iden mukaisesti. S\u00e4veltapailuharjoituksia ohjelmiston ilmi\u00f6it\u00e4 soveltaen. Harmoniassa s\u00e4vellajien mukaisia sointuasteita. Lis\u00e4ksi tutustutaan musiikin historiaan ja tyylien tunnistamiseen ohjelmiston kautta mahdollisuuksien mukaan.<\/p>\n<\/div>\n<\/div>\n<\/div>\n\n\n\n<div class=\"wp-block-letm-blocks-accordion-single-row\">\n<div class=\"wp-block-columns accordion-head has-valkoinen-color has-vadelma-background-color has-text-color has-background is-layout-flex wp-container-core-columns-is-layout-9d6595d7 wp-block-columns-is-layout-flex\">\n<div class=\"wp-block-column is-layout-flow wp-block-column-is-layout-flow\" style=\"flex-basis:50%\">\n<p class=\"heading-left\">Jatkotaso<\/p>\n<\/div>\n\n\n\n<div class=\"wp-block-column is-layout-flow wp-block-column-is-layout-flow\" style=\"flex-basis:50%\">\n<p class=\"heading-right\"><\/p>\n<\/div>\n<\/div>\n\n\n\n<div class=\"wp-block-columns accordion-content is-layout-flex wp-container-core-columns-is-layout-9d6595d7 wp-block-columns-is-layout-flex\">\n<div class=\"wp-block-column is-layout-flow wp-block-column-is-layout-flow\" style=\"flex-basis:100%\">\n<p><strong>Musiikkitaito 3aR<\/strong><\/p>\n\n\n\n<p>Jatkotason kaikille yhteinen musiikkitaitokurssi, teoriaa ja s\u00e4veltapailua. J\u00e4rjestet\u00e4\u00e4n vuosittain.<\/p>\n\n\n\n<p>Edelt\u00e4v\u00e4t opinnot: Musiikkitaito 2R tai vastaavat tiedot ja taidot.<\/p>\n\n\n\n<p>Sis\u00e4lt\u00f6: Syvennet\u00e4\u00e4n aiemmin opittujen asioiden osaamista ja laajennetaan rytmisten elementtien hallintaa. Harjoitellaan intervallien laatuja, s\u00e4vellajeja ja tutustutaan muihin ohjelmiston mukaisiin asteikkoihin ja nelisointuihin. Lis\u00e4ksi tutustutaan musiikkiteknologian k\u00e4ytt\u00f6\u00f6n.<\/p>\n\n\n\n<p><strong>Musiikkitaito 3bR (valinnainen)<\/strong><\/p>\n\n\n\n<p>Jatkotason valinnainen musiikkitaitokurssi syvent\u00e4viin opintoihin t\u00e4ht\u00e4\u00e4ville. Teoriaa ja s\u00e4veltapailua. J\u00e4rjestet\u00e4\u00e4n joka toinen vuosi.<\/p>\n\n\n\n<p>Edelt\u00e4v\u00e4t opinnot: Musiikkitaito 3aR.<\/p>\n\n\n\n<p>Sis\u00e4lt\u00f6: Syvennet\u00e4\u00e4n aiemmin opittujen asioiden osaamista ja laajennetaan rytmisten elementtien hallintaa. K\u00e4yd\u00e4\u00e4n l\u00e4pi intervallit laatuineen, tutustutaan pentatonisiin, blues-asteikkoon ja duuriasteikon moodeihin sek\u00e4 funktionaaliseen nelisointuharmoniaan. Tutustutaan mahdollisuuksien mukaan v\u00e4lidominanttiin, dimisointuun, tritonuskorvaukseen ja modaaliisiin lainasointuihin.\u00a0Sovelletaan musiikkiteknologiaa musiikin hahmottamisen harjoitteluun ja s\u00e4velt\u00e4miseen.<\/p>\n\n\n\n<p><strong>Musiikkitaito 4aR<\/strong><\/p>\n\n\n\n<p>Jatkotason kaikille yhteinen musiikkitaitokurssi, musiikin kuuntelua ja historiaa. J\u00e4rjestet\u00e4\u00e4n joka toinen vuosi.<\/p>\n\n\n\n<p>Edelt\u00e4v\u00e4t opinnot: Musiikkitaito 2 tai 3aR.<\/p>\n\n\n\n<p>Sis\u00e4lt\u00f6: Tutustutaan jazzin, bluesin ja rockin syntyyn ja kehitykseen.<\/p>\n\n\n\n<p><strong>Musiikkitaito 4bR (valinnainen)<\/strong><\/p>\n\n\n\n<p>Jatkotason valinnainen musiikkitaitokurssi. Musiikin kuuntelua ja historiaa. J\u00e4rjestet\u00e4\u00e4n tarpeen mukaan.<\/p>\n\n\n\n<p>Edelt\u00e4v\u00e4t opinnot: Musiikkitaito 4aR.<\/p>\n\n\n\n<p>Sis\u00e4lt\u00f6: Tutustutaan latinalais-amerikkalaisen musiikin yleisimpiin tyylisuuntiin (Brasilia, Kuuba).&nbsp;Laajennetaan afroamerikkalaisen musiikin tyylien tuntemusta.<\/p>\n<\/div>\n<\/div>\n<\/div>\n\n      <\/div>\n\n    \n\n\n<h4 class=\"wp-block-heading\" id=\"musiikin-syventavat-opinnot\">Musiikin syvent\u00e4v\u00e4t opinnot<\/h4>\n\n\n\n      <div class=\"wp-block-letm-blocks-accordion\">\n        \n\n<div class=\"wp-block-letm-blocks-accordion-single-row\">\n<div class=\"wp-block-columns accordion-head has-valkoinen-color has-vadelma-background-color has-text-color has-background is-layout-flex wp-container-core-columns-is-layout-9d6595d7 wp-block-columns-is-layout-flex\">\n<div class=\"wp-block-column is-layout-flow wp-block-column-is-layout-flow\" style=\"flex-basis:50%\">\n<p class=\"heading-left\">Syvent\u00e4v\u00e4 taso<\/p>\n<\/div>\n\n\n\n<div class=\"wp-block-column is-layout-flow wp-block-column-is-layout-flow\" style=\"flex-basis:50%\">\n<p class=\"heading-right\"><\/p>\n<\/div>\n<\/div>\n\n\n\n<div class=\"wp-block-columns accordion-content is-layout-flex wp-container-core-columns-is-layout-9d6595d7 wp-block-columns-is-layout-flex\">\n<div class=\"wp-block-column is-layout-flow wp-block-column-is-layout-flow\" style=\"flex-basis:100%\">\n<p><strong>Musiikkitaito 5aR<\/strong><\/p>\n\n\n\n<p>Syvent\u00e4v\u00e4n tason kaikille yhteinen musiikkitaitokurssi, teoriaa ja s\u00e4veltapailua. J\u00e4rjestet\u00e4\u00e4n joka toinen vuosi.<\/p>\n\n\n\n<p>Edelt\u00e4v\u00e4t opinnot: Musiikkitaito 3aR ja 4aR.&nbsp;<\/p>\n\n\n\n<p>Sis\u00e4lt\u00f6: Syvennet\u00e4\u00e4n aiemmin opittujen asioiden osaamista ja laajennetaan rytmisten elementtien hallintaa. Tutustutaan jazzmollin moodeihin ja harmonisen mollin viidenteen moodiin. Harjoitellaan sointujen tonaalista laajentamista (lis\u00e4s\u00e4velet 9,11 ja 13) sek\u00e4 funktionaalisen harmonian ilmi\u00f6it\u00e4 (v\u00e4lidominantti, tritonuskorvaus, II-V, dimi, modaalinen lainasointu).&nbsp;Tutustutaan sointuanalyysiin. Tutustutaan ja sovelletaan musiikkiteknologian k\u00e4ytt\u00f6\u00e4 musiikin hahmottamisen harjoittelun ja s\u00e4velt\u00e4misen apuv\u00e4lineen\u00e4.&nbsp;<\/p>\n\n\n\n<p><strong>Musiikkitaito 5bR (valinnainen vaihtoehtoinen kurssi)<\/strong><\/p>\n\n\n\n<p>Syvent\u00e4v\u00e4n tason vaihtoehtoinen musiikkitaitokurssi, s\u00e4velt\u00e4misen perusteet. J\u00e4rjestet\u00e4\u00e4n tarpeen mukaan.<\/p>\n\n\n\n<p>Edelt\u00e4v\u00e4t opinnot: Musiikkitaito 5a&nbsp;<\/p>\n\n\n\n<p>Sis\u00e4lt\u00f6:&nbsp;S\u00e4velt\u00e4misen ja laulunkirjoittamisen kurssi. Kurssilla ty\u00f6skennell\u00e4\u00e4n musiikkiteknologiaa hy\u00f6dynt\u00e4en. Kurssin tarkempi sis\u00e4lt\u00f6 m\u00e4\u00e4r\u00e4ytyy ryhm\u00e4n mukaan.<\/p>\n\n\n\n<p><strong>Musiikkitaito 6aR<\/strong><\/p>\n\n\n\n<p>Syvent\u00e4v\u00e4n tason kaikille yhteinen musiikkitaitokurssi, musiikkiteknologiaa. J\u00e4rjestet\u00e4\u00e4n tarpeen mukaan.<\/p>\n\n\n\n<p>Edelt\u00e4v\u00e4t opinnot: Musiikkitaito 1-4 tai Musiikkiteknologia 1 (perusopintojen ryhm\u00e4tunti)<\/p>\n\n\n\n<p>Sis\u00e4lt\u00f6: Musiikkiteknologian jatkokurssi.<\/p>\n\n\n\n<p><strong>Musiikkitaito 6b (valinnainen vaihtoehtoinen kurssi)<\/strong><\/p>\n\n\n\n<p>Syvent\u00e4v\u00e4n tason vaihtoehtoinen musiikkitaitokurssi. Musiikin teoriaa ja s\u00e4veltapailua jatko-opintoihin t\u00e4ht\u00e4\u00e4ville ja asiasta kiinnostuneille. J\u00e4rjestet\u00e4\u00e4n tarpeen mukaan.<\/p>\n\n\n\n<p>Edelt\u00e4v\u00e4t opinnot: Musiikkitaito 5a.<\/p>\n\n\n\n<p>Sis\u00e4lt\u00f6:&nbsp;Syvennet\u00e4\u00e4n aiemmin opittujen asioiden osaamista ja laajennetaan rytmisten elementtien hallintaa.&nbsp;Harjoitellaan sointujen ja asteikkojen yhdist\u00e4mist\u00e4 (ns. chord\/scale -theory) sek\u00e4 sovelletaan funktionaalisen harmonian yleisimpi\u00e4 ilmi\u00f6it\u00e4.&nbsp;Harjoitellaan moni\u00e4\u00e4nisyytt\u00e4 sek\u00e4 aiemmin opittuja asteikkoja ja tutustutaan tarpeen mukaan uusiin.&nbsp;Sovelletaan musiikkiteknologiaa musiikin hahmottamisen harjoittelun ja s\u00e4velt\u00e4misen apuv\u00e4lineen\u00e4.<\/p>\n<\/div>\n<\/div>\n<\/div>\n\n      <\/div>\n\n    \n\n\n<p><\/p>\n<\/div>\n<\/div>\n","protected":false},"excerpt":{"rendered":"<p>Musiikkitaito Duurista molliin \u2012 musiikilliset k\u00e4sitteet tutuiksi musiikkitaidossa! Musiikin perus- ja syvent\u00e4viin opintoihin kuuluu sek\u00e4 kaikille yhteisi\u00e4 ett\u00e4 valinnaisia musiikkitaidon kursseja. Musiikkitaidon opetus on opetussuunnitelmaan kuuluvaa ryhm\u00e4opetusta, johon kaikki oppilaat osallistuvat. Musiikin perusopintojen alku- ja keskitasolla musiikkitaidon opetus on integroitu ryhm\u00e4tuntiin (Musiikkitaito 1R ja 2R). N\u00e4ill\u00e4 tasoilla on my\u00f6s mahdollista osallistua ryhm\u00e4muotoiseen musiikkitaito-opetukseen puolivuotisilla tiiviskursseilla. [&hellip;]<\/p>\n","protected":false},"author":9,"featured_media":0,"parent":317,"menu_order":2,"comment_status":"closed","ping_status":"closed","template":"","meta":{"inline_featured_image":false,"footnotes":""},"oppiaine":[],"class_list":["post-387","page","type-page","status-publish","hentry"],"_links":{"self":[{"href":"https:\/\/kuopionkonservatorio.fi\/fi\/wp-json\/wp\/v2\/pages\/387","targetHints":{"allow":["GET"]}}],"collection":[{"href":"https:\/\/kuopionkonservatorio.fi\/fi\/wp-json\/wp\/v2\/pages"}],"about":[{"href":"https:\/\/kuopionkonservatorio.fi\/fi\/wp-json\/wp\/v2\/types\/page"}],"author":[{"embeddable":true,"href":"https:\/\/kuopionkonservatorio.fi\/fi\/wp-json\/wp\/v2\/users\/9"}],"replies":[{"embeddable":true,"href":"https:\/\/kuopionkonservatorio.fi\/fi\/wp-json\/wp\/v2\/comments?post=387"}],"version-history":[{"count":0,"href":"https:\/\/kuopionkonservatorio.fi\/fi\/wp-json\/wp\/v2\/pages\/387\/revisions"}],"up":[{"embeddable":true,"href":"https:\/\/kuopionkonservatorio.fi\/fi\/wp-json\/wp\/v2\/pages\/317"}],"wp:attachment":[{"href":"https:\/\/kuopionkonservatorio.fi\/fi\/wp-json\/wp\/v2\/media?parent=387"}],"wp:term":[{"taxonomy":"oppiaine","embeddable":true,"href":"https:\/\/kuopionkonservatorio.fi\/fi\/wp-json\/wp\/v2\/oppiaine?post=387"}],"curies":[{"name":"wp","href":"https:\/\/api.w.org\/{rel}","templated":true}]}}