{"id":384,"date":"2021-11-19T10:38:31","date_gmt":"2021-11-19T08:38:31","guid":{"rendered":"https:\/\/kuopionkonservatorio.letm.com\/?page_id=384"},"modified":"2024-08-25T07:19:23","modified_gmt":"2024-08-25T04:19:23","slug":"klassisen-musiikin-musiikkitaito","status":"publish","type":"page","link":"https:\/\/kuopionkonservatorio.fi\/fi\/musiikki-harrastuksena\/klassisen-musiikin-opinnot\/klassisen-musiikin-musiikkitaito\/","title":{"rendered":"Klassisen musiikin musiikkitaito"},"content":{"rendered":"\n<div class=\"wp-block-columns alignwide is-layout-flex wp-container-core-columns-is-layout-9d6595d7 wp-block-columns-is-layout-flex\">\n<div class=\"wp-block-column is-layout-flow wp-block-column-is-layout-flow\" style=\"flex-basis:33.33%\">\n<h2 class=\"wp-block-heading\" id=\"musiikkitaito\">Musiikkitaito<\/h2>\n\n\n<ul class=\"relatives\"><li class=\"page_item page-item-327\"><a href=\"https:\/\/kuopionkonservatorio.fi\/fi\/musiikki-harrastuksena\/klassisen-musiikin-opinnot\/kamarimusiikki-orkesterit-ja-kuorot\/\">Kamarimusiikki, orkesterit, kuorot, lasten ja nuorten lied<\/a><\/li>\n<li class=\"page_item page-item-1473\"><a href=\"https:\/\/kuopionkonservatorio.fi\/fi\/musiikki-harrastuksena\/klassisen-musiikin-opinnot\/opettajat-ja-opetuspisteet\/\">Opettajat ja opetuspisteet<\/a><\/li>\n<\/ul>\n\n\n\n<h5 class=\"wp-block-heading has-harmaa-color has-text-color\">Opiskelu<\/h5>\n\n\n\n<ul class=\"wp-block-list\">\n<li><a href=\"https:\/\/kuopionkonservatorio.fi\/wp-content\/uploads\/Musiikkitaitokurssit-kooste-2024-2025.pdf\">Kooste Kuopion musiikkitaidon kursseista lv. 2024-25<\/a><\/li>\n\n\n\n<li><a href=\"https:\/\/kuopionkonservatorio.fi\/fi\/musiikkitaidon-tehtavat\/\">Musiikkitaidon teht\u00e4v\u00e4t<\/a><\/li>\n<\/ul>\n<\/div>\n\n\n\n<div class=\"wp-block-column is-layout-flow wp-block-column-is-layout-flow\" style=\"flex-basis:66.66%\">\n<p class=\"has-ingressi-font-size\">Duurista molliin \u2012 musiikilliset k\u00e4sitteet tutuiksi musiikkitaidossa!<\/p>\n\n\n\n<p>Musiikin perus- ja syvent\u00e4viin opintoihin kuuluu sek\u00e4 kaikille yhteisi\u00e4 ett\u00e4 valinnaisia musiikkitaidon kursseja.<\/p>\n\n\n\n<p>Musiikkitaidon opetus on opetussuunnitelmaan kuuluvaa ryhm\u00e4opetusta, johon kaikki oppilaat osallistuvat.<\/p>\n\n\n\n<p>Perinteisten sekaryhmien lis\u00e4ksi opetusta annetaan eri toteuttamistavoilla: instrumenttikohtaisina ryhmin\u00e4, yhteisty\u00f6n\u00e4 orkestereiden kanssa ja musiikkiluokkakouluissa. Ryhm\u00e4opetuksessa yhteissoittoon p\u00e4\u00e4sev\u00e4t osallistumaan my\u00f6s ne oppilaat, joiden oma instrumentti ei ole tyypillisesti orkesterisoitin (esim. piano). Opetuksessa k\u00e4ytet\u00e4\u00e4n monipuolisia ty\u00f6tapoja. Keskeist\u00e4 on musiikin ilmi\u00f6ihin tutustuminen tekemisen kautta.&nbsp;<\/p>\n\n\n\n<p>Musiikin perusopinnoissa kaikille yhteisi\u00e4 kursseja ovat Musiikkitaito 1, 2a, 2b, 3a ja 4a sek\u00e4 vapaasti valittavia 3b ja 4b. Syvent\u00e4v\u00e4ll\u00e4 tasolla kaikille yhteisi\u00e4 kursseja ovat Musiikkitaito 5a ja 6a sek\u00e4 vaihtoehtoisesti valittavia 5b ja \/ tai 6b.<\/p>\n\n\n\n<h5 class=\"wp-block-heading\" id=\"musiikin-perusopinnot\">Musiikin perusopinnot<\/h5>\n\n\n\n      <div class=\"wp-block-letm-blocks-accordion\">\n        \n\n<div class=\"wp-block-letm-blocks-accordion-single-row\">\n<div class=\"wp-block-columns accordion-head has-valkoinen-color has-vadelma-background-color has-text-color has-background is-layout-flex wp-container-core-columns-is-layout-9d6595d7 wp-block-columns-is-layout-flex\">\n<div class=\"wp-block-column is-layout-flow wp-block-column-is-layout-flow\" style=\"flex-basis:50%\">\n<p class=\"heading-left\">Alkutaso<\/p>\n<\/div>\n\n\n\n<div class=\"wp-block-column is-layout-flow wp-block-column-is-layout-flow\" style=\"flex-basis:50%\">\n<p class=\"heading-right\"><\/p>\n<\/div>\n<\/div>\n\n\n\n<div class=\"wp-block-columns accordion-content is-layout-flex wp-container-core-columns-is-layout-9d6595d7 wp-block-columns-is-layout-flex\">\n<div class=\"wp-block-column is-layout-flow wp-block-column-is-layout-flow\" style=\"flex-basis:100%\">\n<p><strong>Musiikin avaimet<\/strong><\/p>\n\n\n\n<p><em>Vapaasti valittava<\/em> kurssi 7\u20129 -vuotiaille. Kurssin sis\u00e4lt\u00f6: perussykkeen harjoittaminen ja keskeisi\u00e4 aika-arvoja, nuottien nimi\u00e4 omalla soittimella, laulaminen ja soittaminen. Kurssi j\u00e4rjestet\u00e4\u00e4n tarpeen mukaan.<\/p>\n\n\n\n<p><strong>Musiikkitaito 1<\/strong><\/p>\n\n\n\n<p>Kaikille yhteinen kurssi noin 10 v. alkaen.<\/p>\n\n\n\n<p>Sis\u00e4lt\u00f6: Soittaen ja laulaen tutustutaan perusasioihin: nuottiavaimet, nuottien nimet, perussyke ja keskeiset aika-arvot, tasa- ja kolmijakoisuus, duuri ja molli, asteikko ja kolmisointu. Lis\u00e4ksi yksi\u00e4\u00e4nisi\u00e4 lauluja, korvakuulolta soittaminen, keskeisiin tempoa ja dynamiikkaa kuvaaviin termeihin tutustuminen.<\/p>\n<\/div>\n<\/div>\n<\/div>\n\n\n\n<div class=\"wp-block-letm-blocks-accordion-single-row\">\n<div class=\"wp-block-columns accordion-head has-valkoinen-color has-vadelma-background-color has-text-color has-background is-layout-flex wp-container-core-columns-is-layout-9d6595d7 wp-block-columns-is-layout-flex\">\n<div class=\"wp-block-column is-layout-flow wp-block-column-is-layout-flow\" style=\"flex-basis:50%\">\n<p class=\"heading-left\">Keskitaso<\/p>\n<\/div>\n\n\n\n<div class=\"wp-block-column is-layout-flow wp-block-column-is-layout-flow\" style=\"flex-basis:50%\">\n<p class=\"heading-right\"><\/p>\n<\/div>\n<\/div>\n\n\n\n<div class=\"wp-block-columns accordion-content is-layout-flex wp-container-core-columns-is-layout-9d6595d7 wp-block-columns-is-layout-flex\">\n<div class=\"wp-block-column is-layout-flow wp-block-column-is-layout-flow\" style=\"flex-basis:100%\">\n<p><strong>Musiikkitaito 2a<\/strong><\/p>\n\n\n\n<p>Edelt\u00e4v\u00e4t opinnot: Musiikkitaito 1.<\/p>\n\n\n\n<p>Sis\u00e4lt\u00f6: Tutustutaan my\u00f6s muuhun kuin oman soittimen nuottiavaimen lukemiseen ja muutamiin s\u00e4vellajeihin, intervalleihin, duuri- ja molliasteikkoon ja soittaen sointuasteisiin I ja V, sek\u00e4 klassismin tyylikauteen ja yhteen wienil\u00e4isklassiseen s\u00e4velt\u00e4j\u00e4\u00e4n.<\/p>\n\n\n\n<p><strong>Musiikkitaito 2b<\/strong><\/p>\n\n\n\n<p>Edelt\u00e4v\u00e4t opinnot: Musiikkitaito 2a.<\/p>\n\n\n\n<p>Sis\u00e4lt\u00f6: Nuotteja g- ja f-avaimella, s\u00e4vellajit kahteen\u2012nelj\u00e4\u00e4n etumerkkiin, duuriasteikkoiset intervallit, duuri- ja mollikolmisointujen reaalisointumerkit, moni\u00e4\u00e4nisi\u00e4 lauluja sek\u00e4 I\u2012IV\u2012V -harmoniaan tutustuminen soittaen. Lis\u00e4ksi tutustuminen orkesterisoittimiin ja barokin tyylikauteen sek\u00e4 johonkin barokkis\u00e4velt\u00e4j\u00e4\u00e4n.<\/p>\n<\/div>\n<\/div>\n<\/div>\n\n\n\n<div class=\"wp-block-letm-blocks-accordion-single-row\">\n<div class=\"wp-block-columns accordion-head has-valkoinen-color has-vadelma-background-color has-text-color has-background is-layout-flex wp-container-core-columns-is-layout-9d6595d7 wp-block-columns-is-layout-flex\">\n<div class=\"wp-block-column is-layout-flow wp-block-column-is-layout-flow\" style=\"flex-basis:50%\">\n<p class=\"heading-left\">Jatkotaso<\/p>\n<\/div>\n\n\n\n<div class=\"wp-block-column is-layout-flow wp-block-column-is-layout-flow\" style=\"flex-basis:50%\">\n<p class=\"heading-right\"><\/p>\n<\/div>\n<\/div>\n\n\n\n<div class=\"wp-block-columns accordion-content is-layout-flex wp-container-core-columns-is-layout-9d6595d7 wp-block-columns-is-layout-flex\">\n<div class=\"wp-block-column is-layout-flow wp-block-column-is-layout-flow\" style=\"flex-basis:100%\">\n<p><strong>Musiikkitaito 3a<\/strong><\/p>\n\n\n\n<p>Edelt\u00e4v\u00e4t opinnot: Musiikkitaito 2b. Sis\u00e4lt\u00f6: nuottien nimet oktaavialoineen, I\u2012IV\u2012V -soinnuilla soinnuttaminen, sointuasteet, kolmisointujen k\u00e4\u00e4nn\u00f6kset reaalisointumerkein, intervallien ja sointujen laadut (duuri, molli, v\u00e4hennetty ja ylinouseva), s\u00e4vellajit v\u00e4hint\u00e4\u00e4n nelj\u00e4\u00e4n etumerkkiin, nuotinnusohjelmaa k\u00e4ytt\u00e4en pienimuotoisten sovitusten tai s\u00e4vellysten tekeminen.<\/p>\n\n\n\n<p><strong>Musiikkitaito 4a<\/strong><\/p>\n\n\n\n<p>Edelt\u00e4v\u00e4t opinnot: Musiikkitaito 3a tai 2b. Kurssit voi opiskella my\u00f6s j\u00e4rjestyksess\u00e4 4a \u2192 3a. Kurssin sis\u00e4lt\u00f6: Yleinen musiikkitieto. Laajennetaan tietoutta barokista ja klassismista sek\u00e4 tutustutaan romantiikan tyylikauden keskeisimpiin s\u00e4velt\u00e4jiin ja teoksiin, konserttik\u00e4ynnit.<\/p>\n<\/div>\n<\/div>\n<\/div>\n\n      <\/div>\n\n    \n\n\n<h5 class=\"wp-block-heading\" id=\"syventavat-opinnot\">Syvent\u00e4v\u00e4t opinnot<\/h5>\n\n\n\n      <div class=\"wp-block-letm-blocks-accordion\">\n        \n\n<div class=\"wp-block-letm-blocks-accordion-single-row\">\n<div class=\"wp-block-columns accordion-head has-valkoinen-color has-vadelma-background-color has-text-color has-background is-layout-flex wp-container-core-columns-is-layout-9d6595d7 wp-block-columns-is-layout-flex\">\n<div class=\"wp-block-column is-layout-flow wp-block-column-is-layout-flow\" style=\"flex-basis:50%\">\n<p class=\"heading-left\">Syvent\u00e4v\u00e4 taso<\/p>\n<\/div>\n\n\n\n<div class=\"wp-block-column is-layout-flow wp-block-column-is-layout-flow\" style=\"flex-basis:50%\">\n<p class=\"heading-right\"><\/p>\n<\/div>\n<\/div>\n\n\n\n<div class=\"wp-block-columns accordion-content is-layout-flex wp-container-core-columns-is-layout-9d6595d7 wp-block-columns-is-layout-flex\">\n<div class=\"wp-block-column is-layout-flow wp-block-column-is-layout-flow\" style=\"flex-basis:100%\">\n<p><strong>Musiikkitaito 5a<\/strong><\/p>\n\n\n\n<p>Edelt\u00e4v\u00e4t opinnot: Musiikkitaito 3a ja 4a. Kurssin kesto puoli vuotta, 90 min. per vko. Sis\u00e4lt\u00f6: Tutustutaan eri nuottiavaimiin, asteikkoihin ja \u00e4\u00e4nenkuljetuksen perusteisiin sek\u00e4 analysoiden ett\u00e4 tuottaen ja harmonian soittamiseen sointuasteilla I IV ja V<sup>7<\/sup>. Harjoitellaan hy\u00f6dynt\u00e4m\u00e4\u00e4n teoria- ja harmoniataitoja pieniss\u00e4 sovitusteht\u00e4viss\u00e4.<\/p>\n\n\n\n<p><strong>Musiikkitaito 5b (valinnainen vaihtoehtoinen kurssi)<\/strong><\/p>\n\n\n\n<p>Edelt\u00e4v\u00e4t opinnot: Musiikkitaito 5a. Kurssin kesto puoli vuotta, 90 min. per vko. Valinnainen syvent\u00e4v\u00e4 musiikkitaitokurssi, jonka sis\u00e4lt\u00f6 liittyy musiikin s\u00e4velt\u00e4miseen, sovittamiseen tai teoriaan ja s\u00e4veltapailuun. Kurssin tarkempi sis\u00e4lt\u00f6 m\u00e4\u00e4r\u00e4ytyy ryhm\u00e4n harrastuneisuuden mukaan ja ilmoitetaan erikseen. Kurssi soveltuu erityisesti musiikin ammattiopintoihin suuntaaville.<\/p>\n\n\n\n<p><strong>Musiikkitaito 6a<\/strong><\/p>\n\n\n\n<p>Edelt\u00e4v\u00e4t opinnot: Musiikkitaito 5a tai 4a. Kurssin kesto puoli vuotta, 90 min. per vko. Kurssit voi suorittaa my\u00f6s j\u00e4rjestyksess\u00e4 6a \u2192 5a. Sis\u00e4lt\u00f6: Tutustutaan keskiajan ja renessanssin musiikkiin ja laajennetaan tietoutta barokista, klassismista ja romantiikasta. Uudemmista tyyleist\u00e4 tutustutaan impressionismiin, ekspressionismiin ja uusklassismiin. Konserttik\u00e4ynnit.<\/p>\n\n\n\n<p><strong>Musiikkitaito 6b (valinnainen vaihtoehtoinen kurssi)<\/strong><\/p>\n\n\n\n<p>Edelt\u00e4v\u00e4t opinnot: Musiikkitaito 6a. Kurssin kesto puoli vuotta, 90 min. per vko. Valinnainen syvent\u00e4v\u00e4 musiikkitaitokurssi, jonka sis\u00e4lt\u00f6 liittyy yleiseen musiikkitietoon, musiikin historiaan ja tyylikausiin. Kurssin tarkempi sis\u00e4lt\u00f6 m\u00e4\u00e4r\u00e4ytyy ryhm\u00e4n harrastuneisuuden mukaan ja ilmoitetaan erikseen.<\/p>\n<\/div>\n<\/div>\n<\/div>\n\n      <\/div>\n\n    <\/div>\n<\/div>\n","protected":false},"excerpt":{"rendered":"<p>Musiikkitaito Opiskelu Duurista molliin \u2012 musiikilliset k\u00e4sitteet tutuiksi musiikkitaidossa! Musiikin perus- ja syvent\u00e4viin opintoihin kuuluu sek\u00e4 kaikille yhteisi\u00e4 ett\u00e4 valinnaisia musiikkitaidon kursseja. Musiikkitaidon opetus on opetussuunnitelmaan kuuluvaa ryhm\u00e4opetusta, johon kaikki oppilaat osallistuvat. Perinteisten sekaryhmien lis\u00e4ksi opetusta annetaan eri toteuttamistavoilla: instrumenttikohtaisina ryhmin\u00e4, yhteisty\u00f6n\u00e4 orkestereiden kanssa ja musiikkiluokkakouluissa. Ryhm\u00e4opetuksessa yhteissoittoon p\u00e4\u00e4sev\u00e4t osallistumaan my\u00f6s ne oppilaat, joiden oma [&hellip;]<\/p>\n","protected":false},"author":9,"featured_media":0,"parent":307,"menu_order":2,"comment_status":"closed","ping_status":"closed","template":"","meta":{"inline_featured_image":false,"footnotes":""},"oppiaine":[],"class_list":["post-384","page","type-page","status-publish","hentry"],"_links":{"self":[{"href":"https:\/\/kuopionkonservatorio.fi\/fi\/wp-json\/wp\/v2\/pages\/384","targetHints":{"allow":["GET"]}}],"collection":[{"href":"https:\/\/kuopionkonservatorio.fi\/fi\/wp-json\/wp\/v2\/pages"}],"about":[{"href":"https:\/\/kuopionkonservatorio.fi\/fi\/wp-json\/wp\/v2\/types\/page"}],"author":[{"embeddable":true,"href":"https:\/\/kuopionkonservatorio.fi\/fi\/wp-json\/wp\/v2\/users\/9"}],"replies":[{"embeddable":true,"href":"https:\/\/kuopionkonservatorio.fi\/fi\/wp-json\/wp\/v2\/comments?post=384"}],"version-history":[{"count":0,"href":"https:\/\/kuopionkonservatorio.fi\/fi\/wp-json\/wp\/v2\/pages\/384\/revisions"}],"up":[{"embeddable":true,"href":"https:\/\/kuopionkonservatorio.fi\/fi\/wp-json\/wp\/v2\/pages\/307"}],"wp:attachment":[{"href":"https:\/\/kuopionkonservatorio.fi\/fi\/wp-json\/wp\/v2\/media?parent=384"}],"wp:term":[{"taxonomy":"oppiaine","embeddable":true,"href":"https:\/\/kuopionkonservatorio.fi\/fi\/wp-json\/wp\/v2\/oppiaine?post=384"}],"curies":[{"name":"wp","href":"https:\/\/api.w.org\/{rel}","templated":true}]}}