{"id":3694,"date":"2023-06-07T09:38:30","date_gmt":"2023-06-07T06:38:30","guid":{"rendered":"https:\/\/kuopionkonservatorio.fi\/?page_id=3694"},"modified":"2023-11-24T10:36:18","modified_gmt":"2023-11-24T08:36:18","slug":"slice-opiskelijakortti","status":"publish","type":"page","link":"https:\/\/kuopionkonservatorio.fi\/fi\/slice-opiskelijakortti\/","title":{"rendered":"Slice-opiskelijakortti"},"content":{"rendered":"\n<div class=\"wp-block-columns alignwide is-layout-flex wp-container-core-columns-is-layout-9d6595d7 wp-block-columns-is-layout-flex\">\n<div class=\"wp-block-column is-layout-flow wp-block-column-is-layout-flow\" style=\"flex-basis:33.33%\">\n<h2 class=\"wp-block-heading\">Slice-opiskelijakortti<\/h2>\n\n\n<div class=\"wp-block-image\">\n<figure class=\"aligncenter size-large is-resized\"><img decoding=\"async\" src=\"https:\/\/kuopionkonservatorio.fi\/wp-content\/uploads\/Kuopion-konservatorio-puhelin-534x1080.png\" alt=\"\u00c4lypuhelimen muotoinen kuva, jossa yl\u00e4osassa Lataa App Storesta -logo, hanki Google Play palvelusta -logo sek\u00e4 kuva jousisoittajista konsertissa. Kuvassa tekstit: Opiskelijaedut slice.fi opiskelijakortti. Kuopion konservatorion maksuton digitaalinen opiskelijakortti ja tuhannet opiskelijaedut halki Suomen. Alhaalla Suomalaista palvelua -logo ja Opiskelijamy\u00f6nteinen yritys -logo.\" class=\"wp-image-3699 no-lazyload\" style=\"width:251px;height:509px\" width=\"251\" height=\"509\" srcset=\"https:\/\/kuopionkonservatorio.fi\/wp-content\/uploads\/\/Kuopion-konservatorio-puhelin-534x1080.png 534w, https:\/\/kuopionkonservatorio.fi\/wp-content\/uploads\/\/Kuopion-konservatorio-puhelin-768x1553.png 768w, https:\/\/kuopionkonservatorio.fi\/wp-content\/uploads\/\/Kuopion-konservatorio-puhelin-759x1536.png 759w, https:\/\/kuopionkonservatorio.fi\/wp-content\/uploads\/\/Kuopion-konservatorio-puhelin.png 1820w\" sizes=\"(max-width: 251px) 100vw, 251px\" \/><\/figure>\n<\/div><\/div>\n\n\n\n<div class=\"wp-block-column is-layout-flow wp-block-column-is-layout-flow\" style=\"flex-basis:66.66%\">\n<h2 class=\"wp-block-heading has-ingressi-font-size\">Kuopion konservatorion digitaalinen opiskelijakortti<\/h2>\n\n\n\n<p>Kuopion konservatorion opiskelijana olet oikeutettu maksuttomaan digitaaliseen Slice-opiskelijakorttiin. Kortti toimii virallisena todistuksena opiskeluistasi Kuopion konservatoriossa.<\/p>\n\n\n\n<p>Opiskelijakortti oikeuttaa VR:n ja Matkahuollon etuihin sek\u00e4 tuhansiin muihin Slice-opiskelijaetuihin halki Suomen.\u00a0<\/p>\n\n\n\n<ul class=\"wp-block-list\">\n<li>Lataa Slice-sovellus puhelimeesi Google Playst\u00e4 tai AppStoresta.<\/li>\n\n\n\n<li>Saat ohjeet s\u00e4hk\u00f6postiisi digitaalisen Slice-opiskelijakortin aktivoimiseksi. Mik\u00e4li et saa viesti\u00e4, tarkista roskapostikansio ja ota tarvittaessa yhteys opintotoimistoon.<\/li>\n\n\n\n<li>Kortti on voimassa koko opiskeluidesi ajan Kuopion konservatoriossa.\u00a0<\/li>\n<\/ul>\n\n\n\n<p>Kun olet saanut kortin aktivoitua, muista hy\u00f6dynt\u00e4\u00e4 opiskelijaetusi ja ottaa ilo irti opiskeluistasi!<\/p>\n\n\n\n<h2 class=\"wp-block-heading has-ingressi-font-size\">Opiskelijakortin vaihtaminen uuteen puhelimeen<\/h2>\n\n\n\n<p>Mik\u00e4li vaihdat puhelinta, voit resetoida tunnuksesi osoitteessa<strong> <a href=\"https:\/\/www.feedcowboy.com\/asiakkaat\/slicefi\/resetoi\/?secure\" target=\"_blank\" rel=\"noreferrer noopener\">slice.fi\/resetoi<\/a><\/strong>. Sy\u00f6t\u00e4 lomakkeeseen Slicelle ilmoittamasi s\u00e4hk\u00f6postiosoite. Saat hetken kuluttua s\u00e4hk\u00f6postiisi linkin, jota klikkaamalla saat hetken kuluttua s\u00e4hk\u00f6postiisi uudet sovelluksen aktivointikoodit.&nbsp;<\/p>\n\n\n\n<p>Muissa ongelmatilanteissa ota yhteytt\u00e4 Slicen asiakaspalveluun <a href=\"mailto:info@slice.fi\" target=\"_blank\" rel=\"noreferrer noopener\"><strong>info@slice.fi<\/strong><\/a>.&nbsp;<\/p>\n\n\n\n<p>Lis\u00e4tiedot: <strong><a href=\"https:\/\/slice.fi\/fi\" target=\"_blank\" rel=\"noreferrer noopener\">slice.fi<\/a><\/strong>\u00a0<\/p>\n<\/div>\n<\/div>\n\n\n\n<p><\/p>\n","protected":false},"excerpt":{"rendered":"<p>Slice-opiskelijakortti Kuopion konservatorion digitaalinen opiskelijakortti Kuopion konservatorion opiskelijana olet oikeutettu maksuttomaan digitaaliseen Slice-opiskelijakorttiin. Kortti toimii virallisena todistuksena opiskeluistasi Kuopion konservatoriossa. Opiskelijakortti oikeuttaa VR:n ja Matkahuollon etuihin sek\u00e4 tuhansiin muihin Slice-opiskelijaetuihin halki Suomen.\u00a0 Kun olet saanut kortin aktivoitua, muista hy\u00f6dynt\u00e4\u00e4 opiskelijaetusi ja ottaa ilo irti opiskeluistasi! Opiskelijakortin vaihtaminen uuteen puhelimeen Mik\u00e4li vaihdat puhelinta, voit resetoida tunnuksesi [&hellip;]<\/p>\n","protected":false},"author":9,"featured_media":0,"parent":0,"menu_order":0,"comment_status":"closed","ping_status":"closed","template":"","meta":{"inline_featured_image":false,"footnotes":""},"oppiaine":[],"class_list":["post-3694","page","type-page","status-publish","hentry"],"_links":{"self":[{"href":"https:\/\/kuopionkonservatorio.fi\/fi\/wp-json\/wp\/v2\/pages\/3694","targetHints":{"allow":["GET"]}}],"collection":[{"href":"https:\/\/kuopionkonservatorio.fi\/fi\/wp-json\/wp\/v2\/pages"}],"about":[{"href":"https:\/\/kuopionkonservatorio.fi\/fi\/wp-json\/wp\/v2\/types\/page"}],"author":[{"embeddable":true,"href":"https:\/\/kuopionkonservatorio.fi\/fi\/wp-json\/wp\/v2\/users\/9"}],"replies":[{"embeddable":true,"href":"https:\/\/kuopionkonservatorio.fi\/fi\/wp-json\/wp\/v2\/comments?post=3694"}],"version-history":[{"count":0,"href":"https:\/\/kuopionkonservatorio.fi\/fi\/wp-json\/wp\/v2\/pages\/3694\/revisions"}],"wp:attachment":[{"href":"https:\/\/kuopionkonservatorio.fi\/fi\/wp-json\/wp\/v2\/media?parent=3694"}],"wp:term":[{"taxonomy":"oppiaine","embeddable":true,"href":"https:\/\/kuopionkonservatorio.fi\/fi\/wp-json\/wp\/v2\/oppiaine?post=3694"}],"curies":[{"name":"wp","href":"https:\/\/api.w.org\/{rel}","templated":true}]}}