{"id":327,"date":"2021-11-18T12:27:04","date_gmt":"2021-11-18T10:27:04","guid":{"rendered":"https:\/\/kuopionkonservatorio.letm.com\/?page_id=327"},"modified":"2026-03-09T12:46:24","modified_gmt":"2026-03-09T10:46:24","slug":"kamarimusiikki-orkesterit-ja-kuorot","status":"publish","type":"page","link":"https:\/\/kuopionkonservatorio.fi\/fi\/musiikki-harrastuksena\/klassisen-musiikin-opinnot\/kamarimusiikki-orkesterit-ja-kuorot\/","title":{"rendered":"Kamarimusiikki, orkesterit, kuorot, lasten ja nuorten lied"},"content":{"rendered":"\n<div class=\"wp-block-columns alignwide is-layout-flex wp-container-core-columns-is-layout-9d6595d7 wp-block-columns-is-layout-flex\">\n<div class=\"wp-block-column is-layout-flow wp-block-column-is-layout-flow\" style=\"flex-basis:33.33%\">\n<h2 class=\"wp-block-heading\" id=\"kamarimusiikki-orkesterit-ja-kuorot\">Kamarimusiikki, orkesterit, kuorot, lasten ja nuorten lied<\/h2>\n\n\n<ul class=\"relatives\"><li class=\"page_item page-item-384\"><a href=\"https:\/\/kuopionkonservatorio.fi\/fi\/musiikki-harrastuksena\/klassisen-musiikin-opinnot\/klassisen-musiikin-musiikkitaito\/\">Klassisen musiikin musiikkitaito<\/a><\/li>\n<li class=\"page_item page-item-1473\"><a href=\"https:\/\/kuopionkonservatorio.fi\/fi\/musiikki-harrastuksena\/klassisen-musiikin-opinnot\/opettajat-ja-opetuspisteet\/\">Opettajat ja opetuspisteet<\/a><\/li>\n<\/ul>\n<\/div>\n\n\n\n<div class=\"wp-block-column is-layout-flow wp-block-column-is-layout-flow\" style=\"flex-basis:66.66%\">\n<p class=\"has-ingressi-font-size\">Yhdess\u00e4 soittamisen ja laulamisen riemua sek\u00e4 esiintymisen el\u00e4myksi\u00e4!<\/p>\n\n\n\n<h2 class=\"wp-block-heading has-ingressi-font-size\" id=\"kamarimusiikki\">Kamarimusiikki<\/h2>\n\n\n\n<p>Kuopion konservatoriossa yhteismusisoidaan erilaisissa kamarimusiikkikokoonpanoissa siit\u00e4 l\u00e4htien, kun soittotaidot sen mahdollistavat. Kamarimusiikkiyhtyeet esiintyv\u00e4t ahkerasti oppilaitoksen konserteissa. Helmikuinen Talvikamari-tapahtuma on kamarimusiikin vuosittainen suurkatselmus.<\/p>\n\n\n\n<ul class=\"wp-block-list\">\n<li>Yhteismusisointi voi olla periodi- tai projektiluonteista tai useita vuosia kest\u00e4v\u00e4\u00e4 s\u00e4\u00e4nn\u00f6llist\u00e4 ja pitk\u00e4j\u00e4nteist\u00e4 ty\u00f6skentely\u00e4.<\/li>\n\n\n\n<li>P\u00e4\u00e4aineen opettajat vastaavat omien oppilaidensa ohjaamisesta yhteismusisointiin.<\/li>\n<\/ul>\n\n\n\n<h2 class=\"wp-block-heading has-ingressi-font-size\" id=\"orkesterit\">Orkesterit<\/h2>\n\n\n\n<p>Kuopiossa toimii useita eri-ik\u00e4isille oppilaille tarkoitettuja jousiorkestereita. Kaikki orkesterit harjoittelevat viikoittain ja esiintyv\u00e4t v\u00e4hint\u00e4\u00e4n kahdesti lukuvuoden aikana. My\u00f6s jokaisessa muussa toimipisteess\u00e4 on jousiorkesteri tai \u2013ryhm\u00e4. Kuopiossa toimivien konservatorion jousiorkestereiden (Primo-orkesteri, Juniorijouset ja Kamarijouset) toimintaan on integroitu musiikkitaito-opetus, jolloin oppilaat saavat orkesteriin osallistumalla my\u00f6s musiikkitaitosuoritukset.<\/p>\n\n\n\n      <div class=\"wp-block-letm-blocks-accordion\">\n        \n\n<div class=\"wp-block-letm-blocks-accordion-single-row\">\n<div class=\"wp-block-columns accordion-head has-musta-color has-vaaleanpunainen-background-color has-text-color has-background is-layout-flex wp-container-core-columns-is-layout-9d6595d7 wp-block-columns-is-layout-flex\">\n<div class=\"wp-block-column is-layout-flow wp-block-column-is-layout-flow\" style=\"flex-basis:50%\">\n<p class=\"heading-left\">Primo-orkesteri<\/p>\n<\/div>\n\n\n\n<div class=\"wp-block-column is-layout-flow wp-block-column-is-layout-flow\" style=\"flex-basis:50%\">\n<p class=\"heading-right\"><\/p>\n<\/div>\n<\/div>\n\n\n\n<div class=\"wp-block-columns accordion-content is-layout-flex wp-container-core-columns-is-layout-9d6595d7 wp-block-columns-is-layout-flex\">\n<div class=\"wp-block-column is-layout-flow wp-block-column-is-layout-flow\" style=\"flex-basis:100%\">\n<p>Primo-orkesterissa soittavat jousisoittimien vasta-alkajat, joilla ei viel\u00e4 ole p\u00e4\u00e4aineessaan taidonn\u00e4ytteit\u00e4. Primoa opettavat Sonja Koistinen ja Leena Muona. Musiikkitaitoa opettavat Kirsi Meriranta ja Aino Konttinen. Stemmiksi\u00e4 opettavat Sonja Koistinen (alttoviulu ja 1.viulu), Leena Muona (2.viulu), Laura Muona (sello) ja Kiira Siikavirta (kontrabasso).<\/p>\n\n\n\n<p>Primo-orkesteri harjoittelee maanantaisin klo 16.00-18.00 Musiikkikeskuksen Kamarimusiikkisalissa.<\/p>\n\n\n\n<p><a href=\"https:\/\/kuopionkonservatorio.fi\/wp-content\/uploads\/Primon-aikataulu3.jakso26.pdf\"><strong>Primo-orkesterin aikataulu, 3. jakso 2026<\/strong><\/a><\/p>\n<\/div>\n<\/div>\n<\/div>\n\n\n\n<div class=\"wp-block-letm-blocks-accordion-single-row\">\n<div class=\"wp-block-columns accordion-head has-background is-layout-flex wp-container-core-columns-is-layout-9d6595d7 wp-block-columns-is-layout-flex\" style=\"background-color:#eddce4\">\n<div class=\"wp-block-column is-layout-flow wp-block-column-is-layout-flow\" style=\"flex-basis:50%\">\n<p class=\"heading-left\">Juniorijouset<\/p>\n<\/div>\n\n\n\n<div class=\"wp-block-column is-layout-flow wp-block-column-is-layout-flow\" style=\"flex-basis:50%\">\n<p class=\"heading-right\"><\/p>\n<\/div>\n<\/div>\n\n\n\n<div class=\"wp-block-columns accordion-content is-layout-flex wp-container-core-columns-is-layout-9d6595d7 wp-block-columns-is-layout-flex\">\n<div class=\"wp-block-column is-layout-flow wp-block-column-is-layout-flow\" style=\"flex-basis:100%\">\n<p>Juniorijouset-orkesterin soittajat ovat suorittaneet p\u00e4\u00e4aineen alkutason. Juniorijousia ohjaavat Tuomas Untamala, Lotta Peltom\u00e4ki, Leena Muona, Kiira Siikavirta, Aino Konttinen ja Kirsi Meriranta.<\/p>\n\n\n\n<p>Orkesteri harjoittelee maanantaisin klo 16.00\u201318.15 Kuopion Musiikkikeskuksen Kamarimusiikkisalissa.<\/p>\n\n\n\n<p><a href=\"https:\/\/kuopionkonservatorio.fi\/wp-content\/uploads\/Juniorijouset-aikataulu-1.-jakso-2025.pdf\"><strong>Juniorijouset aikataulu 1. jakso 2025<\/strong><\/a><\/p>\n<\/div>\n<\/div>\n<\/div>\n\n\n\n<div class=\"wp-block-letm-blocks-accordion-single-row\">\n<div class=\"wp-block-columns accordion-head has-background is-layout-flex wp-container-core-columns-is-layout-9d6595d7 wp-block-columns-is-layout-flex\" style=\"background-color:#eddce4\">\n<div class=\"wp-block-column is-layout-flow wp-block-column-is-layout-flow\" style=\"flex-basis:50%\">\n<p class=\"heading-left\">Kamarijouset<\/p>\n<\/div>\n\n\n\n<div class=\"wp-block-column is-layout-flow wp-block-column-is-layout-flow\" style=\"flex-basis:50%\">\n<p class=\"heading-right\"><\/p>\n<\/div>\n<\/div>\n\n\n\n<div class=\"wp-block-columns accordion-content is-layout-flex wp-container-core-columns-is-layout-9d6595d7 wp-block-columns-is-layout-flex\">\n<div class=\"wp-block-column is-layout-flow wp-block-column-is-layout-flow\" style=\"flex-basis:100%\">\n<p>Kamarijousten soittajat ovat suorittaneet soittimessaan keskitason, joten ohjelmisto on vaativampaa kuin Juniorijousissa. Kamarijousten kokoonpanoa laajennetaan tarpeen mukaan my\u00f6s muilla kuin jousisoittimilla. Orkesteria ohjaavat Tuomas Untamala, Lotta Peltom\u00e4ki, Mikko V\u00e4is\u00e4nen, Kiira Siikavirta ja&nbsp; Riikka Pellinen.<\/p>\n\n\n\n<p>Orkesteri&nbsp;harjoittelee tiistaisin klo 16.00\u201318.00 Kuopion Musiikkikeskuksen Kamarimusiikkisalissa.<\/p>\n\n\n\n<p><a href=\"https:\/\/kuopionkonservatorio.fi\/wp-content\/uploads\/Kamarijouset-aikataulu-alkukevat-2026.pdf\"><strong>Kamarijouset aikataulu alkukev\u00e4t 2026<\/strong><\/a><\/p>\n<\/div>\n<\/div>\n<\/div>\n\n\n\n<div class=\"wp-block-letm-blocks-accordion-single-row\">\n<div class=\"wp-block-columns accordion-head has-background is-layout-flex wp-container-core-columns-is-layout-9d6595d7 wp-block-columns-is-layout-flex\" style=\"background-color:#eddce4\">\n<div class=\"wp-block-column is-layout-flow wp-block-column-is-layout-flow\" style=\"flex-basis:50%\">\n<p class=\"heading-left\">Puhallinorkesterit<\/p>\n<\/div>\n\n\n\n<div class=\"wp-block-column is-layout-flow wp-block-column-is-layout-flow\" style=\"flex-basis:50%\">\n<p class=\"heading-right\"><\/p>\n<\/div>\n<\/div>\n\n\n\n<div class=\"wp-block-columns accordion-content is-layout-flex wp-container-core-columns-is-layout-9d6595d7 wp-block-columns-is-layout-flex\">\n<div class=\"wp-block-column is-layout-flow wp-block-column-is-layout-flow\" style=\"flex-basis:100%\">\n<p><meta charset=\"utf-8\">Puhaltajien yhteismusisointi tapahtuu suurimmaksi osaksi paikallisissa puhallinorkestereissa, joiden kanssa konservatorio tekee yhteisty\u00f6t\u00e4. Kuopiossa yhteistoimintaorkesterit ovat Haapaniemen Nuorisopuhallinorkesteri, Rajalan Puhaltajat ja Pohjantien Nuorisopuhallinorkesteri, Juankoskella Juantehtaan soittajat.<\/p>\n<\/div>\n<\/div>\n<\/div>\n\n\n\n<div class=\"wp-block-letm-blocks-accordion-single-row\">\n<div class=\"wp-block-columns accordion-head has-background is-layout-flex wp-container-core-columns-is-layout-9d6595d7 wp-block-columns-is-layout-flex\" style=\"background-color:#eddce4\">\n<div class=\"wp-block-column is-layout-flow wp-block-column-is-layout-flow\" style=\"flex-basis:50%\">\n<p class=\"heading-left\"><meta charset=\"utf-8\">Kansanmusiikkiorkesteri<\/p>\n<\/div>\n\n\n\n<div class=\"wp-block-column is-layout-flow wp-block-column-is-layout-flow\" style=\"flex-basis:50%\">\n<p class=\"heading-right\"><\/p>\n<\/div>\n<\/div>\n\n\n\n<div class=\"wp-block-columns accordion-content is-layout-flex wp-container-core-columns-is-layout-9d6595d7 wp-block-columns-is-layout-flex\">\n<div class=\"wp-block-column is-layout-flow wp-block-column-is-layout-flow\" style=\"flex-basis:100%\">\n<p>Kokoontuu tiistaisin Kuopion Musiikkikeskuksen luokassa 205 klo 15.45\u201317.00.<\/p>\n\n\n\n<p>Kansanmusiikkiorkesteri on tarkoitettu niin vasta-alkajille kuin pidemm\u00e4lle soittoharrastuksessa ehtineille soittajille. Orkesteriin voi osallistua kun osaa oman soittimensa perusteet eli saa instrumentistaan \u00e4\u00e4nen ja tiet\u00e4\u00e4 miten sit\u00e4 k\u00e4ytet\u00e4\u00e4n. Kansanmusiikkiorkesterissa ideana on koota yhteen eritasoiset soittajat ja tarjota n\u00e4in yhteismusisointimahdollisuuksia my\u00f6s aivan soittotaipaleen alussa oleville soittajille. Opetuksessa hy\u00f6dynnet\u00e4\u00e4n kansanmusiikille ominaista korvakuulo-oppimista ja mukana kulkee olennaisena osana my\u00f6s laulu, improvisointi ja muuntelu. Orkesteria ohjaavat Anna ja Antti Janka-Murros. <\/p>\n\n\n\n<p>Haluatko tulla tutustumaan tai osallistua kansanmusiikkiorkesteriin? Lis\u00e4tietoja ja ilmoittautuminen Anna tai Antti Janka-Murrokselle.<br>anna.janka-murros@kuopionkonservatorio.fi \/ antti.janka-murros@kuopionkonservatorio.fi<\/p>\n<\/div>\n<\/div>\n<\/div>\n\n\n\n<div class=\"wp-block-letm-blocks-accordion-single-row\">\n<div class=\"wp-block-columns accordion-head has-background is-layout-flex wp-container-core-columns-is-layout-9d6595d7 wp-block-columns-is-layout-flex\" style=\"background-color:#eddce4\">\n<div class=\"wp-block-column is-layout-flow wp-block-column-is-layout-flow\" style=\"flex-basis:50%\">\n<p class=\"heading-left\"><meta charset=\"utf-8\">AmKo-Sinfonia<\/p>\n<\/div>\n\n\n\n<div class=\"wp-block-column is-layout-flow wp-block-column-is-layout-flow\" style=\"flex-basis:50%\">\n<p class=\"heading-right\"><\/p>\n<\/div>\n<\/div>\n\n\n\n<div class=\"wp-block-columns accordion-content is-layout-flex wp-container-core-columns-is-layout-9d6595d7 wp-block-columns-is-layout-flex\">\n<div class=\"wp-block-column is-layout-flow wp-block-column-is-layout-flow\" style=\"flex-basis:100%\">\n<p><meta charset=\"utf-8\">Suurin orkesteri AmKo-Sinfonia toimii periodeittain. Kokoonpano on klassinen sinfoniaorkesteri kaikkine soitinryhmineen. Soittajisto koostuu konservatorion ammatillisen koulutuksen ja Savonia-ammattikorkeakoulun opiskelijoista sek\u00e4 konservatorion edistyneimmist\u00e4 musiikin perusopetuksen oppilaista. Orkesterin p\u00e4\u00e4kapellimestarina toimii Savonia-amk:n Musiikin ja tanssin yksik\u00f6n lehtori Rauno Tikkanen, mutta orkesteria johtavat ajoittain my\u00f6s muut kapellimestarit.<\/p>\n<\/div>\n<\/div>\n<\/div>\n\n      <\/div>\n\n    \n\n\n<h2 class=\"wp-block-heading has-ingressi-font-size\" id=\"kuorot\">Kuorot<\/h2>\n\n\n\n      <div class=\"wp-block-letm-blocks-accordion\">\n        \n\n<div class=\"wp-block-letm-blocks-accordion-single-row\">\n<div class=\"wp-block-columns accordion-head has-huurre-background-color has-background is-layout-flex wp-container-core-columns-is-layout-9d6595d7 wp-block-columns-is-layout-flex\">\n<div class=\"wp-block-column is-layout-flow wp-block-column-is-layout-flow\" style=\"flex-basis:50%\">\n<p class=\"heading-left\">Lapsikuoro (noin 6\u20138-vuotiaat)<\/p>\n<\/div>\n\n\n\n<div class=\"wp-block-column is-layout-flow wp-block-column-is-layout-flow\" style=\"flex-basis:50%\">\n<p class=\"heading-right\"><\/p>\n<\/div>\n<\/div>\n\n\n\n<div class=\"wp-block-columns accordion-content is-layout-flex wp-container-core-columns-is-layout-9d6595d7 wp-block-columns-is-layout-flex\">\n<div class=\"wp-block-column is-layout-flow wp-block-column-is-layout-flow\" style=\"flex-basis:100%\">\n<p>Lapsikuorossa lauletaan tuttuja ja uudempiakin lastenlauluja yhdess\u00e4 kuorokavereiden kanssa. Kuorossa my\u00f6s leikit\u00e4\u00e4n ja liikutaan, opetellaan uusia lauluja ja musiikkitaitoja, sek\u00e4 ilmaisua ja esiintymist\u00e4 monipuolisia ja toiminnallisia ty\u00f6tapoja k\u00e4ytt\u00e4en.<\/p>\n\n\n\n<p>Lapsikuoro on avoin kaikille. Se voi toimia yhteismusisointiryhm\u00e4n\u00e4 perusopetuksen laulajille ja soittajille tai kuoroon voi osallistua, vaikka ei olisikaan harrastanut musiikkia aikaisemmin. Lapsikuoron koko voi vaihdella ilmoittautujien m\u00e4\u00e4r\u00e4n mukaan. Perusopetuksen oppilailla kuoro sis\u00e4ltyy lukukausimaksuun.<\/p>\n\n\n\n<p>Lapsikuoroon ei ole p\u00e4\u00e4sykoetta. Kuoroon ilmoittaudutaan Wilman kautta varhaisi\u00e4n opintojen&nbsp;<a href=\"http:\/\/www.kuopionkonservatorio.fi\/hakeminen\">hakuaikana<\/a>. Jatkavat oppilaat ja perusopetuksen oppilaat voivat ilmoittautua my\u00f6s suoraan opettajalle.<\/p>\n\n\n\n<p>Lapsikuororyhmi\u00e4 kokoontuu kaksi:<\/p>\n\n\n\n<ul class=\"wp-block-list\">\n<li>Kuopiossa keskiviikkoisin 16.45\u201317.30<\/li>\n\n\n\n<li>Siilinj\u00e4rvell\u00e4 tiistaisin 16.00\u201316.45<\/li>\n<\/ul>\n\n\n\n<p>Kuoroja ohjaa laulunopettaja Mirja Juvonen.<\/p>\n<\/div>\n<\/div>\n<\/div>\n\n\n\n<div class=\"wp-block-letm-blocks-accordion-single-row\">\n<div class=\"wp-block-columns accordion-head has-huurre-background-color has-background is-layout-flex wp-container-core-columns-is-layout-9d6595d7 wp-block-columns-is-layout-flex\">\n<div class=\"wp-block-column is-layout-flow wp-block-column-is-layout-flow\" style=\"flex-basis:50%\">\n<p class=\"heading-left\">Kuoro (noin 9\u201312-vuotiaat)<\/p>\n<\/div>\n\n\n\n<div class=\"wp-block-column is-layout-flow wp-block-column-is-layout-flow\" style=\"flex-basis:50%\">\n<p class=\"heading-right\"><\/p>\n<\/div>\n<\/div>\n\n\n\n<div class=\"wp-block-columns accordion-content is-layout-flex wp-container-core-columns-is-layout-9d6595d7 wp-block-columns-is-layout-flex\">\n<div class=\"wp-block-column is-layout-flow wp-block-column-is-layout-flow\" style=\"flex-basis:100%\">\n<p>Kuorossa saat nauttia laulamisesta ja kehitt\u00e4\u00e4 laulutaitojasi yhdess\u00e4 laulukavereittesi kanssa. P\u00e4\u00e4set kehitt\u00e4m\u00e4\u00e4n omaa laulu\u00e4\u00e4nt\u00e4si ja oppimaan uusia lauluja sek\u00e4 musiikkitaitoja, ilmaisua ja esiintymist\u00e4. Kuoro antaa my\u00f6s mahdollisuuden tutustua uusiin kavereihin.<\/p>\n\n\n\n<p>Kuoro on avoin kaikille. Se voi olla jatkona lapsikuorolle tai toimia yhteismusisointiryhm\u00e4n\u00e4 perusopetuksen laulajille ja soittajille. Voit my\u00f6s osallistua kuoroon, vaikka et olisi harrastanut musiikkia aikaisemmin. Kuoron koko voi vaihdella ilmoittautujien m\u00e4\u00e4r\u00e4n mukaan. Perusopetuksen oppilailla kuoro sis\u00e4ltyy lukukausimaksuun.<\/p>\n\n\n\n<p>Kuoroon ei ole p\u00e4\u00e4sykoetta. Kuoroon ilmoittaudutaan Wilman kautta varhaisi\u00e4n opintojen <a href=\"http:\/\/www.kuopionkonservatorio.fi\/hakeminen\">hakuaikana<\/a>. Jatkavat oppilaat ja perusopetuksen oppilaat voivat ilmoittautua my\u00f6s suoraan opettajalle.<\/p>\n\n\n\n<p>Kuororyhmi\u00e4 kokoontuu kaksi:<\/p>\n\n\n\n<ul class=\"wp-block-list\">\n<li>Kuopiossa keskiviikkoisin 16.00\u201316.45<\/li>\n\n\n\n<li>Siilinj\u00e4rvell\u00e4 tiistaisin 16.45\u201317.30<\/li>\n<\/ul>\n\n\n\n<p>Kuoroja ohjaa laulunopettaja Mirja Juvonen.<\/p>\n<\/div>\n<\/div>\n<\/div>\n\n      <\/div>\n\n    \n\n\n<h2 class=\"wp-block-heading has-ingressi-font-size\">Lasten ja nuorten lied<\/h2>\n\n\n\n      <div class=\"wp-block-letm-blocks-accordion\">\n        \n\n<div class=\"wp-block-letm-blocks-accordion-single-row\">\n<div class=\"wp-block-columns accordion-head has-vaaleanvihrea-background-color has-background is-layout-flex wp-container-core-columns-is-layout-9d6595d7 wp-block-columns-is-layout-flex\">\n<div class=\"wp-block-column is-layout-flow wp-block-column-is-layout-flow\" style=\"flex-basis:50%\">\n<p class=\"heading-left\">Lasten lied (noin 7\u201313-vuotiaat)<\/p>\n<\/div>\n\n\n\n<div class=\"wp-block-column is-layout-flow wp-block-column-is-layout-flow\" style=\"flex-basis:50%\">\n<p class=\"heading-right\"><\/p>\n<\/div>\n<\/div>\n\n\n\n<div class=\"wp-block-columns accordion-content is-layout-flex wp-container-core-columns-is-layout-9d6595d7 wp-block-columns-is-layout-flex\">\n<div class=\"wp-block-column is-layout-flow wp-block-column-is-layout-flow\" style=\"flex-basis:100%\">\n<p>Lied on laulajan ja pianistin duolle s\u00e4velletty\u00e4 musiikkia, jonka parissa ty\u00f6skennell\u00e4\u00e4n konservatorion lasten liediss\u00e4 ryhm\u00e4n\u00e4. Liedopetus tarjoaa&nbsp;mahdollisuuden laulaa ja soittaa yhdess\u00e4, keskitty\u00e4 musiikin&nbsp;ilmaisuun ja tulkintaan,&nbsp;esiinty\u00e4, tutustua uusiin kavereihin ja kokea yhteis\u00f6llisyytt\u00e4 musiikkiharrastuksen parissa. Ryhm\u00e4 on suunnattu konservatorion perusopetuksen oppilaille, ja se sis\u00e4ltyy perusopetuksen lukukausimaksuun.&nbsp;<\/p>\n\n\n\n<p>Pianisteilla edellytyksen\u00e4 ryhm\u00e4\u00e4n osallistumiselle on jo suoritettu (tai pian l\u00e4hestyv\u00e4) alkutason taidonn\u00e4yte. Laulajaksi ovat tervetulleita kaikki kiinnostuneet p\u00e4\u00e4instrumentista riippumatta, eik\u00e4 aikaisempia lauluopintoja edellytet\u00e4! Ohjelmistona k\u00e4ytet\u00e4\u00e4n lasten- ja kansanlaulutyylisi\u00e4 kappaleita.<\/p>\n\n\n\n<p>Liedryhm\u00e4 kokoontuu keskiviikkoisin klo 18\u201319 Musiikkikeskuksen Tutkintosalissa. Opetusta on lukukauden alussa noin kahden viikon v\u00e4lein ja syys-\/hiihtolomasta alkaen viikoittain lukukauden loppuun saakka. Tarkemmat opetusp\u00e4iv\u00e4t ilmoitetaan lukukauden alussa.&nbsp;<\/p>\n\n\n\n<p>Lasten ja nuorten liedin opettajina toimivat laulunopettaja Mirja Juvonen ja pianonsoiton opettaja Laura Pulkka. Kysy rohkeasti lis\u00e4tietoja!<\/p>\n<\/div>\n<\/div>\n<\/div>\n\n\n\n<div class=\"wp-block-letm-blocks-accordion-single-row\">\n<div class=\"wp-block-columns accordion-head has-vaaleanvihrea-background-color has-background is-layout-flex wp-container-core-columns-is-layout-9d6595d7 wp-block-columns-is-layout-flex\">\n<div class=\"wp-block-column is-layout-flow wp-block-column-is-layout-flow\" style=\"flex-basis:50%\">\n<p class=\"heading-left\">Nuorten lied (noin 13\u201318-vuotiaat)<\/p>\n<\/div>\n\n\n\n<div class=\"wp-block-column is-layout-flow wp-block-column-is-layout-flow\" style=\"flex-basis:50%\">\n<p class=\"heading-right\"><\/p>\n<\/div>\n<\/div>\n\n\n\n<div class=\"wp-block-columns accordion-content is-layout-flex wp-container-core-columns-is-layout-9d6595d7 wp-block-columns-is-layout-flex\">\n<div class=\"wp-block-column is-layout-flow wp-block-column-is-layout-flow\" style=\"flex-basis:100%\">\n<p>Nuorten liedparien opetus j\u00e4rjestet\u00e4\u00e4n jokaiselle parille yksil\u00f6llisesti, ja tarkempi toteutus suunnitellaan yhdess\u00e4 ilmoittautuneiden kanssa. Opetukseen kuuluu parien omien tuntien lis\u00e4ksi ryhm\u00e4tunteja silloin t\u00e4ll\u00f6in.&nbsp;<\/p>\n\n\n\n<p>Lasten ja nuorten liedin opettajina toimivat laulunopettaja Mirja Juvonen ja pianonsoiton opettaja Laura Pulkka. Kysy rohkeasti lis\u00e4tietoja!<\/p>\n<\/div>\n<\/div>\n<\/div>\n\n      <\/div>\n\n    \n\n\n<p><\/p>\n<\/div>\n<\/div>\n\n\n\n<p><\/p>\n","protected":false},"excerpt":{"rendered":"<p>Kamarimusiikki, orkesterit, kuorot, lasten ja nuorten lied Yhdess\u00e4 soittamisen ja laulamisen riemua sek\u00e4 esiintymisen el\u00e4myksi\u00e4! Kamarimusiikki Kuopion konservatoriossa yhteismusisoidaan erilaisissa kamarimusiikkikokoonpanoissa siit\u00e4 l\u00e4htien, kun soittotaidot sen mahdollistavat. Kamarimusiikkiyhtyeet esiintyv\u00e4t ahkerasti oppilaitoksen konserteissa. Helmikuinen Talvikamari-tapahtuma on kamarimusiikin vuosittainen suurkatselmus. Orkesterit Kuopiossa toimii useita eri-ik\u00e4isille oppilaille tarkoitettuja jousiorkestereita. Kaikki orkesterit harjoittelevat viikoittain ja esiintyv\u00e4t v\u00e4hint\u00e4\u00e4n kahdesti lukuvuoden [&hellip;]<\/p>\n","protected":false},"author":9,"featured_media":0,"parent":307,"menu_order":1,"comment_status":"closed","ping_status":"closed","template":"","meta":{"inline_featured_image":false,"footnotes":""},"oppiaine":[],"class_list":["post-327","page","type-page","status-publish","hentry"],"_links":{"self":[{"href":"https:\/\/kuopionkonservatorio.fi\/fi\/wp-json\/wp\/v2\/pages\/327","targetHints":{"allow":["GET"]}}],"collection":[{"href":"https:\/\/kuopionkonservatorio.fi\/fi\/wp-json\/wp\/v2\/pages"}],"about":[{"href":"https:\/\/kuopionkonservatorio.fi\/fi\/wp-json\/wp\/v2\/types\/page"}],"author":[{"embeddable":true,"href":"https:\/\/kuopionkonservatorio.fi\/fi\/wp-json\/wp\/v2\/users\/9"}],"replies":[{"embeddable":true,"href":"https:\/\/kuopionkonservatorio.fi\/fi\/wp-json\/wp\/v2\/comments?post=327"}],"version-history":[{"count":0,"href":"https:\/\/kuopionkonservatorio.fi\/fi\/wp-json\/wp\/v2\/pages\/327\/revisions"}],"up":[{"embeddable":true,"href":"https:\/\/kuopionkonservatorio.fi\/fi\/wp-json\/wp\/v2\/pages\/307"}],"wp:attachment":[{"href":"https:\/\/kuopionkonservatorio.fi\/fi\/wp-json\/wp\/v2\/media?parent=327"}],"wp:term":[{"taxonomy":"oppiaine","embeddable":true,"href":"https:\/\/kuopionkonservatorio.fi\/fi\/wp-json\/wp\/v2\/oppiaine?post=327"}],"curies":[{"name":"wp","href":"https:\/\/api.w.org\/{rel}","templated":true}]}}