{"id":317,"date":"2021-11-16T15:07:24","date_gmt":"2021-11-16T13:07:24","guid":{"rendered":"https:\/\/kuopionkonservatorio.letm.com\/?page_id=317"},"modified":"2026-03-12T11:02:46","modified_gmt":"2026-03-12T09:02:46","slug":"rytmimusiikin-opinnot","status":"publish","type":"page","link":"https:\/\/kuopionkonservatorio.fi\/fi\/musiikki-harrastuksena\/rytmimusiikin-opinnot\/","title":{"rendered":"Rytmimusiikin opinnot"},"content":{"rendered":"\n<div class=\"wp-block-cover alignfull is-light\" style=\"min-height:300px;aspect-ratio:unset;\"><video class=\"wp-block-cover__video-background intrinsic-ignore\" autoplay muted loop playsinline src=\"https:\/\/kuopionkonservatorio.fi\/wp-content\/uploads\/Rytmimusiikin-opinnot_hero_v_2_pakattu.mp4\" style=\"object-position:50% 35%\" data-object-fit=\"cover\" data-object-position=\"50% 35%\"><\/video><span aria-hidden=\"true\" class=\"wp-block-cover__background has-background-dim-0 has-background-dim\"><\/span><div class=\"wp-block-cover__inner-container is-layout-flow wp-block-cover-is-layout-flow\">\n<p class=\"has-text-align-center has-large-font-size\"><\/p>\n<\/div><\/div>\n\n\n\n<div class=\"wp-block-group alignwide mb-5\"><div class=\"wp-block-group__inner-container is-layout-flow wp-block-group-is-layout-flow\"><div class=\"breadcrumbs align  wp-block-bcn-breadcrumb-trail has-text-color has-background\" vocab=\"https:\/\/schema.org\/\" typeof=\"BreadcrumbList\">\n\t<span><\/span>\n\t<span property=\"itemListElement\" typeof=\"ListItem\"><a property=\"item\" typeof=\"WebPage\" title=\"Go to Kuopion konservatorio.\" href=\"https:\/\/kuopionkonservatorio.fi\/fi\/\" class=\"home\" aria-current=\"page\"><i class=\"inline-block mr-1 has-black-color bi bi-house\"><\/i><\/a><meta property=\"position\" content=\"1\"><\/span><\/div>\n<\/div><\/div>\n\n\n\n<div class=\"wp-block-columns alignwide is-layout-flex wp-container-core-columns-is-layout-9d6595d7 wp-block-columns-is-layout-flex\">\n<div class=\"wp-block-column is-layout-flow wp-block-column-is-layout-flow\" style=\"flex-basis:33.33%\">\n<h2 class=\"wp-block-heading\" id=\"rytmimusiikin-opinnot\">Rytmimusiikin opinnot<\/h2>\n\n\n<ul class=\"relatives\"><li class=\"page_item page-item-387\"><a href=\"https:\/\/kuopionkonservatorio.fi\/fi\/musiikki-harrastuksena\/rytmimusiikin-opinnot\/rytmimusiikin-musiikkitaito\/\">Rytmimusiikin musiikkitaito<\/a><\/li>\n<li class=\"page_item page-item-1576\"><a href=\"https:\/\/kuopionkonservatorio.fi\/fi\/musiikki-harrastuksena\/rytmimusiikin-opinnot\/opettajat-ja-opetuspisteet\/\">Opettajat ja opetuspisteet<\/a><\/li>\n<\/ul>\n\n\n\n<h5 class=\"wp-block-heading has-harmaa-color has-text-color\">Opiskelu<\/h5>\n\n\n\n<ul class=\"wp-block-list linkkilista\">\n<li><a href=\"https:\/\/kuopionkonservatorio.fi\/hakeminen\/\">Hakeminen<\/a><\/li>\n\n\n\n<li><a href=\"https:\/\/kuopionkonservatorio.fi\/lomakkeet\/\">Lomakkeet<\/a><\/li>\n\n\n\n<li><a href=\"https:\/\/kuopionkonservatorio.fi\/oppilaitos\/lukukausimaksut\/\" data-type=\"page\" data-id=\"1018\">Lukukausimaksut<\/a><\/li>\n\n\n\n<li><a href=\"https:\/\/kuopionkonservatorio.fi\/oppilaitos\/lukuvuosi\/\" data-type=\"page\" data-id=\"1028\">Lukuvuosi<\/a><\/li>\n\n\n\n<li><a href=\"https:\/\/kuopionkonservatorio.fi\/wp-content\/uploads\/Oppilaan-opas.pdf\" target=\"_blank\" rel=\"noreferrer noopener\">Musiikin perusopintojen ja syvent\u00e4vien opintojen opas<\/a><\/li>\n\n\n\n<li><a href=\"https:\/\/kuopionkonservatorio.fi\/wp-content\/uploads\/Kuopion-konservatorio-OPS-2018.pdf\">OPS 2018<\/a><\/li>\n\n\n\n<li><a href=\"https:\/\/kuopionkonservatorio.fi\/musiikki-harrastuksena\/soitinlainat\/\" data-type=\"page\" data-id=\"1038\">Soitinlainat<\/a><\/li>\n\n\n\n<li><a href=\"https:\/\/kuopionkonservatorio.fi\/tutustu-soittimiin\/\">Tutustu soittimiin<\/a><\/li>\n<\/ul>\n<\/div>\n\n\n\n<div class=\"wp-block-column is-layout-flow wp-block-column-is-layout-flow\" style=\"flex-basis:66.66%\">\n<p class=\"has-ingressi-font-size\">Astu rytmimusiikin maailmaan ja rakenna oma musiikkipolkusi!<\/p>\n\n\n\n<p class=\"has-marjapuuro-background-color has-background\">Hakuaika musiikin taiteen perusopetukseen 10.3.\u201315.4.2026<br><a href=\"https:\/\/kuopionkonservatorio.fi\/fi\/hakeminen\/\"><strong>kuopionkonservatorio.fi\/hakeminen<\/strong><\/a><\/p>\n\n\n\n<p>Rytmimusiikin opinnot voi aloittaa konservatoriossa <strong>musiikin taiteen perusopetuksessa<\/strong>. My\u00f6s aikuiset ovat tervetulleita meille harrastamaan! Oppilaat otetaan musiikin taiteen perusopetukseen oppilasvalinnan kautta. Rytmimusiikin opinnoissa oppilas tutustuu laajasti rytmimusiikin eri tyylilajeihin solistisen ja ryhm\u00e4opetuksen kautta. Ryhm\u00e4ss\u00e4 musisointi ja esiintyminen on olennainen osa opiskelua.<\/p>\n\n\n\n<p>Rytmimusiikin perusopintoja voi tehd\u00e4 Kuopiossa, Juankoskella, Nilsi\u00e4ss\u00e4, Lapinlahdella ja Siilinj\u00e4rvell\u00e4. Rytmimusiikin instrumenttivalikoima vaihtelee toimipisteen mukaan. Niin oppilasvalinnassa kuin itse opetuksessakin otetaan huomioon saavutettavuus ja yhdenvertaisuus, joilla mahdollistetaan oppijoiden yksil\u00f6lliset opintopolut ja omaan tahtiin eteneminen opinnoissa.<\/p>\n\n\n\n<p><strong>Musiikin taiteen perusopetus<\/strong> tarjoaa mahdollisuuden kehitt\u00e4\u00e4 yksil\u00f6llisesti ja monipuolisesti musiikillista osaamista. Perusopinnot koostuvat solistisesta opetuksesta ja ryhm\u00e4opetuksesta. Opinnot voi aloittaa aivan alusta tai jatkaa jo aiemmin aloitettua harrastusta. Perusopintojen l\u00e4ht\u00f6kohtana on hyv\u00e4n musiikkisuhteen luominen, ja tavoitteena on rohkaista oppilaita ilmaisemaan itse\u00e4\u00e4n musisoimalla. Opetus tukee luovaa ajattelua ja vuorovaikutustaitojen kehittymist\u00e4 sek\u00e4 antaa valmiuksia musiikin itsen\u00e4iseen harrastamiseen. Perusopintojen j\u00e4lkeen oppilas voi siirty\u00e4 musiikin syvent\u00e4viin opintoihin.<\/p>\n\n\n\n<p><strong>Musiikin syvent\u00e4v\u00e4t opinnot<\/strong> tarjoavat mahdollisuuden vahvistaa ja laajentaa perusopinnoissa opittuja taitoja ja tietoja. Oppilas voi valita syvent\u00e4vien opintojensa painotuksen oman mielenkiintonsa ja p\u00e4\u00e4m\u00e4\u00e4r\u00e4ns\u00e4 mukaan: opinnoissa voi syventy\u00e4 esimerkiksi&nbsp;instrumenttiopintoihin, yhteismusisointiin,oman musiikin tekemiseen tai musiikkiteknologiaan. Syvent\u00e4viss\u00e4 opinnoissa tuetaan oppilasta yksil\u00f6llisten musiikillisten tavoitteiden asettamisessa ja saavuttamisessa. Syvent\u00e4viss\u00e4 opinnoissa oppilaat saavat my\u00f6s valmiuksia musiikkialan jatko-opintoihin.<\/p>\n\n\n\n      <div class=\"wp-block-letm-blocks-accordion\">\n        \n\n<div class=\"wp-block-letm-blocks-accordion-single-row\">\n<div class=\"wp-block-columns accordion-head has-valkoinen-color has-vadelma-background-color has-text-color has-background has-link-color wp-elements-856143934f488b605bfc4f8365e66a7f is-layout-flex wp-container-core-columns-is-layout-9d6595d7 wp-block-columns-is-layout-flex\">\n<div class=\"wp-block-column is-layout-flow wp-block-column-is-layout-flow\" style=\"flex-basis:50%\">\n<p class=\"heading-left\">Instrumenttiopetus<\/p>\n<\/div>\n\n\n\n<div class=\"wp-block-column is-layout-flow wp-block-column-is-layout-flow\" style=\"flex-basis:50%\">\n<p class=\"heading-right\"><\/p>\n<\/div>\n<\/div>\n\n\n\n<div class=\"wp-block-columns accordion-content is-layout-flex wp-container-core-columns-is-layout-9d6595d7 wp-block-columns-is-layout-flex\">\n<div class=\"wp-block-column is-layout-flow wp-block-column-is-layout-flow\" style=\"flex-basis:100%\">\n<p>Instrumenttiopetus on yksil\u00f6opetusta, jossa kehitet\u00e4\u00e4n oman instrumentin soitto- tai laulutaitoa. Tunneilla soitetaan, kuunnellaan musiikkia ja opiskellaan musiikin hahmottamista. Opetussis\u00e4ll\u00f6t suunnitellaan yksil\u00f6llisesti oppilaan kiinnostuksen kohteet huomioiden, ja opiskelu on tavoitteellista ja tasolta toiselle etenev\u00e4\u00e4. Tavoitteiden asettamisessa ja saavuttamisessa k\u00e4ytet\u00e4\u00e4n apuna taitotauluja, ja taidonn\u00e4ytekonserteissa oppilaat saavat monipuolista palautetta osaamisestaan. Kotiharjoittelu kuuluu olennaisena osana instrumenttiopintoihin, ja sit\u00e4 suunnitellaan yhdess\u00e4 oman opettajan kanssa.<\/p>\n\n\n\n<p>Aloittaessaan musiikin perusopinnot oppilas valitsee itselleen sopivan soittimen rytmimusiikin instrumenteista, joiden valikoima vaihtelee opetuspaikkakunnan mukaan. Kuopiossa oppilailla on valittavanaan s\u00e4hk\u00f6kitara, s\u00e4hk\u00f6basso, rummut, piano, puhaltimet ja laulu. Juankosken, Lapinlahden, Nilsi\u00e4n, Siilinj\u00e4rven ja Suonenjoen soitinvalikoimaan voi tutustua toimipisteiden sivuilla.<\/p>\n\n\n\n<p><a href=\"https:\/\/kuopionkonservatorio.fi\/tutustu-soittimiin\/\"><strong>Tutustu Kuopion konservatoriossa opetettaviin rytmimusiikin instrumentteihin<\/strong>&nbsp;<strong>t\u00e4\u00e4lt\u00e4!<\/strong><\/a><\/p>\n<\/div>\n<\/div>\n<\/div>\n\n\n\n<div class=\"wp-block-letm-blocks-accordion-single-row\">\n<div class=\"wp-block-columns accordion-head has-valkoinen-color has-vadelma-background-color has-text-color has-background has-link-color wp-elements-5dd0dc66a7eb6bd96fd72d5426362dfd is-layout-flex wp-container-core-columns-is-layout-9d6595d7 wp-block-columns-is-layout-flex\">\n<div class=\"wp-block-column is-layout-flow wp-block-column-is-layout-flow\" style=\"flex-basis:50%\">\n<p class=\"heading-left\">B\u00e4ndit ja ryhm\u00e4opetus<\/p>\n<\/div>\n\n\n\n<div class=\"wp-block-column is-layout-flow wp-block-column-is-layout-flow\" style=\"flex-basis:50%\">\n<p class=\"heading-right\"><\/p>\n<\/div>\n<\/div>\n\n\n\n<div class=\"wp-block-columns accordion-content is-layout-flex wp-container-core-columns-is-layout-9d6595d7 wp-block-columns-is-layout-flex\">\n<div class=\"wp-block-column is-layout-flow wp-block-column-is-layout-flow\" style=\"flex-basis:100%\">\n<p>Ryhm\u00e4ss\u00e4 musisointi on olennainen osa rytmimusiikin harrastamista, ja kaikille oppilaille pyrit\u00e4\u00e4n opintojen alusta l\u00e4htien j\u00e4rjest\u00e4m\u00e4\u00e4n sopiva ryhm\u00e4, jonka kanssa harjoitellaan ohjelmistoa ja musiikillisia taitoja. Ryhm\u00e4tunnilla soitetaan tai lauletaan, kuunnellaan musiikkia, improvisoidaan ja harjoitellaan musiikin hahmottamista. Painotus sis\u00e4ll\u00f6ss\u00e4 vaihtelee ryhm\u00e4n mukaan. Monipuolinen ryhm\u00e4opetusvalikoimamme vaihtelee vuosittain. Yhteismusisointiin kuuluvat vuosittaiset b\u00e4ndi-illat sek\u00e4 \u00e4\u00e4nityssessiot studiotiloissa. B\u00e4ndisoiton lis\u00e4ksi oppilas voi valita oman kiinnostuksensa mukaan esimerkiksi musiikkiteknologiaa ja laulu- tai soitinyhtyety\u00f6skentely\u00e4.<\/p>\n\n\n\n<p>My\u00f6s musiikkitaidon opetus toteutetaan osittain ryhm\u00e4opetuksena: musiikin perusopintojen alku- ja keskitasolla musiikkitaito-opinnot on integroitu ryhm\u00e4opetukseen, eli musiikin teoriaa opiskellaan yhteismusisoinnin yhteydess\u00e4.<\/p>\n<\/div>\n<\/div>\n<\/div>\n\n      <\/div>\n\n    \n\n\n<div class=\"wp-block-buttons is-layout-flex wp-block-buttons-is-layout-flex\">\n<div class=\"wp-block-button has-custom-width wp-block-button__width-50\"><a class=\"wp-block-button__link has-musta-color has-oranssi-background-color has-text-color has-background has-link-color wp-element-button\" href=\"https:\/\/kuopionkonservatorio.fi\/fi\/hakeminen\/\"><strong>Katso opintojen hakuajat<\/strong><\/a><\/div>\n<\/div>\n<\/div>\n<\/div>\n\n\n\n<p><\/p>\n","protected":false},"excerpt":{"rendered":"<p>Rytmimusiikin opinnot Opiskelu Astu rytmimusiikin maailmaan ja rakenna oma musiikkipolkusi! Hakuaika musiikin taiteen perusopetukseen 10.3.\u201315.4.2026kuopionkonservatorio.fi\/hakeminen Rytmimusiikin opinnot voi aloittaa konservatoriossa musiikin taiteen perusopetuksessa. My\u00f6s aikuiset ovat tervetulleita meille harrastamaan! Oppilaat otetaan musiikin taiteen perusopetukseen oppilasvalinnan kautta. Rytmimusiikin opinnoissa oppilas tutustuu laajasti rytmimusiikin eri tyylilajeihin solistisen ja ryhm\u00e4opetuksen kautta. Ryhm\u00e4ss\u00e4 musisointi ja esiintyminen on olennainen osa [&hellip;]<\/p>\n","protected":false},"author":9,"featured_media":0,"parent":198,"menu_order":3,"comment_status":"closed","ping_status":"closed","template":"page-templates\/page_video-hero.php","meta":{"inline_featured_image":false,"footnotes":""},"oppiaine":[],"class_list":["post-317","page","type-page","status-publish","hentry"],"_links":{"self":[{"href":"https:\/\/kuopionkonservatorio.fi\/fi\/wp-json\/wp\/v2\/pages\/317","targetHints":{"allow":["GET"]}}],"collection":[{"href":"https:\/\/kuopionkonservatorio.fi\/fi\/wp-json\/wp\/v2\/pages"}],"about":[{"href":"https:\/\/kuopionkonservatorio.fi\/fi\/wp-json\/wp\/v2\/types\/page"}],"author":[{"embeddable":true,"href":"https:\/\/kuopionkonservatorio.fi\/fi\/wp-json\/wp\/v2\/users\/9"}],"replies":[{"embeddable":true,"href":"https:\/\/kuopionkonservatorio.fi\/fi\/wp-json\/wp\/v2\/comments?post=317"}],"version-history":[{"count":0,"href":"https:\/\/kuopionkonservatorio.fi\/fi\/wp-json\/wp\/v2\/pages\/317\/revisions"}],"up":[{"embeddable":true,"href":"https:\/\/kuopionkonservatorio.fi\/fi\/wp-json\/wp\/v2\/pages\/198"}],"wp:attachment":[{"href":"https:\/\/kuopionkonservatorio.fi\/fi\/wp-json\/wp\/v2\/media?parent=317"}],"wp:term":[{"taxonomy":"oppiaine","embeddable":true,"href":"https:\/\/kuopionkonservatorio.fi\/fi\/wp-json\/wp\/v2\/oppiaine?post=317"}],"curies":[{"name":"wp","href":"https:\/\/api.w.org\/{rel}","templated":true}]}}