{"id":307,"date":"2021-11-16T14:32:44","date_gmt":"2021-11-16T12:32:44","guid":{"rendered":"https:\/\/kuopionkonservatorio.letm.com\/?page_id=307"},"modified":"2026-03-12T11:02:35","modified_gmt":"2026-03-12T09:02:35","slug":"klassisen-musiikin-opinnot","status":"publish","type":"page","link":"https:\/\/kuopionkonservatorio.fi\/fi\/musiikki-harrastuksena\/klassisen-musiikin-opinnot\/","title":{"rendered":"Klassisen musiikin opinnot"},"content":{"rendered":"\n<div class=\"wp-block-cover alignfull is-light\" style=\"min-height:300px;aspect-ratio:unset;\"><video class=\"wp-block-cover__video-background intrinsic-ignore\" autoplay muted loop playsinline src=\"https:\/\/kuopionkonservatorio.fi\/wp-content\/uploads\/Klassisen-musiikin-opinnot_hero_v_2_pakattu.mp4\" style=\"object-position:50% 45%\" data-object-fit=\"cover\" data-object-position=\"50% 45%\"><\/video><span aria-hidden=\"true\" class=\"wp-block-cover__background has-background-dim-0 has-background-dim\"><\/span><div class=\"wp-block-cover__inner-container is-layout-flow wp-block-cover-is-layout-flow\">\n<p class=\"has-text-align-center has-large-font-size\"><\/p>\n<\/div><\/div>\n\n\n\n<div class=\"wp-block-group alignwide mb-5\"><div class=\"wp-block-group__inner-container is-layout-flow wp-block-group-is-layout-flow\"><div class=\"breadcrumbs align  wp-block-bcn-breadcrumb-trail has-text-color has-background\" vocab=\"https:\/\/schema.org\/\" typeof=\"BreadcrumbList\">\n\t<span><\/span>\n\t<span property=\"itemListElement\" typeof=\"ListItem\"><a property=\"item\" typeof=\"WebPage\" title=\"Go to Kuopion konservatorio.\" href=\"https:\/\/kuopionkonservatorio.fi\/fi\/\" class=\"home\" aria-current=\"page\"><i class=\"inline-block mr-1 has-black-color bi bi-house\"><\/i><\/a><meta property=\"position\" content=\"1\"><\/span><\/div>\n<\/div><\/div>\n\n\n\n<div class=\"wp-block-columns alignwide is-layout-flex wp-container-core-columns-is-layout-9d6595d7 wp-block-columns-is-layout-flex\">\n<div class=\"wp-block-column is-layout-flow wp-block-column-is-layout-flow\" style=\"flex-basis:33.33%\">\n<h2 class=\"wp-block-heading\" id=\"klassisen-musiikin-opinnot\">Klassisen musiikin opinnot<\/h2>\n\n\n<ul class=\"relatives\"><li class=\"page_item page-item-327\"><a href=\"https:\/\/kuopionkonservatorio.fi\/fi\/musiikki-harrastuksena\/klassisen-musiikin-opinnot\/kamarimusiikki-orkesterit-ja-kuorot\/\">Kamarimusiikki, orkesterit, kuorot, lasten ja nuorten lied<\/a><\/li>\n<li class=\"page_item page-item-384\"><a href=\"https:\/\/kuopionkonservatorio.fi\/fi\/musiikki-harrastuksena\/klassisen-musiikin-opinnot\/klassisen-musiikin-musiikkitaito\/\">Klassisen musiikin musiikkitaito<\/a><\/li>\n<li class=\"page_item page-item-1473\"><a href=\"https:\/\/kuopionkonservatorio.fi\/fi\/musiikki-harrastuksena\/klassisen-musiikin-opinnot\/opettajat-ja-opetuspisteet\/\">Opettajat ja opetuspisteet<\/a><\/li>\n<\/ul>\n\n\n\n<h5 class=\"wp-block-heading has-harmaa-color has-text-color\">Opiskelu<\/h5>\n\n\n\n<ul class=\"wp-block-list linkkilista\">\n<li><a href=\"https:\/\/kuopionkonservatorio.fi\/hakeminen\/\">Hakeminen<\/a><\/li>\n\n\n\n<li><a href=\"https:\/\/kuopionkonservatorio.fi\/lomakkeet\/\">Lomakkeet<\/a><\/li>\n\n\n\n<li><a href=\"https:\/\/kuopionkonservatorio.fi\/oppilaitos\/lukukausimaksut\/\" data-type=\"page\" data-id=\"1018\">Lukukausimaksut<\/a><\/li>\n\n\n\n<li><a href=\"https:\/\/kuopionkonservatorio.fi\/oppilaitos\/lukuvuosi\/\" data-type=\"page\" data-id=\"1028\">Lukuvuosi<\/a><\/li>\n\n\n\n<li><a href=\"https:\/\/kuopionkonservatorio.fi\/wp-content\/uploads\/Oppilaan-opas.pdf\" target=\"_blank\" rel=\"noreferrer noopener\">Musiikin perusopintojen ja syvent\u00e4vien opintojen opas<\/a><\/li>\n\n\n\n<li><a href=\"https:\/\/kuopionkonservatorio.fi\/hakeminen\/jatkoilmoittautuminen\/\">Opintoihin liittyvien muutosten haku<\/a><\/li>\n\n\n\n<li><a href=\"https:\/\/kuopionkonservatorio.fi\/wp-content\/uploads\/Kuopion-konservatorio-OPS-2018.pdf\">OPS 2018<\/a><\/li>\n\n\n\n<li><a href=\"https:\/\/kuopionkonservatorio.fi\/musiikki-harrastuksena\/soitinlainat\/\" data-type=\"page\" data-id=\"1038\">Soitinlainat<\/a><\/li>\n\n\n\n<li><a href=\"https:\/\/kuopionkonservatorio.fi\/tutustu-soittimiin\/\">Tutustu soittimiin<\/a><\/li>\n<\/ul>\n<\/div>\n\n\n\n<div class=\"wp-block-column is-layout-flow wp-block-column-is-layout-flow\" style=\"flex-basis:66.66%\">\n<p class=\"has-ingressi-font-size\">Astu klassisen musiikin maailmaan ja rakenna oma musiikkipolkusi!<\/p>\n\n\n\n<p class=\"has-marjapuuro-background-color has-background\">Hakuaika musiikin taiteen perusopetukseen 10.3.\u201315.4.2026<br><a href=\"https:\/\/kuopionkonservatorio.fi\/fi\/hakeminen\/\"><strong>kuopionkonservatorio.fi\/hakeminen<\/strong><\/a><\/p>\n\n\n\n<p>Klassisen musiikin opinnot voi aloittaa konservatoriossa 5-10-vuotiaana <strong>musiikin taiteen perusopetuksessa<\/strong>. My\u00f6s aikuiset ovat tervetulleita meille harrastamaan! Oppilaat otetaan musiikin taiteen perusopetukseen oppilasvalinnan kautta. Musiikin perusopintoja voi tehd\u00e4 kaikissa Kuopion konservatorion toimipisteiss\u00e4: Kuopiossa, Juankoskella, Nilsi\u00e4ss\u00e4, Lapinlahdella, Siilinj\u00e4rvell\u00e4 ja Suonenjoella. Niin oppilasvalinnassa kuin itse opetuksessakin otetaan huomioon saavutettavuus ja yhdenvertaisuus, joilla mahdollistetaan oppijoiden yksil\u00f6lliset opintopolut ja omaan tahtiin eteneminen opinnoissa.<\/p>\n\n\n\n<p>Sopiva opintojen aloitusik\u00e4 riippuu oppilaan valitsemasta klassisen musiikin instrumentista. Alle kouluik\u00e4isen\u00e4 voi aloittaa pianon-, viulun-, alttoviulun-, sellon-, kontrabasson-, harmonikan-, kanteleen-, kitaran- ja huilunsoiton. Puhallinsoittimien (mm. klarinetti, oboe, fagotti ja vaskipuhaltimet) hyv\u00e4 aloitusik\u00e4 on 8-10 vuotta. Klassiset lauluopinnot voi puolestaan aloittaa 10 vuoden i\u00e4ss\u00e4. <\/p>\n\n\n\n      <div class=\"wp-block-letm-blocks-accordion\">\n        \n\n<div class=\"wp-block-letm-blocks-accordion-single-row\">\n<div class=\"wp-block-columns accordion-head has-valkoinen-color has-vadelma-background-color has-text-color has-background has-link-color wp-elements-856143934f488b605bfc4f8365e66a7f is-layout-flex wp-container-core-columns-is-layout-9d6595d7 wp-block-columns-is-layout-flex\">\n<div class=\"wp-block-column is-layout-flow wp-block-column-is-layout-flow\" style=\"flex-basis:50%\">\n<p class=\"heading-left\">Instrumenttiopetus<\/p>\n<\/div>\n\n\n\n<div class=\"wp-block-column is-layout-flow wp-block-column-is-layout-flow\" style=\"flex-basis:50%\">\n<p class=\"heading-right\"><\/p>\n<\/div>\n<\/div>\n\n\n\n<div class=\"wp-block-columns accordion-content is-layout-flex wp-container-core-columns-is-layout-9d6595d7 wp-block-columns-is-layout-flex\">\n<div class=\"wp-block-column is-layout-flow wp-block-column-is-layout-flow\" style=\"flex-basis:100%\">\n<p>Instrumenttiopetus on yksil\u00f6opetusta, jossa kehitet\u00e4\u00e4n oman instrumentin soitto- tai laulutaitoa. Opetussis\u00e4ll\u00f6t suunnitellaan yksil\u00f6llisesti oppilaan kiinnostuksen kohteet huomioiden, ja opiskelu on tavoitteellista ja tasolta toiselle etenev\u00e4\u00e4. Tavoitteiden asettamisessa ja saavuttamisessa k\u00e4ytet\u00e4\u00e4n apuna taitotauluja, ja taidonn\u00e4ytekonserteissa oppilaat saavat monipuolista palautetta osaamisestaan. Kotiharjoittelu kuuluu olennaisena osana instrumenttiopintoihin, ja sit\u00e4 suunnitellaan yhdess\u00e4 oman opettajan kanssa.<\/p>\n\n\n\n<p>Aloittaessaan musiikin perusopinnot oppilas valitsee itselleen sopivan soittimen klassisen musiikin instrumenteista, joiden valikoima vaihtelee opetuspaikkakunnan mukaan. Kuopiossa oppilailla on valittavanaan yli 20 eri instrumenttia. Juankosken, Lapinlahden, Nilsi\u00e4n, Siilinj\u00e4rven ja Suonenjoen soitinvalikoimaan voi tutustua toimipisteiden sivuilla.<\/p>\n\n\n\n<p><strong><a href=\"https:\/\/kuopionkonservatorio.fi\/tutustu-soittimiin\/\"><strong>Tutustu Kuopion konservatoriossa opetettaviin klassisen musiikin instrumentteihin<\/strong>&nbsp;<strong>t\u00e4\u00e4lt\u00e4!<\/strong><\/a><\/strong><\/p>\n<\/div>\n<\/div>\n<\/div>\n\n      <\/div>\n\n    \n\n\n<p><strong>Musiikin taiteen perusopetus<\/strong> tarjoavaa mahdollisuuden kehitt\u00e4\u00e4 yksil\u00f6llisesti ja monipuolisesti musiikillista osaamista. Klassisen musiikin perusopintoihin sis\u00e4ltyy instrumenttiopintojen lis\u00e4ksi my\u00f6s yhteismusisointia sek\u00e4 musiikkitaidon kursseja. Opinnot voi aloittaa aivan alusta tai jatkaa jo aiemmin aloitettua harrastusta. Opetus etenee joustavasti ja yksil\u00f6llisesti tasolta toiselle. Esiintyminen yksin ja yhdess\u00e4 sek\u00e4 esiintymisen harjoitteleminen ovat my\u00f6s t\u00e4rke\u00e4 osa musiikinopiskelua. Perusopintojen j\u00e4lkeen oppilas voi siirty\u00e4 musiikin syvent\u00e4viin opintoihin.<\/p>\n\n\n\n<p><strong>Musiikin syvent\u00e4v\u00e4t opinnot<\/strong> tarjoavat nuorille mahdollisuuden vahvistaa ja laajentaa perusopinnoissa oppimiaan taitoja ja tietoja. Oppilaat p\u00e4\u00e4sev\u00e4t syvent\u00e4m\u00e4\u00e4n musiikillista ilmaisuaan, hahmotuskyky\u00e4\u00e4n ja suhdettaan musiikkiin. Syvent\u00e4vien opintojen painotuksen voi valita oman mielenkiintonsa ja p\u00e4\u00e4m\u00e4\u00e4r\u00e4ns\u00e4 mukaan: opinnoissa voi syventy\u00e4 esimerkiksi instrumenttiopintoihin, yhteismusisointiin tai oman musiikin tekemiseen. Syvent\u00e4viss\u00e4 opinnoissa oppilaat saavat my\u00f6s valmiuksia musiikkialan jatko-opintoihin.<\/p>\n<\/div>\n<\/div>\n","protected":false},"excerpt":{"rendered":"<p>Klassisen musiikin opinnot Opiskelu Astu klassisen musiikin maailmaan ja rakenna oma musiikkipolkusi! Hakuaika musiikin taiteen perusopetukseen 10.3.\u201315.4.2026kuopionkonservatorio.fi\/hakeminen Klassisen musiikin opinnot voi aloittaa konservatoriossa 5-10-vuotiaana musiikin taiteen perusopetuksessa. My\u00f6s aikuiset ovat tervetulleita meille harrastamaan! Oppilaat otetaan musiikin taiteen perusopetukseen oppilasvalinnan kautta. Musiikin perusopintoja voi tehd\u00e4 kaikissa Kuopion konservatorion toimipisteiss\u00e4: Kuopiossa, Juankoskella, Nilsi\u00e4ss\u00e4, Lapinlahdella, Siilinj\u00e4rvell\u00e4 ja Suonenjoella. [&hellip;]<\/p>\n","protected":false},"author":9,"featured_media":0,"parent":198,"menu_order":2,"comment_status":"closed","ping_status":"closed","template":"page-templates\/page_video-hero.php","meta":{"inline_featured_image":false,"footnotes":""},"oppiaine":[],"class_list":["post-307","page","type-page","status-publish","hentry"],"_links":{"self":[{"href":"https:\/\/kuopionkonservatorio.fi\/fi\/wp-json\/wp\/v2\/pages\/307","targetHints":{"allow":["GET"]}}],"collection":[{"href":"https:\/\/kuopionkonservatorio.fi\/fi\/wp-json\/wp\/v2\/pages"}],"about":[{"href":"https:\/\/kuopionkonservatorio.fi\/fi\/wp-json\/wp\/v2\/types\/page"}],"author":[{"embeddable":true,"href":"https:\/\/kuopionkonservatorio.fi\/fi\/wp-json\/wp\/v2\/users\/9"}],"replies":[{"embeddable":true,"href":"https:\/\/kuopionkonservatorio.fi\/fi\/wp-json\/wp\/v2\/comments?post=307"}],"version-history":[{"count":0,"href":"https:\/\/kuopionkonservatorio.fi\/fi\/wp-json\/wp\/v2\/pages\/307\/revisions"}],"up":[{"embeddable":true,"href":"https:\/\/kuopionkonservatorio.fi\/fi\/wp-json\/wp\/v2\/pages\/198"}],"wp:attachment":[{"href":"https:\/\/kuopionkonservatorio.fi\/fi\/wp-json\/wp\/v2\/media?parent=307"}],"wp:term":[{"taxonomy":"oppiaine","embeddable":true,"href":"https:\/\/kuopionkonservatorio.fi\/fi\/wp-json\/wp\/v2\/oppiaine?post=307"}],"curies":[{"name":"wp","href":"https:\/\/api.w.org\/{rel}","templated":true}]}}