{"id":297,"date":"2021-11-16T12:16:38","date_gmt":"2021-11-16T10:16:38","guid":{"rendered":"https:\/\/kuopionkonservatorio.letm.com\/?page_id=297"},"modified":"2025-12-19T14:58:01","modified_gmt":"2025-12-19T12:58:01","slug":"musiikin-valmentavat-opinnot","status":"publish","type":"page","link":"https:\/\/kuopionkonservatorio.fi\/fi\/musiikki-harrastuksena\/musiikin-valmentavat-opinnot\/","title":{"rendered":"Musiikin valmentava opetus"},"content":{"rendered":"\n<div class=\"wp-block-cover alignfull is-light\" style=\"min-height:300px;aspect-ratio:unset;\"><video class=\"wp-block-cover__video-background intrinsic-ignore\" autoplay muted loop playsinline src=\"https:\/\/kuopionkonservatorio.fi\/wp-content\/uploads\/Musiikin-valmentavat-opinnot_hero_v_2_pakattu.mp4\" style=\"object-position:50% 45%\" data-object-fit=\"cover\" data-object-position=\"50% 45%\"><\/video><span aria-hidden=\"true\" class=\"wp-block-cover__background has-background-dim-0 has-background-dim\"><\/span><div class=\"wp-block-cover__inner-container is-layout-flow wp-block-cover-is-layout-flow\">\n<p class=\"has-text-align-center has-large-font-size\"><\/p>\n<\/div><\/div>\n\n\n\n<div class=\"wp-block-group alignwide mb-5\"><div class=\"wp-block-group__inner-container is-layout-flow wp-block-group-is-layout-flow\"><div class=\"breadcrumbs align  wp-block-bcn-breadcrumb-trail has-text-color has-background\" vocab=\"https:\/\/schema.org\/\" typeof=\"BreadcrumbList\">\n\t<span><\/span>\n\t<span property=\"itemListElement\" typeof=\"ListItem\"><a property=\"item\" typeof=\"WebPage\" title=\"Go to Kuopion konservatorio.\" href=\"https:\/\/kuopionkonservatorio.fi\/fi\/\" class=\"home\" aria-current=\"page\"><i class=\"inline-block mr-1 has-black-color bi bi-house\"><\/i><\/a><meta property=\"position\" content=\"1\"><\/span><\/div>\n<\/div><\/div>\n\n\n\n<div class=\"wp-block-columns alignwide is-layout-flex wp-container-core-columns-is-layout-9d6595d7 wp-block-columns-is-layout-flex\">\n<div class=\"wp-block-column is-layout-flow wp-block-column-is-layout-flow\" style=\"flex-basis:33.33%\">\n<h2 class=\"wp-block-heading\" id=\"valmentavat-opinnot\">Valmentava opetus<\/h2>\n\n\n\n<ul class=\"wp-block-list linkkilista\">\n<li><a href=\"https:\/\/kuopionkonservatorio.fi\/hakeminen\/\">Hakeminen<\/a><\/li>\n\n\n\n<li><a href=\"https:\/\/kuopionkonservatorio.fi\/hakeminen-2\/jatkoilmoittautuminen\/\"><\/a><a href=\"https:\/\/kuopionkonservatorio.fi\/hakeminen\/jatkoilmoittautuminen\/\">Jatkoilmoittautuminen<\/a><\/li>\n\n\n\n<li><a href=\"https:\/\/kuopionkonservatorio.fi\/oppilaitos\/lukukausimaksut\/\" data-type=\"page\" data-id=\"1018\">Lukukausimaksut<\/a><\/li>\n\n\n\n<li><a href=\"https:\/\/kuopionkonservatorio.fi\/lomakkeet\/\">Lomakkeet<\/a><\/li>\n\n\n\n<li><a href=\"https:\/\/kuopionkonservatorio.fi\/wp-content\/uploads\/Musiikin-varhaisian-lukujarjestys-19.12.2025-2026-kevat.pdf\">Lukuj\u00e4rjestykset 2025-2026<\/a><\/li>\n\n\n\n<li><a href=\"https:\/\/kuopionkonservatorio.fi\/lukuvuosi\/\">Lukuvuosi<\/a><\/li>\n\n\n\n<li><a href=\"https:\/\/kuopionkonservatorio.fi\/wp-content\/uploads\/Musiikin-varhaisian-opintojen-opetustarjotin-2025-2026-15.4.pdf\">Musiikin varhaisi\u00e4n opintojen opetustarjotin 2025\u20132026<\/a><\/li>\n\n\n\n<li><a href=\"https:\/\/kuopionkonservatorio.fi\/wp-content\/uploads\/Musiikin-varhaisian-ops-paivitetty-29.3.2022-1.pdf\">Musiikin varhaisi\u00e4n opintojen OPS 2018<\/a><\/li>\n<\/ul>\n<\/div>\n\n\n\n<div class=\"wp-block-column is-layout-flow wp-block-column-is-layout-flow\" style=\"flex-basis:66.66%\">\n<p class=\"has-ingressi-font-size\">Tervetuloa tutustumaan soittamiseen tai laulamiseen musiikin valmentavassa opetuksessa!<\/p>\n\n\n\n<p class=\"has-vaaleanpunainen-background-color has-background\">Seuraava hakuaika musiikin valmentavaan opetukseen on elokuussa 2026.<\/p>\n\n\n\n<p>Musiikin valmentava opetus on tarkoitettu n. 5\u201310-vuotiaille lapsille, joita kiinnostaa soittimeen tai laulamiseen tutustuminen. Oppilas voi osallistua musiikin valmentavaan opetukseen ennen musiikin taiteen perusopetukseen hakemista. Valmentava opetus kuuluu taiteen perusopetuksen laajan oppim\u00e4\u00e4r\u00e4n musiikin varhaisi\u00e4n opintoihin.<\/p>\n\n\n\n<p>Oppilas voi osallistua joko alkusoittoon tai -lauluun 2\u20133 oppilaan pienryhm\u00e4ss\u00e4, musiikkipajoihin 6\u201310 oppilaan ryhm\u00e4ss\u00e4, soitinkaruselleihin tai kuoroihin. Ryhmien koko m\u00e4\u00e4r\u00e4ytyy opetusmuodon, oppilaiden i\u00e4n, soittimien ja ryhm\u00e4n ty\u00f6skentelytavan mukaan. Kunkin lukuvuoden opetusryhm\u00e4t ja soitinvalikoima on n\u00e4ht\u00e4viss\u00e4 hakuaikana hakulomakkeella.<\/p>\n\n\n\n<h2 class=\"wp-block-heading has-ingressi-font-size\" id=\"opintoihin-ilmoittautuminen\">Ilmoittautuminen<\/h2>\n\n\n\n<p>Musiikin valmentavaan opetukseen ei ole oppilasvalintaa, vaan oppilaat otetaan ryhmien vapaille oppilaspaikoille ilmoittautumisj\u00e4rjestyksess\u00e4.<\/p>\n\n\n\n<p>Nykyiset oppilaat ilmoittautuvat musiikin valmentavaan opetukseen Kuopion konservatorion Wilman kautta jatkoilmoittautumisaikana.<\/p>\n\n\n\n<p>Uudet oppilaat ilmoittautuvat musiikin valmentavaan opetukseen <strong>hakuaikana<\/strong>.<\/p>\n\n\n\n<h2 class=\"wp-block-heading has-ingressi-font-size\" id=\"opinnot\">Opinnot<\/h2>\n\n\n\n      <div class=\"wp-block-letm-blocks-accordion\">\n        \n\n<div class=\"wp-block-letm-blocks-accordion-single-row\">\n<div class=\"wp-block-columns accordion-head has-valkoinen-color has-vadelma-background-color has-text-color has-background is-layout-flex wp-container-core-columns-is-layout-9d6595d7 wp-block-columns-is-layout-flex\">\n<div class=\"wp-block-column is-layout-flow wp-block-column-is-layout-flow\" style=\"flex-basis:50%\">\n<p class=\"heading-left\">Alkusoitto 5\u20138-vuotiaat<\/p>\n<\/div>\n\n\n\n<div class=\"wp-block-column is-layout-flow wp-block-column-is-layout-flow\" style=\"flex-basis:50%\">\n<p class=\"heading-right\"><\/p>\n<\/div>\n<\/div>\n\n\n\n<div class=\"wp-block-columns accordion-content is-layout-flex wp-container-core-columns-is-layout-9d6595d7 wp-block-columns-is-layout-flex\">\n<div class=\"wp-block-column is-layout-flow wp-block-column-is-layout-flow\" style=\"flex-basis:100%\">\n<ul class=\"wp-block-list\">\n<li>Opetusta kerran viikossa.<\/li>\n\n\n\n<li>2\u20133 oppilaan pienryhm\u00e4opetusta valitussa soittimessa.<\/li>\n\n\n\n<li>Suositellaan valittavaksi tavallisen muskariryhm\u00e4n lis\u00e4n\u00e4.<\/li>\n\n\n\n<li>Lainasoitin sis\u00e4ltyy lukukausimaksuun.<\/li>\n\n\n\n<li>Vanhemman toivotaan olevan nuorimpien oppilaiden mukana tunnilla.<\/li>\n<\/ul>\n\n\n\n<p>Alkusoitossa lapsi saa soitinopetusta&nbsp;2\u20133 oppilaan pienryhm\u00e4ss\u00e4 yhden vuoden ajan. Soitinvalikoima vaihtelee vuosittain ja paikkakunnittain (esim. piano, viulu, alttoviulu, sello, kitara, harmonikka, trumpetti, huilu). Pienryhm\u00e4tunnilla lapsi saa mahdollisuuden kokeilla soittoharrastusta ennen klassisen tai rytmimusiikin perusopintoja. Lapsi oppii soittamisen alkeita ja ty\u00f6skentelytapoja sek\u00e4 saa vahvistusta tulevalle soitinvalinnalleen.<\/p>\n<\/div>\n<\/div>\n<\/div>\n\n\n\n<div class=\"wp-block-letm-blocks-accordion-single-row\">\n<div class=\"wp-block-columns accordion-head has-valkoinen-color has-vadelma-background-color has-text-color has-background is-layout-flex wp-container-core-columns-is-layout-9d6595d7 wp-block-columns-is-layout-flex\">\n<div class=\"wp-block-column is-layout-flow wp-block-column-is-layout-flow\" style=\"flex-basis:50%\">\n<p class=\"heading-left\">Soitinkaruselli 6\u20138-vuotiaat<\/p>\n<\/div>\n\n\n\n<div class=\"wp-block-column is-layout-flow wp-block-column-is-layout-flow\" style=\"flex-basis:50%\">\n<p class=\"heading-right\"><\/p>\n<\/div>\n<\/div>\n\n\n\n<div class=\"wp-block-columns accordion-content is-layout-flex wp-container-core-columns-is-layout-9d6595d7 wp-block-columns-is-layout-flex\">\n<div class=\"wp-block-column is-layout-flow wp-block-column-is-layout-flow\" style=\"flex-basis:100%\">\n<ul class=\"wp-block-list\">\n<li>Opetusta kerran viikossa.<\/li>\n\n\n\n<li>2\u20133 oppilaan pienryhm\u00e4opetusta useassa eri soittimessa yhden lukuvuoden ajan.<\/li>\n\n\n\n<li>6\u20138v. kiharakaruselli (kitara, kantele, harmonikka)<\/li>\n\n\n\n<li>6\u20138v. jousikaruselli (viulu, alttoviulu, sello ja kontrabasso)<\/li>\n\n\n\n<li>7\u20138v. b\u00e4ndikaruselli (koskettimet, rummut, s\u00e4hk\u00f6kitara \/ s\u00e4hk\u00f6basso)<\/li>\n\n\n\n<li>My\u00f6s muut soitinyhdistelm\u00e4t mahdollisia.<\/li>\n\n\n\n<li>Lainasoitin sis\u00e4ltyy lukukausimaksuun.<\/li>\n<\/ul>\n\n\n\n<p>Soitinkarusellissa lapsi saa soitinopetusta tietyn soitinryhm\u00e4n soittimissa yhden lukuvuoden ajan. Lapsi tutustuu kuhunkin soittimeen 3\u20134 viikon ajan, jonka j\u00e4lkeen soitin vaihtuu. Kotiharjoittelua varten lapsi saa vuorossa olevan soittimen lainaan. Vanhempien toivotaan olevan mukana tunneilla. Opetus alkaa, mik\u00e4li ilmoittautuneita on riitt\u00e4v\u00e4sti ryhm\u00e4n muodostamiseen. Soitinkaruselli on mainio tapa kokeilla soittoharrastusta ennen klassisen tai rytmimusiikin perusopintoja. Lapsi oppii soittamisen alkeita eri soittimissa sek\u00e4 saa vahvistusta tulevalle soitinvalinnalleen.<\/p>\n<\/div>\n<\/div>\n<\/div>\n\n\n\n<div class=\"wp-block-letm-blocks-accordion-single-row\">\n<div class=\"wp-block-columns accordion-head has-valkoinen-color has-turkoosi-background-color has-text-color has-background is-layout-flex wp-container-core-columns-is-layout-9d6595d7 wp-block-columns-is-layout-flex\">\n<div class=\"wp-block-column is-layout-flow wp-block-column-is-layout-flow\" style=\"flex-basis:50%\">\n<p class=\"heading-left\">Musiikkipajat 7\u20138-vuotiaat<\/p>\n<\/div>\n\n\n\n<div class=\"wp-block-column is-layout-flow wp-block-column-is-layout-flow\" style=\"flex-basis:50%\">\n<p class=\"heading-right\"><\/p>\n<\/div>\n<\/div>\n\n\n\n<div class=\"wp-block-columns accordion-content is-layout-flex wp-container-core-columns-is-layout-9d6595d7 wp-block-columns-is-layout-flex\">\n<div class=\"wp-block-column is-layout-flow wp-block-column-is-layout-flow\" style=\"flex-basis:100%\">\n<ul class=\"wp-block-list\">\n<li>45\u201360min. kerran viikossa<\/li>\n\n\n\n<li>7\u20138v. musiikkipaja<\/li>\n\n\n\n<li>7\u20138v. kantele-ukulelemusiikkipaja<\/li>\n<\/ul>\n\n\n\n<p>Musiikkipajoissa tutustutaan eri soittimiin ja perehdyt\u00e4\u00e4n musiikin teorian alkeisiin. Pajoissa lauletaan, leikit\u00e4\u00e4n, musisoidaan ja k\u00e4ytet\u00e4\u00e4n monipuolisesti eri ty\u00f6tapoja. Musiikkipajaan voi tulla oppilaaksi vaikkei ole ollut aikaisemmin musiikkileikkikouluryhm\u00e4ss\u00e4. Pajoihin voivat osallistua my\u00f6s jo instrumenttiopinnot aloittaneet oppilaat.<\/p>\n<\/div>\n<\/div>\n<\/div>\n\n\n\n<div class=\"wp-block-letm-blocks-accordion-single-row\">\n<div class=\"wp-block-columns accordion-head has-valkoinen-color has-vihrea-background-color has-text-color has-background is-layout-flex wp-container-core-columns-is-layout-9d6595d7 wp-block-columns-is-layout-flex\">\n<div class=\"wp-block-column is-layout-flow wp-block-column-is-layout-flow\" style=\"flex-basis:50%\">\n<p class=\"heading-left\">Lapsikuoro 6\u20139-vuotiaat<\/p>\n<\/div>\n\n\n\n<div class=\"wp-block-column is-layout-flow wp-block-column-is-layout-flow\" style=\"flex-basis:50%\">\n<p class=\"heading-right\"><\/p>\n<\/div>\n<\/div>\n\n\n\n<div class=\"wp-block-columns accordion-content is-layout-flex wp-container-core-columns-is-layout-9d6595d7 wp-block-columns-is-layout-flex\">\n<div class=\"wp-block-column is-layout-flow wp-block-column-is-layout-flow\" style=\"flex-basis:100%\">\n<ul class=\"wp-block-list\">\n<li>60 min. kerran viikossa<\/li>\n\n\n\n<li>6\u20139-vuotiaille<\/li>\n<\/ul>\n\n\n\n<p>Kuorossa lauletaan tuttuja ja uudempiakin lastenlauluja, leikki\u00e4 unohtamatta. Laulun lis\u00e4ksi kuorossa k\u00e4ytet\u00e4\u00e4n&nbsp;rytmiikkaa musiikin sykett\u00e4 tukemaan ja soitetaan muskarista tuttuja rytmisoittimia. Kuoro esiintyy muutamia kertoja lukuvuodessa.<\/p>\n<\/div>\n<\/div>\n<\/div>\n\n\n\n<div class=\"wp-block-letm-blocks-accordion-single-row\">\n<div class=\"wp-block-columns accordion-head has-valkoinen-color has-vihrea-background-color has-text-color has-background is-layout-flex wp-container-core-columns-is-layout-9d6595d7 wp-block-columns-is-layout-flex\">\n<div class=\"wp-block-column is-layout-flow wp-block-column-is-layout-flow\" style=\"flex-basis:50%\">\n<p class=\"heading-left\">Alkulaulu 6\u201310-vuotiaat<\/p>\n<\/div>\n\n\n\n<div class=\"wp-block-column is-layout-flow wp-block-column-is-layout-flow\" style=\"flex-basis:50%\">\n<p class=\"heading-right\"><\/p>\n<\/div>\n<\/div>\n\n\n\n<div class=\"wp-block-columns accordion-content is-layout-flex wp-container-core-columns-is-layout-9d6595d7 wp-block-columns-is-layout-flex\">\n<div class=\"wp-block-column is-layout-flow wp-block-column-is-layout-flow\" style=\"flex-basis:100%\">\n<ul class=\"wp-block-list\">\n<li>Opetusta kerran viikossa.<\/li>\n\n\n\n<li>2\u20133 oppilaan pienryhm\u00e4opetusta yhden tai kahden lukuvuoden ajan.<\/li>\n<\/ul>\n\n\n\n<p>Alkulaulussa lapsi saa laulunopetusta kahden tai kolmen oppilaan pienryhm\u00e4ss\u00e4 yhden tai kahden lukuvuoden ajan. Oma laulu\u00e4\u00e4ni on hieno \u201dinstrumentti\u201d, jota kannattaa kehitt\u00e4\u00e4 jo lapsena. Alkulaulussa kehitet\u00e4\u00e4n monipuolisesti omaa laulu\u00e4\u00e4nt\u00e4 ja musiikillista ilmaisua, opetellaan uusia lauluja ja monenlaisia musiikkitaitoja. Alkulaulu on hyv\u00e4 mahdollisuus tutustua yksinlaulun harrastamiseen. Alkulaulussa oppilas saa valmiuksia my\u00f6s laulunopiskeluun musiikin perusopinnoissa. Opetus alkaa, mik\u00e4li ilmoittautuneita on riitt\u00e4v\u00e4sti ryhm\u00e4n muodostamiseen.<\/p>\n<\/div>\n<\/div>\n<\/div>\n\n\n\n<div class=\"wp-block-letm-blocks-accordion-single-row\">\n<div class=\"wp-block-columns accordion-head has-valkoinen-color has-vihrea-background-color has-text-color has-background is-layout-flex wp-container-core-columns-is-layout-9d6595d7 wp-block-columns-is-layout-flex\">\n<div class=\"wp-block-column is-layout-flow wp-block-column-is-layout-flow\" style=\"flex-basis:50%\">\n<p class=\"heading-left\">Kuoro 9\u201312-vuotiaat<\/p>\n<\/div>\n\n\n\n<div class=\"wp-block-column is-layout-flow wp-block-column-is-layout-flow\" style=\"flex-basis:50%\">\n<p class=\"heading-right\"><\/p>\n<\/div>\n<\/div>\n\n\n\n<div class=\"wp-block-columns accordion-content is-layout-flex wp-container-core-columns-is-layout-9d6595d7 wp-block-columns-is-layout-flex\">\n<div class=\"wp-block-column is-layout-flow wp-block-column-is-layout-flow\" style=\"flex-basis:100%\">\n<ul class=\"wp-block-list\">\n<li>60min. kerran viikossa<\/li>\n\n\n\n<li>9\u201312-vuotiaille<\/li>\n<\/ul>\n\n\n\n<p>Kuorossa saat nauttia laulamisesta ja kehitt\u00e4\u00e4 laulutaitojasi yhdess\u00e4 laulukavereittesi kanssa. P\u00e4\u00e4set kehitt\u00e4m\u00e4\u00e4n omaa laulu\u00e4\u00e4nt\u00e4si ja oppimaan uusia lauluja sek\u00e4 musiikkitaitoja, ilmaisua ja esiintymist\u00e4.<\/p>\n\n\n\n<p>Kuoron koko voi vaihdella ilmoittautujien m\u00e4\u00e4r\u00e4n mukaan. Kuoro on avoin kaikille. Se voi olla jatkona lapsikuorolle ja alkulaululle tai toimia yhteismusisointiryhm\u00e4n\u00e4 perusopetuksen laulajille ja soittajille. Kuoroon voi osallistua, vaikka musiikkia ei olisi harrastanut aikaisemmin.<\/p>\n<\/div>\n<\/div>\n<\/div>\n\n      <\/div>\n\n    <\/div>\n<\/div>\n\n\n\n<p><\/p>\n","protected":false},"excerpt":{"rendered":"<p>Valmentava opetus Tervetuloa tutustumaan soittamiseen tai laulamiseen musiikin valmentavassa opetuksessa! Seuraava hakuaika musiikin valmentavaan opetukseen on elokuussa 2026. Musiikin valmentava opetus on tarkoitettu n. 5\u201310-vuotiaille lapsille, joita kiinnostaa soittimeen tai laulamiseen tutustuminen. Oppilas voi osallistua musiikin valmentavaan opetukseen ennen musiikin taiteen perusopetukseen hakemista. Valmentava opetus kuuluu taiteen perusopetuksen laajan oppim\u00e4\u00e4r\u00e4n musiikin varhaisi\u00e4n opintoihin. Oppilas voi [&hellip;]<\/p>\n","protected":false},"author":9,"featured_media":0,"parent":198,"menu_order":1,"comment_status":"closed","ping_status":"closed","template":"page-templates\/page_video-hero.php","meta":{"inline_featured_image":false,"footnotes":""},"oppiaine":[],"class_list":["post-297","page","type-page","status-publish","hentry"],"_links":{"self":[{"href":"https:\/\/kuopionkonservatorio.fi\/fi\/wp-json\/wp\/v2\/pages\/297","targetHints":{"allow":["GET"]}}],"collection":[{"href":"https:\/\/kuopionkonservatorio.fi\/fi\/wp-json\/wp\/v2\/pages"}],"about":[{"href":"https:\/\/kuopionkonservatorio.fi\/fi\/wp-json\/wp\/v2\/types\/page"}],"author":[{"embeddable":true,"href":"https:\/\/kuopionkonservatorio.fi\/fi\/wp-json\/wp\/v2\/users\/9"}],"replies":[{"embeddable":true,"href":"https:\/\/kuopionkonservatorio.fi\/fi\/wp-json\/wp\/v2\/comments?post=297"}],"version-history":[{"count":0,"href":"https:\/\/kuopionkonservatorio.fi\/fi\/wp-json\/wp\/v2\/pages\/297\/revisions"}],"up":[{"embeddable":true,"href":"https:\/\/kuopionkonservatorio.fi\/fi\/wp-json\/wp\/v2\/pages\/198"}],"wp:attachment":[{"href":"https:\/\/kuopionkonservatorio.fi\/fi\/wp-json\/wp\/v2\/media?parent=297"}],"wp:term":[{"taxonomy":"oppiaine","embeddable":true,"href":"https:\/\/kuopionkonservatorio.fi\/fi\/wp-json\/wp\/v2\/oppiaine?post=297"}],"curies":[{"name":"wp","href":"https:\/\/api.w.org\/{rel}","templated":true}]}}