{"id":2866,"date":"2023-01-04T14:43:44","date_gmt":"2023-01-04T12:43:44","guid":{"rendered":"https:\/\/kuopionkonservatorio.fi\/?page_id=2866"},"modified":"2025-01-29T09:39:35","modified_gmt":"2025-01-29T07:39:35","slug":"erasmus","status":"publish","type":"page","link":"https:\/\/kuopionkonservatorio.fi\/fi\/kansainvalisyys\/erasmus\/","title":{"rendered":"Erasmus+"},"content":{"rendered":"\n<div class=\"wp-block-columns alignwide is-layout-flex wp-container-core-columns-is-layout-9d6595d7 wp-block-columns-is-layout-flex\">\n<div class=\"wp-block-column is-layout-flow wp-block-column-is-layout-flow\" style=\"flex-basis:33.33%\">\n<h2 class=\"wp-block-heading\">Erasmus+<\/h2>\n<\/div>\n\n\n\n<div class=\"wp-block-column is-layout-flow wp-block-column-is-layout-flow\" style=\"flex-basis:66.66%\">\n<p class=\"has-ingressi-font-size\">Erasmus+ -akkreditointi mahdollistaa ammatillisen koulutuksen liikkuvuuksien kehitt\u00e4misen v. 2027 asti.<\/p>\n\n\n\n<p> Kuopion konservatorion ammatillinen koulutus on saanut Opetushallitukselta Erasmus+ -akkreditoinnin ohjelmakaudelle 2022-2027. Akkreditointi kertoo konservatorion kansainv\u00e4lisen toiminnan pitk\u00e4j\u00e4nteisyydest\u00e4 ja akkreditoinnin my\u00f6t\u00e4 konservatorio on sitoutunut noudattamaan Erasmus+ -ohjelman laatustandardeja sek\u00e4 edist\u00e4m\u00e4\u00e4n inkluusion, digitaalisuuden ja ymp\u00e4rist\u00f6vastuullisuuden periaatteita.<\/p>\n\n\n\n<p>Akkreditoinnin avulla konservatorio voi s\u00e4\u00e4nn\u00f6llisesti toteuttaa ammatillisen koulutuksen muusikko- ja musiikkiteknologiopiskelijoiden sek\u00e4 ammatillisen koulutuksen henkil\u00f6st\u00f6n liikkuvuuksia mm. oppilaitos- ja ty\u00f6ss\u00e4oppimisjaksojen sek\u00e4 job-shadowing-jaksojen kautta. Akkreditointi mahdollistaa my\u00f6s konservatorion ammatillisen koulutuksen henkil\u00f6st\u00f6n l\u00e4hett\u00e4misen kansainv\u00e4lisiin Erasmus+ -laatuvaatimukset t\u00e4ytt\u00e4viin kursseihin ja koulutuksiin sek\u00e4 alan asiantuntijoiden kutsumisen mestarikurssien ja koulutusten vet\u00e4jiksi Kuopioon.<\/p>\n\n\n\n<p>Erasmus+ -akkreditointiin ja Erasmus+ -liikkuvuuksin liittyviss\u00e4 kysymyksiss\u00e4 auttavat oppilaitoksen rehtori sek\u00e4 kv-koordinaattori.<\/p>\n\n\n\n<h2 class=\"wp-block-heading has-ingressi-font-size\">Erasmus+ yhteisty\u00f6<\/h2>\n\n\n\n<p><strong>Vierailijat<\/strong><br>Lokakuu 2024 Conservatorio Profesional de Musica Victoria de las Angeles, Spain<br>Helmikuu 2024<br>Conservatorio Professional de Musica de Getafe, Spain<br>Johan Joseph Fux Konservatorium, Austria<br>Cesis Music secondary school Alfred Kanins, Latvia<br>Conservatorio Profesional de Musica Victoria de las Angeles, Spain<\/p>\n\n\n\n<p><strong>Vierailut<\/strong><br>Toukokuu 2023 Conservatori Professional de Musica d\u00b4Eivissa i Formentera, Spain<br>Marraskuu 2023 Johan Joseph Fux Konservatorium, Austria<br>Maaliskuu 2024 Det Jyske musikkonservatorium, Denmark<br>Maaliskuu 2024 Conservatory of Music Amaniel, Spain<br>Joulukuu 2024 Conservatorio Manuel Carra, Spain<br>Tammikuu 2025 Johan Joseph Fux Konservatorium, Austria<\/p>\n\n\n\n<h2 class=\"wp-block-heading has-ingressi-font-size\">Yhteystiedot<\/h2>\n\n\n\n<p>Erasmus+ Coordinator for international relations<br><strong>Anna Tenhunen<\/strong><br><a href=\"mailto:anna.tenhunen@kuopionkonservatorio.fi\">anna.tenhunen@kuopionkonservatorio.fi<\/a><br>+358447279235<\/p>\n\n\n\n<h5 class=\"wp-block-heading\">Lis\u00e4tietoa Erasmus+ -ohjelmasta: <a href=\"http:\/\/www.oph.fi\/erasmusplus\">www.oph.fi\/erasmusplus<\/a><\/h5>\n\n\n\n<figure class=\"wp-block-image size-large is-resized\"><img decoding=\"async\" width=\"1920\" height=\"457\" src=\"https:\/\/kuopionkonservatorio.fi\/wp-content\/uploads\/FI_Co-fundedbytheEU_RGB_BLACK-1920x457.png\" alt=\"Erasmus+ -logo. EU:n lippu mustalla pohjalla, Euroopan unionin osarahoittama.\" class=\"wp-image-11350 no-lazyload\" style=\"width:501px;height:auto\" srcset=\"https:\/\/kuopionkonservatorio.fi\/wp-content\/uploads\/FI_Co-fundedbytheEU_RGB_BLACK-1920x457.png 1920w, https:\/\/kuopionkonservatorio.fi\/wp-content\/uploads\/FI_Co-fundedbytheEU_RGB_BLACK-1024x244.png 1024w, https:\/\/kuopionkonservatorio.fi\/wp-content\/uploads\/FI_Co-fundedbytheEU_RGB_BLACK-768x183.png 768w, https:\/\/kuopionkonservatorio.fi\/wp-content\/uploads\/FI_Co-fundedbytheEU_RGB_BLACK-1536x365.png 1536w, https:\/\/kuopionkonservatorio.fi\/wp-content\/uploads\/FI_Co-fundedbytheEU_RGB_BLACK-2048x487.png 2048w\" sizes=\"(max-width: 1920px) 100vw, 1920px\" \/><\/figure>\n<\/div>\n<\/div>\n","protected":false},"excerpt":{"rendered":"<p>Erasmus+ Erasmus+ -akkreditointi mahdollistaa ammatillisen koulutuksen liikkuvuuksien kehitt\u00e4misen v. 2027 asti. Kuopion konservatorion ammatillinen koulutus on saanut Opetushallitukselta Erasmus+ -akkreditoinnin ohjelmakaudelle 2022-2027. Akkreditointi kertoo konservatorion kansainv\u00e4lisen toiminnan pitk\u00e4j\u00e4nteisyydest\u00e4 ja akkreditoinnin my\u00f6t\u00e4 konservatorio on sitoutunut noudattamaan Erasmus+ -ohjelman laatustandardeja sek\u00e4 edist\u00e4m\u00e4\u00e4n inkluusion, digitaalisuuden ja ymp\u00e4rist\u00f6vastuullisuuden periaatteita. Akkreditoinnin avulla konservatorio voi s\u00e4\u00e4nn\u00f6llisesti toteuttaa ammatillisen koulutuksen muusikko- ja [&hellip;]<\/p>\n","protected":false},"author":9,"featured_media":0,"parent":1168,"menu_order":1,"comment_status":"closed","ping_status":"closed","template":"","meta":{"inline_featured_image":false,"footnotes":""},"oppiaine":[],"class_list":["post-2866","page","type-page","status-publish","hentry"],"_links":{"self":[{"href":"https:\/\/kuopionkonservatorio.fi\/fi\/wp-json\/wp\/v2\/pages\/2866","targetHints":{"allow":["GET"]}}],"collection":[{"href":"https:\/\/kuopionkonservatorio.fi\/fi\/wp-json\/wp\/v2\/pages"}],"about":[{"href":"https:\/\/kuopionkonservatorio.fi\/fi\/wp-json\/wp\/v2\/types\/page"}],"author":[{"embeddable":true,"href":"https:\/\/kuopionkonservatorio.fi\/fi\/wp-json\/wp\/v2\/users\/9"}],"replies":[{"embeddable":true,"href":"https:\/\/kuopionkonservatorio.fi\/fi\/wp-json\/wp\/v2\/comments?post=2866"}],"version-history":[{"count":0,"href":"https:\/\/kuopionkonservatorio.fi\/fi\/wp-json\/wp\/v2\/pages\/2866\/revisions"}],"up":[{"embeddable":true,"href":"https:\/\/kuopionkonservatorio.fi\/fi\/wp-json\/wp\/v2\/pages\/1168"}],"wp:attachment":[{"href":"https:\/\/kuopionkonservatorio.fi\/fi\/wp-json\/wp\/v2\/media?parent=2866"}],"wp:term":[{"taxonomy":"oppiaine","embeddable":true,"href":"https:\/\/kuopionkonservatorio.fi\/fi\/wp-json\/wp\/v2\/oppiaine?post=2866"}],"curies":[{"name":"wp","href":"https:\/\/api.w.org\/{rel}","templated":true}]}}