{"id":271,"date":"2021-11-15T14:32:15","date_gmt":"2021-11-15T12:32:15","guid":{"rendered":"https:\/\/kuopionkonservatorio.letm.com\/?page_id=271"},"modified":"2025-12-19T14:57:54","modified_gmt":"2025-12-19T12:57:54","slug":"musiikkileikkikoulu","status":"publish","type":"page","link":"https:\/\/kuopionkonservatorio.fi\/fi\/musiikki-harrastuksena\/musiikkileikkikoulu\/","title":{"rendered":"Musiikkileikkikoulu"},"content":{"rendered":"\n<div class=\"wp-block-cover alignfull is-light\" style=\"min-height:293px;aspect-ratio:unset;\"><video class=\"wp-block-cover__video-background intrinsic-ignore\" autoplay muted loop playsinline src=\"https:\/\/kuopionkonservatorio.fi\/wp-content\/uploads\/Musiikkileikkikoulu_hero_v_2_pakattu.mp4\" style=\"object-position:49% 64%\" data-object-fit=\"cover\" data-object-position=\"49% 64%\"><\/video><span aria-hidden=\"true\" class=\"wp-block-cover__background has-background-dim-0 has-background-dim\"><\/span><div class=\"wp-block-cover__inner-container is-layout-flow wp-block-cover-is-layout-flow\">\n<p class=\"has-text-align-center has-large-font-size\"><\/p>\n<\/div><\/div>\n\n\n\n<div class=\"wp-block-group alignwide mb-5\"><div class=\"wp-block-group__inner-container is-layout-flow wp-block-group-is-layout-flow\"><div class=\"breadcrumbs align  wp-block-bcn-breadcrumb-trail has-text-color has-background\" vocab=\"https:\/\/schema.org\/\" typeof=\"BreadcrumbList\">\n\t<span><\/span>\n\t<span property=\"itemListElement\" typeof=\"ListItem\"><a property=\"item\" typeof=\"WebPage\" title=\"Go to Kuopion konservatorio.\" href=\"https:\/\/kuopionkonservatorio.fi\/fi\/\" class=\"home\" aria-current=\"page\"><i class=\"inline-block mr-1 has-black-color bi bi-house\"><\/i><\/a><meta property=\"position\" content=\"1\"><\/span><\/div>\n<\/div><\/div>\n\n\n\n<div class=\"wp-block-columns alignwide is-layout-flex wp-container-core-columns-is-layout-9d6595d7 wp-block-columns-is-layout-flex\">\n<div class=\"wp-block-column is-layout-flow wp-block-column-is-layout-flow\" style=\"flex-basis:33.33%\"><h2 class=\"wp-block-post-title\">Musiikkileikkikoulu<\/h2>\n\n\n<h5 class=\"wp-block-heading has-karpalo-color has-text-color\"><\/h5>\n\n\n\n<ul class=\"wp-block-list linkkilista\">\n<li><a href=\"https:\/\/kuopionkonservatorio.fi\/hakeminen\/\">Hakeminen<\/a><\/li>\n\n\n\n<li><a href=\"https:\/\/kuopionkonservatorio.fi\/hakeminen\/jatkoilmoittautuminen\/\">Jatkoilmoittautuminen<\/a><\/li>\n\n\n\n<li><a href=\"https:\/\/kuopionkonservatorio.fi\/oppilaitos\/lukukausimaksut\/\" data-type=\"page\" data-id=\"1018\">Lukukausimaksut<\/a><\/li>\n\n\n\n<li><a href=\"https:\/\/kuopionkonservatorio.fi\/lomakkeet\/\">Lomakkeet<\/a><\/li>\n\n\n\n<li><a href=\"https:\/\/kuopionkonservatorio.fi\/lukuvuosi\/\">Lukuvuosi<\/a><\/li>\n\n\n\n<li><a href=\"https:\/\/kuopionkonservatorio.fi\/wp-content\/uploads\/Musiikin-varhaisian-lukujarjestys-19.12.2025-2026-kevat.pdf\">Lukuj\u00e4rjestykset 2025-2026<\/a><\/li>\n\n\n\n<li><a href=\"https:\/\/kuopionkonservatorio.fi\/wp-content\/uploads\/Musiikin-varhaisian-opintojen-opetustarjotin-2025-2026-15.4.pdf\">Musiikin varhaisi\u00e4n opintojen opetustarjotin 2025\u20132026<\/a><\/li>\n\n\n\n<li><a href=\"https:\/\/kuopionkonservatorio.fi\/wp-content\/uploads\/Musiikin-varhaisian-ops-paivitetty-29.3.2022-1.pdf\">Musiikin varhaisi\u00e4n opintojen OPS 2018<\/a><\/li>\n\n\n\n<li><a href=\"https:\/\/kuopionkonservatorio.fi\/fi\/musiikki-harrastuksena\/musiikkileikkikoulu\/musiikkileikkikoulun-opettajat-ja-opetuspisteet\/\">Opettajat ja opetuspisteet<\/a><\/li>\n\n\n\n<li><a href=\"https:\/\/kuopionkonservatorio.fi\/wp-content\/uploads\/Tervetuloa-muskariin-paivitetty-2023-syksy.pdf\">Tervetuloa muskariin!<\/a><\/li>\n<\/ul>\n<\/div>\n\n\n\n<div class=\"wp-block-column is-layout-flow wp-block-column-is-layout-flow\" style=\"flex-basis:66.66%\">\n<p class=\"has-ingressi-font-size\">S\u00e4veli\u00e4, satuja, loruja, liikett\u00e4 \u2013 tule mukaan muskariin!<\/p>\n\n\n\n<p class=\"has-vaaleanpunainen-background-color has-background\">Seuraava hakuaika muskareihin on elokuussa 2026.<\/p>\n\n\n\n<p>Musiikkileikkikoulu eli muskari tuo iloa ja el\u00e4myksi\u00e4 perheen arkeen! Tavoitteena on her\u00e4tt\u00e4\u00e4 lapsissa rakkaus, kiinnostus ja uteliaisuus musiikkia kohtaan. Muskari kehitt\u00e4\u00e4 kuuntelutaitoa ja tukee monipuolisesti lapsen kokonaisvaltaista kasvua. Muskariopinnot ovat osa taiteen perusopetuksen laajan oppim\u00e4\u00e4r\u00e4n musiikin varhaisi\u00e4n opintoja. Muskarin opetustarjonta on suunnattu 0\u20136-vuotiaille lapsille. Opetus on tavoitteellista sek\u00e4 etenee lapsen kehitysvaiheiden ja kunkin lapsiryhm\u00e4n edellytysten mukaisesti.<\/p>\n\n\n\n<p>Muskarissa musisoidaan monipuolisesti ja el\u00e4myksellisesti omaa \u00e4\u00e4nt\u00e4, kehoa ja soittimia hy\u00f6dynt\u00e4en. Tutuiksi tulevat monet uudet sek\u00e4 perinteiset laulut, lorut&nbsp; ja leikit. K\u00e4yt\u00e4mme muskarissa monipuolisesti erilaisia taiteidenv\u00e4lisi\u00e4 ty\u00f6tapoja. Liikkeen, satujen ja tarinoiden kautta p\u00e4\u00e4st\u00e4\u00e4n ihmeellisiin seikkailuihin!<\/p>\n\n\n\n<p>Opetusviikkoja on lukuvuoden aikana 31\u201333. Opetuskertoihin sis\u00e4llytet\u00e4\u00e4n mahdolliset konsertit, juhlat ja esiintymiset. Opetusp\u00e4iv\u00e4ksi sattuva itsen\u00e4isyysp\u00e4iv\u00e4, loppiainen tai vappu v\u00e4hent\u00e4v\u00e4t opetuskertoja.<\/p>\n\n\n\n<p>Musiikkileikkikouluopetusta on tarjolla <strong>Kuopion<\/strong> lis\u00e4ksi <strong>Juankosken<\/strong>, <strong>Lapinlahden<\/strong>, <strong>Siilinj\u00e4rven<\/strong> ja <strong>Suonenjoen<\/strong> toimipisteiss\u00e4. Musiikkileikkikoulun oppilas voi halutessaan osallistua 5-vuotiaasta alkaen musiikkileikkikouluryhm\u00e4n ohella musiikin valmentaviin opintoihin.<\/p>\n\n\n\n      <div class=\"wp-block-letm-blocks-accordion\">\n        \n\n<div class=\"wp-block-letm-blocks-accordion-single-row\">\n<div class=\"wp-block-columns accordion-head has-valkoinen-color has-vadelma-background-color has-text-color has-background is-layout-flex wp-container-core-columns-is-layout-9d6595d7 wp-block-columns-is-layout-flex\">\n<div class=\"wp-block-column is-layout-flow wp-block-column-is-layout-flow\" style=\"flex-basis:50%\">\n<p class=\"heading-left\"><strong>Masumuskari<\/strong><\/p>\n<\/div>\n\n\n\n<div class=\"wp-block-column is-layout-flow wp-block-column-is-layout-flow\" style=\"flex-basis:50%\">\n<p class=\"heading-right\"><\/p>\n<\/div>\n<\/div>\n\n\n\n<div class=\"wp-block-columns accordion-content is-layout-flex wp-container-core-columns-is-layout-9d6595d7 wp-block-columns-is-layout-flex\">\n<div class=\"wp-block-column is-layout-flow wp-block-column-is-layout-flow\" style=\"flex-basis:100%\">\n<ul class=\"wp-block-list\">\n<li>45 min. kerran viikossa (yht. 31\u201333 opetuskertaa \/ lukuvuosi)<\/li>\n\n\n\n<li>vauvaa odottavat vanhemmat<\/li>\n\n\n\n<li>ryhmi\u00e4 perustetaan kysynn\u00e4n mukaan<\/li>\n<\/ul>\n\n\n\n<p>Masumuskarissa vauvaa odottavat vanhemmat p\u00e4\u00e4sev\u00e4t musisoimaan jo raskauden aikana. Vauvojen synnytty\u00e4 toiminta jatkuu vauvamuskarilla. Osallistuminen ei vaadi aiempia musiikkiopintoja eik\u00e4 soitto- tai laulutaitoa.<\/p>\n<\/div>\n<\/div>\n<\/div>\n\n\n\n<div class=\"wp-block-letm-blocks-accordion-single-row\">\n<div class=\"wp-block-columns accordion-head has-valkoinen-color has-vadelma-background-color has-text-color has-background is-layout-flex wp-container-core-columns-is-layout-9d6595d7 wp-block-columns-is-layout-flex\">\n<div class=\"wp-block-column is-layout-flow wp-block-column-is-layout-flow\" style=\"flex-basis:50%\">\n<p class=\"heading-left\"><strong>Vauvaryhm\u00e4t<\/strong><\/p>\n<\/div>\n\n\n\n<div class=\"wp-block-column is-layout-flow wp-block-column-is-layout-flow\" style=\"flex-basis:50%\">\n<p class=\"heading-right\"><\/p>\n<\/div>\n<\/div>\n\n\n\n<div class=\"wp-block-columns accordion-content is-layout-flex wp-container-core-columns-is-layout-9d6595d7 wp-block-columns-is-layout-flex\">\n<div class=\"wp-block-column is-layout-flow wp-block-column-is-layout-flow\" style=\"flex-basis:100%\">\n<ul class=\"wp-block-list\">\n<li>lapsi aikuisen kanssa<\/li>\n\n\n\n<li>45 min. kerran viikossa (yht. 31\u201333 opetuskertaa \/ lukuvuosi)<\/li>\n\n\n\n<li>vauvat n. 0\u20136 kk<\/li>\n\n\n\n<li>vauvat n. 7\u201311 kk<\/li>\n<\/ul>\n\n\n\n<p>Tunneilla lauletaan, lorutellaan ja leikit\u00e4\u00e4n leikkej\u00e4, jotka lis\u00e4\u00e4v\u00e4t lapsen ja vanhemman vuorovaikutusta. Lis\u00e4ksi k\u00f6r\u00f6tell\u00e4\u00e4n, soitetaan keho- ja rytmisoittimia, liikutaan musiikin mukaan, tanssitaan sek\u00e4 kuunnellaan musiikkia.<\/p>\n<\/div>\n<\/div>\n<\/div>\n\n\n\n<div class=\"wp-block-letm-blocks-accordion-single-row\">\n<div class=\"wp-block-columns accordion-head has-valkoinen-color has-turkoosi-background-color has-text-color has-background is-layout-flex wp-container-core-columns-is-layout-9d6595d7 wp-block-columns-is-layout-flex\">\n<div class=\"wp-block-column is-layout-flow wp-block-column-is-layout-flow\" style=\"flex-basis:50%\">\n<p class=\"heading-left\"><meta charset=\"utf-8\"><strong>Muskari<\/strong> 1\u20132-vuotiaat<\/p>\n<\/div>\n\n\n\n<div class=\"wp-block-column is-layout-flow wp-block-column-is-layout-flow\" style=\"flex-basis:50%\">\n<p class=\"heading-right\"><\/p>\n<\/div>\n<\/div>\n\n\n\n<div class=\"wp-block-columns accordion-content is-layout-flex wp-container-core-columns-is-layout-9d6595d7 wp-block-columns-is-layout-flex\">\n<div class=\"wp-block-column is-layout-flow wp-block-column-is-layout-flow\" style=\"flex-basis:100%\">\n<ul class=\"wp-block-list\">\n<li>lapsi aikuisen kanssa<\/li>\n\n\n\n<li>45 min. kerran viikossa (yht. 31\u201333 opetuskertaa \/ lukuvuosi)<\/li>\n\n\n\n<li>1-vuotiaat<\/li>\n\n\n\n<li>2-vuotiaat<\/li>\n<\/ul>\n\n\n\n<p>1\u20132-vuotiaiden muskaritunnilla lauletaan, lorutellaan ja leikit\u00e4\u00e4n leikkej\u00e4, jotka lis\u00e4\u00e4v\u00e4t lapsen ja vanhemman vuorovaikutusta. Lis\u00e4ksi soitetaan keho-, rytmi- ja melodiasoittimia, liikutaan musiikin mukaan, tanssitaan sek\u00e4 kuunnellaan musiikkia.<\/p>\n<\/div>\n<\/div>\n<\/div>\n\n\n\n<div class=\"wp-block-letm-blocks-accordion-single-row\">\n<div class=\"wp-block-columns accordion-head has-valkoinen-color has-turkoosi-background-color has-text-color has-background is-layout-flex wp-container-core-columns-is-layout-9d6595d7 wp-block-columns-is-layout-flex\">\n<div class=\"wp-block-column is-layout-flow wp-block-column-is-layout-flow\" style=\"flex-basis:50%\">\n<p class=\"heading-left\"><meta charset=\"utf-8\"><strong>Muskari<\/strong> 3\u20134-vuotiaat<\/p>\n<\/div>\n\n\n\n<div class=\"wp-block-column is-layout-flow wp-block-column-is-layout-flow\" style=\"flex-basis:50%\">\n<p class=\"heading-right\"><\/p>\n<\/div>\n<\/div>\n\n\n\n<div class=\"wp-block-columns accordion-content is-layout-flex wp-container-core-columns-is-layout-9d6595d7 wp-block-columns-is-layout-flex\">\n<div class=\"wp-block-column is-layout-flow wp-block-column-is-layout-flow\" style=\"flex-basis:100%\">\n<ul class=\"wp-block-list\">\n<li>45 min. kerran viikossa (yht. 31\u201333 opetuskertaa \/ lukuvuosi)<\/li>\n\n\n\n<li>3-vuotiaat<\/li>\n\n\n\n<li>4-vuotiaat<\/li>\n<\/ul>\n\n\n\n<p>3\u20134-vuotiaiden muskaritunnilla totutellaan toimimaan itsen\u00e4isesti. Tunneilla lauletaan, leikit\u00e4\u00e4n, soitetaan keho-, rytmi- ja melodiasoittimia, liikutaan musiikin mukaan, tanssitaan, kuunnellaan musiikkia sek\u00e4 tutustutaan musiikillisiin k\u00e4sitteisiin.<\/p>\n<\/div>\n<\/div>\n<\/div>\n\n\n\n<div class=\"wp-block-letm-blocks-accordion-single-row\">\n<div class=\"wp-block-columns accordion-head has-valkoinen-color has-turkoosi-background-color has-text-color has-background is-layout-flex wp-container-core-columns-is-layout-9d6595d7 wp-block-columns-is-layout-flex\">\n<div class=\"wp-block-column is-layout-flow wp-block-column-is-layout-flow\" style=\"flex-basis:50%\">\n<p class=\"heading-left\"><meta charset=\"utf-8\"><strong>Muskari<\/strong> 5\u20136-vuotiaat<\/p>\n<\/div>\n\n\n\n<div class=\"wp-block-column is-layout-flow wp-block-column-is-layout-flow\" style=\"flex-basis:50%\">\n<p class=\"heading-right\"><\/p>\n<\/div>\n<\/div>\n\n\n\n<div class=\"wp-block-columns accordion-content is-layout-flex wp-container-core-columns-is-layout-9d6595d7 wp-block-columns-is-layout-flex\">\n<div class=\"wp-block-column is-layout-flow wp-block-column-is-layout-flow\" style=\"flex-basis:100%\">\n<ul class=\"wp-block-list\">\n<li>45\u201360 min. kerran viikossa (yht. 31\u201333 opetuskertaa \/ lukuvuosi)<\/li>\n\n\n\n<li>5-vuotiaat<\/li>\n\n\n\n<li>6-vuotiaat<\/li>\n<\/ul>\n\n\n\n<p>5\u20136-vuotiaiden muskaritunnilla lauletaan, leikit\u00e4\u00e4n, soitetaan keho-, rytmi- ja melodiasoittimia, liikutaan musiikin mukaan, tanssitaan, kuunnellaan musiikkia sek\u00e4 tutustutaan musiikillisiin k\u00e4sitteisiin. 5\u20136-vuotias oppilas voi halutessaan ilmoittautua my\u00f6s musiikin valmentaviin opintoihin.<\/p>\n<\/div>\n<\/div>\n<\/div>\n\n\n\n<div class=\"wp-block-letm-blocks-accordion-single-row\">\n<div class=\"wp-block-columns accordion-head has-valkoinen-color has-vihrea-background-color has-text-color has-background is-layout-flex wp-container-core-columns-is-layout-9d6595d7 wp-block-columns-is-layout-flex\">\n<div class=\"wp-block-column is-layout-flow wp-block-column-is-layout-flow\" style=\"flex-basis:50%\">\n<p class=\"heading-left\"><meta charset=\"utf-8\"><strong>Kantele-ukuleleryhm\u00e4t<\/strong><\/p>\n<\/div>\n\n\n\n<div class=\"wp-block-column is-layout-flow wp-block-column-is-layout-flow\" style=\"flex-basis:50%\">\n<p class=\"heading-right\"><\/p>\n<\/div>\n<\/div>\n\n\n\n<div class=\"wp-block-columns accordion-content is-layout-flex wp-container-core-columns-is-layout-9d6595d7 wp-block-columns-is-layout-flex\">\n<div class=\"wp-block-column is-layout-flow wp-block-column-is-layout-flow\" style=\"flex-basis:100%\">\n<ul class=\"wp-block-list\">\n<li>45\u201360 min. kerran viikossa (yht. 31\u201333 opetuskertaa \/ lukuvuosi)<\/li>\n\n\n\n<li>5-vuotiaat<\/li>\n\n\n\n<li>6-vuotiaat<\/li>\n\n\n\n<li>Omaa soitinta suositellaan.<\/li>\n<\/ul>\n\n\n\n<p>Kantele-ukulelemuskarissa opitaan 5-kielisen kanteleen- ja ukulelensoiton alkeita. Lis\u00e4ksi lauletaan, leikit\u00e4\u00e4n, soitetaan keho-, rytmi- ja melodiasoittimia, liikutaan musiikin mukaan, tanssitaan, kuunnellaan musiikkia sek\u00e4 tutustutaan musiikillisiin k\u00e4sitteisiin. 5\u20136-vuotias oppilas voi halutessaan ilmoittautua my\u00f6s musiikin valmentaviin opintoihin.<\/p>\n<\/div>\n<\/div>\n<\/div>\n\n      <\/div>\n\n    <\/div>\n<\/div>\n","protected":false},"excerpt":{"rendered":"<p>S\u00e4veli\u00e4, satuja, loruja, liikett\u00e4 \u2013 tule mukaan muskariin! Seuraava hakuaika muskareihin on elokuussa 2026. Musiikkileikkikoulu eli muskari tuo iloa ja el\u00e4myksi\u00e4 perheen arkeen! Tavoitteena on her\u00e4tt\u00e4\u00e4 lapsissa rakkaus, kiinnostus ja uteliaisuus musiikkia kohtaan. Muskari kehitt\u00e4\u00e4 kuuntelutaitoa ja tukee monipuolisesti lapsen kokonaisvaltaista kasvua. Muskariopinnot ovat osa taiteen perusopetuksen laajan oppim\u00e4\u00e4r\u00e4n musiikin varhaisi\u00e4n opintoja. Muskarin opetustarjonta on [&hellip;]<\/p>\n","protected":false},"author":1,"featured_media":0,"parent":198,"menu_order":0,"comment_status":"closed","ping_status":"closed","template":"page-templates\/page_video-hero.php","meta":{"inline_featured_image":false,"footnotes":""},"oppiaine":[],"class_list":["post-271","page","type-page","status-publish","hentry"],"_links":{"self":[{"href":"https:\/\/kuopionkonservatorio.fi\/fi\/wp-json\/wp\/v2\/pages\/271","targetHints":{"allow":["GET"]}}],"collection":[{"href":"https:\/\/kuopionkonservatorio.fi\/fi\/wp-json\/wp\/v2\/pages"}],"about":[{"href":"https:\/\/kuopionkonservatorio.fi\/fi\/wp-json\/wp\/v2\/types\/page"}],"author":[{"embeddable":true,"href":"https:\/\/kuopionkonservatorio.fi\/fi\/wp-json\/wp\/v2\/users\/1"}],"replies":[{"embeddable":true,"href":"https:\/\/kuopionkonservatorio.fi\/fi\/wp-json\/wp\/v2\/comments?post=271"}],"version-history":[{"count":0,"href":"https:\/\/kuopionkonservatorio.fi\/fi\/wp-json\/wp\/v2\/pages\/271\/revisions"}],"up":[{"embeddable":true,"href":"https:\/\/kuopionkonservatorio.fi\/fi\/wp-json\/wp\/v2\/pages\/198"}],"wp:attachment":[{"href":"https:\/\/kuopionkonservatorio.fi\/fi\/wp-json\/wp\/v2\/media?parent=271"}],"wp:term":[{"taxonomy":"oppiaine","embeddable":true,"href":"https:\/\/kuopionkonservatorio.fi\/fi\/wp-json\/wp\/v2\/oppiaine?post=271"}],"curies":[{"name":"wp","href":"https:\/\/api.w.org\/{rel}","templated":true}]}}