{"id":217,"date":"2021-11-15T10:21:09","date_gmt":"2021-11-15T08:21:09","guid":{"rendered":"https:\/\/kuopionkonservatorio.letm.com\/?page_id=217"},"modified":"2026-02-11T12:38:07","modified_gmt":"2026-02-11T10:38:07","slug":"musiikista-ammatti","status":"publish","type":"page","link":"https:\/\/kuopionkonservatorio.fi\/fi\/musiikista-ammatti\/","title":{"rendered":"Musiikista ammatti"},"content":{"rendered":"\n<div class=\"wp-block-cover alignfull is-light\" style=\"min-height:301px;aspect-ratio:unset;\"><video class=\"wp-block-cover__video-background intrinsic-ignore\" autoplay muted loop playsinline src=\"https:\/\/kuopionkonservatorio.fi\/wp-content\/uploads\/Musiikista-ammatti_landing-page_v_2_pakattu.mp4\" style=\"object-position:50% 35%\" data-object-fit=\"cover\" data-object-position=\"50% 35%\"><\/video><span aria-hidden=\"true\" class=\"wp-block-cover__background has-background-dim-0 has-background-dim\"><\/span><div class=\"wp-block-cover__inner-container is-layout-flow wp-block-cover-is-layout-flow\">\n<p class=\"has-text-align-center has-valkoinen-color has-text-color has-large-font-size\"><\/p>\n<\/div><\/div>\n\n\n\n<div class=\"wp-block-group alignwide mb-5\"><div class=\"wp-block-group__inner-container is-layout-flow wp-block-group-is-layout-flow\"><div class=\"breadcrumbs align  wp-block-bcn-breadcrumb-trail has-text-color has-background\" vocab=\"https:\/\/schema.org\/\" typeof=\"BreadcrumbList\">\n\t<span><\/span>\n\t<span property=\"itemListElement\" typeof=\"ListItem\"><a property=\"item\" typeof=\"WebPage\" title=\"Go to Kuopion konservatorio.\" href=\"https:\/\/kuopionkonservatorio.fi\/fi\/\" class=\"home\" aria-current=\"page\"><i class=\"inline-block mr-1 has-black-color bi bi-house\"><\/i><\/a><meta property=\"position\" content=\"1\"><\/span><\/div>\n<\/div><\/div>\n\n\n\n<div class=\"wp-block-columns alignwide is-layout-flex wp-container-core-columns-is-layout-9d6595d7 wp-block-columns-is-layout-flex\">\n<div class=\"wp-block-column is-layout-flow wp-block-column-is-layout-flow\" style=\"flex-basis:33.33%\"><h2 class=\"wp-block-post-title\">Musiikista ammatti<\/h2><\/div>\n\n\n\n<div class=\"wp-block-column is-layout-flow wp-block-column-is-layout-flow\" style=\"flex-basis:66.66%\">\n<p class=\"has-ingressi-font-size\">Haaveissa musiikkialan ammatti? Opiskele meill\u00e4 muusikoksi (klassinen musiikki tai rytmimusiikki)!<\/p>\n\n\n\n<p>Kuopion konservatorion musiikkialan toisen asteen ammatillisessa koulutuksessa voit saada musiikista itsellesi ammatin! Musiikkialan perustutkintoon johtavassa koulutuksessa voi opiskella muusikoksi (klassinen musiikki tai rytmimusiikki). Musiikkialan perustutkinnon laajuus on 180 osaamispistett\u00e4. Opintojen ohjeellinen kesto on peruskoulupohjaisilla hakijoilla 3 lukuvuotta, kun taas korkea-asteen, toisen asteen tai lukiotutkinnon suorittaneilla 2 vuotta. Ammatillinen koulutus Kuopion konservatoriossa antaa paitsi ammatilliset perusvalmiudet, my\u00f6s yleisen korkeakoulukelpoisuuden. Musiikkialan perustutkinnon aikana voit suorittaa my\u00f6s v\u00e4yl\u00e4opintoja Humanistiseen ammattikorkeakouluun (Humak) kulttuurituottajan koulutukseen.<\/p>\n\n\n\n<div class=\"wp-block-buttons alignfull is-content-justification-space-between is-layout-flex wp-container-core-buttons-is-layout-3d213aab wp-block-buttons-is-layout-flex\">\n<div class=\"wp-block-button has-custom-width wp-block-button__width-50 is-style-fill\"><a class=\"wp-block-button__link has-petrooli-background-color has-background wp-element-button\" href=\"https:\/\/kuopionkonservatorio.fi\/musiikista-ammatti\/hakuinfo\/\" style=\"border-radius:41px\">Hae meille!<\/a><\/div>\n<\/div>\n\n\n\n<div class=\"wp-block-columns alignwide is-layout-flex wp-container-core-columns-is-layout-9d6595d7 wp-block-columns-is-layout-flex\">\n<div class=\"wp-block-column mb-4 mx-2 has-valkoinen-color has-marjapuuro-background-color has-text-color has-background is-layout-flow wp-block-column-is-layout-flow\">\n<figure class=\"wp-block-image size-full\"><img decoding=\"async\" width=\"2560\" height=\"1707\" src=\"https:\/\/kuopionkonservatorio.fi\/wp-content\/uploads\/pexels-cottonbro-7095045-scaled.jpg\" alt=\"\" class=\"wp-image-17285 no-lazyload\" srcset=\"https:\/\/kuopionkonservatorio.fi\/wp-content\/uploads\/pexels-cottonbro-7095045-scaled.jpg 2560w, https:\/\/kuopionkonservatorio.fi\/wp-content\/uploads\/pexels-cottonbro-7095045-864x576.jpg 864w, https:\/\/kuopionkonservatorio.fi\/wp-content\/uploads\/pexels-cottonbro-7095045-1620x1080.jpg 1620w, https:\/\/kuopionkonservatorio.fi\/wp-content\/uploads\/pexels-cottonbro-7095045-768x512.jpg 768w, https:\/\/kuopionkonservatorio.fi\/wp-content\/uploads\/pexels-cottonbro-7095045-1536x1024.jpg 1536w, https:\/\/kuopionkonservatorio.fi\/wp-content\/uploads\/pexels-cottonbro-7095045-2048x1365.jpg 2048w\" sizes=\"(max-width: 2560px) 100vw, 2560px\" \/><\/figure>\n\n\n\n<div class=\"wp-block-group p-4\"><div class=\"wp-block-group__inner-container is-layout-flow wp-block-group-is-layout-flow\">\n<h2 class=\"wp-block-heading mb-4 has-karpalo-color has-text-color has-ingressi-font-size\" id=\"musiikkileikkikoulu\"><a href=\"https:\/\/kuopionkonservatorio.fi\/musiikista-ammatti\/muusikko-klassinen-musiikki\/\">Muusikko, klassinen musiikki <\/a><\/h2>\n\n\n\n<p class=\"has-musta-color has-text-color\">Kuopiossa voit opiskella musiikkia ainutlaatuisessa toimintaymp\u00e4rist\u00f6ss\u00e4 Kuopion Musiikkikeskuksella. Usean eri toimijan v\u00e4linen yhteisty\u00f6 mahdollistaa  kamarimusiikki- ja orkesteriyhteisty\u00f6n, erilaiset yhteisproduktiot ja tapahtumat sek\u00e4 kansainv\u00e4lisen yhteisty\u00f6n.<\/p>\n<\/div><\/div>\n<\/div>\n\n\n\n<div class=\"wp-block-column mb-4 mx-2 has-valkoinen-color has-marjapuuro-background-color has-text-color has-background is-layout-flow wp-block-column-is-layout-flow\">\n<figure class=\"wp-block-image size-full\"><img decoding=\"async\" width=\"455\" height=\"303\" src=\"https:\/\/kuopionkonservatorio.fi\/wp-content\/uploads\/pexels-cottonbro-5648348-pieni.jpg\" alt=\"\" class=\"wp-image-17288 no-lazyload\"\/><\/figure>\n\n\n\n<div class=\"wp-block-group p-4\"><div class=\"wp-block-group__inner-container is-layout-flow wp-block-group-is-layout-flow\">\n<h2 class=\"wp-block-heading mb-4 has-karpalo-color has-text-color has-ingressi-font-size\" id=\"musiikin-valmentavat-opinnot\"><a href=\"https:\/\/kuopionkonservatorio.fi\/musiikista-ammatti\/muusikko-rytmimusiikki\/\">Muusikko, rytmimusiikki<\/a><\/h2>\n\n\n\n<p class=\"has-musta-color has-text-color\">Kuopion konservatorion rytmimusiikin ammatillinen koulutus tapahtuu Kuopion keskustan alueella. Meill\u00e4 voit kehitt\u00e4\u00e4 omaa erityisosaamistasi ja laajentaa muusikkouttasi toimiaksesi monipuolisena rytmimusiikin ammattilaisena.<\/p>\n<\/div><\/div>\n<\/div>\n<\/div>\n\n\n\n<div class=\"wp-block-columns alignwide is-layout-flex wp-container-core-columns-is-layout-9d6595d7 wp-block-columns-is-layout-flex\">\n<div class=\"wp-block-column mb-4 mx-2 has-valkoinen-color has-marjapuuro-background-color has-text-color has-background is-layout-flow wp-block-column-is-layout-flow\">\n<figure class=\"wp-block-image size-full\"><img decoding=\"async\" width=\"1024\" height=\"682\" src=\"https:\/\/kuopionkonservatorio.fi\/wp-content\/uploads\/1024x682-px-tekno.jpg\" alt=\"\" class=\"wp-image-5474 no-lazyload\" srcset=\"https:\/\/kuopionkonservatorio.fi\/wp-content\/uploads\/\/1024x682-px-tekno.jpg 1024w, https:\/\/kuopionkonservatorio.fi\/wp-content\/uploads\/\/1024x682-px-tekno-865x576.jpg 865w, https:\/\/kuopionkonservatorio.fi\/wp-content\/uploads\/\/1024x682-px-tekno-768x512.jpg 768w\" sizes=\"(max-width: 1024px) 100vw, 1024px\" \/><\/figure>\n\n\n\n<div class=\"wp-block-group p-4\"><div class=\"wp-block-group__inner-container is-layout-flow wp-block-group-is-layout-flow\">\n<h2 class=\"wp-block-heading mb-4 has-karpalo-color has-text-color has-ingressi-font-size\" id=\"musiikkileikkikoulu\"><a href=\"https:\/\/kuopionkonservatorio.fi\/musiikista-ammatti\/musiikkiteknologi\/\">Musiikkiteknologi<\/a><\/h2>\n\n\n\n<p class=\"has-musta-color has-text-color has-link-color wp-elements-85b237ce7000f252e95046da3b9090fe\"><strong>Huom! Musiikkiteknologia ei tarjolla kev\u00e4\u00e4n 2026 yhteishaussa.<\/strong><\/p>\n\n\n\n<p class=\"has-musta-color has-text-color\">Kuopion konservatorion musiikkiteknologi-koulutus tapahtuu Puistokadun tiloissa. Musiikkiteknologian opintojen (studioty\u00f6skentely, esitystilanteen \u00e4\u00e4nentoisto, musiikkiohjelmistot ym.) ohella tutkintoon kuuluu instrumentti- ja yhtyesoiton opintoja sek\u00e4 yleissivist\u00e4vi\u00e4 opintoja.<\/p>\n<\/div><\/div>\n<\/div>\n\n\n\n<div class=\"wp-block-column mb-4 mx-2 has-valkoinen-color has-marjapuuro-background-color has-text-color has-background is-layout-flow wp-block-column-is-layout-flow\">\n<figure class=\"wp-block-image size-full\"><img decoding=\"async\" width=\"2560\" height=\"1707\" src=\"https:\/\/kuopionkonservatorio.fi\/wp-content\/uploads\/pexels-tima-miroshnichenko-6670757-scaled.jpg\" alt=\"\" class=\"wp-image-15703 no-lazyload\" srcset=\"https:\/\/kuopionkonservatorio.fi\/wp-content\/uploads\/pexels-tima-miroshnichenko-6670757-scaled.jpg 2560w, https:\/\/kuopionkonservatorio.fi\/wp-content\/uploads\/pexels-tima-miroshnichenko-6670757-864x576.jpg 864w, https:\/\/kuopionkonservatorio.fi\/wp-content\/uploads\/pexels-tima-miroshnichenko-6670757-1620x1080.jpg 1620w, https:\/\/kuopionkonservatorio.fi\/wp-content\/uploads\/pexels-tima-miroshnichenko-6670757-768x512.jpg 768w, https:\/\/kuopionkonservatorio.fi\/wp-content\/uploads\/pexels-tima-miroshnichenko-6670757-1536x1024.jpg 1536w, https:\/\/kuopionkonservatorio.fi\/wp-content\/uploads\/pexels-tima-miroshnichenko-6670757-2048x1366.jpg 2048w\" sizes=\"(max-width: 2560px) 100vw, 2560px\" \/><\/figure>\n\n\n\n<div class=\"wp-block-group p-4\"><div class=\"wp-block-group__inner-container is-layout-flow wp-block-group-is-layout-flow\">\n<h2 class=\"wp-block-heading mb-4 has-karpalo-color has-text-color has-ingressi-font-size\" id=\"musiikin-valmentavat-opinnot\"><a href=\"https:\/\/kuopionkonservatorio.fi\/fi\/musiikista-ammatti\/hakuinfo\/\">Ammatillinen t\u00e4ydennyskoulutus<\/a><\/h2>\n\n\n\n<p class=\"has-musta-color has-text-color\"><strong>Biisintekij\u00e4n ty\u00f6kalupakki, 45 osp<\/strong><br>&#8211; Musiikkitallenteen tuotantoprosessissa toimiminen 15 osp<br>&#8211; Sovittaminen ja soitintaminen 15 osp<br>&#8211; Laulunkirjoittaminen 15 osp<\/p>\n\n\n\n<p class=\"has-musta-color has-text-color\">Kiinnostaako oman osaamisen kehitt\u00e4minen? Lis\u00e4tietoa ammatillisen koulutuksen tutkinnonosista saat opinto-ohjaajalta: anna.tenhunen@kuopionkonservatorio.fi<\/p>\n<\/div><\/div>\n<\/div>\n<\/div>\n\n\n\n<div class=\"wp-block-columns alignwide is-layout-flex wp-container-core-columns-is-layout-9d6595d7 wp-block-columns-is-layout-flex\">\n<div class=\"wp-block-column mb-4 mx-2 has-valkoinen-color has-marjapuuro-background-color has-text-color has-background is-layout-flow wp-block-column-is-layout-flow\">\n<figure class=\"wp-block-image size-full\"><img decoding=\"async\" width=\"1024\" height=\"682\" src=\"https:\/\/kuopionkonservatorio.fi\/wp-content\/uploads\/Ammatillinen-koulutus-yhteisomuusikko-1024x628px-1.jpg\" alt=\"L\u00e4hikuva viulusta ja k\u00e4dest\u00e4.\" class=\"wp-image-2234 no-lazyload\" srcset=\"https:\/\/kuopionkonservatorio.fi\/wp-content\/uploads\/\/Ammatillinen-koulutus-yhteisomuusikko-1024x628px-1.jpg 1024w, https:\/\/kuopionkonservatorio.fi\/wp-content\/uploads\/\/Ammatillinen-koulutus-yhteisomuusikko-1024x628px-1-865x576.jpg 865w, https:\/\/kuopionkonservatorio.fi\/wp-content\/uploads\/\/Ammatillinen-koulutus-yhteisomuusikko-1024x628px-1-768x512.jpg 768w\" sizes=\"(max-width: 1024px) 100vw, 1024px\" \/><\/figure>\n\n\n\n<div class=\"wp-block-group p-4\"><div class=\"wp-block-group__inner-container is-layout-flow wp-block-group-is-layout-flow\">\n<h2 class=\"wp-block-heading mb-4 has-karpalo-color has-text-color has-ingressi-font-size\" id=\"musiikin-valmentavat-opinnot\"><a href=\"https:\/\/kuopionkonservatorio.fi\/fi\/musiikista-ammatti\/kaksoistutkinto\/\">Kaksoistutkinto<\/a><\/h2>\n\n\n\n<p class=\"has-musta-color has-text-color has-link-color wp-elements-83bf1c29bbc5581de97fbe414fafe8a3\">Kaksoistutkinnossa opiskelija suorittaa ammatillisen perustutkinnon 180 osaamispistett\u00e4 sek\u00e4 ylioppilastutkinnon.<\/p>\n<\/div><\/div>\n<\/div>\n\n\n\n<div class=\"wp-block-column has-valkoinen-background-color has-background is-layout-flow wp-block-column-is-layout-flow\">\n<figure class=\"wp-block-embed aligncenter is-type-video is-provider-youtube wp-block-embed-youtube wp-embed-aspect-16-9 wp-has-aspect-ratio\"><div class=\"wp-block-embed__wrapper\">\n<iframe title=\"Musiikkialan perustutkinto (ammatillinen koulutus), Kuopion konseratorio, esittely\" width=\"1400\" height=\"788\" src=\"https:\/\/www.youtube.com\/embed\/u3i56lFwOLQ?feature=oembed\" frameborder=\"0\" allow=\"accelerometer; autoplay; clipboard-write; encrypted-media; gyroscope; picture-in-picture; web-share\" referrerpolicy=\"strict-origin-when-cross-origin\" allowfullscreen><\/iframe>\n<\/div><\/figure>\n<\/div>\n<\/div>\n\n\n\n<h2 class=\"wp-block-heading\"><\/h2>\n<\/div>\n\n\n\n<div class=\"wp-block-column is-layout-flow wp-block-column-is-layout-flow\"><\/div>\n<\/div>\n\n\n\n<p><\/p>\n","protected":false},"excerpt":{"rendered":"<p>Haaveissa musiikkialan ammatti? Opiskele meill\u00e4 muusikoksi (klassinen musiikki tai rytmimusiikki)! Kuopion konservatorion musiikkialan toisen asteen ammatillisessa koulutuksessa voit saada musiikista itsellesi ammatin! Musiikkialan perustutkintoon johtavassa koulutuksessa voi opiskella muusikoksi (klassinen musiikki tai rytmimusiikki). Musiikkialan perustutkinnon laajuus on 180 osaamispistett\u00e4. Opintojen ohjeellinen kesto on peruskoulupohjaisilla hakijoilla 3 lukuvuotta, kun taas korkea-asteen, toisen asteen tai lukiotutkinnon suorittaneilla [&hellip;]<\/p>\n","protected":false},"author":9,"featured_media":0,"parent":0,"menu_order":0,"comment_status":"closed","ping_status":"closed","template":"page-templates\/page_secondary-nav.php","meta":{"inline_featured_image":false,"footnotes":""},"oppiaine":[],"class_list":["post-217","page","type-page","status-publish","hentry"],"_links":{"self":[{"href":"https:\/\/kuopionkonservatorio.fi\/fi\/wp-json\/wp\/v2\/pages\/217","targetHints":{"allow":["GET"]}}],"collection":[{"href":"https:\/\/kuopionkonservatorio.fi\/fi\/wp-json\/wp\/v2\/pages"}],"about":[{"href":"https:\/\/kuopionkonservatorio.fi\/fi\/wp-json\/wp\/v2\/types\/page"}],"author":[{"embeddable":true,"href":"https:\/\/kuopionkonservatorio.fi\/fi\/wp-json\/wp\/v2\/users\/9"}],"replies":[{"embeddable":true,"href":"https:\/\/kuopionkonservatorio.fi\/fi\/wp-json\/wp\/v2\/comments?post=217"}],"version-history":[{"count":0,"href":"https:\/\/kuopionkonservatorio.fi\/fi\/wp-json\/wp\/v2\/pages\/217\/revisions"}],"wp:attachment":[{"href":"https:\/\/kuopionkonservatorio.fi\/fi\/wp-json\/wp\/v2\/media?parent=217"}],"wp:term":[{"taxonomy":"oppiaine","embeddable":true,"href":"https:\/\/kuopionkonservatorio.fi\/fi\/wp-json\/wp\/v2\/oppiaine?post=217"}],"curies":[{"name":"wp","href":"https:\/\/api.w.org\/{rel}","templated":true}]}}