{"id":212,"date":"2021-11-15T10:16:40","date_gmt":"2021-11-15T08:16:40","guid":{"rendered":"https:\/\/kuopionkonservatorio.letm.com\/?page_id=212"},"modified":"2026-01-26T11:03:52","modified_gmt":"2026-01-26T09:03:52","slug":"tanssi-harrastuksena","status":"publish","type":"page","link":"https:\/\/kuopionkonservatorio.fi\/fi\/tanssi-harrastuksena\/","title":{"rendered":"Tanssi harrastuksena"},"content":{"rendered":"\n<div class=\"wp-block-cover alignfull is-light\" style=\"min-height:300px;aspect-ratio:unset;\"><video class=\"wp-block-cover__video-background intrinsic-ignore\" autoplay muted loop playsinline src=\"https:\/\/kuopionkonservatorio.fi\/wp-content\/uploads\/Tanssi-harrastuksena_landing-page_v_2_pakattu.mp4\" style=\"object-position:50% 35%\" data-object-fit=\"cover\" data-object-position=\"50% 35%\"><\/video><span aria-hidden=\"true\" class=\"wp-block-cover__background has-background-dim-0 has-background-dim\"><\/span><div class=\"wp-block-cover__inner-container is-layout-flow wp-block-cover-is-layout-flow\">\n<p class=\"has-text-align-center has-large-font-size\"><\/p>\n<\/div><\/div>\n\n\n\n<div class=\"wp-block-group alignwide mb-5\"><div class=\"wp-block-group__inner-container is-layout-flow wp-block-group-is-layout-flow\"><div class=\"breadcrumbs align  wp-block-bcn-breadcrumb-trail has-text-color has-background\" vocab=\"https:\/\/schema.org\/\" typeof=\"BreadcrumbList\">\n\t<span><\/span>\n\t<span property=\"itemListElement\" typeof=\"ListItem\"><a property=\"item\" typeof=\"WebPage\" title=\"Go to Kuopion konservatorio.\" href=\"https:\/\/kuopionkonservatorio.fi\/fi\/\" class=\"home\" aria-current=\"page\"><i class=\"inline-block mr-1 has-black-color bi bi-house\"><\/i><\/a><meta property=\"position\" content=\"1\"><\/span><\/div>\n<\/div><\/div>\n\n\n\n<p><\/p>\n\n\n\n<div class=\"wp-block-columns alignwide is-layout-flex wp-container-core-columns-is-layout-9d6595d7 wp-block-columns-is-layout-flex\">\n<div class=\"wp-block-column is-layout-flow wp-block-column-is-layout-flow\" style=\"flex-basis:33.33%\">\n<h2 class=\"wp-block-heading\" id=\"tanssi-harrastuksena\">Tanssi harrastuksena<\/h2>\n<\/div>\n\n\n\n<div class=\"wp-block-column is-layout-flow wp-block-column-is-layout-flow\" style=\"flex-basis:66.66%\">\n<p class=\"has-ingressi-font-size\">Hypp\u00e4\u00e4 mukaan tanssin maailmaan! Tanssiopinnot tarjoavat taiteen ja liikkumisen iloa, tukien samalla lapsen ja nuoren kasvua.<\/p>\n\n\n\n<p class=\"mb-5\">Kuopion konservatorio tarjoaa taiteen perusopetuksen laajan oppim\u00e4\u00e4r\u00e4n mukaista opetusta tanssissa. Meill\u00e4 voit siis harrastaa tanssia taaperosta aikuisi\u00e4lle saakka! Noudatamme opetuksessamme taiteen perusopetuksen tanssin laajan oppim\u00e4\u00e4r\u00e4n mukaista opetussuunnitelmaa. Tanssituntien turvallinen ja kannustava oppimisilmapiiri luo tilaisuuden tutkia tanssin maailmaa jokaisen oppilaan omista l\u00e4ht\u00f6kohdista. Kaikki vakituiset opettajamme ovat korkeakoulutettuja tanssin ammattilaisia.<\/p>\n\n\n\n<p class=\"has-huurre-background-color has-background\"><strong>Katso ajankohtaiset hakuajat: <a href=\"https:\/\/kuopionkonservatorio.fi\/fi\/hakeminen\/\">kuopionkonservatorio.fi\/hakeminen<\/a><\/strong><\/p>\n\n\n\n<div class=\"wp-block-columns is-layout-flex wp-container-core-columns-is-layout-9d6595d7 wp-block-columns-is-layout-flex\">\n<div class=\"wp-block-column is-vertically-aligned-top mb-4 mx-2 has-huurre-background-color has-background is-layout-flow wp-block-column-is-layout-flow\"><\/div>\n<\/div>\n\n\n\n<div class=\"wp-block-columns alignwide is-layout-flex wp-container-core-columns-is-layout-9d6595d7 wp-block-columns-is-layout-flex\">\n<div class=\"wp-block-column mb-4 mx-2 has-huurre-background-color has-background is-layout-flow wp-block-column-is-layout-flow\">\n<figure class=\"wp-block-image size-full\"><img decoding=\"async\" width=\"1024\" height=\"682\" src=\"https:\/\/kuopionkonservatorio.fi\/wp-content\/uploads\/Lastentanssi-1024x682px-kopio.jpg\" alt=\"\" class=\"wp-image-1766 no-lazyload\" srcset=\"https:\/\/kuopionkonservatorio.fi\/wp-content\/uploads\/\/Lastentanssi-1024x682px-kopio.jpg 1024w, https:\/\/kuopionkonservatorio.fi\/wp-content\/uploads\/\/Lastentanssi-1024x682px-kopio-720x480.jpg 720w, https:\/\/kuopionkonservatorio.fi\/wp-content\/uploads\/\/Lastentanssi-1024x682px-kopio-768x512.jpg 768w\" sizes=\"(max-width: 1024px) 100vw, 1024px\" \/><\/figure>\n\n\n\n<div class=\"wp-block-group px-4\"><div class=\"wp-block-group__inner-container is-layout-flow wp-block-group-is-layout-flow\">\n<h2 class=\"wp-block-heading my-4 has-petrooli-color has-text-color has-ingressi-font-size\" id=\"lastentanssi\"><a href=\"https:\/\/kuopionkonservatorio.fi\/tanssi-harrastuksena\/lastentanssi\/\">Lastentanssi<\/a><\/h2>\n\n\n\n<p>Tanssiharrastuksen voi aloittaa lastentanssissa 2\u20135-vuotiaana yksin tai yhdess\u00e4 oman aikuisen kanssa. Leikin, mielikuvien ja monipuolisten harjoitteiden avulla tutustumme tanssin maailmaan. Tervetuloa lastentanssiin kokemaan tanssin ja liikkumisen iloa!<\/p>\n<\/div><\/div>\n<\/div>\n\n\n\n<div class=\"wp-block-column mb-4 mx-2 has-huurre-background-color has-background is-layout-flow wp-block-column-is-layout-flow\">\n<figure class=\"wp-block-image size-full\"><img decoding=\"async\" width=\"1024\" height=\"682\" src=\"https:\/\/kuopionkonservatorio.fi\/wp-content\/uploads\/Tanssi-alkutaso-nyky-1024x682-kopio2.jpg\" alt=\"\" class=\"wp-image-1772 no-lazyload\" srcset=\"https:\/\/kuopionkonservatorio.fi\/wp-content\/uploads\/\/Tanssi-alkutaso-nyky-1024x682-kopio2.jpg 1024w, https:\/\/kuopionkonservatorio.fi\/wp-content\/uploads\/\/Tanssi-alkutaso-nyky-1024x682-kopio2-720x480.jpg 720w, https:\/\/kuopionkonservatorio.fi\/wp-content\/uploads\/\/Tanssi-alkutaso-nyky-1024x682-kopio2-768x512.jpg 768w\" sizes=\"(max-width: 1024px) 100vw, 1024px\" \/><\/figure>\n\n\n\n<div class=\"wp-block-group px-4\"><div class=\"wp-block-group__inner-container is-layout-flow wp-block-group-is-layout-flow\">\n<h2 class=\"wp-block-heading my-4 has-petrooli-color has-text-color has-ingressi-font-size\" id=\"valmentava-opetus\"><a href=\"https:\/\/kuopionkonservatorio.fi\/tanssi-harrastuksena\/tanssin-valmentavat-opinnot\/\">Valmentava opetus<\/a><\/h2>\n\n\n\n<p>Tanssin valmentavat opinnot on tarkoitettu 6\u20138-vuotiaille lapsille. Tanssin valmentavissa opinnoissa tutustutaan sek\u00e4 nykytanssiin ett\u00e4 balettiin monipuolisen perusliikkumisen ohella. Yhdess\u00e4 tehden ja kokien luomme pohjaa my\u00f6s tanssin perusopintoihin.<\/p>\n<\/div><\/div>\n<\/div>\n<\/div>\n\n\n\n<div class=\"wp-block-columns alignwide is-layout-flex wp-container-core-columns-is-layout-9d6595d7 wp-block-columns-is-layout-flex\">\n<div class=\"wp-block-column mb-4 mx-2 has-huurre-background-color has-background is-layout-flow wp-block-column-is-layout-flow\">\n<figure class=\"wp-block-image size-full\"><img decoding=\"async\" width=\"1024\" height=\"682\" src=\"https:\/\/kuopionkonservatorio.fi\/wp-content\/uploads\/Baletti-ja-nykytanssi-1024x682px-kopio2.jpg\" alt=\"\" class=\"wp-image-1773 no-lazyload\" srcset=\"https:\/\/kuopionkonservatorio.fi\/wp-content\/uploads\/\/Baletti-ja-nykytanssi-1024x682px-kopio2.jpg 1024w, https:\/\/kuopionkonservatorio.fi\/wp-content\/uploads\/\/Baletti-ja-nykytanssi-1024x682px-kopio2-720x480.jpg 720w, https:\/\/kuopionkonservatorio.fi\/wp-content\/uploads\/\/Baletti-ja-nykytanssi-1024x682px-kopio2-768x512.jpg 768w\" sizes=\"(max-width: 1024px) 100vw, 1024px\" \/><\/figure>\n\n\n\n<div class=\"wp-block-group px-4\"><div class=\"wp-block-group__inner-container is-layout-flow wp-block-group-is-layout-flow\">\n<h2 class=\"wp-block-heading my-4 has-petrooli-color has-text-color has-ingressi-font-size\" id=\"baletti-ja-nykytanssi\"><a href=\"https:\/\/kuopionkonservatorio.fi\/tanssi-harrastuksena\/baletti-ja-nykytanssi\/\">Baletti ja nykytanssi<\/a><\/h2>\n\n\n\n<p>Baletin ja nykytanssin harrastamisen voi aloittaa 9-vuotiaana tanssin perusopinnoista. Tanssin perusopinnot tarjoavat lapsille ja nuorille tanssin iloa ja mahdollisuuden harrastaa tanssia pitk\u00e4j\u00e4nteisesti. Opetus etenee tasolta toiselle yksil\u00f6llisesti. Perusopintojen j\u00e4lkeen oppilas voi siirty\u00e4 tanssin syvent\u00e4viin opintoihin.<\/p>\n<\/div><\/div>\n<\/div>\n\n\n\n<div class=\"wp-block-column mb-4 mx-2 has-huurre-background-color has-background is-layout-flow wp-block-column-is-layout-flow\">\n<figure class=\"wp-block-image size-full\"><img decoding=\"async\" width=\"1024\" height=\"682\" src=\"https:\/\/kuopionkonservatorio.fi\/wp-content\/uploads\/Avoin-konservatorio-tanssi-1024x682px-kopio.jpg\" alt=\"\" class=\"wp-image-1774 no-lazyload\" srcset=\"https:\/\/kuopionkonservatorio.fi\/wp-content\/uploads\/\/Avoin-konservatorio-tanssi-1024x682px-kopio.jpg 1024w, https:\/\/kuopionkonservatorio.fi\/wp-content\/uploads\/\/Avoin-konservatorio-tanssi-1024x682px-kopio-720x480.jpg 720w, https:\/\/kuopionkonservatorio.fi\/wp-content\/uploads\/\/Avoin-konservatorio-tanssi-1024x682px-kopio-768x512.jpg 768w\" sizes=\"(max-width: 1024px) 100vw, 1024px\" \/><\/figure>\n\n\n\n<div class=\"wp-block-group px-4\"><div class=\"wp-block-group__inner-container is-layout-flow wp-block-group-is-layout-flow\">\n<h2 class=\"wp-block-heading my-4 has-petrooli-color has-text-color has-ingressi-font-size\" id=\"avoin-konservatorio\"><a href=\"https:\/\/kuopionkonservatorio.fi\/avoin-konservatorio\/\">Avoin konservatorio<\/a><\/h2>\n\n\n\n<p>Avoimen konservatorion aikuisryhmiss\u00e4 voi harrastaa tavoitteellisesti balettia ammattitaitoisen opettajan johdolla. Opinnot ovat omakustanteisia.<\/p>\n<\/div><\/div>\n<\/div>\n<\/div>\n\n\n\n<h2 class=\"wp-block-heading has-ingressi-font-size\">Opintojen eteneminen<\/h2>\n\n\n\n<figure class=\"wp-block-image size-large\"><img decoding=\"async\" width=\"1716\" height=\"1080\" src=\"https:\/\/kuopionkonservatorio.fi\/wp-content\/uploads\/Tanssiopintojen-eteneminen-2026-1716x1080.jpg\" alt=\"Tanssin varhaisi\u00e4n opinnot. Lastentanssi: 2\u20133 v. ryhm\u00e4t aikuisen kanssa, 4\u20135 v. ryhm\u00e4t aikuisen kanssa tai ilman. Lastentanssista voi siirty\u00e4 tanssin valmentaviin opintoihin: valmentavat 1 (6\u20137 v.) ja valmentavat 2 (8 v.). Valmentavista opinnoista voi siirty\u00e4 tanssin taiteen perusopintoihin. 9-vuotiaasta alkaen baletin ja nykytanssin alkutasot, keskitasot, jatkotasot ja syvent\u00e4viin valmentavat. T\u00e4m\u00e4n j\u00e4lkeen syvent\u00e4v\u00e4t opinnot.\" class=\"wp-image-19574 no-lazyload\" srcset=\"https:\/\/kuopionkonservatorio.fi\/wp-content\/uploads\/Tanssiopintojen-eteneminen-2026-1716x1080.jpg 1716w, https:\/\/kuopionkonservatorio.fi\/wp-content\/uploads\/Tanssiopintojen-eteneminen-2026-915x576.jpg 915w, https:\/\/kuopionkonservatorio.fi\/wp-content\/uploads\/Tanssiopintojen-eteneminen-2026-768x483.jpg 768w, https:\/\/kuopionkonservatorio.fi\/wp-content\/uploads\/Tanssiopintojen-eteneminen-2026-1536x967.jpg 1536w, https:\/\/kuopionkonservatorio.fi\/wp-content\/uploads\/Tanssiopintojen-eteneminen-2026-2048x1289.jpg 2048w\" sizes=\"(max-width: 1716px) 100vw, 1716px\" \/><\/figure>\n<\/div>\n<\/div>\n","protected":false},"excerpt":{"rendered":"<p>Tanssi harrastuksena Hypp\u00e4\u00e4 mukaan tanssin maailmaan! Tanssiopinnot tarjoavat taiteen ja liikkumisen iloa, tukien samalla lapsen ja nuoren kasvua. Kuopion konservatorio tarjoaa taiteen perusopetuksen laajan oppim\u00e4\u00e4r\u00e4n mukaista opetusta tanssissa. Meill\u00e4 voit siis harrastaa tanssia taaperosta aikuisi\u00e4lle saakka! Noudatamme opetuksessamme taiteen perusopetuksen tanssin laajan oppim\u00e4\u00e4r\u00e4n mukaista opetussuunnitelmaa. Tanssituntien turvallinen ja kannustava oppimisilmapiiri luo tilaisuuden tutkia tanssin maailmaa [&hellip;]<\/p>\n","protected":false},"author":9,"featured_media":0,"parent":0,"menu_order":0,"comment_status":"closed","ping_status":"closed","template":"page-templates\/page_secondary-nav.php","meta":{"inline_featured_image":false,"footnotes":""},"oppiaine":[],"class_list":["post-212","page","type-page","status-publish","hentry"],"_links":{"self":[{"href":"https:\/\/kuopionkonservatorio.fi\/fi\/wp-json\/wp\/v2\/pages\/212","targetHints":{"allow":["GET"]}}],"collection":[{"href":"https:\/\/kuopionkonservatorio.fi\/fi\/wp-json\/wp\/v2\/pages"}],"about":[{"href":"https:\/\/kuopionkonservatorio.fi\/fi\/wp-json\/wp\/v2\/types\/page"}],"author":[{"embeddable":true,"href":"https:\/\/kuopionkonservatorio.fi\/fi\/wp-json\/wp\/v2\/users\/9"}],"replies":[{"embeddable":true,"href":"https:\/\/kuopionkonservatorio.fi\/fi\/wp-json\/wp\/v2\/comments?post=212"}],"version-history":[{"count":0,"href":"https:\/\/kuopionkonservatorio.fi\/fi\/wp-json\/wp\/v2\/pages\/212\/revisions"}],"wp:attachment":[{"href":"https:\/\/kuopionkonservatorio.fi\/fi\/wp-json\/wp\/v2\/media?parent=212"}],"wp:term":[{"taxonomy":"oppiaine","embeddable":true,"href":"https:\/\/kuopionkonservatorio.fi\/fi\/wp-json\/wp\/v2\/oppiaine?post=212"}],"curies":[{"name":"wp","href":"https:\/\/api.w.org\/{rel}","templated":true}]}}