{"id":20148,"date":"2026-03-25T12:50:00","date_gmt":"2026-03-25T10:50:00","guid":{"rendered":"https:\/\/kuopionkonservatorio.fi\/?page_id=20148"},"modified":"2026-03-25T13:18:44","modified_gmt":"2026-03-25T11:18:44","slug":"naistoimikunta","status":"publish","type":"page","link":"https:\/\/kuopionkonservatorio.fi\/fi\/oppilaitos\/naistoimikunta\/","title":{"rendered":"Naistoimikunta"},"content":{"rendered":"\n<div class=\"wp-block-columns alignwide is-layout-flex wp-container-core-columns-is-layout-9d6595d7 wp-block-columns-is-layout-flex\">\n<div class=\"wp-block-column is-layout-flow wp-block-column-is-layout-flow\" style=\"flex-basis:33.33%\">\n<div class=\"wp-block-columns is-layout-flex wp-container-core-columns-is-layout-9d6595d7 wp-block-columns-is-layout-flex\">\n<div class=\"wp-block-column is-layout-flow wp-block-column-is-layout-flow\" style=\"flex-basis:100%\">\n<h2 class=\"wp-block-heading\">Kuopion konservatorion naistoimikunta<\/h2>\n<\/div>\n<\/div>\n<\/div>\n\n\n\n<div class=\"wp-block-column is-layout-flow wp-block-column-is-layout-flow\" style=\"flex-basis:66.66%\">\n<p>Kuopion konservatorion naistoimikunta perustettiin vuonna 1958 tukemaan taloudellisesti silloisen musiikkiopiston toimintaa. Toimintavuosiensa aikana naistoimikunta on ker\u00e4nnyt varoja mm. j\u00e4rjest\u00e4m\u00e4ll\u00e4 koti- ja kahvikonsertteja sek\u00e4 myyj\u00e4isi\u00e4, arpajaisia ja v\u00e4liaikakahvituksia. Se on avustanut Kuopion viulukilpailujen j\u00e4rjest\u00e4misess\u00e4 ja hoitanut Riistaveden musiikkileirin kioskia. Naistoimikunta on my\u00f6s avustanut konservatoriota erilaisin hankinnoin sek\u00e4 kartuttanut nuotistoa ja kirjastoa.<\/p>\n\n\n\n<p>Varojen ker\u00e4\u00e4minen on edelleen naistoimikunnan t\u00e4rkein teht\u00e4v\u00e4. Valtaosalla ker\u00e4tyist\u00e4 varoista tuetaan Kuopion konservatorion oppilaiden ja opiskelijoiden opintoja stipendein<em>. <\/em>Vuonna 1997 perustettiin Suomen Kulttuurirahaston Pohjois-Savon rahastoon konservatorion naistoimikunnan nimikkorahasto, josta on jaettu apurahoja.<\/p>\n\n\n\n<p>Nyky\u00e4\u00e4n varoja ker\u00e4t\u00e4\u00e4n mm. konserttien lipunmyynnill\u00e4 sek\u00e4 kakkuarpajaisin. Konsertteja j\u00e4rjestet\u00e4\u00e4n vuosittain. Konsertteja toteutetaan yhteisty\u00f6kumppanien esim. Vahtivuoren kamariorkesterin kanssa. My\u00f6s nuorille soittajille tarjotaan arvokasta esiintymiskokemusta.<\/p>\n\n\n\n<p>Naistoimikunta toimii Kuopion konservatorion sis\u00e4isen\u00e4 ryhm\u00e4n\u00e4 ja j\u00e4seni\u00e4 on 22. Uudet j\u00e4senet toivotetaan tervetulleeksi mukaan toimintaan! Naistoimikunta toimii vapaaehtoisvoimin eik\u00e4 peri j\u00e4senilt\u00e4\u00e4n j\u00e4senmaksua.<\/p>\n\n\n\n<p>Lis\u00e4tietoja j\u00e4seneksi liittymisest\u00e4 voi kysy\u00e4<br>puheenjohtaja Birgitta My\u00f6h\u00e4selt\u00e4: bm@netti.fi<br>sihteeri Anu Hakalalta: anu@tipotie.fi<br><br>Tekstin l\u00e4hteen\u00e4 on k\u00e4ytetty Anna-Elina Lavasteen kirjoittamaa naistoimikunnan historiikkia <em>Tuhansia pullia rakkaudesta musiikkiin<\/em> (2024)<\/p>\n<\/div>\n<\/div>\n","protected":false},"excerpt":{"rendered":"<p>Kuopion konservatorion naistoimikunta Kuopion konservatorion naistoimikunta perustettiin vuonna 1958 tukemaan taloudellisesti silloisen musiikkiopiston toimintaa. Toimintavuosiensa aikana naistoimikunta on ker\u00e4nnyt varoja mm. j\u00e4rjest\u00e4m\u00e4ll\u00e4 koti- ja kahvikonsertteja sek\u00e4 myyj\u00e4isi\u00e4, arpajaisia ja v\u00e4liaikakahvituksia. Se on avustanut Kuopion viulukilpailujen j\u00e4rjest\u00e4misess\u00e4 ja hoitanut Riistaveden musiikkileirin kioskia. Naistoimikunta on my\u00f6s avustanut konservatoriota erilaisin hankinnoin sek\u00e4 kartuttanut nuotistoa ja kirjastoa. Varojen ker\u00e4\u00e4minen [&hellip;]<\/p>\n","protected":false},"author":9,"featured_media":0,"parent":1086,"menu_order":0,"comment_status":"closed","ping_status":"closed","template":"","meta":{"inline_featured_image":false,"footnotes":""},"oppiaine":[],"class_list":["post-20148","page","type-page","status-publish","hentry"],"_links":{"self":[{"href":"https:\/\/kuopionkonservatorio.fi\/fi\/wp-json\/wp\/v2\/pages\/20148","targetHints":{"allow":["GET"]}}],"collection":[{"href":"https:\/\/kuopionkonservatorio.fi\/fi\/wp-json\/wp\/v2\/pages"}],"about":[{"href":"https:\/\/kuopionkonservatorio.fi\/fi\/wp-json\/wp\/v2\/types\/page"}],"author":[{"embeddable":true,"href":"https:\/\/kuopionkonservatorio.fi\/fi\/wp-json\/wp\/v2\/users\/9"}],"replies":[{"embeddable":true,"href":"https:\/\/kuopionkonservatorio.fi\/fi\/wp-json\/wp\/v2\/comments?post=20148"}],"version-history":[{"count":0,"href":"https:\/\/kuopionkonservatorio.fi\/fi\/wp-json\/wp\/v2\/pages\/20148\/revisions"}],"up":[{"embeddable":true,"href":"https:\/\/kuopionkonservatorio.fi\/fi\/wp-json\/wp\/v2\/pages\/1086"}],"wp:attachment":[{"href":"https:\/\/kuopionkonservatorio.fi\/fi\/wp-json\/wp\/v2\/media?parent=20148"}],"wp:term":[{"taxonomy":"oppiaine","embeddable":true,"href":"https:\/\/kuopionkonservatorio.fi\/fi\/wp-json\/wp\/v2\/oppiaine?post=20148"}],"curies":[{"name":"wp","href":"https:\/\/api.w.org\/{rel}","templated":true}]}}