{"id":198,"date":"2021-11-10T14:55:37","date_gmt":"2021-11-10T12:55:37","guid":{"rendered":"https:\/\/kuopionkonservatorio.letm.com\/?page_id=198"},"modified":"2025-07-30T10:40:30","modified_gmt":"2025-07-30T07:40:30","slug":"musiikki-harrastuksena","status":"publish","type":"page","link":"https:\/\/kuopionkonservatorio.fi\/fi\/musiikki-harrastuksena\/","title":{"rendered":"Musiikki harrastuksena"},"content":{"rendered":"\n<div class=\"wp-block-cover alignfull is-light\" style=\"min-height:300px;aspect-ratio:unset;\"><video class=\"wp-block-cover__video-background intrinsic-ignore\" autoplay muted loop playsinline src=\"https:\/\/kuopionkonservatorio.fi\/wp-content\/uploads\/Musiikki-harrastuksena_landing-page_v_2_pakattu.mp4\" style=\"object-position:49% 49%\" data-object-fit=\"cover\" data-object-position=\"49% 49%\"><\/video><span aria-hidden=\"true\" class=\"wp-block-cover__background has-background-dim-0 has-background-dim\"><\/span><div class=\"wp-block-cover__inner-container is-layout-flow wp-block-cover-is-layout-flow\">\n<p class=\"has-text-align-center has-large-font-size\"><\/p>\n<\/div><\/div>\n\n\n\n<div class=\"wp-block-group alignwide\"><div class=\"wp-block-group__inner-container is-layout-flow wp-block-group-is-layout-flow\"><div class=\"breadcrumbs align mb-5 wp-block-bcn-breadcrumb-trail has-text-color has-background\" vocab=\"https:\/\/schema.org\/\" typeof=\"BreadcrumbList\">\n\t<span><\/span>\n\t<span property=\"itemListElement\" typeof=\"ListItem\"><a property=\"item\" typeof=\"WebPage\" title=\"Go to Kuopion konservatorio.\" href=\"https:\/\/kuopionkonservatorio.fi\/fi\/\" class=\"home\" aria-current=\"page\"><i class=\"inline-block mr-1 has-black-color bi bi-house\"><\/i><\/a><meta property=\"position\" content=\"1\"><\/span><\/div>\n<\/div><\/div>\n\n\n\n<div class=\"wp-block-columns alignwide is-layout-flex wp-container-core-columns-is-layout-9d6595d7 wp-block-columns-is-layout-flex\">\n<div class=\"wp-block-column is-layout-flow wp-block-column-is-layout-flow\" style=\"flex-basis:33.33%\"><h2 class=\"wp-block-post-title\">Musiikki harrastuksena<\/h2><\/div>\n\n\n\n<div class=\"wp-block-column is-layout-flow wp-block-column-is-layout-flow\" style=\"flex-basis:66.66%\">\n<p class=\"has-ingressi-font-size\">Tule mukaan musiikin maailmaan! Musiikkiharrastus tarjoaa oppimisen iloa, musiikillisia el\u00e4myksi\u00e4 ja mahdollisuuden kehitt\u00e4\u00e4 musiikillista osaamista monipuolisesti, tavoitteellisesti ja yksil\u00f6llisesti.<\/p>\n\n\n\n<p class=\"mb-5\">Kuopion konservatorio tarjoaa musiikin laajan oppim\u00e4\u00e4r\u00e4n mukaista taiteen perusopetusta. Meill\u00e4 voit siis harrastaa musiikkia vauvasta aikuisi\u00e4lle saakka!<\/p>\n\n\n\n<div class=\"wp-block-columns alignwide is-layout-flex wp-container-core-columns-is-layout-9d6595d7 wp-block-columns-is-layout-flex\">\n<div class=\"wp-block-column mb-4 mx-2 has-valkoinen-color has-marjapuuro-background-color has-text-color has-background is-layout-flow wp-block-column-is-layout-flow\">\n<figure class=\"wp-block-image size-full\"><img decoding=\"async\" width=\"1024\" height=\"682\" src=\"https:\/\/kuopionkonservatorio.fi\/wp-content\/uploads\/Musiikkileikkikoulu-1024x682px-kopio2.jpg\" alt=\"\" class=\"wp-image-1778 no-lazyload\" srcset=\"https:\/\/kuopionkonservatorio.fi\/wp-content\/uploads\/\/Musiikkileikkikoulu-1024x682px-kopio2.jpg 1024w, https:\/\/kuopionkonservatorio.fi\/wp-content\/uploads\/\/Musiikkileikkikoulu-1024x682px-kopio2-720x480.jpg 720w, https:\/\/kuopionkonservatorio.fi\/wp-content\/uploads\/\/Musiikkileikkikoulu-1024x682px-kopio2-768x512.jpg 768w\" sizes=\"(max-width: 1024px) 100vw, 1024px\" \/><\/figure>\n\n\n\n<div class=\"wp-block-group p-4\"><div class=\"wp-block-group__inner-container is-layout-flow wp-block-group-is-layout-flow\">\n<h2 class=\"wp-block-heading mb-4 has-karpalo-color has-text-color has-ingressi-font-size\" id=\"musiikkileikkikoulu\"><a href=\"https:\/\/kuopionkonservatorio.fi\/musiikki-harrastuksena\/musiikkileikkikoulu\/\">Musiikkileikkikoulu<\/a><\/h2>\n\n\n\n<p class=\"has-musta-color has-text-color\">Musiikkiharrastuksen voi aloittaa muskarissa, eli musiikkileikkikoulussa. Muskariopetus on suunnattu 0\u20136-vuotiaille lapsille. Aluksi lapsi k\u00e4y muskarissa oman aikuisen kanssa, ja sen j\u00e4lkeen itsen\u00e4isesti.<\/p>\n<\/div><\/div>\n<\/div>\n\n\n\n<div class=\"wp-block-column mb-4 mx-2 has-valkoinen-color has-marjapuuro-background-color has-text-color has-background is-layout-flow wp-block-column-is-layout-flow\">\n<figure class=\"wp-block-image size-full\"><img decoding=\"async\" width=\"1024\" height=\"682\" src=\"https:\/\/kuopionkonservatorio.fi\/wp-content\/uploads\/Musiikin-valmentava-opinnot-1024x682-kopio.jpg\" alt=\"\" class=\"wp-image-1779 no-lazyload\" srcset=\"https:\/\/kuopionkonservatorio.fi\/wp-content\/uploads\/\/Musiikin-valmentava-opinnot-1024x682-kopio.jpg 1024w, https:\/\/kuopionkonservatorio.fi\/wp-content\/uploads\/\/Musiikin-valmentava-opinnot-1024x682-kopio-720x480.jpg 720w, https:\/\/kuopionkonservatorio.fi\/wp-content\/uploads\/\/Musiikin-valmentava-opinnot-1024x682-kopio-768x512.jpg 768w\" sizes=\"(max-width: 1024px) 100vw, 1024px\" \/><\/figure>\n\n\n\n<div class=\"wp-block-group p-4\"><div class=\"wp-block-group__inner-container is-layout-flow wp-block-group-is-layout-flow\">\n<h2 class=\"wp-block-heading mb-4 has-karpalo-color has-text-color has-ingressi-font-size\" id=\"musiikin-valmentavat-opinnot\"><a href=\"https:\/\/kuopionkonservatorio.fi\/musiikki-harrastuksena\/musiikin-valmentavat-opinnot\/\">Musiikin valmentava opetus<\/a><\/h2>\n\n\n\n<p class=\"has-musta-color has-text-color\">Musiikin valmentavassa opetuksessa 5\u201310-vuotiaat lapset tutustuvat soittamiseen ja laulamiseen. Opetusta annetaan p\u00e4\u00e4asiassa pienryhm\u00e4ss\u00e4.<\/p>\n<\/div><\/div>\n<\/div>\n<\/div>\n\n\n\n<div class=\"wp-block-columns alignwide is-layout-flex wp-container-core-columns-is-layout-9d6595d7 wp-block-columns-is-layout-flex\">\n<div class=\"wp-block-column mb-4 mx-2 has-valkoinen-color has-marjapuuro-background-color has-text-color has-background is-layout-flow wp-block-column-is-layout-flow\">\n<figure class=\"wp-block-image size-full\"><img decoding=\"async\" width=\"1024\" height=\"682\" src=\"https:\/\/kuopionkonservatorio.fi\/wp-content\/uploads\/Klassisen-musiikin-opinnot-1024x682px-kopio.jpg\" alt=\"\" class=\"wp-image-1780 no-lazyload\" srcset=\"https:\/\/kuopionkonservatorio.fi\/wp-content\/uploads\/\/Klassisen-musiikin-opinnot-1024x682px-kopio.jpg 1024w, https:\/\/kuopionkonservatorio.fi\/wp-content\/uploads\/\/Klassisen-musiikin-opinnot-1024x682px-kopio-720x480.jpg 720w, https:\/\/kuopionkonservatorio.fi\/wp-content\/uploads\/\/Klassisen-musiikin-opinnot-1024x682px-kopio-768x512.jpg 768w\" sizes=\"(max-width: 1024px) 100vw, 1024px\" \/><\/figure>\n\n\n\n<div class=\"wp-block-group p-4\"><div class=\"wp-block-group__inner-container is-layout-flow wp-block-group-is-layout-flow\">\n<h2 class=\"wp-block-heading mb-4 has-karpalo-color has-text-color has-ingressi-font-size\" id=\"musiikkileikkikoulu\"><a href=\"https:\/\/kuopionkonservatorio.fi\/musiikki-harrastuksena\/klassisen-musiikin-opinnot\/\">Klassisen musiikin opinnot<\/a><\/h2>\n\n\n\n<p class=\"has-musta-color has-text-color\">Klassisen musiikin instrumenttiopintoja on tarjolla kaikissa konservatorion toimipisteiss\u00e4. Hakiessaan musiikin perusopintoihin oppilas valitsee itselleen sopivan instrumentin, joiden valikoima vaihtelee opetuspaikkakunnan mukaan.<\/p>\n<\/div><\/div>\n<\/div>\n\n\n\n<div class=\"wp-block-column mb-4 mx-2 has-valkoinen-color has-marjapuuro-background-color has-text-color has-background is-layout-flow wp-block-column-is-layout-flow\">\n<figure class=\"wp-block-image size-full\"><img decoding=\"async\" width=\"1024\" height=\"682\" src=\"https:\/\/kuopionkonservatorio.fi\/wp-content\/uploads\/Rytmimusiikin-opinnot-kopio.jpg\" alt=\"\" class=\"wp-image-1781 no-lazyload\" srcset=\"https:\/\/kuopionkonservatorio.fi\/wp-content\/uploads\/\/Rytmimusiikin-opinnot-kopio.jpg 1024w, https:\/\/kuopionkonservatorio.fi\/wp-content\/uploads\/\/Rytmimusiikin-opinnot-kopio-720x480.jpg 720w, https:\/\/kuopionkonservatorio.fi\/wp-content\/uploads\/\/Rytmimusiikin-opinnot-kopio-768x512.jpg 768w\" sizes=\"(max-width: 1024px) 100vw, 1024px\" \/><\/figure>\n\n\n\n<div class=\"wp-block-group p-4\"><div class=\"wp-block-group__inner-container is-layout-flow wp-block-group-is-layout-flow\">\n<h2 class=\"wp-block-heading mb-4 has-karpalo-color has-text-color has-ingressi-font-size\" id=\"musiikin-valmentavat-opinnot\"><a href=\"https:\/\/kuopionkonservatorio.fi\/musiikki-harrastuksena\/rytmimusiikin-opinnot\/\">Rytmimusiikin opinnot<\/a><\/h2>\n\n\n\n<p class=\"has-musta-color has-text-color\">Rytmimusiikin instrumenttiopintoja on tarjolla Kuopiossa, Juankoskella, Lapinlahdella, Nilsi\u00e4ss\u00e4 ja Siilinj\u00e4rvell\u00e4. Hakiessaan musiikin perusopintoihin oppilas valitsee itselleen sopivan instrumentin, joiden valikoima vaihtelee opetuspaikkakunnan mukaan.<\/p>\n<\/div><\/div>\n<\/div>\n<\/div>\n\n\n\n<div class=\"wp-block-columns alignwide is-layout-flex wp-container-core-columns-is-layout-9d6595d7 wp-block-columns-is-layout-flex\">\n<div class=\"wp-block-column mb-4 mx-1 has-valkoinen-color has-marjapuuro-background-color has-text-color has-background is-layout-flow wp-block-column-is-layout-flow\">\n<div class=\"wp-block-group p-4\"><div class=\"wp-block-group__inner-container is-layout-flow wp-block-group-is-layout-flow\">\n<h2 class=\"wp-block-heading mb-4 has-karpalo-color has-text-color has-ingressi-font-size\" id=\"musiikkileikkikoulu\"><a href=\"https:\/\/kuopionkonservatorio.fi\/avoin-konservatorio\/\">Avoin konservatorio<\/a><\/h2>\n\n\n\n<p class=\"has-musta-color has-text-color\">Avoin konservatorio tarjoaa omakustanteista musiikin ja tanssin opetusta kaikille ik\u00e4ryhmille.<\/p>\n<\/div><\/div>\n<\/div>\n\n\n\n<div class=\"wp-block-column mb-4 mx-1 has-valkoinen-color has-marjapuuro-background-color has-text-color has-background is-layout-flow wp-block-column-is-layout-flow\">\n<div class=\"wp-block-group p-4\"><div class=\"wp-block-group__inner-container is-layout-flow wp-block-group-is-layout-flow\">\n<h2 class=\"wp-block-heading mb-4 has-karpalo-color has-text-color has-ingressi-font-size\" id=\"musiikkileikkikoulu\"><a href=\"https:\/\/kuopionkonservatorio.fi\/fi\/hakeminen\/\">Hakeminen<\/a><\/h2>\n\n\n\n<p class=\"has-musta-color has-text-color\">Katso Hakeminen -sivulta ajankohtaiset haku- ja ilmoittautumisajat.<\/p>\n<\/div><\/div>\n<\/div>\n<\/div>\n<\/div>\n<\/div>\n\n\n\n<p><\/p>\n","protected":false},"excerpt":{"rendered":"<p>Tule mukaan musiikin maailmaan! Musiikkiharrastus tarjoaa oppimisen iloa, musiikillisia el\u00e4myksi\u00e4 ja mahdollisuuden kehitt\u00e4\u00e4 musiikillista osaamista monipuolisesti, tavoitteellisesti ja yksil\u00f6llisesti. Kuopion konservatorio tarjoaa musiikin laajan oppim\u00e4\u00e4r\u00e4n mukaista taiteen perusopetusta. Meill\u00e4 voit siis harrastaa musiikkia vauvasta aikuisi\u00e4lle saakka! Musiikkileikkikoulu Musiikkiharrastuksen voi aloittaa muskarissa, eli musiikkileikkikoulussa. Muskariopetus on suunnattu 0\u20136-vuotiaille lapsille. Aluksi lapsi k\u00e4y muskarissa oman aikuisen kanssa, [&hellip;]<\/p>\n","protected":false},"author":9,"featured_media":0,"parent":0,"menu_order":0,"comment_status":"closed","ping_status":"closed","template":"page-templates\/page_secondary-nav.php","meta":{"inline_featured_image":false,"footnotes":""},"oppiaine":[],"class_list":["post-198","page","type-page","status-publish","hentry"],"_links":{"self":[{"href":"https:\/\/kuopionkonservatorio.fi\/fi\/wp-json\/wp\/v2\/pages\/198","targetHints":{"allow":["GET"]}}],"collection":[{"href":"https:\/\/kuopionkonservatorio.fi\/fi\/wp-json\/wp\/v2\/pages"}],"about":[{"href":"https:\/\/kuopionkonservatorio.fi\/fi\/wp-json\/wp\/v2\/types\/page"}],"author":[{"embeddable":true,"href":"https:\/\/kuopionkonservatorio.fi\/fi\/wp-json\/wp\/v2\/users\/9"}],"replies":[{"embeddable":true,"href":"https:\/\/kuopionkonservatorio.fi\/fi\/wp-json\/wp\/v2\/comments?post=198"}],"version-history":[{"count":0,"href":"https:\/\/kuopionkonservatorio.fi\/fi\/wp-json\/wp\/v2\/pages\/198\/revisions"}],"wp:attachment":[{"href":"https:\/\/kuopionkonservatorio.fi\/fi\/wp-json\/wp\/v2\/media?parent=198"}],"wp:term":[{"taxonomy":"oppiaine","embeddable":true,"href":"https:\/\/kuopionkonservatorio.fi\/fi\/wp-json\/wp\/v2\/oppiaine?post=198"}],"curies":[{"name":"wp","href":"https:\/\/api.w.org\/{rel}","templated":true}]}}