{"id":19,"date":"2021-10-18T12:29:45","date_gmt":"2021-10-18T09:29:45","guid":{"rendered":"https:\/\/kuopionkonservatorio.letm.com\/?page_id=19"},"modified":"2025-12-16T12:43:46","modified_gmt":"2025-12-16T10:43:46","slug":"etusivu","status":"publish","type":"page","link":"https:\/\/kuopionkonservatorio.fi\/fi\/","title":{"rendered":"Etusivu"},"content":{"rendered":"\n\n\n\n<div style=\"height:52px\" aria-hidden=\"true\" class=\"wp-block-spacer\"><\/div>\n\n\n\n<div class=\"wp-block-columns alignwide mt-5 is-layout-flex wp-container-core-columns-is-layout-9d6595d7 wp-block-columns-is-layout-flex\">\n<div class=\"wp-block-column is-layout-flow wp-block-column-is-layout-flow\" style=\"flex-basis:33.33%\">\n<h2 class=\"wp-block-heading has-ingressi-font-size\" id=\"oppimisen-iloa-elavaa-musiikkia-ja-tanssia-yhdessa-ja-yksilollisesti-1\"><strong>Musiikkia, tanssia<\/strong><br>&#8211; <strong>Taitoa ja taidetta!<\/strong><\/h2>\n<\/div>\n\n\n\n<div class=\"wp-block-column is-vertically-aligned-top is-layout-flow wp-block-column-is-layout-flow\" style=\"flex-basis:66.66%\">\n<p class=\"has-ingressi-font-size\">Kuopion konservatorio on yksi Suomen suurimmista musiikki- ja tanssioppilaitoksista. Tarjoamme musiikin ja tanssin laajan oppim\u00e4\u00e4r\u00e4n mukaista taiteen perusopetusta sek\u00e4 musiikkialan toisen asteen ammatillista koulutusta.<\/p>\n<\/div>\n<\/div>\n\n\n\n<div class=\"wp-block-buttons is-horizontal is-content-justification-center is-layout-flex wp-container-core-buttons-is-layout-499968f5 wp-block-buttons-is-layout-flex\">\n<div class=\"wp-block-button has-custom-width wp-block-button__width-100 is-style-fill\"><a class=\"wp-block-button__link has-valkoinen-color has-vadelma-background-color has-text-color has-background has-link-color wp-element-button\" href=\"https:\/\/kuopionkonservatorio.fi\/fi\/hakeminen\/\" style=\"border-radius:0px\">Hae meille!<\/a><\/div>\n<\/div>\n\n\n\n<div class=\"wp-block-columns alignwide mt-5 is-layout-flex wp-container-core-columns-is-layout-9d6595d7 wp-block-columns-is-layout-flex\">\n<div class=\"wp-block-column is-vertically-aligned-top text-center is-layout-flow wp-block-column-is-layout-flow\">\n<div class=\"wp-block-group frontpage-feature has-vaaleanpunainen-hover-color\"><div class=\"wp-block-group__inner-container is-layout-flow wp-block-group-is-layout-flow\">\n<a href=\"https:\/\/kuopionkonservatorio.fi\/musiikki-harrastuksena\/\" class=\"pb-1\" style=\"display: block; color:black;\"><lord-icon src=\"https:\/\/cdn.lordicon.com\/xqndcrvb.json\" trigger=\"hover\" colors=\"primary:#ce0f69,secondary:#08a88a\" stroke=\"30\" style=\"width:200px;height:200px\">\n<\/lord-icon>\n<h4>Musiikki harrastuksena<\/h4>\n<p>Lue lis\u00e4\u00e4! <i class=\"bi bi-arrow-right\"><\/i><\/p>\n<\/a>\n\n\n\n<p class=\"has-text-align-center px-2 mb-5\"><\/p>\n<\/div><\/div>\n<\/div>\n\n\n\n<div class=\"wp-block-column text-center is-layout-flow wp-block-column-is-layout-flow\">\n<div class=\"wp-block-group frontpage-feature has-huurre-hover-color\"><div class=\"wp-block-group__inner-container is-layout-flow wp-block-group-is-layout-flow\">\n<a href=\"https:\/\/kuopionkonservatorio.fi\/tanssi-harrastuksena\/\" class=\"pb-1\" style=\"display: block; color:black;\"><lord-icon src=\"https:\/\/cdn.lordicon.com\/ifswbdwv.json\" trigger=\"hover\" colors=\"primary:#171717,secondary:#00778b\" stroke=\"30\" style=\"width:200px;height:200px\">\n<\/lord-icon>\n<h4>Tanssi harrastuksena<\/h4>\n<p>Lue lis\u00e4\u00e4! <i class=\"bi bi-arrow-right\"><\/i><\/p>\n<\/a>\n\n\n\n<p class=\"px-2 mb-5\"><br> <br><\/p>\n<\/div><\/div>\n<\/div>\n\n\n\n<div class=\"wp-block-column text-center is-layout-flow wp-block-column-is-layout-flow\">\n<div class=\"wp-block-group frontpage-feature has-marjapuuro-hover-color\"><div class=\"wp-block-group__inner-container is-layout-flow wp-block-group-is-layout-flow\">\n<a href=\"https:\/\/kuopionkonservatorio.fi\/musiikista-ammatti\/\" class=\"pb-1\" style=\"display: block; color:black;\"><lord-icon src=\"https:\/\/cdn.lordicon.com\/uitqzinj.json\" trigger=\"hover\" colors=\"primary:#7e1845,secondary:#171717\" stroke=\"30\" style=\"width:200px;height:200px\">\n<\/lord-icon>\n<h4>Musiikista ammatti<\/h4>\n<p>Lue lis\u00e4\u00e4! <i class=\"bi bi-arrow-right\"><\/i><\/p>\n<\/a>\n<\/div><\/div>\n\n\n\n<p class=\"px-2 mb-5\"><\/p>\n<\/div>\n<\/div>\n\n\n\n<p><\/p>\n","protected":false},"excerpt":{"rendered":"<p>Musiikkia, tanssia&#8211; Taitoa ja taidetta! Kuopion konservatorio on yksi Suomen suurimmista musiikki- ja tanssioppilaitoksista. Tarjoamme musiikin ja tanssin laajan oppim\u00e4\u00e4r\u00e4n mukaista taiteen perusopetusta sek\u00e4 musiikkialan toisen asteen ammatillista koulutusta. Musiikki harrastuksena Lue lis\u00e4\u00e4! Tanssi harrastuksena Lue lis\u00e4\u00e4! Musiikista ammatti Lue lis\u00e4\u00e4!<\/p>\n","protected":false},"author":1,"featured_media":0,"parent":0,"menu_order":0,"comment_status":"closed","ping_status":"closed","template":"","meta":{"inline_featured_image":false,"footnotes":""},"oppiaine":[],"class_list":["post-19","page","type-page","status-publish","hentry"],"_links":{"self":[{"href":"https:\/\/kuopionkonservatorio.fi\/fi\/wp-json\/wp\/v2\/pages\/19","targetHints":{"allow":["GET"]}}],"collection":[{"href":"https:\/\/kuopionkonservatorio.fi\/fi\/wp-json\/wp\/v2\/pages"}],"about":[{"href":"https:\/\/kuopionkonservatorio.fi\/fi\/wp-json\/wp\/v2\/types\/page"}],"author":[{"embeddable":true,"href":"https:\/\/kuopionkonservatorio.fi\/fi\/wp-json\/wp\/v2\/users\/1"}],"replies":[{"embeddable":true,"href":"https:\/\/kuopionkonservatorio.fi\/fi\/wp-json\/wp\/v2\/comments?post=19"}],"version-history":[{"count":0,"href":"https:\/\/kuopionkonservatorio.fi\/fi\/wp-json\/wp\/v2\/pages\/19\/revisions"}],"wp:attachment":[{"href":"https:\/\/kuopionkonservatorio.fi\/fi\/wp-json\/wp\/v2\/media?parent=19"}],"wp:term":[{"taxonomy":"oppiaine","embeddable":true,"href":"https:\/\/kuopionkonservatorio.fi\/fi\/wp-json\/wp\/v2\/oppiaine?post=19"}],"curies":[{"name":"wp","href":"https:\/\/api.w.org\/{rel}","templated":true}]}}