{"id":1893,"date":"2022-03-22T12:57:57","date_gmt":"2022-03-22T10:57:57","guid":{"rendered":"https:\/\/kuopionkonservatorio.letm.com\/?page_id=1893"},"modified":"2026-03-09T13:00:45","modified_gmt":"2026-03-09T11:00:45","slug":"maakunnalliset-soittimet","status":"publish","type":"page","link":"https:\/\/kuopionkonservatorio.fi\/fi\/soitinlainat\/maakunnalliset-soittimet\/","title":{"rendered":"Maakunnalliset soittimet"},"content":{"rendered":"\n<div class=\"wp-block-columns alignwide is-layout-flex wp-container-core-columns-is-layout-9d6595d7 wp-block-columns-is-layout-flex\">\n<div class=\"wp-block-column is-layout-flow wp-block-column-is-layout-flow\" style=\"flex-basis:33.33%\">\n<h2 class=\"wp-block-heading\">Maakunnalliset soittimet<\/h2>\n<\/div>\n\n\n\n<div class=\"wp-block-column is-layout-flow wp-block-column-is-layout-flow\" style=\"flex-basis:66.66%\">\n<p class=\"has-ingressi-font-size\">Kuopion konservatoriolla on hallussaan arvokkaita soittimia (Maakunnalliset soittimet), joita annetaan oppilaiden ja opiskelijoiden k\u00e4ytt\u00f6\u00f6n hakemuksesta enint\u00e4\u00e4n kahdeksi vuodeksi kerrallaan.<\/p>\n\n\n\n<p>Suomen Kulttuurirahasto ja Suomen konservatorioliitto \u2013 Finlands konservatorief\u00f6rbund r.y. solmivat yhteisty\u00f6sopimuksen Maakunnallisista soittimista vuonna 2005. Kulttuurirahaston tuella hankittiin maakunnallisen linjauksen ja toiveiden mukaan soittimia miljoonalla eurolla. Kulttuurirahasto luovutti soitinten hallinnan 31.8.2014 Suomen Konservatorioliitolle, joka puolestaan on luovuttanut soitinten hallinnan edelleen j\u00e4senoppilaitoksille. Hallinta ja omistus siirtyv\u00e4t 1.1.2015 alkaen kahdelletoista j\u00e4senoppilaitokselle, jotka vastaavat lainaustoiminnasta.<\/p>\n\n\n\n<p>Kainuun ja Pohjois-Savon alueella on yhdeks\u00e4n soitinta, joiden yhteisarvo on n. 100 000 euroa, ja joiden lainaustoiminnasta vastaa Kuopion konservatorio.<\/p>\n\n\n\n<h5 class=\"wp-block-heading\">Kuopion konservatorio julistaa haettavaksi seuraavat soittimet. Soitinten laina-aika alkaa 15.8.2026 ja p\u00e4\u00e4ttyy 31.5.2028, tai sopimuksen mukaan.<\/h5>\n\n\n\n<p><strong>ALTTOSAKSOFONI, Selmer Serie III (SE-A-SA80111)<\/strong><\/p>\n\n\n\n<p><strong>VIULU, Eero Haahti 2006<\/strong><\/p>\n\n\n\n<p><strong>ALTTOVIULU, Eero Haahti 2007<\/strong><\/p>\n\n\n\n<p><strong>SELLO, Eero Haahti 2008<\/strong><\/p>\n\n\n\n<p><strong>KLASSINEN KITARA, Liikanen, A-malli<\/strong><\/p>\n\n\n\n<p><strong>S\u00c4HK\u00d6KANTELE Electric I, Koistinen Kantele Oy<\/strong><\/p>\n\n\n\n<p><strong>TUUBA F Yamaha 4V, YFB-822S<\/strong><\/p>\n\n\n\n<p><strong>Lis\u00e4ksi on haettavana Kuopion kaupungin omistama \u201cHeurun viulu\u201d (Eero Haahti)<\/strong><\/p>\n\n\n\n<h5 class=\"wp-block-heading\">Kuopion konservatorio julistaa haettavaksi lyhytaikaiseen lainaan seuraavat soittimet:<\/h5>\n\n\n\n<p><strong>ALTTOHUILU Miyazawa, SL<\/strong><\/p>\n\n\n\n<p><strong>BASETTITORVI F Buffet Crampon BC-1723-2-0<\/strong><\/p>\n\n\n\n<p>Soittimien hakuaika on 1.4.\u201330.4.2026. Hakemus on l\u00e4hetett\u00e4v\u00e4 <strong>30.4.2026<\/strong> menness\u00e4 s\u00e4hk\u00f6postilla. Jousisoitinten hakemukset l\u00e4hetet\u00e4\u00e4n Katja Kankaanp\u00e4\u00e4lle, katja.kankaanpaa@kuopionkonservatorio.fi ja muiden soitinten hakemukset Jarna Stedtille, jarna.stedt@kuopionkonservatorio.fi. Soitinten laina-aika ja -tarve on perusteltava hakemuksessa. Vapaamuotoiseen hakemukseen tulee liitt\u00e4\u00e4 hakijatietojen ohella selvitys suoritetuista opinnoista ja taiteellisesta toiminnasta.<\/p>\n\n\n\n<h4 class=\"wp-block-heading\">Lis\u00e4tiedot<\/h4>\n\n\n\n<p>Jousisoittimet: Katja Kankaanp\u00e4\u00e4, <a href=\"mailto:katja.kankaanpaa@kuopionkonservatorio.fi\">katja.kankaanpaa@kuopionkonservatorio.fi<\/a><br>Muut soittimet: Jarna Stedt, <a href=\"mailto:jarna.stedt@kuopionkonservatorio.fi\">jarna.stedt@kuopionkonservatorio.fi<\/a><\/p>\n<\/div>\n<\/div>\n","protected":false},"excerpt":{"rendered":"<p>Maakunnalliset soittimet Kuopion konservatoriolla on hallussaan arvokkaita soittimia (Maakunnalliset soittimet), joita annetaan oppilaiden ja opiskelijoiden k\u00e4ytt\u00f6\u00f6n hakemuksesta enint\u00e4\u00e4n kahdeksi vuodeksi kerrallaan. Suomen Kulttuurirahasto ja Suomen konservatorioliitto \u2013 Finlands konservatorief\u00f6rbund r.y. solmivat yhteisty\u00f6sopimuksen Maakunnallisista soittimista vuonna 2005. Kulttuurirahaston tuella hankittiin maakunnallisen linjauksen ja toiveiden mukaan soittimia miljoonalla eurolla. Kulttuurirahasto luovutti soitinten hallinnan 31.8.2014 Suomen Konservatorioliitolle, joka [&hellip;]<\/p>\n","protected":false},"author":9,"featured_media":0,"parent":1038,"menu_order":0,"comment_status":"closed","ping_status":"closed","template":"","meta":{"inline_featured_image":false,"footnotes":""},"oppiaine":[],"class_list":["post-1893","page","type-page","status-publish","hentry"],"_links":{"self":[{"href":"https:\/\/kuopionkonservatorio.fi\/fi\/wp-json\/wp\/v2\/pages\/1893","targetHints":{"allow":["GET"]}}],"collection":[{"href":"https:\/\/kuopionkonservatorio.fi\/fi\/wp-json\/wp\/v2\/pages"}],"about":[{"href":"https:\/\/kuopionkonservatorio.fi\/fi\/wp-json\/wp\/v2\/types\/page"}],"author":[{"embeddable":true,"href":"https:\/\/kuopionkonservatorio.fi\/fi\/wp-json\/wp\/v2\/users\/9"}],"replies":[{"embeddable":true,"href":"https:\/\/kuopionkonservatorio.fi\/fi\/wp-json\/wp\/v2\/comments?post=1893"}],"version-history":[{"count":0,"href":"https:\/\/kuopionkonservatorio.fi\/fi\/wp-json\/wp\/v2\/pages\/1893\/revisions"}],"up":[{"embeddable":true,"href":"https:\/\/kuopionkonservatorio.fi\/fi\/wp-json\/wp\/v2\/pages\/1038"}],"wp:attachment":[{"href":"https:\/\/kuopionkonservatorio.fi\/fi\/wp-json\/wp\/v2\/media?parent=1893"}],"wp:term":[{"taxonomy":"oppiaine","embeddable":true,"href":"https:\/\/kuopionkonservatorio.fi\/fi\/wp-json\/wp\/v2\/oppiaine?post=1893"}],"curies":[{"name":"wp","href":"https:\/\/api.w.org\/{rel}","templated":true}]}}