{"id":1610,"date":"2022-03-11T16:57:34","date_gmt":"2022-03-11T14:57:34","guid":{"rendered":"https:\/\/kuopionkonservatorio.letm.com\/?page_id=1610"},"modified":"2022-03-14T10:24:54","modified_gmt":"2022-03-14T08:24:54","slug":"ammatillisen-koulutuksen-opettajat","status":"publish","type":"page","link":"https:\/\/kuopionkonservatorio.fi\/fi\/musiikista-ammatti\/ammatillisen-koulutuksen-yhteystiedot\/ammatillisen-koulutuksen-opettajat\/","title":{"rendered":"Ammatillisen koulutuksen opettajat"},"content":{"rendered":"\n<div class=\"wp-block-columns alignwide is-layout-flex wp-container-core-columns-is-layout-9d6595d7 wp-block-columns-is-layout-flex\">\n<div class=\"wp-block-column is-layout-flow wp-block-column-is-layout-flow\" style=\"flex-basis:33.33%\"><h2 class=\"wp-block-post-title\">Ammatillisen koulutuksen opettajat<\/h2>\n\n\n<ul class=\"linkkilista wp-block-list\"><li><a href=\"https:\/\/kuopionkonservatorio.fi\/ammatillisen-koulutuksen-opettajat\/\">Ammatillisen koulutuksen yhteystiedot<\/a><\/li><\/ul>\n<\/div>\n\n\n\n<div class=\"wp-block-column is-layout-flow wp-block-column-is-layout-flow\" style=\"flex-basis:66.66%\">\n<h4 class=\"wp-block-heading\">Opettajat<\/h4>\n\n\n\n\n\n<p>\n<b>Ahlstedt, Artturi<\/b>, musiikkiteknologia<br>\n\n<i class=\"bi bi-envelope\"><\/i>&nbsp; <a href=\"mailto:artturi.ahlstedt@kuopionkonservatorio.fi\"> artturi.ahlstedt@kuopionkonservatorio.fi<\/a><br>\n<i class=\"bi bi-geo\"><\/i>&nbsp; Kuopio ja Siilinj\u00e4rvi\n<\/p>\n\n<p>\n<b>Bunda, Susanna<\/b>, huilu<br>\n<i>Puhallinkollegion puheenjohtaja<\/i><br>\n\n<i class=\"bi bi-envelope\"><\/i>&nbsp; <a href=\"mailto:susanna.bunda@kuopionkonservatorio.fi\"> susanna.bunda@kuopionkonservatorio.fi<\/a><br>\n<i class=\"bi bi-geo\"><\/i>&nbsp; Kuopio\n<\/p>\n\n<p>\n<b>Dobosiewicz, Krzysztof<\/b>, D-band ja musiikkiteknologia<br>\n\n<i class=\"bi bi-envelope\"><\/i>&nbsp; <a href=\"mailto:krzysztof.dobosiewicz@kuopionkonservatorio.fi\"> krzysztof.dobosiewicz@kuopionkonservatorio.fi<\/a><br>\n<i class=\"bi bi-geo\"><\/i>&nbsp; Kuopio\n<\/p>\n\n<p>\n<b>Peltom\u00e4ki, Lotta<\/b>, viulu<br>\n\n<i class=\"bi bi-telephone\"><\/i>&nbsp; 040 537 9272<br>\n<i class=\"bi bi-envelope\"><\/i>&nbsp; <a href=\"mailto:lotta.peltomaki@kuopionkonservatorio.fi\"> lotta.peltomaki@kuopionkonservatorio.fi<\/a><br>\n<i class=\"bi bi-geo\"><\/i>&nbsp; Kuopio\n<\/p>\n\n<p>\n<b>Heiskanen, Tapani<\/b>, trumpetti<br>\n\n<i class=\"bi bi-telephone\"><\/i>&nbsp; 050 522 4307<br>\n<i class=\"bi bi-envelope\"><\/i>&nbsp; <a href=\"mailto:tapani.heiskanen@kuopionkonservatorio.fi\"> tapani.heiskanen@kuopionkonservatorio.fi<\/a><br>\n<i class=\"bi bi-geo\"><\/i>&nbsp; Kuopio\n<\/p>\n\n<p>\n<b>Hiltula, Hannu<\/b>, b\u00e4ndit ja ryhm\u00e4opetus, kosketinsoittimet, piano, s\u00e4estys, ja saksofoni<br>\n<i>s\u00e4est\u00e4j\u00e4 (rytmi)<\/i><br>\n\n<i class=\"bi bi-envelope\"><\/i>&nbsp; <a href=\"mailto:hannu.hiltula@kuopionkonservatorio.fi\"> hannu.hiltula@kuopionkonservatorio.fi<\/a><br>\n<i class=\"bi bi-geo\"><\/i>&nbsp; Kuopio ja Siilinj\u00e4rvi\n<\/p>\n\n<p>\n<b>Huhtinen, Juhana<\/b>, s\u00e4estys<br>\n<i>s\u00e4est\u00e4j\u00e4 (klassinen)<\/i><br>\n<i class=\"bi bi-telephone\"><\/i>&nbsp; 045 139 3914<br>\n<i class=\"bi bi-envelope\"><\/i>&nbsp; <a href=\"mailto:juhana.huhtinen@kuopionkonservatorio.fi\"> juhana.huhtinen@kuopionkonservatorio.fi<\/a><br>\n<i class=\"bi bi-geo\"><\/i>&nbsp; Juankoski ja Kuopio\n<\/p>\n\n<p>\n<b>Immonen, Anna<\/b>, laulu<br>\n\n<i class=\"bi bi-envelope\"><\/i>&nbsp; <a href=\"mailto:anna.immonen@kuopionkonservatorio.fi\"> anna.immonen@kuopionkonservatorio.fi<\/a><br>\n<i class=\"bi bi-geo\"><\/i>&nbsp; Kuopio ja Siilinj\u00e4rvi\n<\/p>\n\n<p>\n<b>Janka-Murros, Antti-Jussi<\/b>, kansanmusiikki<br>\n\n<i class=\"bi bi-envelope\"><\/i>&nbsp; <a href=\"mailto:antti-jussi.janka-murros@kuopionkonservatorio.fi\"> antti-jussi.janka-murros@kuopionkonservatorio.fi<\/a><br>\n<i class=\"bi bi-geo\"><\/i>&nbsp; Kuopio\n<\/p>\n\n<p>\n<b>Kallio, Silja<\/b>, kantele<br>\n\n<i class=\"bi bi-telephone\"><\/i>&nbsp; 040 513 3879<br>\n<i class=\"bi bi-envelope\"><\/i>&nbsp; <a href=\"mailto:silja.kallio@kuopionkonservatorio.fi\"> silja.kallio@kuopionkonservatorio.fi<\/a><br>\n<i class=\"bi bi-geo\"><\/i>&nbsp; Kuopio ja Siilinj\u00e4rvi\n<\/p>\n\n<p>\n<b>Kalliokoski, Kari<\/b>, s\u00e4hk\u00f6kitara<br>\n\n<i class=\"bi bi-telephone\"><\/i>&nbsp; 040 757 5390<br>\n<i class=\"bi bi-envelope\"><\/i>&nbsp; <a href=\"mailto:kari.kalliokoski@kuopionkonservatorio.fi\"> kari.kalliokoski@kuopionkonservatorio.fi<\/a><br>\n<i class=\"bi bi-geo\"><\/i>&nbsp; Kuopio\n<\/p>\n\n<p>\n<b>Kankaanp\u00e4\u00e4, Katja<\/b>, viulu<br>\n<i>soitinlainat jousisoittimet<\/i><br>\n\n<i class=\"bi bi-envelope\"><\/i>&nbsp; <a href=\"mailto:katja.kankaanpaa@kuopionkonservatorio.fi\"> katja.kankaanpaa@kuopionkonservatorio.fi<\/a><br>\n<i class=\"bi bi-geo\"><\/i>&nbsp; Kuopio\n<\/p>\n\n<p>\n<b>Koistinen, Sonja<\/b>, alttoviulu ja viulu<br>\n<i>Nilsi\u00e4n toimipisteen johtaja<\/i><br>\n\n<i class=\"bi bi-envelope\"><\/i>&nbsp; <a href=\"mailto:sonja.koistinen@kuopionkonservatorio.fi\"> sonja.koistinen@kuopionkonservatorio.fi<\/a><br>\n<i class=\"bi bi-geo\"><\/i>&nbsp; Kuopio ja Nilsi\u00e4\n<\/p>\n\n<p>\n<b>Kolehmainen, Jukka<\/b>, b\u00e4ndit ja ryhm\u00e4opetus ja s\u00e4hk\u00f6basso<br>\n<i>ammatillisen koulutuksen aineryhm\u00e4vastaava (rytmimusiikki)<\/i><br>\n\n<i class=\"bi bi-envelope\"><\/i>&nbsp; <a href=\"mailto:jukka.kolehmainen@kuopionkonservatorio.fi\"> jukka.kolehmainen@kuopionkonservatorio.fi<\/a><br>\n<i class=\"bi bi-geo\"><\/i>&nbsp; Kuopio\n<\/p>\n\n<p>\n<b>Korhonen, Teija<\/b>, laulu ja yhteis\u00f6muusikko-opinnot<br>\n<i>ammatillisen koulutuksen aineryhm\u00e4vastaava (rytmimusiikki)<\/i><br>\n<i class=\"bi bi-telephone\"><\/i>&nbsp; 050-320-8308<br>\n<i class=\"bi bi-envelope\"><\/i>&nbsp; <a href=\"mailto:teija.korhonen@kuopionkonservatorio.fi\"> teija.korhonen@kuopionkonservatorio.fi<\/a><br>\n<i class=\"bi bi-geo\"><\/i>&nbsp; Kuopio\n<\/p>\n\n<p>\n<b>Kupiainen, Tommi<\/b>, musiikkiteknologia<br>\n<i>\u00e4\u00e4nitt\u00e4j\u00e4<\/i><br>\n<i class=\"bi bi-telephone\"><\/i>&nbsp; 050-365-6222<br>\n<i class=\"bi bi-envelope\"><\/i>&nbsp; <a href=\"mailto:tommi.kupiainen@kuopionkonservatorio.fi\"> tommi.kupiainen@kuopionkonservatorio.fi<\/a><br>\n<i class=\"bi bi-geo\"><\/i>&nbsp; Kuopio\n<\/p>\n\n<p>\n<b>K\u00e4m\u00e4r\u00e4inen, Tomi<\/b>, musiikkialan toimintaymp\u00e4rist\u00f6ss\u00e4 toimiminen ja rummut<br>\n\n<i class=\"bi bi-envelope\"><\/i>&nbsp; <a href=\"mailto:tomi.kamarainen@kuopionkonservatorio.fi\"> tomi.kamarainen@kuopionkonservatorio.fi<\/a><br>\n<i class=\"bi bi-geo\"><\/i>&nbsp; Kuopio ja Nilsi\u00e4\n<\/p>\n\n<p>\n<b>Laakso, Markku<\/b>, kitara<br>\n<i>ammatillisen koulutuksen aineryhm\u00e4vastaava (klassinen musiikki)<\/i><br>\n\n<i class=\"bi bi-envelope\"><\/i>&nbsp; <a href=\"mailto:markku.laakso@kuopionkonservatorio.fi\"> markku.laakso@kuopionkonservatorio.fi<\/a><br>\n<i class=\"bi bi-geo\"><\/i>&nbsp; Juankoski ja Kuopio\n<\/p>\n\n<p>\n<b>Lehikoinen, Elina<\/b>, piano<br>\n<i>rytmimusiikkikollegion puheenjohtaja<\/i><br>\n<i class=\"bi bi-telephone\"><\/i>&nbsp; 050 365 2510<br>\n<i class=\"bi bi-envelope\"><\/i>&nbsp; <a href=\"mailto:elina.lehikoinen@kuopionkonservatorio.fi\"> elina.lehikoinen@kuopionkonservatorio.fi<\/a><br>\n<i class=\"bi bi-geo\"><\/i>&nbsp; Kuopio\n<\/p>\n\n<p>\n<b>Lehikoinen, Lemmy<\/b>, b\u00e4ndit ja ryhm\u00e4opetus ja musiikin hahmotusaineet<br>\n\n<i class=\"bi bi-telephone\"><\/i>&nbsp; 050-465-9724<br>\n<i class=\"bi bi-envelope\"><\/i>&nbsp; <a href=\"mailto:lemmy.lehikoinen@kuopionkonservatorio.fi\"> lemmy.lehikoinen@kuopionkonservatorio.fi<\/a><br>\n<i class=\"bi bi-geo\"><\/i>&nbsp; Kuopio\n<\/p>\n\n<p>\n<b>Leksis, Sampo<\/b>, b\u00e4ndit ja ryhm\u00e4opetus, musiikkiteknologia, s\u00e4hk\u00f6kitara, ja yhteis\u00f6muusikko-opinnot<br>\n\n<i class=\"bi bi-telephone\"><\/i>&nbsp; 040 962 0542<br>\n<i class=\"bi bi-envelope\"><\/i>&nbsp; <a href=\"mailto:sampo.leksis@kuopionkonservatorio.fi\"> sampo.leksis@kuopionkonservatorio.fi<\/a><br>\n<i class=\"bi bi-geo\"><\/i>&nbsp; Kuopio ja Siilinj\u00e4rvi\n<\/p>\n\n<p>\n<b>Makkonen, Petri<\/b>, harmonikka<br>\n\n<i class=\"bi bi-envelope\"><\/i>&nbsp; <a href=\"mailto:petri.makkonen@kuopionkonservatorio.fi\"> petri.makkonen@kuopionkonservatorio.fi<\/a><br>\n<i class=\"bi bi-geo\"><\/i>&nbsp; Kuopio ja Lapinlahti\n<\/p>\n\n<p>\n<b>Miettunen, Heidi<\/b>, sello<br>\n<i>Kamarimusiikin ja orkestereiden vastuuopettaja<\/i><br>\n\n<i class=\"bi bi-envelope\"><\/i>&nbsp; <a href=\"mailto:heidi.miettunen@kuopionkonservatorio.fi\"> heidi.miettunen@kuopionkonservatorio.fi<\/a><br>\n<i class=\"bi bi-geo\"><\/i>&nbsp; Kuopio ja Siilinj\u00e4rvi\n<\/p>\n\n<p>\n<b>Muona, Jari<\/b>, viulu<br>\n\n<i class=\"bi bi-envelope\"><\/i>&nbsp; <a href=\"mailto:jari.muona@kuopionkonservatorio.fi\"> jari.muona@kuopionkonservatorio.fi<\/a><br>\n<i class=\"bi bi-geo\"><\/i>&nbsp; Kuopio ja Lapinlahti\n<\/p>\n\n<p>\n<b>Pasanen, Noora<\/b>, piano<br>\n\n<i class=\"bi bi-envelope\"><\/i>&nbsp; <a href=\"mailto:noora.pasanen@kuopionkonservatorio.fi\"> noora.pasanen@kuopionkonservatorio.fi<\/a><br>\n<i class=\"bi bi-geo\"><\/i>&nbsp; Kuopio\n<\/p>\n\n<p>\n<b>Pohjolainen, Pauliina<\/b>, b\u00e4ndit ja ryhm\u00e4opetus ja saksofoni<br>\n\n<i class=\"bi bi-telephone\"><\/i>&nbsp; 044-727-9232<br>\n<i class=\"bi bi-envelope\"><\/i>&nbsp; <a href=\"mailto:pauliina.pohjolainen@kuopionkonservatorio.fi\"> pauliina.pohjolainen@kuopionkonservatorio.fi<\/a><br>\n<i class=\"bi bi-geo\"><\/i>&nbsp; Kuopio\n<\/p>\n\n<p>\n<b>Pyyny, Petteri<\/b>, musiikkiteknologia<br>\n<i>ammatillisen koulutuksen aineryhm\u00e4vastaava (musiikkiteknologia)<\/i><br>\n<i class=\"bi bi-telephone\"><\/i>&nbsp; 045-136-0210<br>\n<i class=\"bi bi-envelope\"><\/i>&nbsp; <a href=\"mailto:petteri.pyyny@kuopionkonservatorio.fi\"> petteri.pyyny@kuopionkonservatorio.fi<\/a><br>\n<i class=\"bi bi-geo\"><\/i>&nbsp; Kuopio\n<\/p>\n\n<p>\n<b>Ruoho, Niina-Maria<\/b>, musiikin hahmotusaineet<br>\n\n<i class=\"bi bi-telephone\"><\/i>&nbsp; 045 139 3909<br>\n<i class=\"bi bi-envelope\"><\/i>&nbsp; <a href=\"mailto:niina-maria.ruoho@kuopionkonservatorio.fi\"> niina-maria.ruoho@kuopionkonservatorio.fi<\/a><br>\n<i class=\"bi bi-geo\"><\/i>&nbsp; Kuopio\n<\/p>\n\n<p>\n<b>Tikkanen, Rauno<\/b>, AmKo-Sinfonia, klarinetti, ja saksofoni<br>\n\n<i class=\"bi bi-telephone\"><\/i>&nbsp; 044-785-7414<br>\n<i class=\"bi bi-envelope\"><\/i>&nbsp; <a href=\"mailto:rauno.tikkanen@kuopionkonservatorio.fi\"> rauno.tikkanen@kuopionkonservatorio.fi<\/a><br>\n<i class=\"bi bi-geo\"><\/i>&nbsp; Kuopio\n<\/p>\n\n<p>\n<b>Untamala, Tuomas<\/b>, kamarimusiikki<br>\n<i>kamarimusiikki ja orkesterivastaava<\/i><br>\n\n<i class=\"bi bi-envelope\"><\/i>&nbsp; <a href=\"mailto:tuomas.untamala@kuopionkonservatorio.fi\"> tuomas.untamala@kuopionkonservatorio.fi<\/a><br>\n<i class=\"bi bi-geo\"><\/i>&nbsp; Juankoski ja Kuopio\n<\/p>\n\n<p>\n<b>Stedt, Jarna<\/b>, AmKo-Sinfonia<br>\n<i>soitinlainat puhaltimet<\/i><br>\n\n<i class=\"bi bi-envelope\"><\/i>&nbsp; <a href=\"mailto:jarna.stedt@kuopionkonservatorio.fi\"> jarna.stedt@kuopionkonservatorio.fi<\/a><br>\n<i class=\"bi bi-geo\"><\/i>&nbsp; Kuopio ja Siilinj\u00e4rvi\n<\/p>\n\n<p>\n<b>Zygaite-Serecke, Vaida<\/b>, saksofoni<br>\n\n<i class=\"bi bi-envelope\"><\/i>&nbsp; <a href=\"mailto:vaida.serecke@kuopionkonservatorio.fi\"> vaida.serecke@kuopionkonservatorio.fi<\/a><br>\n<i class=\"bi bi-geo\"><\/i>&nbsp; Kuopio\n<\/p>\n\n<p>\n<b>Ik\u00e4heimo, Annuliina<\/b>, laulu (klassinen)<br>\n\n<i class=\"bi bi-envelope\"><\/i>&nbsp; <a href=\"mailto:annuliina.ikaheimo@kuopionkonservatorio.fi\"> annuliina.ikaheimo@kuopionkonservatorio.fi<\/a><br>\n<i class=\"bi bi-geo\"><\/i>&nbsp; Kuopio\n<\/p>\n\n<p>\n<b>Mononen, Heikki<\/b>, urut<br>\n\n<i class=\"bi bi-envelope\"><\/i>&nbsp; <a href=\"mailto:heikki.mononen@kuopionkonservatorio.fi\"> heikki.mononen@kuopionkonservatorio.fi<\/a><br>\n<i class=\"bi bi-geo\"><\/i>&nbsp; Kuopio\n<\/p>\n\n\n\n\n\n<div style=\"height:100px\" aria-hidden=\"true\" class=\"wp-block-spacer\"><\/div>\n<\/div>\n<\/div>\n","protected":false},"excerpt":{"rendered":"<p>Ammatillisen koulutuksen yhteystiedot Opettajat<\/p>\n","protected":false},"author":1,"featured_media":0,"parent":1066,"menu_order":0,"comment_status":"closed","ping_status":"closed","template":"","meta":{"inline_featured_image":false,"footnotes":""},"oppiaine":[],"class_list":["post-1610","page","type-page","status-publish","hentry"],"_links":{"self":[{"href":"https:\/\/kuopionkonservatorio.fi\/fi\/wp-json\/wp\/v2\/pages\/1610","targetHints":{"allow":["GET"]}}],"collection":[{"href":"https:\/\/kuopionkonservatorio.fi\/fi\/wp-json\/wp\/v2\/pages"}],"about":[{"href":"https:\/\/kuopionkonservatorio.fi\/fi\/wp-json\/wp\/v2\/types\/page"}],"author":[{"embeddable":true,"href":"https:\/\/kuopionkonservatorio.fi\/fi\/wp-json\/wp\/v2\/users\/1"}],"replies":[{"embeddable":true,"href":"https:\/\/kuopionkonservatorio.fi\/fi\/wp-json\/wp\/v2\/comments?post=1610"}],"version-history":[{"count":0,"href":"https:\/\/kuopionkonservatorio.fi\/fi\/wp-json\/wp\/v2\/pages\/1610\/revisions"}],"up":[{"embeddable":true,"href":"https:\/\/kuopionkonservatorio.fi\/fi\/wp-json\/wp\/v2\/pages\/1066"}],"wp:attachment":[{"href":"https:\/\/kuopionkonservatorio.fi\/fi\/wp-json\/wp\/v2\/media?parent=1610"}],"wp:term":[{"taxonomy":"oppiaine","embeddable":true,"href":"https:\/\/kuopionkonservatorio.fi\/fi\/wp-json\/wp\/v2\/oppiaine?post=1610"}],"curies":[{"name":"wp","href":"https:\/\/api.w.org\/{rel}","templated":true}]}}