{"id":1576,"date":"2022-03-11T16:23:47","date_gmt":"2022-03-11T14:23:47","guid":{"rendered":"https:\/\/kuopionkonservatorio.letm.com\/?page_id=1576"},"modified":"2022-03-14T15:42:50","modified_gmt":"2022-03-14T13:42:50","slug":"opettajat-ja-opetuspisteet","status":"publish","type":"page","link":"https:\/\/kuopionkonservatorio.fi\/fi\/musiikki-harrastuksena\/rytmimusiikin-opinnot\/opettajat-ja-opetuspisteet\/","title":{"rendered":"Opettajat ja opetuspisteet"},"content":{"rendered":"\n<div class=\"wp-block-columns alignwide is-layout-flex wp-container-core-columns-is-layout-9d6595d7 wp-block-columns-is-layout-flex\">\n<div class=\"wp-block-column is-layout-flow wp-block-column-is-layout-flow\" style=\"flex-basis:33.33%\"><h2 class=\"wp-block-post-title\">Opettajat ja opetuspisteet<\/h2><\/div>\n\n\n\n<div class=\"wp-block-column is-layout-flow wp-block-column-is-layout-flow\" style=\"flex-basis:66.66%\">\n<h4 class=\"wp-block-heading\">Opettajat<\/h4>\n\n\n\n\n<p>\n<b>Ahlstedt, Artturi<\/b>, b\u00e4ndit ja ryhm\u00e4opetus<br>\n\n<i class=\"bi bi-envelope\"><\/i>&nbsp; <a href=\"mailto:artturi.ahlstedt@kuopionkonservatorio.fi\"> artturi.ahlstedt@kuopionkonservatorio.fi<\/a><br>\n<i class=\"bi bi-geo\"><\/i>&nbsp; Kuopio ja Siilinj\u00e4rvi\n<\/p>\n\n<p>\n<b>Hietala, Mika<\/b>, ly\u00f6m\u00e4soittimet ja rummut<br>\n\n<i class=\"bi bi-envelope\"><\/i>&nbsp; <a href=\"mailto:mika.hietala@kuopionkonservatorio.fi\"> mika.hietala@kuopionkonservatorio.fi<\/a><br>\n<i class=\"bi bi-geo\"><\/i>&nbsp; Kuopio ja Siilinj\u00e4rvi\n<\/p>\n\n<p>\n<b>Hiltula, Hannu<\/b>, b\u00e4ndit ja ryhm\u00e4opetus, kosketinsoittimet, piano, s\u00e4estys, ja saksofoni<br>\n<i>s\u00e4est\u00e4j\u00e4 (rytmi)<\/i><br>\n<i class=\"bi bi-envelope\"><\/i>&nbsp; <a href=\"mailto:hannu.hiltula@kuopionkonservatorio.fi\"> hannu.hiltula@kuopionkonservatorio.fi<\/a><br>\n<i class=\"bi bi-geo\"><\/i>&nbsp; Kuopio ja Siilinj\u00e4rvi\n<\/p>\n\n<p>\n<b>Kalliokoski, Kari<\/b>, s\u00e4hk\u00f6kitara<br>\n<i class=\"bi bi-telephone\"><\/i>&nbsp; 040 757 5390<br>\n<i class=\"bi bi-envelope\"><\/i>&nbsp; <a href=\"mailto:kari.kalliokoski@kuopionkonservatorio.fi\"> kari.kalliokoski@kuopionkonservatorio.fi<\/a><br>\n<i class=\"bi bi-geo\"><\/i>&nbsp; Kuopio\n<\/p>\n\n<p>\n<b>Kolehmainen, Jukka<\/b>, s\u00e4hk\u00f6basso<br>\n<i>ammatillisen koulutuksen aineryhm\u00e4vastaava (rytmimusiikki)<\/i><br>\n<i class=\"bi bi-envelope\"><\/i>&nbsp; <a href=\"mailto:jukka.kolehmainen@kuopionkonservatorio.fi\"> jukka.kolehmainen@kuopionkonservatorio.fi<\/a><br>\n<i class=\"bi bi-geo\"><\/i>&nbsp; Kuopio\n<\/p>\n\n<p>\n<b>Korhonen, Teija<\/b>, laulu<br>\n<i>ammatillisen koulutuksen aineryhm\u00e4vastaava (rytmimusiikki)<\/i><br><i class=\"bi bi-telephone\"><\/i>&nbsp; 050-320-8308<br>\n<i class=\"bi bi-envelope\"><\/i>&nbsp; <a href=\"mailto:teija.korhonen@kuopionkonservatorio.fi\"> teija.korhonen@kuopionkonservatorio.fi<\/a><br>\n<i class=\"bi bi-geo\"><\/i>&nbsp; Kuopio\n<\/p>\n\n<p>\n<b>K\u00e4m\u00e4r\u00e4inen, Tomi<\/b>, rummut<br>\n\n<i class=\"bi bi-envelope\"><\/i>&nbsp; <a href=\"mailto:tomi.kamarainen@kuopionkonservatorio.fi\"> tomi.kamarainen@kuopionkonservatorio.fi<\/a><br>\n<i class=\"bi bi-geo\"><\/i>&nbsp; Kuopio ja Nilsi\u00e4\n<\/p>\n\n<p>\n<b>Lehikoinen, Elina<\/b>, piano<br>\n<i>rytmimusiikkikollegion puheenjohtaja<\/i><br><i class=\"bi bi-telephone\"><\/i>&nbsp; 050 365 2510<br>\n<i class=\"bi bi-envelope\"><\/i>&nbsp; <a href=\"mailto:elina.lehikoinen@kuopionkonservatorio.fi\"> elina.lehikoinen@kuopionkonservatorio.fi<\/a><br>\n<i class=\"bi bi-geo\"><\/i>&nbsp; Kuopio\n<\/p>\n\n<p>\n<b>Lehikoinen, Lemmy<\/b>, musiikkitaito ja s\u00e4hk\u00f6basso<br>\n<i class=\"bi bi-telephone\"><\/i>&nbsp; 050-465-9724<br>\n<i class=\"bi bi-envelope\"><\/i>&nbsp; <a href=\"mailto:lemmy.lehikoinen@kuopionkonservatorio.fi\"> lemmy.lehikoinen@kuopionkonservatorio.fi<\/a><br>\n<i class=\"bi bi-geo\"><\/i>&nbsp; Kuopio\n<\/p>\n\n<p>\n<b>Leksis, Sampo<\/b>, <br>\n<i class=\"bi bi-telephone\"><\/i>&nbsp; 040 962 0542<br>\n<i class=\"bi bi-envelope\"><\/i>&nbsp; <a href=\"mailto:sampo.leksis@kuopionkonservatorio.fi\"> sampo.leksis@kuopionkonservatorio.fi<\/a><br>\n<i class=\"bi bi-geo\"><\/i>&nbsp; Kuopio ja Siilinj\u00e4rvi\n<\/p>\n\n<p>\n<b>Pasanen, Noora<\/b>, piano<br>\n\n<i class=\"bi bi-envelope\"><\/i>&nbsp; <a href=\"mailto:noora.pasanen@kuopionkonservatorio.fi\"> noora.pasanen@kuopionkonservatorio.fi<\/a><br>\n<i class=\"bi bi-geo\"><\/i>&nbsp; Kuopio\n<\/p>\n\n<p>\n<b>Pohjolainen, Pauliina<\/b>, saksofoni<br>\n<i class=\"bi bi-telephone\"><\/i>&nbsp; 044-727-9232<br>\n<i class=\"bi bi-envelope\"><\/i>&nbsp; <a href=\"mailto:pauliina.pohjolainen@kuopionkonservatorio.fi\"> pauliina.pohjolainen@kuopionkonservatorio.fi<\/a><br>\n<i class=\"bi bi-geo\"><\/i>&nbsp; Kuopio\n<\/p>\n\n<p>\n<b>Rautiainen, Mikko<\/b>, rummut<br>\n\n<i class=\"bi bi-envelope\"><\/i>&nbsp; <a href=\"mailto:mikko.rautiainen@kuopionkonservatorio.fi\"> mikko.rautiainen@kuopionkonservatorio.fi<\/a><br>\n<i class=\"bi bi-geo\"><\/i>&nbsp; Kuopio ja Siilinj\u00e4rvi\n<\/p>\n\n<p>\n<b>Salminen, Veera<\/b>, alkusoitto ja piano<br>\n\n<i class=\"bi bi-envelope\"><\/i>&nbsp; <a href=\"mailto:veera.salminen@kuopionkonservatorio.fi\"> veera.salminen@kuopionkonservatorio.fi<\/a><br>\n<i class=\"bi bi-geo\"><\/i>&nbsp; Kuopio\n<\/p>\n\n<p>\n<b>Toivanen, Pekka<\/b>, saksofoni<br>\n\n<i class=\"bi bi-geo\"><\/i>&nbsp; Kuopio\n<\/p>\n\n<p>\n<b>Lempinen, Jasmin<\/b>, laulu ja rummut<br>\n\n<i class=\"bi bi-envelope\"><\/i>&nbsp; <a href=\"mailto:jasmin.lempinen@kuopionkonservatorio.fi\"> jasmin.lempinen@kuopionkonservatorio.fi<\/a><br>\n<i class=\"bi bi-geo\"><\/i>&nbsp; Lapinlahti\n<\/p>\n\n\n\n\n<h4 class=\"pt-3 wp-block-heading\">Opetuspisteet<\/h4>\n\n\n\n\n<p>\n<b>Lapinlahden toimipiste, klassinen musiikki, musiikin varhaisi\u00e4n opinnot ja rytmimusiikki<\/b><br>\n<i class=\"bi bi-geo-alt\"><\/i>&nbsp; <a href=\"https:\/\/www.google.com\/maps\/place\/Monarintie+2+Lapinlahti\" title=\"karttalinkki\" target=\"_blank\" rel=\"noopener\">Monarintie 2, 73100 Lapinlahti<\/a> (Viisu, Matin ja Liisan koulu)\n<\/p>\n\n<p>\n<b>Pajulahden koulu<\/b><br>\n<i class=\"bi bi-geo-alt\"><\/i>&nbsp; <a href=\"https:\/\/www.google.com\/maps\/place\/Kortteisenm%C3%A4entie+21+Pajulahti\" title=\"karttalinkki\" target=\"_blank\" rel=\"noopener\">Kortteisenm\u00e4entie 21, 73360 Pajulahti<\/a>\n<\/p>\n\n<p>\n<b>Nilsi\u00e4n Yhten\u00e4iskoulu<\/b><br>\n<i class=\"bi bi-geo-alt\"><\/i>&nbsp; <a href=\"https:\/\/www.google.com\/maps\/place\/Syv%C3%A4rintie+47+Nilsi%C3%A4\" title=\"karttalinkki\" target=\"_blank\" rel=\"noopener\">Syv\u00e4rintie 47, 73300 Nilsi\u00e4<\/a>\n<\/p>\n\n<p>\n<b>Kauppakeskus Aapeli<\/b><br>\n<i class=\"bi bi-geo-alt\"><\/i>&nbsp; <a href=\"https:\/\/www.google.com\/maps\/place\/Kauppakatu+26%E2%80%9330+Kuopio\" title=\"karttalinkki\" target=\"_blank\" rel=\"noopener\">Kauppakatu 26\u201330, 70100 Kuopio<\/a> (B-ovi Kauppakadun puolelta)\n<\/p>\n\n\n\n\n<div style=\"height:100px\" aria-hidden=\"true\" class=\"wp-block-spacer\"><\/div>\n<\/div>\n<\/div>\n","protected":false},"excerpt":{"rendered":"<p>Opettajat Opetuspisteet<\/p>\n","protected":false},"author":1,"featured_media":0,"parent":317,"menu_order":3,"comment_status":"closed","ping_status":"closed","template":"","meta":{"inline_featured_image":false,"footnotes":""},"oppiaine":[],"class_list":["post-1576","page","type-page","status-publish","hentry"],"_links":{"self":[{"href":"https:\/\/kuopionkonservatorio.fi\/fi\/wp-json\/wp\/v2\/pages\/1576","targetHints":{"allow":["GET"]}}],"collection":[{"href":"https:\/\/kuopionkonservatorio.fi\/fi\/wp-json\/wp\/v2\/pages"}],"about":[{"href":"https:\/\/kuopionkonservatorio.fi\/fi\/wp-json\/wp\/v2\/types\/page"}],"author":[{"embeddable":true,"href":"https:\/\/kuopionkonservatorio.fi\/fi\/wp-json\/wp\/v2\/users\/1"}],"replies":[{"embeddable":true,"href":"https:\/\/kuopionkonservatorio.fi\/fi\/wp-json\/wp\/v2\/comments?post=1576"}],"version-history":[{"count":0,"href":"https:\/\/kuopionkonservatorio.fi\/fi\/wp-json\/wp\/v2\/pages\/1576\/revisions"}],"up":[{"embeddable":true,"href":"https:\/\/kuopionkonservatorio.fi\/fi\/wp-json\/wp\/v2\/pages\/317"}],"wp:attachment":[{"href":"https:\/\/kuopionkonservatorio.fi\/fi\/wp-json\/wp\/v2\/media?parent=1576"}],"wp:term":[{"taxonomy":"oppiaine","embeddable":true,"href":"https:\/\/kuopionkonservatorio.fi\/fi\/wp-json\/wp\/v2\/oppiaine?post=1576"}],"curies":[{"name":"wp","href":"https:\/\/api.w.org\/{rel}","templated":true}]}}