{"id":15147,"date":"2025-05-28T12:56:42","date_gmt":"2025-05-28T09:56:42","guid":{"rendered":"https:\/\/kuopionkonservatorio.fi\/?page_id=15147"},"modified":"2026-03-13T15:47:20","modified_gmt":"2026-03-13T13:47:20","slug":"kaksoistutkinto","status":"publish","type":"page","link":"https:\/\/kuopionkonservatorio.fi\/fi\/musiikista-ammatti\/kaksoistutkinto\/","title":{"rendered":"Kaksoistutkinto"},"content":{"rendered":"\n<div class=\"wp-block-columns alignwide is-layout-flex wp-container-core-columns-is-layout-9d6595d7 wp-block-columns-is-layout-flex\">\n<div class=\"wp-block-column is-layout-flow wp-block-column-is-layout-flow\" style=\"flex-basis:33.33%\">\n<h2 class=\"wp-block-heading\">Kaksoistutkinto<\/h2>\n\n\n\n<ul class=\"wp-block-list\">\n<li><a href=\"https:\/\/kuopionkonservatorio.fi\/fi\/musiikista-ammatti\/hakuinfo\/\">Hakuinfo<\/a><\/li>\n\n\n\n<li><a href=\"https:\/\/kuopionkonservatorio.fi\/fi\/musiikista-ammatti\/muusikko-klassinen-musiikki\/\">Muusikko, klassinen musiikki<\/a><\/li>\n\n\n\n<li><a href=\"https:\/\/kuopionkonservatorio.fi\/fi\/musiikista-ammatti\/muusikko-rytmimusiikki\/\">Muusikko, rytmimusiikki<\/a><\/li>\n\n\n\n<li><a href=\"https:\/\/kuopionkonservatorio.fi\/fi\/musiikista-ammatti\/musiikkiteknologi\/\">Musiikkiteknologi<\/a><\/li>\n\n\n\n<li><a href=\"https:\/\/kuopionkonservatorio.fi\/fi\/musiikista-ammatti\/ammatillisen-koulutuksen-yhteystiedot\/\">Ammatillisen koulutuksen yhteystiedot<\/a><\/li>\n<\/ul>\n\n\n\n<h5 class=\"wp-block-heading has-harmaa-color has-text-color\">Opiskelu<\/h5>\n\n\n\n<ul class=\"wp-block-list linkkilista\">\n<li><a href=\"https:\/\/kuopionkonservatorio.fi\/wp-content\/uploads\/valintakoeopas_2026_yhteishaku_12032026-2.pdf\">Valintakoeopas <\/a><a href=\"https:\/\/kuopionkonservatorio.fi\/wp-content\/uploads\/valintakoeopas_2026_yhteishaku_12032026-1.pdf\">2<\/a><a href=\"https:\/\/kuopionkonservatorio.fi\/wp-content\/uploads\/valintakoeopas_2026_yhteishaku_12.11.2025.pdf\">026<\/a><\/li>\n\n\n\n<li><a href=\"https:\/\/kuopionkonservatorio.fi\/wp-content\/uploads\/Opiskelijan-opas-2025-2026.pdf\">Opiskelijan opas 2025\u20132026<\/a><\/li>\n\n\n\n<li><a href=\"https:\/\/eperusteet.opintopolku.fi\/#\/fi\/ammatillinenperustutkinto\/7846219\/tutkinnonosat\">Tutkinnon perusteet 2026<\/a><\/li>\n\n\n\n<li><a href=\"https:\/\/kuopionkonservatorio.fi\/wp-content\/uploads\/ops_klassinen_2022_7.6.pdf\">OPS Klassinen musiikki 2022<\/a><\/li>\n\n\n\n<li><a href=\"https:\/\/kuopionkonservatorio.fi\/wp-content\/uploads\/OPS_2022-rytmi_7.6.pdf\">OPS Rytmimusiikki 2022<\/a><\/li>\n\n\n\n<li><a href=\"https:\/\/kuopionkonservatorio.fi\/wp-content\/uploads\/Ops_Musiikkiteknologia_2022_7.6.pdf\">OPS Musiikkiteknologia 2022<\/a><\/li>\n\n\n\n<li><a href=\"https:\/\/kuopionkonservatorio.fi\/wp-content\/uploads\/Ohjaussuunnitelma__kuopionkonservatorio_2023.pdf\">Opinto-ohjaussuunnitelma 2023<\/a><\/li>\n\n\n\n<li><a rel=\"noreferrer noopener\" href=\"https:\/\/kuopionkonservatorio.fi\/wp-content\/uploads\/Opiskelijan-arvioinnin-toteuttamissuunnitelma-2018.pdf\" target=\"_blank\">Opiskelijoiden arvioinnin toteutumissuunnitelma<\/a><\/li>\n\n\n\n<li><a href=\"https:\/\/kuopionkonservatorio.fi\/wp-content\/uploads\/opiskeluhuoltosuunnitelma-2023-2024.pdf\" target=\"_blank\" rel=\"noreferrer noopener\">Opiskeluhuoltosuunnitelma<\/a><\/li>\n\n\n\n<li><a rel=\"noreferrer noopener\" href=\"https:\/\/kuopionkonservatorio.fi\/wp-content\/uploads\/ammatillisen_koulutuksen_jarjestyssaanto.docx\" target=\"_blank\">J\u00e4rjestyss\u00e4\u00e4nt\u00f6<\/a><\/li>\n\n\n\n<li><a href=\"https:\/\/mcusercontent.com\/595065e59217a155228949f5a\/files\/6a75f8a9-12e5-4d87-8cfc-e74be8640cd7\/Musiikin_ammattiin_Konservatorioliitto_.pdf\" target=\"_blank\" rel=\"noreferrer noopener\">Musiikin ammattiin -esite<\/a> (Konservatorioliitto)<\/li>\n\n\n\n<li><a href=\"https:\/\/opiskelijankuopio.fi\/\">Opiskelijan Kuopio<\/a><\/li>\n<\/ul>\n<\/div>\n\n\n\n<div class=\"wp-block-column is-layout-flow wp-block-column-is-layout-flow\" style=\"flex-basis:66.66%\">\n<h2 class=\"wp-block-heading\">Kaksoistutkinto<\/h2>\n\n\n\n<p>Kuopion konservatorion ammatillisen koulutuksen kaksoistutkintoyhteisty\u00f6ss\u00e4 ovat mukana <strong>Kuopion Aikuislukio<\/strong> ja <strong>Taidelukio Lumit<\/strong>.<\/p>\n\n\n\n<p>Kaksoistutkinnossa opiskelija suorittaa ammatillisen perustutkinnon 180 osaamispistett\u00e4 sek\u00e4 ylioppilastutkinnon. (My\u00f6s kolmoistutkinto mahdollinen, jolloin suoritetaan lis\u00e4ksi koko lukion oppim\u00e4\u00e4r\u00e4.)<\/p>\n\n\n\n<ul class=\"wp-block-list has-vaaleanpunainen-background-color has-background\">\n<li>Opiskelija hakee opintopolussa<strong> musiikkialan perustutkintoon<\/strong> ja ilmoittaa opintopolun hakulomakkeella kiinnostuksensa kaksoistutkinto-opintoihin.<\/li>\n\n\n\n<li>Opintoaika 3\u20134 vuotta.<\/li>\n\n\n\n<li>Keskiarvoraja 7.<\/li>\n\n\n\n<li>Opintosuunnitelma tehd\u00e4\u00e4n jokaiselle yksil\u00f6llisesti.<\/li>\n\n\n\n<li>Oppivelvollisuuden seuraamis- ja ohjausvastuu on Kuopion konservatoriolla.<\/li>\n<\/ul>\n\n\n\n<ul class=\"wp-block-list has-vaaleanpunainen-background-color has-background\">\n<li>Opiskelijan yo-kirjoitussuunnitelma m\u00e4\u00e4ritt\u00e4\u00e4 lukio-opintojen aikataulua. (Huom! opiskelijalla tulee olla tehtyn\u00e4 90 osp ammatillisia opintoja ennen yo-kirjoituksiin osallistumista.)<\/li>\n\n\n\n<li>Ammatilliseen tutkintoon kuuluvat YTO-opinnot tunnustetaan p\u00e4\u00e4osin lukio-opinnoista.<\/li>\n<\/ul>\n\n\n\n<ul class=\"wp-block-list has-vaaleanpunainen-background-color has-background\">\n<li>Opintoja tehd\u00e4\u00e4n \u201drinnakkain\u201d eli menossa on yht\u00e4 aikaa ammatillisen sek\u00e4 lukion kursseja.<\/li>\n\n\n\n<li>Opiskelija voi valita lukiokursseja Aikuislukion verkko- sek\u00e4 iltaopetustarjonnasta sek\u00e4 Kuopion p\u00e4iv\u00e4lukioiden kurssitarjottimelta.<\/li>\n\n\n\n<li>Kes\u00e4opinnot ovat mahdollisia sek\u00e4 lukiossa ett\u00e4 ammatillisessa koulutuksessa.<\/li>\n<\/ul>\n\n\n\n<h2 class=\"wp-block-heading has-ingressi-font-size\">Esimerkki opintojen etenemisest\u00e4<\/h2>\n\n\n\n<p><strong>1. opiskeluvuosi<\/strong><\/p>\n\n\n\n<ul class=\"wp-block-list has-huurre-background-color has-background\">\n<li>Painottuu lukio-opintoihin + konservatorion instrumenttitunteihin.<\/li>\n\n\n\n<li>Yksil\u00f6llisen opintosuunnitelman mukaan my\u00f6s konservatorion kursseja.<\/li>\n\n\n\n<li>Jaksoesimerkki: 2 lukion kurssia, joista toinen verkkokurssina + ammatillisista opinnoista yhteissoittoa ja 1-3 kurssia ryhm\u00e4opetuskursseja.<\/li>\n\n\n\n<li>Opiskelija osallistuu mahdollisuuksien mukaan konservatorion aloitusjaksoon elokuussa.<\/li>\n<\/ul>\n\n\n\n<p><strong>2. opiskeluvuosi<\/strong><\/p>\n\n\n\n<ul class=\"wp-block-list has-huurre-background-color has-background\">\n<li>Painotus ammatillisissa opinnoissa (pakolliset opinnot, instrumenttitunnit, yhteissoitto).<\/li>\n\n\n\n<li>Pakollisten tutkinnonosien ammattiosaamisen n\u00e4yt\u00f6t.<\/li>\n\n\n\n<li>Lukiokursseja yo-kirjoitussuunnitelman mukaisesti.<\/li>\n<\/ul>\n\n\n\n<p><strong>3. opiskeluvuosi<\/strong><\/p>\n\n\n\n<ul class=\"wp-block-list has-huurre-background-color has-background\">\n<li>Ammatilliset opinnot: loput pakolliset opinnot + valinnaiset opinnot.<\/li>\n\n\n\n<li>Lukiokursseja yo-kirjoitussuunnitelman mukaisesti.<\/li>\n\n\n\n<li>YO-kirjoitukset.<\/li>\n<\/ul>\n\n\n\n<p><strong>4. opiskeluvuosi<\/strong><\/p>\n\n\n\n<ul class=\"wp-block-list has-huurre-background-color has-background\">\n<li>YO-kirjoitukset.<\/li>\n\n\n\n<li>Ammatillisen koulutuksen ammattiosaamisen n\u00e4yt\u00f6t.<\/li>\n<\/ul>\n\n\n\n<div style=\"height:45px\" aria-hidden=\"true\" class=\"wp-block-spacer\"><\/div>\n\n\n\n<p>Lis\u00e4tietoja kaksois- ja kolmoistutkinnon suorittamisesta opinto-ohjaaja Anna Tenhuselta p. 044 727 9235<\/p>\n<\/div>\n<\/div>\n","protected":false},"excerpt":{"rendered":"<p>Kaksoistutkinto Opiskelu Kaksoistutkinto Kuopion konservatorion ammatillisen koulutuksen kaksoistutkintoyhteisty\u00f6ss\u00e4 ovat mukana Kuopion Aikuislukio ja Taidelukio Lumit. Kaksoistutkinnossa opiskelija suorittaa ammatillisen perustutkinnon 180 osaamispistett\u00e4 sek\u00e4 ylioppilastutkinnon. (My\u00f6s kolmoistutkinto mahdollinen, jolloin suoritetaan lis\u00e4ksi koko lukion oppim\u00e4\u00e4r\u00e4.) Esimerkki opintojen etenemisest\u00e4 1. opiskeluvuosi 2. opiskeluvuosi 3. opiskeluvuosi 4. opiskeluvuosi Lis\u00e4tietoja kaksois- ja kolmoistutkinnon suorittamisesta opinto-ohjaaja Anna Tenhuselta p. 044 727 [&hellip;]<\/p>\n","protected":false},"author":9,"featured_media":0,"parent":217,"menu_order":0,"comment_status":"closed","ping_status":"closed","template":"","meta":{"inline_featured_image":false,"footnotes":""},"oppiaine":[],"class_list":["post-15147","page","type-page","status-publish","hentry"],"_links":{"self":[{"href":"https:\/\/kuopionkonservatorio.fi\/fi\/wp-json\/wp\/v2\/pages\/15147","targetHints":{"allow":["GET"]}}],"collection":[{"href":"https:\/\/kuopionkonservatorio.fi\/fi\/wp-json\/wp\/v2\/pages"}],"about":[{"href":"https:\/\/kuopionkonservatorio.fi\/fi\/wp-json\/wp\/v2\/types\/page"}],"author":[{"embeddable":true,"href":"https:\/\/kuopionkonservatorio.fi\/fi\/wp-json\/wp\/v2\/users\/9"}],"replies":[{"embeddable":true,"href":"https:\/\/kuopionkonservatorio.fi\/fi\/wp-json\/wp\/v2\/comments?post=15147"}],"version-history":[{"count":0,"href":"https:\/\/kuopionkonservatorio.fi\/fi\/wp-json\/wp\/v2\/pages\/15147\/revisions"}],"up":[{"embeddable":true,"href":"https:\/\/kuopionkonservatorio.fi\/fi\/wp-json\/wp\/v2\/pages\/217"}],"wp:attachment":[{"href":"https:\/\/kuopionkonservatorio.fi\/fi\/wp-json\/wp\/v2\/media?parent=15147"}],"wp:term":[{"taxonomy":"oppiaine","embeddable":true,"href":"https:\/\/kuopionkonservatorio.fi\/fi\/wp-json\/wp\/v2\/oppiaine?post=15147"}],"curies":[{"name":"wp","href":"https:\/\/api.w.org\/{rel}","templated":true}]}}