{"id":1473,"date":"2022-03-07T18:39:48","date_gmt":"2022-03-07T16:39:48","guid":{"rendered":"https:\/\/kuopionkonservatorio.letm.com\/?page_id=1473"},"modified":"2022-03-14T15:41:53","modified_gmt":"2022-03-14T13:41:53","slug":"opettajat-ja-opetuspisteet","status":"publish","type":"page","link":"https:\/\/kuopionkonservatorio.fi\/fi\/musiikki-harrastuksena\/klassisen-musiikin-opinnot\/opettajat-ja-opetuspisteet\/","title":{"rendered":"Opettajat ja opetuspisteet"},"content":{"rendered":"\n<div class=\"wp-block-columns alignwide is-layout-flex wp-container-core-columns-is-layout-9d6595d7 wp-block-columns-is-layout-flex\">\n<div class=\"wp-block-column is-layout-flow wp-block-column-is-layout-flow\" style=\"flex-basis:33.33%\">\n<h2 class=\"wp-block-heading\">Opettajat ja opetuspisteet<\/h2>\n<\/div>\n\n\n\n<div class=\"wp-block-column is-layout-flow wp-block-column-is-layout-flow\" style=\"flex-basis:66.66%\">\n<h4 class=\"wp-block-heading\">Opettajat<\/h4>\n\n\n\n\n<p>\n<b>Ahonen, Arja Linnea<\/b>, piano<br>\n\n<i class=\"bi bi-envelope\"><\/i>&nbsp; <a href=\"mailto:arja.ahonen@kuopionkonservatorio.fi\"> arja.ahonen@kuopionkonservatorio.fi<\/a><br>\n<i class=\"bi bi-geo\"><\/i>&nbsp; Juankoski ja Nilsi\u00e4\n<\/p>\n\n<p>\n<b>Antikainen, Heli<\/b>, piano<br>\n\n<i class=\"bi bi-envelope\"><\/i>&nbsp; <a href=\"mailto:heli.antikainen@kuopionkonservatorio.fi\"> heli.antikainen@kuopionkonservatorio.fi<\/a><br>\n<i class=\"bi bi-geo\"><\/i>&nbsp; Kuopio\n<\/p>\n\n<p>\n<b>Bunda, Susanna<\/b>, huilu<br>\n<i>Puhallinkollegion puheenjohtaja<\/i><br>\n\n<i class=\"bi bi-envelope\"><\/i>&nbsp; <a href=\"mailto:susanna.bunda@kuopionkonservatorio.fi\"> susanna.bunda@kuopionkonservatorio.fi<\/a><br>\n<i class=\"bi bi-geo\"><\/i>&nbsp; Kuopio\n<\/p>\n\n<p>\n<b>Forsberg, Minna<\/b>, alttoviulu ja viulu<br>\n\n<i class=\"bi bi-envelope\"><\/i>&nbsp; <a href=\"mailto:minna.forsberg@kuopionkonservatorio.fi\"> minna.forsberg@kuopionkonservatorio.fi<\/a><br>\n<i class=\"bi bi-geo\"><\/i>&nbsp; Lapinlahti\n<\/p>\n\n<p>\n<b>Peltom\u00e4ki, Lotta<\/b>, Juniorijouset, Kamarijouset, ja viulu<br>\n\n<i class=\"bi bi-telephone\"><\/i>&nbsp; 040 537 9272<br>\n<i class=\"bi bi-envelope\"><\/i>&nbsp; <a href=\"mailto:lotta.peltomaki@kuopionkonservatorio.fi\"> lotta.peltomaki@kuopionkonservatorio.fi<\/a><br>\n<i class=\"bi bi-geo\"><\/i>&nbsp; Kuopio\n<\/p>\n\n<p>\n<b>Hautsalo, Hanna<\/b>, huilu<br>\n\n<i class=\"bi bi-telephone\"><\/i>&nbsp; 045 139 3915<br>\n<i class=\"bi bi-envelope\"><\/i>&nbsp; <a href=\"mailto:hanna.hautsalo@kuopionkonservatorio.fi\"> hanna.hautsalo@kuopionkonservatorio.fi<\/a><br>\n<i class=\"bi bi-geo\"><\/i>&nbsp; Kuopio ja Nilsi\u00e4\n<\/p>\n\n<p>\n<b>Heiskanen, Tapani<\/b>, trumpetti<br>\n\n<i class=\"bi bi-telephone\"><\/i>&nbsp; 050 522 4307<br>\n<i class=\"bi bi-envelope\"><\/i>&nbsp; <a href=\"mailto:tapani.heiskanen@kuopionkonservatorio.fi\"> tapani.heiskanen@kuopionkonservatorio.fi<\/a><br>\n<i class=\"bi bi-geo\"><\/i>&nbsp; Kuopio\n<\/p>\n\n<p>\n<b>Hentil\u00e4, Mirkka<\/b>, huilu ja musiikkileikkikoulu<br>\n<i>Suonenjoen toimipisteen johtaja<\/i><br>\n<i class=\"bi bi-telephone\"><\/i>&nbsp; 045 136 0206<br>\n<i class=\"bi bi-envelope\"><\/i>&nbsp; <a href=\"mailto:mirkka.hentila@kuopionkonservatorio.fi\"> mirkka.hentila@kuopionkonservatorio.fi<\/a><br>\n<i class=\"bi bi-geo\"><\/i>&nbsp; Suonenjoki\n<\/p>\n\n<p>\n<b>Hietala, Mika<\/b>, ly\u00f6m\u00e4soittimet ja rummut<br>\n\n<i class=\"bi bi-envelope\"><\/i>&nbsp; <a href=\"mailto:mika.hietala@kuopionkonservatorio.fi\"> mika.hietala@kuopionkonservatorio.fi<\/a><br>\n<i class=\"bi bi-geo\"><\/i>&nbsp; Kuopio ja Siilinj\u00e4rvi\n<\/p>\n\n<p>\n<b>Halonen, Kati<\/b>, viulu<br>\n\n<i class=\"bi bi-envelope\"><\/i>&nbsp; <a href=\"mailto:kati.halonen@kuopionkonservatorio.fi\"> kati.halonen@kuopionkonservatorio.fi<\/a><br>\n<i class=\"bi bi-geo\"><\/i>&nbsp; Kuopio\n<\/p>\n\n<p>\n<b>Hiltula, Hannu<\/b>, b\u00e4ndit ja ryhm\u00e4opetus, kosketinsoittimet, piano, s\u00e4estys, ja saksofoni<br>\n<i>s\u00e4est\u00e4j\u00e4 (rytmi)<\/i><br>\n\n<i class=\"bi bi-envelope\"><\/i>&nbsp; <a href=\"mailto:hannu.hiltula@kuopionkonservatorio.fi\"> hannu.hiltula@kuopionkonservatorio.fi<\/a><br>\n<i class=\"bi bi-geo\"><\/i>&nbsp; Kuopio ja Siilinj\u00e4rvi\n<\/p>\n\n<p>\n<b>Hoffr\u00e9n, Anna<\/b>, piano<br>\n\n<i class=\"bi bi-envelope\"><\/i>&nbsp; <a href=\"mailto:anna.hoffren@kuopionkonservatorio.fi\"> anna.hoffren@kuopionkonservatorio.fi<\/a><br>\n<i class=\"bi bi-geo\"><\/i>&nbsp; Kuopio\n<\/p>\n\n<p>\n<b>Horttanainen, Pasi<\/b>, harmonikka<br>\n\n<i class=\"bi bi-envelope\"><\/i>&nbsp; <a href=\"mailto:pasi.horttanainen@kuopionkonservatorio.fi\"> pasi.horttanainen@kuopionkonservatorio.fi<\/a><br>\n<i class=\"bi bi-geo\"><\/i>&nbsp; Nilsi\u00e4\n<\/p>\n\n<p>\n<b>Huhtinen, Juhana<\/b>, piano ja s\u00e4estys<br>\n<i>s\u00e4est\u00e4j\u00e4 (klassinen)<\/i><br>\n<i class=\"bi bi-telephone\"><\/i>&nbsp; 045 139 3914<br>\n<i class=\"bi bi-envelope\"><\/i>&nbsp; <a href=\"mailto:juhana.huhtinen@kuopionkonservatorio.fi\"> juhana.huhtinen@kuopionkonservatorio.fi<\/a><br>\n<i class=\"bi bi-geo\"><\/i>&nbsp; Juankoski ja Kuopio\n<\/p>\n\n<p>\n<b>Hyttinen, Suvi<\/b>, Primo-orkesteri ja sello<br>\n<i>jousikollegion puheenjohtaja<\/i><br>\n\n<i class=\"bi bi-envelope\"><\/i>&nbsp; <a href=\"mailto:suvi.hyttinen@kuopionkonservatorio.fi\"> suvi.hyttinen@kuopionkonservatorio.fi<\/a><br>\n<i class=\"bi bi-geo\"><\/i>&nbsp; Kuopio ja Lapinlahti\n<\/p>\n\n<p>\n<b>Immonen, Anna<\/b>, laulu<br>\n\n<i class=\"bi bi-envelope\"><\/i>&nbsp; <a href=\"mailto:anna.immonen@kuopionkonservatorio.fi\"> anna.immonen@kuopionkonservatorio.fi<\/a><br>\n<i class=\"bi bi-geo\"><\/i>&nbsp; Kuopio ja Siilinj\u00e4rvi\n<\/p>\n\n<p>\n<b>Immonen, Jussi<\/b>, piano ja s\u00e4estys<br>\n<i>s\u00e4est\u00e4j\u00e4 (klassinen)<\/i><br>\n\n<i class=\"bi bi-envelope\"><\/i>&nbsp; <a href=\"mailto:jussi.immonen@kuopionkonservatorio.fi\"> jussi.immonen@kuopionkonservatorio.fi<\/a><br>\n<i class=\"bi bi-geo\"><\/i>&nbsp; Kuopio ja Suonenjoki\n<\/p>\n\n<p>\n<b>Janka-Murros, Antti-Jussi<\/b>, kansanmusiikkiorkesteri ja kontrabasso<br>\n\n<i class=\"bi bi-envelope\"><\/i>&nbsp; <a href=\"mailto:antti-jussi.janka-murros@kuopionkonservatorio.fi\"> antti-jussi.janka-murros@kuopionkonservatorio.fi<\/a><br>\n<i class=\"bi bi-geo\"><\/i>&nbsp; Kuopio\n<\/p>\n\n<p>\n<b>Juvonen, Mirja<\/b>, kuoro, lapsikuoro, laulu (klassinen), laulun valmentava opetus, ja lied<br>\n<i>Siilinj\u00e4rven toimipisteen johtaja, varhaisi\u00e4n musiikkikasvatuksen aineryhm\u00e4n johtaja<\/i><br>\n<i class=\"bi bi-telephone\"><\/i>&nbsp; 050 463 4831<br>\n<i class=\"bi bi-envelope\"><\/i>&nbsp; <a href=\"mailto:mirja.juvonen@kuopionkonservatorio.fi\"> mirja.juvonen@kuopionkonservatorio.fi<\/a><br>\n<i class=\"bi bi-geo\"><\/i>&nbsp; Kuopio ja Siilinj\u00e4rvi\n<\/p>\n\n<p>\n<b>J\u00e4rvel\u00e4inen, Lea<\/b>, piano<br>\n\n<i class=\"bi bi-envelope\"><\/i>&nbsp; <a href=\"mailto:lea.jarvelainen@kuopionkonservatorio.fi\"> lea.jarvelainen@kuopionkonservatorio.fi<\/a><br>\n<i class=\"bi bi-geo\"><\/i>&nbsp; Suonenjoki\n<\/p>\n\n<p>\n<b>Kallio, Silja<\/b>, kantele<br>\n\n<i class=\"bi bi-telephone\"><\/i>&nbsp; 040 513 3879<br>\n<i class=\"bi bi-envelope\"><\/i>&nbsp; <a href=\"mailto:silja.kallio@kuopionkonservatorio.fi\"> silja.kallio@kuopionkonservatorio.fi<\/a><br>\n<i class=\"bi bi-geo\"><\/i>&nbsp; Kuopio ja Siilinj\u00e4rvi\n<\/p>\n\n<p>\n<b>Kankaanp\u00e4\u00e4, Katja<\/b>, viulu<br>\n<i>soitinlainat jousisoittimet<\/i><br>\n\n<i class=\"bi bi-envelope\"><\/i>&nbsp; <a href=\"mailto:katja.kankaanpaa@kuopionkonservatorio.fi\"> katja.kankaanpaa@kuopionkonservatorio.fi<\/a><br>\n<i class=\"bi bi-geo\"><\/i>&nbsp; Kuopio\n<\/p>\n\n<p>\n<b>Karppi, Mikko<\/b>, kitara<br>\n\n<i class=\"bi bi-envelope\"><\/i>&nbsp; <a href=\"mailto:mikko.karppi@kuopionkonservatorio.fi\"> mikko.karppi@kuopionkonservatorio.fi<\/a><br>\n<i class=\"bi bi-geo\"><\/i>&nbsp; Kuopio, Lapinlahti, Nilsi\u00e4, Siilinj\u00e4rvi, ja Suonenjoki\n<\/p>\n\n<p>\n<b>Karttunen, Teea<\/b>, huilu<br>\n\n<i class=\"bi bi-envelope\"><\/i>&nbsp; <a href=\"mailto:teea.karttunen@kuopionkonservatorio.fi\"> teea.karttunen@kuopionkonservatorio.fi<\/a><br>\n<i class=\"bi bi-geo\"><\/i>&nbsp; Kuopio\n<\/p>\n\n<p>\n<b>Keskinen, Outi<\/b>, piano ja s\u00e4estys<br>\n<i>pianokollegion puheenjohtaja, s\u00e4est\u00e4j\u00e4 (klassinen)<\/i><br>\n<i class=\"bi bi-telephone\"><\/i>&nbsp; 050 340 6989<br>\n<i class=\"bi bi-envelope\"><\/i>&nbsp; <a href=\"mailto:outi.keskinen@kuopionkonservatorio.fi\"> outi.keskinen@kuopionkonservatorio.fi<\/a><br>\n<i class=\"bi bi-geo\"><\/i>&nbsp; Kuopio\n<\/p>\n\n<p>\n<b>Kivim\u00e4ki, Marketta<\/b>, klarinetti ja nokkahuilu<br>\n\n<i class=\"bi bi-envelope\"><\/i>&nbsp; <a href=\"mailto:marketta.kivimaki@kuopionkonservatorio.fi\"> marketta.kivimaki@kuopionkonservatorio.fi<\/a><br>\n<i class=\"bi bi-geo\"><\/i>&nbsp; Juankoski, Kuopio, ja Siilinj\u00e4rvi\n<\/p>\n\n<p>\n<b>Koistinen, Sonja<\/b>, alttoviulu, Primo-orkesteri, ja viulu<br>\n<i>Nilsi\u00e4n toimipisteen johtaja<\/i><br>\n\n<i class=\"bi bi-envelope\"><\/i>&nbsp; <a href=\"mailto:sonja.koistinen@kuopionkonservatorio.fi\"> sonja.koistinen@kuopionkonservatorio.fi<\/a><br>\n<i class=\"bi bi-geo\"><\/i>&nbsp; Kuopio ja Nilsi\u00e4\n<\/p>\n\n<p>\n<b>Koivusalo, Mari<\/b>, alttoviulu, kamarimusiikki, ja viulu<br>\n\n<i class=\"bi bi-telephone\"><\/i>&nbsp; 040 594 3411<br>\n<i class=\"bi bi-envelope\"><\/i>&nbsp; <a href=\"mailto:mari.koivusalo@kuopionkonservatorio.fi\"> mari.koivusalo@kuopionkonservatorio.fi<\/a><br>\n<i class=\"bi bi-geo\"><\/i>&nbsp; Juankoski ja Kuopio\n<\/p>\n\n<p>\n<b>Konttinen, Aino<\/b>, alttoviulu, Primo-orkesteri, ja viulu<br>\n\n<i class=\"bi bi-envelope\"><\/i>&nbsp; <a href=\"mailto:aino.konttinen@kuopionkonservatorio.fi\"> aino.konttinen@kuopionkonservatorio.fi<\/a><br>\n<i class=\"bi bi-geo\"><\/i>&nbsp; Kuopio\n<\/p>\n\n<p>\n<b>Koponen, Marja-Liisa<\/b>, musiikkitaito<br>\n\n<i class=\"bi bi-telephone\"><\/i>&nbsp; 044-727-9219<br>\n<i class=\"bi bi-envelope\"><\/i>&nbsp; <a href=\"mailto:marja-liisa.koponen@kuopionkonservatorio.fi\"> marja-liisa.koponen@kuopionkonservatorio.fi<\/a><br>\n<i class=\"bi bi-geo\"><\/i>&nbsp; Kuopio\n<\/p>\n\n<p>\n<b>Kuikka, Mirja<\/b>, sello<br>\n\n<i class=\"bi bi-envelope\"><\/i>&nbsp; <a href=\"mailto:mirja.kuikka@kuopionkonservatorio.fi\"> mirja.kuikka@kuopionkonservatorio.fi<\/a><br>\n<i class=\"bi bi-geo\"><\/i>&nbsp; Kuopio, Siilinj\u00e4rvi, ja Suonenjoki\n<\/p>\n\n<p>\n<b>Laakso, Cecilia<\/b>, kitara ja musiikkitaito<br>\n<i>kitara-harmonikka-kantele-laulu-ly\u00f6m\u00e4soittimet -kollegion puheenjohtaja<\/i><br>\n\n<i class=\"bi bi-envelope\"><\/i>&nbsp; <a href=\"mailto:cecilia.laakso@kuopionkonservatorio.fi\"> cecilia.laakso@kuopionkonservatorio.fi<\/a><br>\n<i class=\"bi bi-geo\"><\/i>&nbsp; Kuopio\n<\/p>\n\n<p>\n<b>Laakso, Markku<\/b>, kitara<br>\n<i>ammatillisen koulutuksen aineryhm\u00e4vastaava (klassinen musiikki)<\/i><br>\n\n<i class=\"bi bi-envelope\"><\/i>&nbsp; <a href=\"mailto:markku.laakso@kuopionkonservatorio.fi\"> markku.laakso@kuopionkonservatorio.fi<\/a><br>\n<i class=\"bi bi-geo\"><\/i>&nbsp; Juankoski ja Kuopio\n<\/p>\n\n<p>\n<b>Makkonen, Petri<\/b>, harmonikka<br>\n\n<i class=\"bi bi-envelope\"><\/i>&nbsp; <a href=\"mailto:petri.makkonen@kuopionkonservatorio.fi\"> petri.makkonen@kuopionkonservatorio.fi<\/a><br>\n<i class=\"bi bi-geo\"><\/i>&nbsp; Kuopio ja Lapinlahti\n<\/p>\n\n<p>\n<b>Meriranta, Kirsi<\/b>, Juniorijouset, musiikkitaito, ja Primo-orkesteri<br>\n<i>musiikkitaitokollegion puheenjohtaja<\/i><br>\n<i class=\"bi bi-telephone\"><\/i>&nbsp; 045-139-3902<br>\n<i class=\"bi bi-envelope\"><\/i>&nbsp; <a href=\"mailto:kirsi.meriranta@kuopionkonservatorio.fi\"> kirsi.meriranta@kuopionkonservatorio.fi<\/a><br>\n<i class=\"bi bi-geo\"><\/i>&nbsp; Kuopio\n<\/p>\n\n<p>\n<b>Miettunen, Heidi<\/b>, sello<br>\n<i>Kamarimusiikin ja orkestereiden vastuuopettaja<\/i><br>\n\n<i class=\"bi bi-envelope\"><\/i>&nbsp; <a href=\"mailto:heidi.miettunen@kuopionkonservatorio.fi\"> heidi.miettunen@kuopionkonservatorio.fi<\/a><br>\n<i class=\"bi bi-geo\"><\/i>&nbsp; Kuopio ja Siilinj\u00e4rvi\n<\/p>\n\n<p>\n<b>Muona, Jari<\/b>, viulu<br>\n\n<i class=\"bi bi-envelope\"><\/i>&nbsp; <a href=\"mailto:jari.muona@kuopionkonservatorio.fi\"> jari.muona@kuopionkonservatorio.fi<\/a><br>\n<i class=\"bi bi-geo\"><\/i>&nbsp; Kuopio ja Lapinlahti\n<\/p>\n\n<p>\n<b>Muona, Laura<\/b>, alkusoitto, musiikkileikkikoulu, musiikkipaja, ja sello<br>\n\n<i class=\"bi bi-telephone\"><\/i>&nbsp; 040 565 6704<br>\n<i class=\"bi bi-envelope\"><\/i>&nbsp; <a href=\"mailto:laura.muona@kuopionkonservatorio.fi\"> laura.muona@kuopionkonservatorio.fi<\/a><br>\n<i class=\"bi bi-geo\"><\/i>&nbsp; Kuopio ja Siilinj\u00e4rvi\n<\/p>\n\n<p>\n<b>Muona, Leena<\/b>, alttoviulu, Juniorijouset, ja viulu<br>\n\n<i class=\"bi bi-envelope\"><\/i>&nbsp; <a href=\"mailto:leena.muona@kuopionkonservatorio.fi\"> leena.muona@kuopionkonservatorio.fi<\/a><br>\n<i class=\"bi bi-geo\"><\/i>&nbsp; Kuopio\n<\/p>\n\n<p>\n<b>Naumanen, Tiina<\/b>, piano<br>\n\n<i class=\"bi bi-envelope\"><\/i>&nbsp; <a href=\"mailto:tiina.naumanen@kuopionkonservatorio.fi\"> tiina.naumanen@kuopionkonservatorio.fi<\/a><br>\n<i class=\"bi bi-geo\"><\/i>&nbsp; Siilinj\u00e4rvi\n<\/p>\n\n<p>\n<b>Parkkinen, Arto<\/b>, oboe<br>\n\n<i class=\"bi bi-envelope\"><\/i>&nbsp; <a href=\"mailto:arto.parkkinen@kuopionkonservatorio.fi\"> arto.parkkinen@kuopionkonservatorio.fi<\/a><br>\n<i class=\"bi bi-geo\"><\/i>&nbsp; Kuopio\n<\/p>\n\n<p>\n<b>Parkkinen, Seppo<\/b>, k\u00e4yr\u00e4torvi<br>\n\n<i class=\"bi bi-envelope\"><\/i>&nbsp; <a href=\"mailto:seppo.parkkinen@kuopionkonservatorio.fi\"> seppo.parkkinen@kuopionkonservatorio.fi<\/a><br>\n<i class=\"bi bi-geo\"><\/i>&nbsp; Kuopio\n<\/p>\n\n<p>\n<b>Pirinen, Tiina<\/b>, huilu<br>\n<i>Juankosken toimipisteen johtaja<\/i><br>\n<i class=\"bi bi-telephone\"><\/i>&nbsp; 045-139-3913<br>\n<i class=\"bi bi-envelope\"><\/i>&nbsp; <a href=\"mailto:tiina.pirinen@kuopionkonservatorio.fi\"> tiina.pirinen@kuopionkonservatorio.fi<\/a><br>\n<i class=\"bi bi-geo\"><\/i>&nbsp; Juankoski\n<\/p>\n\n<p>\n<b>Pulkka, Laura<\/b>, lied, piano, ja s\u00e4estys<br>\n\n<i class=\"bi bi-envelope\"><\/i>&nbsp; <a href=\"mailto:laura.pulkka@kuopionkonservatorio.fi\"> laura.pulkka@kuopionkonservatorio.fi<\/a><br>\n<i class=\"bi bi-geo\"><\/i>&nbsp; Kuopio\n<\/p>\n\n<p>\n<b>Ronimus, Anni<\/b>, kamarimusiikki ja orkesterit ja viulu<br>\n\n<i class=\"bi bi-envelope\"><\/i>&nbsp; <a href=\"mailto:anni.ronimus@kuopionkonservatorio.fi\"> anni.ronimus@kuopionkonservatorio.fi<\/a><br>\n<i class=\"bi bi-geo\"><\/i>&nbsp; Kuopio ja Siilinj\u00e4rvi\n<\/p>\n\n<p>\n<b>Ruoho, Niina-Maria<\/b>, musiikkitaito<br>\n\n<i class=\"bi bi-telephone\"><\/i>&nbsp; 045 139 3909<br>\n<i class=\"bi bi-envelope\"><\/i>&nbsp; <a href=\"mailto:niina-maria.ruoho@kuopionkonservatorio.fi\"> niina-maria.ruoho@kuopionkonservatorio.fi<\/a><br>\n<i class=\"bi bi-geo\"><\/i>&nbsp; Kuopio\n<\/p>\n\n<p>\n<b>Ruoho, Ossi<\/b>, baritonitorvi ja pasuuna<br>\n\n<i class=\"bi bi-envelope\"><\/i>&nbsp; <a href=\"mailto:ossi.ruoho@kuopionkonservatorio.fi\"> ossi.ruoho@kuopionkonservatorio.fi<\/a><br>\n<i class=\"bi bi-geo\"><\/i>&nbsp; Kuopio\n<\/p>\n\n<p>\n<b>R\u00f6nkk\u00f6, Jaana<\/b>, alkusoitto, kamarimusiikki ja orkesterit, ja viulu<br>\n\n<i class=\"bi bi-envelope\"><\/i>&nbsp; <a href=\"mailto:jaana.ronkko@kuopionkonservatorio.fi\"> jaana.ronkko@kuopionkonservatorio.fi<\/a><br>\n<i class=\"bi bi-geo\"><\/i>&nbsp; Lapinlahti\n<\/p>\n\n<p>\n<b>Saarento, Leena<\/b>, piano<br>\n\n<i class=\"bi bi-envelope\"><\/i>&nbsp; <a href=\"mailto:leena.saarento@kuopionkonservatorio.fi\"> leena.saarento@kuopionkonservatorio.fi<\/a><br>\n<i class=\"bi bi-geo\"><\/i>&nbsp; Kuopio ja Siilinj\u00e4rvi\n<\/p>\n\n<p>\n<b>Saastamoinen, Pirkemari<\/b>, huilu<br>\n\n<i class=\"bi bi-envelope\"><\/i>&nbsp; <a href=\"mailto:pirkemari.saastamoinen@kuopionkonservatorio.fi\"> pirkemari.saastamoinen@kuopionkonservatorio.fi<\/a><br>\n<i class=\"bi bi-geo\"><\/i>&nbsp; Kuopio, Lapinlahti, ja Suonenjoki\n<\/p>\n\n<p>\n<b>Sadovnitchaia, Natalia<\/b>, piano ja s\u00e4estys<br>\n<i>s\u00e4est\u00e4j\u00e4 (klassinen)<\/i><br>\n\n<i class=\"bi bi-envelope\"><\/i>&nbsp; <a href=\"mailto:natalia.sadovnitchaia@kuopionkonservatorio.fi\"> natalia.sadovnitchaia@kuopionkonservatorio.fi<\/a><br>\n<i class=\"bi bi-geo\"><\/i>&nbsp; Kuopio ja Siilinj\u00e4rvi\n<\/p>\n\n<p>\n<b>Savolainen, Simo<\/b>, piano<br>\n\n<i class=\"bi bi-envelope\"><\/i>&nbsp; <a href=\"mailto:simo.savolainen@kuopionkonservatorio.fi\"> simo.savolainen@kuopionkonservatorio.fi<\/a><br>\n<i class=\"bi bi-geo\"><\/i>&nbsp; Kuopio\n<\/p>\n\n<p>\n<b>Savonen, Paula<\/b>, viulu<br>\n\n<i class=\"bi bi-envelope\"><\/i>&nbsp; <a href=\"mailto:paula.savonen@kuopionkonservatorio.fi\"> paula.savonen@kuopionkonservatorio.fi<\/a><br>\n<i class=\"bi bi-geo\"><\/i>&nbsp; Suonenjoki\n<\/p>\n\n<p>\n<b>Sereckis, Remigijus<\/b>, trumpetti<br>\n\n<i class=\"bi bi-envelope\"><\/i>&nbsp; <a href=\"mailto:remigijus.sereckis@kuopionkonservatorio.fi\"> remigijus.sereckis@kuopionkonservatorio.fi<\/a><br>\n<i class=\"bi bi-geo\"><\/i>&nbsp; Kuopio ja Siilinj\u00e4rvi\n<\/p>\n\n<p>\n<b>Taalikainen, Sinikka<\/b>, baritonitorvi, kamarimusiikki ja orkesterit, ja pasuuna<br>\n\n<i class=\"bi bi-envelope\"><\/i>&nbsp; <a href=\"mailto:sinikka.taalikainen@kuopionkonservatorio.fi\"> sinikka.taalikainen@kuopionkonservatorio.fi<\/a><br>\n<i class=\"bi bi-geo\"><\/i>&nbsp; Kuopio\n<\/p>\n\n<p>\n<b>Ulmanen, Harri<\/b>, baritonitorvi, Haapaniemen puhallinorkesterit, musiikkipaja, trumpetti, ja tuuba<br>\n\n<i class=\"bi bi-envelope\"><\/i>&nbsp; <a href=\"mailto:harri.ulmanen@kuopionkonservatorio.fi\"> harri.ulmanen@kuopionkonservatorio.fi<\/a><br>\n<i class=\"bi bi-geo\"><\/i>&nbsp; Kuopio\n<\/p>\n\n<p>\n<b>Untamala, Tuomas<\/b>, Juniorijouset, Kamarijouset, ja sello<br>\n<i>kamarimusiikki ja orkesterivastaava<\/i><br>\n\n<i class=\"bi bi-envelope\"><\/i>&nbsp; <a href=\"mailto:tuomas.untamala@kuopionkonservatorio.fi\"> tuomas.untamala@kuopionkonservatorio.fi<\/a><br>\n<i class=\"bi bi-geo\"><\/i>&nbsp; Juankoski ja Kuopio\n<\/p>\n\n<p>\n<b>Vainio, Minna<\/b>, alkusoitto ja piano<br>\n\n<i class=\"bi bi-envelope\"><\/i>&nbsp; <a href=\"mailto:minna.vainio@kuopionkonservatorio.fi\"> minna.vainio@kuopionkonservatorio.fi<\/a><br>\n<i class=\"bi bi-geo\"><\/i>&nbsp; Kuopio ja Siilinj\u00e4rvi\n<\/p>\n\n<p>\n<b>Varpula, Ari<\/b>, baritonitorvi ja tuuba<br>\n\n<i class=\"bi bi-envelope\"><\/i>&nbsp; <a href=\"mailto:ari.varpula@kuopionkonservatorio.fi\"> ari.varpula@kuopionkonservatorio.fi<\/a><br>\n<i class=\"bi bi-geo\"><\/i>&nbsp; Kuopio\n<\/p>\n\n<p>\n<b>Stedt, Jarna<\/b>, k\u00e4yr\u00e4torvi<br>\n<i>soitinlainat puhaltimet<\/i><br>\n\n<i class=\"bi bi-envelope\"><\/i>&nbsp; <a href=\"mailto:jarna.stedt@kuopionkonservatorio.fi\"> jarna.stedt@kuopionkonservatorio.fi<\/a><br>\n<i class=\"bi bi-geo\"><\/i>&nbsp; Kuopio ja Siilinj\u00e4rvi\n<\/p>\n\n<p>\n<b>V\u00e4is\u00e4nen, Vesa<\/b>, piano ja s\u00e4estys<br>\n<i>s\u00e4est\u00e4j\u00e4 (klassinen)<\/i><br>\n\n<i class=\"bi bi-envelope\"><\/i>&nbsp; <a href=\"mailto:vesa.vaisanen@kuopionkonservatorio.fi\"> vesa.vaisanen@kuopionkonservatorio.fi<\/a><br>\n<i class=\"bi bi-geo\"><\/i>&nbsp; Kuopio ja Lapinlahti\n<\/p>\n\n<p>\n<b>Zygaite-Serecke, Vaida<\/b>, kamarimusiikki, Pohjantien nuoriso-orkesteri, ja saksofoni<br>\n\n<i class=\"bi bi-envelope\"><\/i>&nbsp; <a href=\"mailto:vaida.serecke@kuopionkonservatorio.fi\"> vaida.serecke@kuopionkonservatorio.fi<\/a><br>\n<i class=\"bi bi-geo\"><\/i>&nbsp; Kuopio\n<\/p>\n\n<p>\n<b>Dancescu, Mariana<\/b>, fagotti<br>\n\n<i class=\"bi bi-telephone\"><\/i>&nbsp; 0400 487 132<br>\n<i class=\"bi bi-envelope\"><\/i>&nbsp; <a href=\"mailto:mariana.dancescu@kuopionkonservatorio.fi\"> mariana.dancescu@kuopionkonservatorio.fi<\/a><br>\n<i class=\"bi bi-geo\"><\/i>&nbsp; Kuopio\n<\/p>\n\n<p>\n<b>J\u00e4\u00e4skel\u00e4inen, Emma<\/b>, piano<br>\n\n<i class=\"bi bi-envelope\"><\/i>&nbsp; <a href=\"mailto:emma.jaaskelainen@kuopionkonservatorio.fi\"> emma.jaaskelainen@kuopionkonservatorio.fi<\/a><br>\n<i class=\"bi bi-geo\"><\/i>&nbsp; Kuopio\n<\/p>\n\n<p>\n<b>Sauram\u00e4ki, Teija<\/b>, musiikkitaito ja oboe<br>\n\n<i class=\"bi bi-envelope\"><\/i>&nbsp; <a href=\"mailto:teija.sauramaki@kuopionkonservatorio.fi\"> teija.sauramaki@kuopionkonservatorio.fi<\/a><br>\n<i class=\"bi bi-geo\"><\/i>&nbsp; Kuopio ja Lapinlahti\n<\/p>\n\n<p>\n<b>Mononen, Heikki<\/b>, urut<br>\n\n<i class=\"bi bi-envelope\"><\/i>&nbsp; <a href=\"mailto:heikki.mononen@kuopionkonservatorio.fi\"> heikki.mononen@kuopionkonservatorio.fi<\/a><br>\n<i class=\"bi bi-geo\"><\/i>&nbsp; Kuopio\n<\/p>\n\n\n\n\n<h4 class=\"pt-3 wp-block-heading\">Opetuspisteet<\/h4>\n\n\n\n\n<p>\n<b>Kuopion Musiikkikeskus<\/b><br>\n<i class=\"bi bi-geo-alt\"><\/i>&nbsp; <a href=\"https:\/\/www.google.com\/maps\/place\/Kuopionlahdenkatu+23+C+Kuopio\" title=\"karttalinkki\" target=\"_blank\" rel=\"noopener\">Kuopionlahdenkatu 23 C, 70100 Kuopio<\/a> (C ovi)\n<\/p>\n\n<p>\n<b>Haapakulma<\/b><br>\n<i class=\"bi bi-geo-alt\"><\/i>&nbsp; <a href=\"https:\/\/www.google.com\/maps\/place\/Haapaniemenkatu+10+Kuopio\" title=\"karttalinkki\" target=\"_blank\" rel=\"noopener\">Haapaniemenkatu 10, 70100 Kuopio<\/a>\n<\/p>\n\n<p>\n<b>Juankosken virastotalo<\/b><br>\n<i class=\"bi bi-geo-alt\"><\/i>&nbsp; <a href=\"https:\/\/www.google.com\/maps\/place\/Juankoskentie+13+Juankoski\" title=\"karttalinkki\" target=\"_blank\" rel=\"noopener\">Juankoskentie 13, 73500 Juankoski<\/a>\n<\/p>\n\n<p>\n<b>Lapinlahden toimipiste, klassinen musiikki, musiikin varhaisi\u00e4n opinnot ja rytmimusiikki<\/b><br>\n<i class=\"bi bi-geo-alt\"><\/i>&nbsp; <a href=\"https:\/\/www.google.com\/maps\/place\/Monarintie+2+Lapinlahti\" title=\"karttalinkki\" target=\"_blank\" rel=\"noopener\">Monarintie 2, 73100 Lapinlahti<\/a> (Viisu, Matin ja Liisan koulu)\n<\/p>\n\n<p>\n<b>Nilsi\u00e4n virastotalo<\/b><br>\n<i class=\"bi bi-geo-alt\"><\/i>&nbsp; <a href=\"https:\/\/www.google.com\/maps\/place\/Nilsi%C3%A4ntie+78+Nilsi%C3%A4\" title=\"karttalinkki\" target=\"_blank\" rel=\"noopener\">Nilsi\u00e4ntie 78, 73300 Nilsi\u00e4<\/a>\n<\/p>\n\n<p>\n<b>Pajulahden koulu<\/b><br>\n<i class=\"bi bi-geo-alt\"><\/i>&nbsp; <a href=\"https:\/\/www.google.com\/maps\/place\/Kortteisenm%C3%A4entie+21+Pajulahti\" title=\"karttalinkki\" target=\"_blank\" rel=\"noopener\">Kortteisenm\u00e4entie 21, 73360 Pajulahti<\/a>\n<\/p>\n\n<p>\n<b>Nilsi\u00e4n Yhten\u00e4iskoulu<\/b><br>\n<i class=\"bi bi-geo-alt\"><\/i>&nbsp; <a href=\"https:\/\/www.google.com\/maps\/place\/Syv%C3%A4rintie+47+Nilsi%C3%A4\" title=\"karttalinkki\" target=\"_blank\" rel=\"noopener\">Syv\u00e4rintie 47, 73300 Nilsi\u00e4<\/a>\n<\/p>\n\n<p>\n<b>Siilinj\u00e4rven toimipiste<\/b><br>\n<i class=\"bi bi-geo-alt\"><\/i>&nbsp; <a href=\"https:\/\/www.google.com\/maps\/place\/Isoharjantie+4+Siilinj%C3%A4rvi\" title=\"karttalinkki\" target=\"_blank\" rel=\"noopener\">Isoharjantie 4, 71870 Siilinj\u00e4rvi<\/a> (Rakennus S3, 3. kerros)\n<\/p>\n\n<p>\n<b>Suonenjoen toimipiste<\/b><br>\n<i class=\"bi bi-geo-alt\"><\/i>&nbsp; <a href=\"https:\/\/www.google.com\/maps\/place\/Jalkalantie+6+Suonenjoki\" title=\"karttalinkki\" target=\"_blank\" rel=\"noopener\">Jalkalantie 6, 77600 Suonenjoki<\/a> (Yrityspuisto Futuria)\n<\/p>\n\n\n\n\n<div style=\"height:100px\" aria-hidden=\"true\" class=\"wp-block-spacer\"><\/div>\n<\/div>\n<\/div>\n","protected":false},"excerpt":{"rendered":"<p>Opettajat ja opetuspisteet Opettajat Opetuspisteet<\/p>\n","protected":false},"author":1,"featured_media":0,"parent":307,"menu_order":3,"comment_status":"closed","ping_status":"closed","template":"","meta":{"inline_featured_image":false,"footnotes":""},"oppiaine":[],"class_list":["post-1473","page","type-page","status-publish","hentry"],"_links":{"self":[{"href":"https:\/\/kuopionkonservatorio.fi\/fi\/wp-json\/wp\/v2\/pages\/1473","targetHints":{"allow":["GET"]}}],"collection":[{"href":"https:\/\/kuopionkonservatorio.fi\/fi\/wp-json\/wp\/v2\/pages"}],"about":[{"href":"https:\/\/kuopionkonservatorio.fi\/fi\/wp-json\/wp\/v2\/types\/page"}],"author":[{"embeddable":true,"href":"https:\/\/kuopionkonservatorio.fi\/fi\/wp-json\/wp\/v2\/users\/1"}],"replies":[{"embeddable":true,"href":"https:\/\/kuopionkonservatorio.fi\/fi\/wp-json\/wp\/v2\/comments?post=1473"}],"version-history":[{"count":0,"href":"https:\/\/kuopionkonservatorio.fi\/fi\/wp-json\/wp\/v2\/pages\/1473\/revisions"}],"up":[{"embeddable":true,"href":"https:\/\/kuopionkonservatorio.fi\/fi\/wp-json\/wp\/v2\/pages\/307"}],"wp:attachment":[{"href":"https:\/\/kuopionkonservatorio.fi\/fi\/wp-json\/wp\/v2\/media?parent=1473"}],"wp:term":[{"taxonomy":"oppiaine","embeddable":true,"href":"https:\/\/kuopionkonservatorio.fi\/fi\/wp-json\/wp\/v2\/oppiaine?post=1473"}],"curies":[{"name":"wp","href":"https:\/\/api.w.org\/{rel}","templated":true}]}}