{"id":1459,"date":"2022-03-07T16:43:04","date_gmt":"2022-03-07T14:43:04","guid":{"rendered":"https:\/\/kuopionkonservatorio.letm.com\/?page_id=1459"},"modified":"2022-03-22T15:38:46","modified_gmt":"2022-03-22T13:38:46","slug":"musiikin-valmentavien-opintojen-opettajat-ja-opetuspisteet","status":"publish","type":"page","link":"https:\/\/kuopionkonservatorio.fi\/fi\/musiikki-harrastuksena\/musiikin-valmentavat-opinnot\/musiikin-valmentavien-opintojen-opettajat-ja-opetuspisteet\/","title":{"rendered":"Opettajat ja opetuspisteet"},"content":{"rendered":"\n<div class=\"wp-block-columns alignwide is-layout-flex wp-container-core-columns-is-layout-9d6595d7 wp-block-columns-is-layout-flex\">\n<div class=\"wp-block-column is-layout-flow wp-block-column-is-layout-flow\" style=\"flex-basis:33.33%\">\n<h2 class=\"wp-block-heading\">Musiikin valmentavien opintojen opettajat ja opetuspisteet<\/h2>\n<\/div>\n\n\n\n<div class=\"wp-block-column is-layout-flow wp-block-column-is-layout-flow\" style=\"flex-basis:66.66%\">\n<h4 class=\"wp-block-heading\">Opettajat<\/h4>\n\n\n\n\n<p>\n<b>Horttanainen, Pasi<\/b>, harmonikka<br>\n\n<i class=\"bi bi-envelope\"><\/i>&nbsp; <a href=\"mailto:pasi.horttanainen@kuopionkonservatorio.fi\"> pasi.horttanainen@kuopionkonservatorio.fi<\/a><br>\n<i class=\"bi bi-geo\"><\/i>&nbsp; Nilsi\u00e4\n<\/p>\n\n<p>\n<b>Janka-Murros, Anna<\/b>, musiikkileikkikoulu ja musiikkipaja<br>\n\n<i class=\"bi bi-telephone\"><\/i>&nbsp; 045 139 3904<br>\n<i class=\"bi bi-envelope\"><\/i>&nbsp; <a href=\"mailto:anna.janka-murros@kuopionkonservatorio.fi\"> anna.janka-murros@kuopionkonservatorio.fi<\/a><br>\n<i class=\"bi bi-geo\"><\/i>&nbsp; Juankoski ja Kuopio\n<\/p>\n\n<p>\n<b>Juvonen, Mirja<\/b>, kuoro, lapsikuoro, laulu (klassinen), laulun valmentava opetus, ja lied<br>\n<i>Siilinj\u00e4rven toimipisteen johtaja, varhaisi\u00e4n musiikkikasvatuksen aineryhm\u00e4n johtaja<\/i><br>\n<i class=\"bi bi-telephone\"><\/i>&nbsp; 050 463 4831<br>\n<i class=\"bi bi-envelope\"><\/i>&nbsp; <a href=\"mailto:mirja.juvonen@kuopionkonservatorio.fi\"> mirja.juvonen@kuopionkonservatorio.fi<\/a><br>\n<i class=\"bi bi-geo\"><\/i>&nbsp; Kuopio ja Siilinj\u00e4rvi\n<\/p>\n\n<p>\n<b>Laasonen-Vuori, Anu<\/b>, musiikkileikkikoulu ja musiikkipaja<br>\n\n<i class=\"bi bi-telephone\"><\/i>&nbsp; 050 590 3233<br>\n<i class=\"bi bi-envelope\"><\/i>&nbsp; <a href=\"mailto:anu.laasonen-vuori@kuopionkonservatorio.fi\"> anu.laasonen-vuori@kuopionkonservatorio.fi<\/a><br>\n<i class=\"bi bi-geo\"><\/i>&nbsp; Kuopio\n<\/p>\n\n<p>\n<b>Lajunen, Sari<\/b>, musiikkileikkikoulu, musiikkipaja, alkusoitto<br>\n\n<i class=\"bi bi-telephone\"><\/i>&nbsp; 050 463 4849<br>\n<i class=\"bi bi-envelope\"><\/i>&nbsp; <a href=\"mailto:sari.lajunen@kuopionkonservatorio.fi\"> sari.lajunen@kuopionkonservatorio.fi<\/a><br>\n<i class=\"bi bi-geo\"><\/i>&nbsp; Kuopio\n<\/p>\n\n<p>\n<b>Muona, Laura<\/b>, alkusoitto, musiikkileikkikoulu, musiikkipaja, ja sello<br>\n\n<i class=\"bi bi-telephone\"><\/i>&nbsp; 040 565 6704<br>\n<i class=\"bi bi-envelope\"><\/i>&nbsp; <a href=\"mailto:laura.muona@kuopionkonservatorio.fi\"> laura.muona@kuopionkonservatorio.fi<\/a><br>\n<i class=\"bi bi-geo\"><\/i>&nbsp; Kuopio ja Siilinj\u00e4rvi\n<\/p>\n\n<p>\n<b>R\u00f6nkk\u00f6, Jaana<\/b>, alkusoitto, kamarimusiikki ja orkesterit, ja viulu<br>\n\n<i class=\"bi bi-envelope\"><\/i>&nbsp; <a href=\"mailto:jaana.ronkko@kuopionkonservatorio.fi\"> jaana.ronkko@kuopionkonservatorio.fi<\/a><br>\n<i class=\"bi bi-geo\"><\/i>&nbsp; Lapinlahti\n<\/p>\n\n<p>\n<b>Salminen, Veera<\/b>, alkusoitto ja piano<br>\n\n<i class=\"bi bi-envelope\"><\/i>&nbsp; <a href=\"mailto:veera.salminen@kuopionkonservatorio.fi\"> veera.salminen@kuopionkonservatorio.fi<\/a><br>\n<i class=\"bi bi-geo\"><\/i>&nbsp; Kuopio\n<\/p>\n\n<p>\n<b>Ulmanen, Harri<\/b>, baritonitorvi, Haapaniemen puhallinorkesterit, musiikkipaja, trumpetti, ja tuuba<br>\n\n<i class=\"bi bi-envelope\"><\/i>&nbsp; <a href=\"mailto:harri.ulmanen@kuopionkonservatorio.fi\"> harri.ulmanen@kuopionkonservatorio.fi<\/a><br>\n<i class=\"bi bi-geo\"><\/i>&nbsp; Kuopio\n<\/p>\n\n<p>\n<b>Vainio, Minna<\/b>, alkusoitto ja piano<br>\n\n<i class=\"bi bi-envelope\"><\/i>&nbsp; <a href=\"mailto:minna.vainio@kuopionkonservatorio.fi\"> minna.vainio@kuopionkonservatorio.fi<\/a><br>\n<i class=\"bi bi-geo\"><\/i>&nbsp; Kuopio ja Siilinj\u00e4rvi\n<\/p>\n\n\n\n\n<h4 class=\"pt-3 wp-block-heading\">Opetuspisteet<\/h4>\n\n\n\n\n<p>\n<b>Kuopion Musiikkikeskus<\/b><br>\n<i class=\"bi bi-geo-alt\"><\/i>&nbsp; <a href=\"https:\/\/www.google.com\/maps\/place\/Kuopionlahdenkatu+23+C+Kuopio\" title=\"karttalinkki\" target=\"_blank\" rel=\"noopener\">Kuopionlahdenkatu 23 C, 70100 Kuopio<\/a> (C ovi)\n<\/p>\n\n<p>\n<b>Haapakulma<\/b><br>\n<i class=\"bi bi-geo-alt\"><\/i>&nbsp; <a href=\"https:\/\/www.google.com\/maps\/place\/Haapaniemenkatu+10+Kuopio\" title=\"karttalinkki\" target=\"_blank\" rel=\"noopener\">Haapaniemenkatu 10, 70100 Kuopio<\/a>\n<\/p>\n\n<p>\n<b>Juankosken virastotalo<\/b><br>\n<i class=\"bi bi-geo-alt\"><\/i>&nbsp; <a href=\"https:\/\/www.google.com\/maps\/place\/Juankoskentie+13+Juankoski\" title=\"karttalinkki\" target=\"_blank\" rel=\"noopener\">Juankoskentie 13, 73500 Juankoski<\/a>\n<\/p>\n\n<p>\n<b>Lapinlahden toimipiste, klassinen musiikki, musiikin varhaisi\u00e4n opinnot ja rytmimusiikki<\/b><br>\n<i class=\"bi bi-geo-alt\"><\/i>&nbsp; <a href=\"https:\/\/www.google.com\/maps\/place\/Monarintie+2+Lapinlahti\" title=\"karttalinkki\" target=\"_blank\" rel=\"noopener\">Monarintie 2, 73100 Lapinlahti<\/a> (Viisu, Matin ja Liisan koulu)\n<\/p>\n\n<p>\n<b>Pajulahden koulu<\/b><br>\n<i class=\"bi bi-geo-alt\"><\/i>&nbsp; <a href=\"https:\/\/www.google.com\/maps\/place\/Kortteisenm%C3%A4entie+21+Pajulahti\" title=\"karttalinkki\" target=\"_blank\" rel=\"noopener\">Kortteisenm\u00e4entie 21, 73360 Pajulahti<\/a>\n<\/p>\n\n<p>\n<b>Nilsi\u00e4n Yhten\u00e4iskoulu<\/b><br>\n<i class=\"bi bi-geo-alt\"><\/i>&nbsp; <a href=\"https:\/\/www.google.com\/maps\/place\/Syv%C3%A4rintie+47+Nilsi%C3%A4\" title=\"karttalinkki\" target=\"_blank\" rel=\"noopener\">Syv\u00e4rintie 47, 73300 Nilsi\u00e4<\/a>\n<\/p>\n\n<p>\n<b>Siilinj\u00e4rven toimipiste<\/b><br>\n<i class=\"bi bi-geo-alt\"><\/i>&nbsp; <a href=\"https:\/\/www.google.com\/maps\/place\/Isoharjantie+4+Siilinj%C3%A4rvi\" title=\"karttalinkki\" target=\"_blank\" rel=\"noopener\">Isoharjantie 4, 71870 Siilinj\u00e4rvi<\/a> (Rakennus S3, 3. kerros)\n<\/p>\n\n<p>\n<b>Suonenjoen toimipiste<\/b><br>\n<i class=\"bi bi-geo-alt\"><\/i>&nbsp; <a href=\"https:\/\/www.google.com\/maps\/place\/Jalkalantie+6+Suonenjoki\" title=\"karttalinkki\" target=\"_blank\" rel=\"noopener\">Jalkalantie 6, 77600 Suonenjoki<\/a> (Yrityspuisto Futuria)\n<\/p>\n\n\n\n\n<div style=\"height:100px\" aria-hidden=\"true\" class=\"wp-block-spacer\"><\/div>\n<\/div>\n<\/div>\n","protected":false},"excerpt":{"rendered":"<p>Musiikin valmentavien opintojen opettajat ja opetuspisteet Opettajat Opetuspisteet<\/p>\n","protected":false},"author":1,"featured_media":0,"parent":297,"menu_order":0,"comment_status":"closed","ping_status":"closed","template":"","meta":{"inline_featured_image":false,"footnotes":""},"oppiaine":[],"class_list":["post-1459","page","type-page","status-publish","hentry"],"_links":{"self":[{"href":"https:\/\/kuopionkonservatorio.fi\/fi\/wp-json\/wp\/v2\/pages\/1459","targetHints":{"allow":["GET"]}}],"collection":[{"href":"https:\/\/kuopionkonservatorio.fi\/fi\/wp-json\/wp\/v2\/pages"}],"about":[{"href":"https:\/\/kuopionkonservatorio.fi\/fi\/wp-json\/wp\/v2\/types\/page"}],"author":[{"embeddable":true,"href":"https:\/\/kuopionkonservatorio.fi\/fi\/wp-json\/wp\/v2\/users\/1"}],"replies":[{"embeddable":true,"href":"https:\/\/kuopionkonservatorio.fi\/fi\/wp-json\/wp\/v2\/comments?post=1459"}],"version-history":[{"count":0,"href":"https:\/\/kuopionkonservatorio.fi\/fi\/wp-json\/wp\/v2\/pages\/1459\/revisions"}],"up":[{"embeddable":true,"href":"https:\/\/kuopionkonservatorio.fi\/fi\/wp-json\/wp\/v2\/pages\/297"}],"wp:attachment":[{"href":"https:\/\/kuopionkonservatorio.fi\/fi\/wp-json\/wp\/v2\/media?parent=1459"}],"wp:term":[{"taxonomy":"oppiaine","embeddable":true,"href":"https:\/\/kuopionkonservatorio.fi\/fi\/wp-json\/wp\/v2\/oppiaine?post=1459"}],"curies":[{"name":"wp","href":"https:\/\/api.w.org\/{rel}","templated":true}]}}