{"id":1416,"date":"2022-03-07T15:30:21","date_gmt":"2022-03-07T13:30:21","guid":{"rendered":"https:\/\/kuopionkonservatorio.letm.com\/?page_id=1416"},"modified":"2022-03-14T10:37:31","modified_gmt":"2022-03-14T08:37:31","slug":"musiikkileikkikoulun-opettajat-ja-opetuspisteet","status":"publish","type":"page","link":"https:\/\/kuopionkonservatorio.fi\/fi\/musiikki-harrastuksena\/musiikkileikkikoulu\/musiikkileikkikoulun-opettajat-ja-opetuspisteet\/","title":{"rendered":"Musiikkileikkikoulun opettajat ja opetuspisteet"},"content":{"rendered":"\n<div class=\"wp-block-columns alignwide is-layout-flex wp-container-core-columns-is-layout-9d6595d7 wp-block-columns-is-layout-flex\">\n<div class=\"wp-block-column is-layout-flow wp-block-column-is-layout-flow\" style=\"flex-basis:33.33%\"><h2 class=\"wp-block-post-title\">Musiikkileikkikoulun opettajat ja opetuspisteet<\/h2><\/div>\n\n\n\n<div class=\"wp-block-column is-layout-flow wp-block-column-is-layout-flow\" style=\"flex-basis:66.66%\">\n<h4 class=\"wp-block-heading\">Opettajat<\/h4>\n\n\n\n\n<p>\n<b>Hentil\u00e4, Mirkka<\/b>, huilu ja musiikkileikkikoulu<br>\n<i>Suonenjoen toimipisteen johtaja<\/i><br><i class=\"bi bi-telephone\"><\/i>&nbsp; 045 136 0206<br>\n<i class=\"bi bi-envelope\"><\/i>&nbsp; <a href=\"mailto:mirkka.hentila@kuopionkonservatorio.fi\"> mirkka.hentila@kuopionkonservatorio.fi<\/a><br>\n<i class=\"bi bi-geo\"><\/i>&nbsp; Suonenjoki\n<\/p>\n\n<p>\n<b>Janka-Murros, Anna<\/b>, musiikkileikkikoulu ja musiikkipaja<br>\n<i class=\"bi bi-telephone\"><\/i>&nbsp; 045 139 3904<br>\n<i class=\"bi bi-envelope\"><\/i>&nbsp; <a href=\"mailto:anna.janka-murros@kuopionkonservatorio.fi\"> anna.janka-murros@kuopionkonservatorio.fi<\/a><br>\n<i class=\"bi bi-geo\"><\/i>&nbsp; Juankoski ja Kuopio\n<\/p>\n\n<p>\n<b>Juvonen, Mirja<\/b>, kuoro, lapsikuoro, laulu (klassinen), laulun valmentava opetus, ja lied<br>\n<i>Siilinj\u00e4rven toimipisteen johtaja, varhaisi\u00e4n musiikkikasvatuksen aineryhm\u00e4n johtaja<\/i><br><i class=\"bi bi-telephone\"><\/i>&nbsp; 050 463 4831<br>\n<i class=\"bi bi-envelope\"><\/i>&nbsp; <a href=\"mailto:mirja.juvonen@kuopionkonservatorio.fi\"> mirja.juvonen@kuopionkonservatorio.fi<\/a><br>\n<i class=\"bi bi-geo\"><\/i>&nbsp; Kuopio ja Siilinj\u00e4rvi\n<\/p>\n\n<p>\n<b>Laasonen-Vuori, Anu<\/b>, musiikkileikkikoulu ja musiikkipaja<br>\n<i class=\"bi bi-telephone\"><\/i>&nbsp; 050 590 3233<br>\n<i class=\"bi bi-envelope\"><\/i>&nbsp; <a href=\"mailto:anu.laasonen-vuori@kuopionkonservatorio.fi\"> anu.laasonen-vuori@kuopionkonservatorio.fi<\/a><br>\n<i class=\"bi bi-geo\"><\/i>&nbsp; Kuopio\n<\/p>\n\n<p>\n<b>Lajunen, Sari<\/b>, musiikkileikkikoulu, musiikkipaja, alkusoitto<br>\n<i class=\"bi bi-telephone\"><\/i>&nbsp; 050 463 4849<br>\n<i class=\"bi bi-envelope\"><\/i>&nbsp; <a href=\"mailto:sari.lajunen@kuopionkonservatorio.fi\"> sari.lajunen@kuopionkonservatorio.fi<\/a><br>\n<i class=\"bi bi-geo\"><\/i>&nbsp; Kuopio\n<\/p>\n\n<p>\n<b>Muona, Laura<\/b>, alkusoitto, musiikkileikkikoulu, musiikkipaja, ja sello<br>\n<i class=\"bi bi-telephone\"><\/i>&nbsp; 040 565 6704<br>\n<i class=\"bi bi-envelope\"><\/i>&nbsp; <a href=\"mailto:laura.muona@kuopionkonservatorio.fi\"> laura.muona@kuopionkonservatorio.fi<\/a><br>\n<i class=\"bi bi-geo\"><\/i>&nbsp; Kuopio ja Siilinj\u00e4rvi\n<\/p>\n\n<p>\n<b>Alahuhtala, Tuuli<\/b>, musiikkileikkikoulu<br>\n\n<i class=\"bi bi-envelope\"><\/i>&nbsp; <a href=\"mailto:tuuli.alahuhtala@kuopionkonservatorio.fi\"> tuuli.alahuhtala@kuopionkonservatorio.fi<\/a><br>\n<i class=\"bi bi-geo\"><\/i>&nbsp; Kuopio ja Suonenjoki\n<\/p>\n\n\n\n\n<h4 class=\"pt-3 wp-block-heading\">Opetuspisteet<\/h4>\n\n\n\n\n<p>\n<b>Kuopion Musiikkikeskus<\/b><br>\n<i class=\"bi bi-geo-alt\"><\/i>&nbsp; <a href=\"https:\/\/www.google.com\/maps\/place\/Kuopionlahdenkatu+23+C+Kuopio\" title=\"karttalinkki\" target=\"_blank\" rel=\"noopener\">Kuopionlahdenkatu 23 C, 70100 Kuopio<\/a> (C ovi)\n<\/p>\n\n<p>\n<b>Haapakulma<\/b><br>\n<i class=\"bi bi-geo-alt\"><\/i>&nbsp; <a href=\"https:\/\/www.google.com\/maps\/place\/Haapaniemenkatu+10+Kuopio\" title=\"karttalinkki\" target=\"_blank\" rel=\"noopener\">Haapaniemenkatu 10, 70100 Kuopio<\/a>\n<\/p>\n\n<p>\n<b>Soittokunnantalo<\/b><br>\n<i class=\"bi bi-geo-alt\"><\/i>&nbsp; <a href=\"https:\/\/www.google.com\/maps\/place\/Juankoskentie+9+Juankoski\" title=\"karttalinkki\" target=\"_blank\" rel=\"noopener\">Juankoskentie 9, 73500 Juankoski<\/a>\n<\/p>\n\n<p>\n<b>Lapinlahden toimipiste, klassinen musiikki, musiikin varhaisi\u00e4n opinnot ja rytmimusiikki<\/b><br>\n<i class=\"bi bi-geo-alt\"><\/i>&nbsp; <a href=\"https:\/\/www.google.com\/maps\/place\/Monarintie+2+Lapinlahti\" title=\"karttalinkki\" target=\"_blank\" rel=\"noopener\">Monarintie 2, 73100 Lapinlahti<\/a> (Viisu, Matin ja Liisan koulu)\n<\/p>\n\n<p>\n<b>Pajulahden koulu<\/b><br>\n<i class=\"bi bi-geo-alt\"><\/i>&nbsp; <a href=\"https:\/\/www.google.com\/maps\/place\/Kortteisenm%C3%A4entie+21+Pajulahti\" title=\"karttalinkki\" target=\"_blank\" rel=\"noopener\">Kortteisenm\u00e4entie 21, 73360 Pajulahti<\/a>\n<\/p>\n\n<p>\n<b>Siilinj\u00e4rven toimipiste<\/b><br>\n<i class=\"bi bi-geo-alt\"><\/i>&nbsp; <a href=\"https:\/\/www.google.com\/maps\/place\/Isoharjantie+4+Siilinj%C3%A4rvi\" title=\"karttalinkki\" target=\"_blank\" rel=\"noopener\">Isoharjantie 4, 71870 Siilinj\u00e4rvi<\/a> (Rakennus S3, 3. kerros)\n<\/p>\n\n<p>\n<b>Suonenjoen toimipiste<\/b><br>\n<i class=\"bi bi-geo-alt\"><\/i>&nbsp; <a href=\"https:\/\/www.google.com\/maps\/place\/Jalkalantie+6+Suonenjoki\" title=\"karttalinkki\" target=\"_blank\" rel=\"noopener\">Jalkalantie 6, 77600 Suonenjoki<\/a> (Yrityspuisto Futuria)\n<\/p>\n\n<p>\n<b>Juankosken p\u00e4iv\u00e4koti<\/b><br>\n<i class=\"bi bi-geo-alt\"><\/i>&nbsp; <a href=\"https:\/\/www.google.com\/maps\/place\/Opintie+6+Juankoski\" title=\"karttalinkki\" target=\"_blank\" rel=\"noopener\">Opintie 6, 73500 Juankoski<\/a>\n<\/p>\n\n<p>\n<b>P\u00f6ll\u00e4k\u00e4nlahden p\u00e4iv\u00e4koti<\/b><br>\n<i class=\"bi bi-geo-alt\"><\/i>&nbsp; <a href=\"https:\/\/www.google.com\/maps\/place\/Lehtoniementie+15+Kuopio\" title=\"karttalinkki\" target=\"_blank\" rel=\"noopener\">Lehtoniementie 15, 70840 Kuopio<\/a> (P\u00e4iv\u00e4kodin muskaritila)\n<\/p>\n\n\n\n\n<div style=\"height:100px\" aria-hidden=\"true\" class=\"wp-block-spacer\"><\/div>\n<\/div>\n<\/div>\n","protected":false},"excerpt":{"rendered":"<p>Opettajat Opetuspisteet<\/p>\n","protected":false},"author":1,"featured_media":0,"parent":271,"menu_order":0,"comment_status":"closed","ping_status":"closed","template":"","meta":{"inline_featured_image":false,"footnotes":""},"oppiaine":[],"class_list":["post-1416","page","type-page","status-publish","hentry"],"_links":{"self":[{"href":"https:\/\/kuopionkonservatorio.fi\/fi\/wp-json\/wp\/v2\/pages\/1416","targetHints":{"allow":["GET"]}}],"collection":[{"href":"https:\/\/kuopionkonservatorio.fi\/fi\/wp-json\/wp\/v2\/pages"}],"about":[{"href":"https:\/\/kuopionkonservatorio.fi\/fi\/wp-json\/wp\/v2\/types\/page"}],"author":[{"embeddable":true,"href":"https:\/\/kuopionkonservatorio.fi\/fi\/wp-json\/wp\/v2\/users\/1"}],"replies":[{"embeddable":true,"href":"https:\/\/kuopionkonservatorio.fi\/fi\/wp-json\/wp\/v2\/comments?post=1416"}],"version-history":[{"count":0,"href":"https:\/\/kuopionkonservatorio.fi\/fi\/wp-json\/wp\/v2\/pages\/1416\/revisions"}],"up":[{"embeddable":true,"href":"https:\/\/kuopionkonservatorio.fi\/fi\/wp-json\/wp\/v2\/pages\/271"}],"wp:attachment":[{"href":"https:\/\/kuopionkonservatorio.fi\/fi\/wp-json\/wp\/v2\/media?parent=1416"}],"wp:term":[{"taxonomy":"oppiaine","embeddable":true,"href":"https:\/\/kuopionkonservatorio.fi\/fi\/wp-json\/wp\/v2\/oppiaine?post=1416"}],"curies":[{"name":"wp","href":"https:\/\/api.w.org\/{rel}","templated":true}]}}