{"id":1341,"date":"2022-03-02T13:31:11","date_gmt":"2022-03-02T11:31:11","guid":{"rendered":"https:\/\/kuopionkonservatorio.letm.com\/?page_id=1341"},"modified":"2022-03-02T13:31:11","modified_gmt":"2022-03-02T11:31:11","slug":"evasteet","status":"publish","type":"page","link":"https:\/\/kuopionkonservatorio.fi\/fi\/evasteet\/","title":{"rendered":"Ev\u00e4steet"},"content":{"rendered":"\n<div class=\"wp-block-columns alignwide is-layout-flex wp-container-core-columns-is-layout-9d6595d7 wp-block-columns-is-layout-flex\">\n<div class=\"wp-block-column is-layout-flow wp-block-column-is-layout-flow\" style=\"flex-basis:33.33%\">\n<h2 class=\"wp-block-heading\" id=\"evasteet\">Ev\u00e4steet<\/h2>\n<\/div>\n\n\n\n<div class=\"wp-block-column is-layout-flow wp-block-column-is-layout-flow\" style=\"flex-basis:66.66%\">\n<p class=\"has-ingressi-font-size\">Lue lis\u00e4\u00e4 ev\u00e4steiden k\u00e4yt\u00f6st\u00e4 Kuopion konservatorion verkkosivuilla.<\/p>\n\n\n\n<p>Kuopion konservatorion internet-sivustoilla voidaan ker\u00e4t\u00e4 sivustolla vierailijoiden k\u00e4ytt\u00e4ytymistietoja. Vierailijan tietokonetta ja muuta p\u00e4\u00e4telaitetta koskevia tietoja voidaan ker\u00e4t\u00e4 ev\u00e4steiden ja muiden vastaavien tekniikoiden avulla.<\/p>\n\n\n\n<p>Tarkoitukseen k\u00e4ytet\u00e4\u00e4n Google Analytics -ohjelmistoa.&nbsp; Lis\u00e4tietoja&nbsp;https:\/\/policies.google.com\/technologies\/cookies?hl=fi<\/p>\n\n\n\n<p>K\u00e4ytettyjen ev\u00e4steiden avulla ei voida tunnistaa yksitt\u00e4ist\u00e4 vierailijaa eik\u00e4 niiden tarkoituksena ole ker\u00e4t\u00e4 henkil\u00f6tietoja. Ev\u00e4steet ja muut vastaavat tekniikat eiv\u00e4t vahingoita vierailijan p\u00e4\u00e4telaitetta tai tiedostoja. Niit\u00e4 ei voida k\u00e4ytt\u00e4\u00e4 virusten levitt\u00e4miseen eiv\u00e4tk\u00e4 ne mahdollista vierailijan kovalevyll\u00e4 olevien tietojen tutkimista.<\/p>\n\n\n\n<p>Ev\u00e4steiden avulla voidaan ker\u00e4t\u00e4 muun muassa seuraavia tietoja:<br>\u2022 k\u00e4ytt\u00e4j\u00e4n IP-osoite<br>\u2022 kellonaika<br>\u2022 k\u00e4ytetyt sivut<br>\u2022 selaintyyppi<br>\u2022 mist\u00e4 verkko-osoitteesta k\u00e4ytt\u00e4j\u00e4 on tullut kyseiselle verkkosivulle<br>\u2022 milt\u00e4 palvelimelta k\u00e4ytt\u00e4j\u00e4 on tullut verkkosivulle<br>\u2022 mist\u00e4 verkkotunnuksesta k\u00e4ytt\u00e4j\u00e4 on tullut verkkosivulle.<\/p>\n\n\n\n<p>Internet-sivuilla voi olla k\u00e4yt\u00f6ss\u00e4 sosiaalisen median toimintoja, kuten esimerkiksi Facebookin tykk\u00e4\u00e4-painike, jonka sis\u00e4lt\u00f6 tulee suoraan Facebookista. Sosiaalisen median sovellukset voivat ker\u00e4t\u00e4 tietoja vierailijan vierailusta kulloinkin voimassaolevien ehtojensa mukaisesti. Kolmansien osapuolien k\u00e4ytt\u00f6ehdot voivat poiketa Kuopion konservatorion k\u00e4ytt\u00f6ehdoista.<\/p>\n\n\n\n<p>Mik\u00e4li vierailija ei halua, ett\u00e4 Kuopion konservatorio tai sen yhteisty\u00f6kumppanit kohdentavat mainontaa tai sis\u00e4lt\u00f6\u00e4 internet-k\u00e4ytt\u00e4ytymisen perusteella, vierailija voi est\u00e4\u00e4 t\u00e4m\u00e4n kielt\u00e4m\u00e4ll\u00e4 haluamansa ev\u00e4steet selaimensa asetuksista.<\/p>\n\n\n\n<p>Ilmoituksen laillisuus: Verkkosivuston k\u00e4ytt\u00f6\u00f6n ja k\u00e4ytt\u00f6ehtoihin liittyviss\u00e4 asioissa sovelletaan Suomen lakia.<\/p>\n<\/div>\n<\/div>\n","protected":false},"excerpt":{"rendered":"<p>Ev\u00e4steet Lue lis\u00e4\u00e4 ev\u00e4steiden k\u00e4yt\u00f6st\u00e4 Kuopion konservatorion verkkosivuilla. Kuopion konservatorion internet-sivustoilla voidaan ker\u00e4t\u00e4 sivustolla vierailijoiden k\u00e4ytt\u00e4ytymistietoja. Vierailijan tietokonetta ja muuta p\u00e4\u00e4telaitetta koskevia tietoja voidaan ker\u00e4t\u00e4 ev\u00e4steiden ja muiden vastaavien tekniikoiden avulla. Tarkoitukseen k\u00e4ytet\u00e4\u00e4n Google Analytics -ohjelmistoa.&nbsp; Lis\u00e4tietoja&nbsp;https:\/\/policies.google.com\/technologies\/cookies?hl=fi K\u00e4ytettyjen ev\u00e4steiden avulla ei voida tunnistaa yksitt\u00e4ist\u00e4 vierailijaa eik\u00e4 niiden tarkoituksena ole ker\u00e4t\u00e4 henkil\u00f6tietoja. Ev\u00e4steet ja muut vastaavat [&hellip;]<\/p>\n","protected":false},"author":9,"featured_media":0,"parent":0,"menu_order":0,"comment_status":"closed","ping_status":"closed","template":"","meta":{"inline_featured_image":false,"footnotes":""},"oppiaine":[],"class_list":["post-1341","page","type-page","status-publish","hentry"],"_links":{"self":[{"href":"https:\/\/kuopionkonservatorio.fi\/fi\/wp-json\/wp\/v2\/pages\/1341","targetHints":{"allow":["GET"]}}],"collection":[{"href":"https:\/\/kuopionkonservatorio.fi\/fi\/wp-json\/wp\/v2\/pages"}],"about":[{"href":"https:\/\/kuopionkonservatorio.fi\/fi\/wp-json\/wp\/v2\/types\/page"}],"author":[{"embeddable":true,"href":"https:\/\/kuopionkonservatorio.fi\/fi\/wp-json\/wp\/v2\/users\/9"}],"replies":[{"embeddable":true,"href":"https:\/\/kuopionkonservatorio.fi\/fi\/wp-json\/wp\/v2\/comments?post=1341"}],"version-history":[{"count":0,"href":"https:\/\/kuopionkonservatorio.fi\/fi\/wp-json\/wp\/v2\/pages\/1341\/revisions"}],"wp:attachment":[{"href":"https:\/\/kuopionkonservatorio.fi\/fi\/wp-json\/wp\/v2\/media?parent=1341"}],"wp:term":[{"taxonomy":"oppiaine","embeddable":true,"href":"https:\/\/kuopionkonservatorio.fi\/fi\/wp-json\/wp\/v2\/oppiaine?post=1341"}],"curies":[{"name":"wp","href":"https:\/\/api.w.org\/{rel}","templated":true}]}}