{"id":1336,"date":"2022-03-02T13:25:35","date_gmt":"2022-03-02T11:25:35","guid":{"rendered":"https:\/\/kuopionkonservatorio.letm.com\/?page_id=1336"},"modified":"2026-04-10T14:35:48","modified_gmt":"2026-04-10T11:35:48","slug":"leirituki","status":"publish","type":"page","link":"https:\/\/kuopionkonservatorio.fi\/fi\/leirituki\/","title":{"rendered":"Leirituki"},"content":{"rendered":"\n<div class=\"wp-block-columns alignwide is-layout-flex wp-container-core-columns-is-layout-9d6595d7 wp-block-columns-is-layout-flex\">\n<div class=\"wp-block-column is-layout-flow wp-block-column-is-layout-flow\" style=\"flex-basis:33.33%\">\n<h2 class=\"wp-block-heading\" id=\"leirituki\">Kuopion konservatorion leirituet<\/h2>\n<\/div>\n\n\n\n<div class=\"wp-block-column is-layout-flow wp-block-column-is-layout-flow\" style=\"flex-basis:66.66%\">\n<p class=\"has-ingressi-font-size\">Kuopion konservatoriolla on stipendirahasto, johon kertyy varoja esimerkiksi luottamushenkil\u00f6iden kokouspalkkioista ja konservatorion naistoimikunnan lahjoituksista. Stipendirahaston varoja voidaan varsinaisten stipendien lis\u00e4ksi kohdentaa my\u00f6s konservatorion oppilaiden leiritukiin (esim. musiikki- ja tanssileirit sek\u00e4 -kurssit).<\/p>\n\n\n\n<h2 class=\"wp-block-heading has-ingressi-font-size\">Vuoden 2026 leiritukien haku<\/h2>\n\n\n\n<p>Kuopion konservatorio on varannut kes\u00e4n 2026 leiritukiin 2.500 \u20ac. Jaettavat leiristipendit ovat 100 \u20ac suuruisia ja niit\u00e4 jaetaan 25. (Hakemuksia on edellisiss\u00e4 hauissa tullut 20 &#8211; 40).&nbsp;Vuonna 2026 konservatorion oppilaiden leiritukien jakamisessa k\u00e4ytet\u00e4\u00e4n opintomenestykseen liittyv\u00e4\u00e4 jakoperustetta.&nbsp;<\/p>\n\n\n\n<p>Leiritukea voi hakea&nbsp;<strong>31.5.2026 saakka<\/strong>&nbsp;Kuopion konservatorion kotisivuilta. Hakuaikana tulleet hakemukset k\u00e4sitell\u00e4\u00e4n kes\u00e4kuun alkup\u00e4ivin\u00e4. P\u00e4\u00e4t\u00f6kset stipendien jakamisesta tekee konservatorion johtoryhm\u00e4 (tarvittaessa kuullaan hakijan opettajaa). Hakijaa tiedotetaan p\u00e4\u00e4t\u00f6ksest\u00e4 kes\u00e4kuun ensimm\u00e4isell\u00e4 viikolla. My\u00f6nnetty tuki maksetaan sen j\u00e4lkeen, kun hakija on toimittanut konservatorion kirjanpitoon kuitin maksetusta leirimaksusta sek\u00e4 tilinumeron, johon tuki maksetaan.&nbsp;<\/p>\n\n\n\n<p>Hae tukea t\u00e4st\u00e4 linkist\u00e4;\u00a0<a href=\"https:\/\/link.webropol.com\/s\/leirituki\"><strong>https:\/\/link.webropol.com\/s\/leirituki<\/strong><\/a><\/p>\n<\/div>\n<\/div>\n\n\n\n<p><\/p>\n","protected":false},"excerpt":{"rendered":"<p>Kuopion konservatorion leirituet Kuopion konservatoriolla on stipendirahasto, johon kertyy varoja esimerkiksi luottamushenkil\u00f6iden kokouspalkkioista ja konservatorion naistoimikunnan lahjoituksista. Stipendirahaston varoja voidaan varsinaisten stipendien lis\u00e4ksi kohdentaa my\u00f6s konservatorion oppilaiden leiritukiin (esim. musiikki- ja tanssileirit sek\u00e4 -kurssit). Vuoden 2026 leiritukien haku Kuopion konservatorio on varannut kes\u00e4n 2026 leiritukiin 2.500 \u20ac. Jaettavat leiristipendit ovat 100 \u20ac suuruisia ja niit\u00e4 [&hellip;]<\/p>\n","protected":false},"author":9,"featured_media":0,"parent":0,"menu_order":0,"comment_status":"closed","ping_status":"closed","template":"","meta":{"inline_featured_image":false,"footnotes":""},"oppiaine":[],"class_list":["post-1336","page","type-page","status-publish","hentry"],"_links":{"self":[{"href":"https:\/\/kuopionkonservatorio.fi\/fi\/wp-json\/wp\/v2\/pages\/1336","targetHints":{"allow":["GET"]}}],"collection":[{"href":"https:\/\/kuopionkonservatorio.fi\/fi\/wp-json\/wp\/v2\/pages"}],"about":[{"href":"https:\/\/kuopionkonservatorio.fi\/fi\/wp-json\/wp\/v2\/types\/page"}],"author":[{"embeddable":true,"href":"https:\/\/kuopionkonservatorio.fi\/fi\/wp-json\/wp\/v2\/users\/9"}],"replies":[{"embeddable":true,"href":"https:\/\/kuopionkonservatorio.fi\/fi\/wp-json\/wp\/v2\/comments?post=1336"}],"version-history":[{"count":0,"href":"https:\/\/kuopionkonservatorio.fi\/fi\/wp-json\/wp\/v2\/pages\/1336\/revisions"}],"wp:attachment":[{"href":"https:\/\/kuopionkonservatorio.fi\/fi\/wp-json\/wp\/v2\/media?parent=1336"}],"wp:term":[{"taxonomy":"oppiaine","embeddable":true,"href":"https:\/\/kuopionkonservatorio.fi\/fi\/wp-json\/wp\/v2\/oppiaine?post=1336"}],"curies":[{"name":"wp","href":"https:\/\/api.w.org\/{rel}","templated":true}]}}