{"id":1329,"date":"2022-03-02T12:33:09","date_gmt":"2022-03-02T10:33:09","guid":{"rendered":"https:\/\/kuopionkonservatorio.letm.com\/?page_id=1329"},"modified":"2026-04-10T14:13:56","modified_gmt":"2026-04-10T11:13:56","slug":"tempo","status":"publish","type":"page","link":"https:\/\/kuopionkonservatorio.fi\/fi\/tempo\/","title":{"rendered":"Tempo-sarja"},"content":{"rendered":"\n<div class=\"wp-block-columns alignwide is-layout-flex wp-container-core-columns-is-layout-9d6595d7 wp-block-columns-is-layout-flex\">\n<div class=\"wp-block-column is-layout-flow wp-block-column-is-layout-flow\" style=\"flex-basis:33.33%\">\n<h2 class=\"wp-block-heading\" id=\"tempo-sarja\">Tempo-sarja<\/h2>\n<\/div>\n\n\n\n<div class=\"wp-block-column is-layout-flow wp-block-column-is-layout-flow\" style=\"flex-basis:66.66%\">\n<p class=\"has-ingressi-font-size\">Kuopion konservatorio on tuottanut vuoden 2015 alusta l\u00e4htien opettajakunnalleen&nbsp;Tempo-sarjaa, jossa voidaan hakemusten perusteella toteuttaa 2\u20134 konserttia, tanssiesityst\u00e4&nbsp;tai&nbsp;muuta produktiota<strong>&nbsp;<\/strong>lukuvuodessa.<\/p>\n\n\n\n<p>Sarjasta ja siihen valituista esityksist\u00e4 p\u00e4\u00e4tet\u00e4\u00e4n lukukausittain. Kuopion konservatorioon ty\u00f6suhteessa olevat opettajat voivat tehd\u00e4 sarjaan esiintymistarjouksia ilmoitetun hakuajan puitteissa.<\/p>\n\n\n\n<p>Yleis\u00f6ll\u00e4 on Tempo-sarjan konsertteihin vapaa p\u00e4\u00e4sy.<\/p>\n\n\n\n<p>Tempo-sarjan konserteista ilmoitetaan tapahtumakalenterissa: <a href=\"https:\/\/kuopionkonservatorio.fi\/fi\/tapahtuma\/\">kuopionkonservatorio.fi\/tapahtuma<\/a><\/p>\n\n\n\n<h4 class=\"wp-block-heading\">Haku Tempo-sarjaan<\/h4>\n\n\n\n<p>Tempo-sarjaan j\u00e4rjestet\u00e4\u00e4n yksi haku lukuvuodessa, syyslukukauden alussa.<br>Hakuaika syksyn 2026, kev\u00e4\u00e4n 2027 ja syksyn 2027 Tempo-sarjaan on ke 30.9.2026 menness\u00e4.<br>Valinnoista ilmoitetaan lokakuun 2026 loppuun menness\u00e4.<\/p>\n\n\n\n<ul class=\"wp-block-list\">\n<li>Hakemus tehd\u00e4\u00e4n <a href=\"https:\/\/link.webropolsurveys.com\/S\/A4B0BAB04AA87BD0\">s\u00e4hk\u00f6isell\u00e4 hakulomakkeella<\/a><\/li>\n\n\n\n<li><a href=\"https:\/\/kuopionkonservatorio.fi\/wp-content\/uploads\/Tempo-sarjan-hakuohjeet-paiv.-29.8.2025.pdf\">Tempo-sarjan hakuohjeet<\/a><\/li>\n<\/ul>\n\n\n\n<h4 class=\"wp-block-heading\" id=\"lisatiedot\">Lis\u00e4tiedot<\/h4>\n\n\n\n<p>Tuottaja-tiedottaja Tiina Tanskanen<br>tiina.tanskanen@kuopionkonservatorio.fi<\/p>\n<\/div>\n<\/div>\n","protected":false},"excerpt":{"rendered":"<p>Tempo-sarja Kuopion konservatorio on tuottanut vuoden 2015 alusta l\u00e4htien opettajakunnalleen&nbsp;Tempo-sarjaa, jossa voidaan hakemusten perusteella toteuttaa 2\u20134 konserttia, tanssiesityst\u00e4&nbsp;tai&nbsp;muuta produktiota&nbsp;lukuvuodessa. Sarjasta ja siihen valituista esityksist\u00e4 p\u00e4\u00e4tet\u00e4\u00e4n lukukausittain. Kuopion konservatorioon ty\u00f6suhteessa olevat opettajat voivat tehd\u00e4 sarjaan esiintymistarjouksia ilmoitetun hakuajan puitteissa. Yleis\u00f6ll\u00e4 on Tempo-sarjan konsertteihin vapaa p\u00e4\u00e4sy. Tempo-sarjan konserteista ilmoitetaan tapahtumakalenterissa: kuopionkonservatorio.fi\/tapahtuma Haku Tempo-sarjaan Tempo-sarjaan j\u00e4rjestet\u00e4\u00e4n yksi haku [&hellip;]<\/p>\n","protected":false},"author":9,"featured_media":0,"parent":0,"menu_order":0,"comment_status":"closed","ping_status":"closed","template":"","meta":{"inline_featured_image":false,"footnotes":""},"oppiaine":[],"class_list":["post-1329","page","type-page","status-publish","hentry"],"_links":{"self":[{"href":"https:\/\/kuopionkonservatorio.fi\/fi\/wp-json\/wp\/v2\/pages\/1329","targetHints":{"allow":["GET"]}}],"collection":[{"href":"https:\/\/kuopionkonservatorio.fi\/fi\/wp-json\/wp\/v2\/pages"}],"about":[{"href":"https:\/\/kuopionkonservatorio.fi\/fi\/wp-json\/wp\/v2\/types\/page"}],"author":[{"embeddable":true,"href":"https:\/\/kuopionkonservatorio.fi\/fi\/wp-json\/wp\/v2\/users\/9"}],"replies":[{"embeddable":true,"href":"https:\/\/kuopionkonservatorio.fi\/fi\/wp-json\/wp\/v2\/comments?post=1329"}],"version-history":[{"count":0,"href":"https:\/\/kuopionkonservatorio.fi\/fi\/wp-json\/wp\/v2\/pages\/1329\/revisions"}],"wp:attachment":[{"href":"https:\/\/kuopionkonservatorio.fi\/fi\/wp-json\/wp\/v2\/media?parent=1329"}],"wp:term":[{"taxonomy":"oppiaine","embeddable":true,"href":"https:\/\/kuopionkonservatorio.fi\/fi\/wp-json\/wp\/v2\/oppiaine?post=1329"}],"curies":[{"name":"wp","href":"https:\/\/api.w.org\/{rel}","templated":true}]}}