{"id":1265,"date":"2022-03-01T12:29:49","date_gmt":"2022-03-01T10:29:49","guid":{"rendered":"https:\/\/kuopionkonservatorio.letm.com\/?page_id=1265"},"modified":"2024-11-13T09:23:15","modified_gmt":"2024-11-13T07:23:15","slug":"laskutus","status":"publish","type":"page","link":"https:\/\/kuopionkonservatorio.fi\/fi\/laskutus\/","title":{"rendered":"Laskutus"},"content":{"rendered":"\n<div class=\"wp-block-columns alignwide is-layout-flex wp-container-core-columns-is-layout-9d6595d7 wp-block-columns-is-layout-flex\">\n<div class=\"wp-block-column is-layout-flow wp-block-column-is-layout-flow\" style=\"flex-basis:33.33%\">\n<h2 class=\"wp-block-heading\" id=\"laskutus\">Laskutus<\/h2>\n<\/div>\n\n\n\n<div class=\"wp-block-column is-layout-flow wp-block-column-is-layout-flow\" style=\"flex-basis:66.66%\">\n<p class=\"has-ingressi-font-size\">Kuopion konservatorio&nbsp;ottaa ensisijaisesti vastaan s\u00e4hk\u00f6isi\u00e4 laskuja. <\/p>\n\n\n\n<h2 class=\"wp-block-heading has-ingressi-font-size\" id=\"verkkolaskutus\">Verkkolaskutus<\/h2>\n\n\n\n<p>Kuopion konservatorio&nbsp;ottaa ensisijaisesti vastaan s\u00e4hk\u00f6isi\u00e4 laskuja. K\u00e4sittelemme ostolaskumme Heeros Systems Oy:n ohjelmistolla. Verkkolaskuja vastaanottava operaattorimme on Open Text Oy.<\/p>\n\n\n\n<p><strong>Verkkolaskutuksen<\/strong> <strong>tekniset tiedot<\/strong> :<\/p>\n\n\n\n<figure class=\"wp-block-table\"><table><tbody><tr><td><strong>Yrityksemme tiedot<\/strong><\/td><td><strong>V\u00e4litystiedot<\/strong><\/td><\/tr><tr><td><strong>Nimi<\/strong><\/td><td><strong>Y-tunnus<\/strong><\/td><td><strong>Verkkolasku-osoite *)<\/strong><\/td><td><strong>V\u00e4litt\u00e4j\u00e4n tunnus<\/strong><\/td><td><strong>V\u00e4litt\u00e4j\u00e4<\/strong><\/td><\/tr><tr><td>Kuopion konservatorion<br>kannatusyhdistys ry<\/td><td>0207862-9<\/td><td>003702078629<\/td><td>003708599126<\/td><td>Open Text<\/td><\/tr><\/tbody><\/table><\/figure>\n\n\n\n<p>*) Verkkolaskuosoitteemme on sama kuin OVT-tunnuksemme. Suomessa OVT-tunnus muodostetaan: maatunnus \u201d0037\u201d + Y-tunnus ilman v\u00e4liviivaa + vapaaehtoinen yksik\u00f6n tunniste (max 5 merkki\u00e4).<\/p>\n\n\n\n<p>K\u00e4ytt\u00e4k\u00e4\u00e4 laskujen reititykseen yll\u00e4 mainittua verkkolaskuosoitetta ja v\u00e4litt\u00e4j\u00e4n tunnusta.<\/p>\n\n\n\n<h3 class=\"wp-block-heading has-ingressi-font-size\" id=\"lisatietoja-verkkolaskutuksestamme\">Lis\u00e4tietoja verkkolaskutuksestamme<\/h3>\n\n\n\n<p>Kirjanpit\u00e4j\u00e4 Tiina Holopainen, <a href=\"mailto:laskutus@kuopionkonservatorio.fi\">laskutus@kuopionkonservatorio.fi<\/a>, puh. 044 727 9206<\/p>\n\n\n\n<h2 class=\"wp-block-heading has-ingressi-font-size\" id=\"paperiset-ostolaskut\">Paperiset ostolaskut<\/h2>\n\n\n\n<p>Kuopion konservatorion kannatusyhdistys ry<br><a href=\"mailto:laskutus@kuopionkonservatorio.fi\">laskutus@kuopionkonservatorio.fi<\/a><\/p>\n\n\n\n<h2 class=\"wp-block-heading has-ingressi-font-size\">Laskujen v\u00e4litt\u00e4j\u00e4<\/h2>\n\n\n\n<p>Laskujemme v\u00e4litt\u00e4j\u00e4n\u00e4 toimii Liaison.<\/p>\n<\/div>\n<\/div>\n","protected":false},"excerpt":{"rendered":"<p>Laskutus Kuopion konservatorio&nbsp;ottaa ensisijaisesti vastaan s\u00e4hk\u00f6isi\u00e4 laskuja. Verkkolaskutus Kuopion konservatorio&nbsp;ottaa ensisijaisesti vastaan s\u00e4hk\u00f6isi\u00e4 laskuja. K\u00e4sittelemme ostolaskumme Heeros Systems Oy:n ohjelmistolla. Verkkolaskuja vastaanottava operaattorimme on Open Text Oy. Verkkolaskutuksen tekniset tiedot : Yrityksemme tiedot V\u00e4litystiedot Nimi Y-tunnus Verkkolasku-osoite *) V\u00e4litt\u00e4j\u00e4n tunnus V\u00e4litt\u00e4j\u00e4 Kuopion konservatorionkannatusyhdistys ry 0207862-9 003702078629 003708599126 Open Text *) Verkkolaskuosoitteemme on sama kuin OVT-tunnuksemme. [&hellip;]<\/p>\n","protected":false},"author":9,"featured_media":0,"parent":0,"menu_order":2,"comment_status":"closed","ping_status":"closed","template":"","meta":{"inline_featured_image":false,"footnotes":""},"oppiaine":[],"class_list":["post-1265","page","type-page","status-publish","hentry"],"_links":{"self":[{"href":"https:\/\/kuopionkonservatorio.fi\/fi\/wp-json\/wp\/v2\/pages\/1265","targetHints":{"allow":["GET"]}}],"collection":[{"href":"https:\/\/kuopionkonservatorio.fi\/fi\/wp-json\/wp\/v2\/pages"}],"about":[{"href":"https:\/\/kuopionkonservatorio.fi\/fi\/wp-json\/wp\/v2\/types\/page"}],"author":[{"embeddable":true,"href":"https:\/\/kuopionkonservatorio.fi\/fi\/wp-json\/wp\/v2\/users\/9"}],"replies":[{"embeddable":true,"href":"https:\/\/kuopionkonservatorio.fi\/fi\/wp-json\/wp\/v2\/comments?post=1265"}],"version-history":[{"count":0,"href":"https:\/\/kuopionkonservatorio.fi\/fi\/wp-json\/wp\/v2\/pages\/1265\/revisions"}],"wp:attachment":[{"href":"https:\/\/kuopionkonservatorio.fi\/fi\/wp-json\/wp\/v2\/media?parent=1265"}],"wp:term":[{"taxonomy":"oppiaine","embeddable":true,"href":"https:\/\/kuopionkonservatorio.fi\/fi\/wp-json\/wp\/v2\/oppiaine?post=1265"}],"curies":[{"name":"wp","href":"https:\/\/api.w.org\/{rel}","templated":true}]}}