{"id":1257,"date":"2022-03-01T11:09:15","date_gmt":"2022-03-01T09:09:15","guid":{"rendered":"https:\/\/kuopionkonservatorio.letm.com\/?page_id=1257"},"modified":"2026-03-17T10:17:42","modified_gmt":"2026-03-17T08:17:42","slug":"hallintohenkilosto","status":"publish","type":"page","link":"https:\/\/kuopionkonservatorio.fi\/fi\/hallintohenkilosto\/","title":{"rendered":"Hallintohenkil\u00f6st\u00f6"},"content":{"rendered":"\n<div class=\"wp-block-columns alignwide is-layout-flex wp-container-core-columns-is-layout-9d6595d7 wp-block-columns-is-layout-flex\">\n<div class=\"wp-block-column is-layout-flow wp-block-column-is-layout-flow\" style=\"flex-basis:33.33%\">\n<h2 class=\"wp-block-heading\" id=\"hallintohenkilosto\">Hallintohenkil\u00f6st\u00f6<\/h2>\n\n\n\n<ul class=\"wp-block-list linkkilista\">\n<li><a href=\"https:\/\/kuopionkonservatorio.fi\/opetushenkilosto\/\">Opetushenkil\u00f6st\u00f6<\/a><\/li>\n\n\n\n<li><a href=\"https:\/\/kuopionkonservatorio.fi\/opetuspisteet\/\">Opetuspisteiden osoitteet<\/a><\/li>\n\n\n\n<li><a href=\"https:\/\/kuopionkonservatorio.fi\/kirjasto\/\">Kirjasto<\/a><\/li>\n\n\n\n<li><a href=\"https:\/\/kuopionkonservatorio.fi\/laskutus\/\">Laskutus<\/a><\/li>\n<\/ul>\n\n\n\n<h5 class=\"wp-block-heading has-harmaa-color has-text-color\">Toimipisteet<\/h5>\n\n\n\n<ul class=\"wp-block-list linkkilista\">\n<li><a href=\"https:\/\/kuopionkonservatorio.fi\/fi\/toimipisteet\/juankoski\/\">Juankoski<\/a><\/li>\n\n\n\n<li><a href=\"https:\/\/kuopionkonservatorio.fi\/toimipisteet\/lapinlahti\/\">Lapinlahti<\/a><\/li>\n\n\n\n<li><a href=\"https:\/\/kuopionkonservatorio.fi\/toimipisteet\/nilsia\/\">Nilsi\u00e4<\/a><\/li>\n\n\n\n<li><a href=\"https:\/\/kuopionkonservatorio.fi\/toimipisteet\/siilinjarvi\/\">Siilinj\u00e4rvi<\/a><\/li>\n\n\n\n<li><a href=\"https:\/\/kuopionkonservatorio.fi\/toimipisteet\/suonenjoki\/\">Suonenjoki<\/a><\/li>\n<\/ul>\n<\/div>\n\n\n\n<div class=\"wp-block-column is-layout-flow wp-block-column-is-layout-flow\" style=\"flex-basis:66.66%\">\n<p class=\"has-ingressi-font-size\">Ota meihin yhteytt\u00e4 &#8211; olemme t\u00e4\u00e4ll\u00e4 sinua varten!<\/p>\n\n\n\n<p><em>S\u00e4hk\u00f6postiosoitteet ovat muotoa&nbsp;<strong>etunimi.sukunimi@kuopionkonservatorio.fi<\/strong><\/em><br><em>Konservatorion yleinen s\u00e4hk\u00f6postiosoite on <strong>konservatorio@kuopionkonservatorio.fi<\/strong><\/em><br><br><em>Turvaposti&nbsp;on salattu s\u00e4hk\u00f6posti. K\u00e4yt\u00e4 turvapostia, jos s\u00e4hk\u00f6postiviestisi sis\u00e4lt\u00e4\u00e4 luottamuksellista tietoa kuten henkil\u00f6tietoja. Arkisissa yhteydenotoissa k\u00e4yt\u00e4 konservatorion s\u00e4hk\u00f6postiosoitteita.<\/em><\/p>\n\n\n\n<p><strong>Rehtori,<\/strong>&nbsp;Elina Vetoniemi, puh. 045&nbsp;139 3918 <a href=\"https:\/\/www.turvaposti.fi\/viesti\/elina.vetoniemi@kuopionkonservatorio.fi\" target=\"_blank\" rel=\"noreferrer noopener\">L\u00e4het\u00e4 turvapostia<\/a><br>Kuopion Musiikkikeskus, 1. kerros, huone 109<br>Kokonaisvastuu oppilaitoksen toiminnasta. Keskeiset vastuualueet: ammatillinen koulutus, musiikin taiteen perusopetus (rytmimusiikki ja puhallinsoittimet), tanssi, avoin konservatorio<\/p>\n\n\n\n<p><strong>Apulaisrehtori,<\/strong>&nbsp;Ritva Koistinen puh. 050 473 9144 <a href=\"https:\/\/www.turvaposti.fi\/viesti\/ritva.koistinen@kuopionkonservatorio.fi\">L\u00e4het\u00e4 turvapostia<\/a><br>Kuopion Musiikkikeskus, 1. kerros, huone 107<br>Keskeiset vastuualueet: musiikin taiteen perusopetus (musiikkitaito, piano, jouset, kitara, harmonikka, kantele, laulu, ly\u00f6m\u00e4soittimet), muskari, musiikin valmentava opetus<\/p>\n\n\n\n<p><strong>Hallintop\u00e4\u00e4llikk\u00f6<\/strong>&nbsp;Jussi Luomanen, puh. 050 591 2730 <a href=\"https:\/\/www.turvaposti.fi\/viesti\/jussi.luomanen@kuopionkonservatorio.fi\" target=\"_blank\" rel=\"noreferrer noopener\">L\u00e4het\u00e4 turvapostia<\/a> <br>Vastuualueet: Talous, tilat, oppilaitoksen yleishallintoon liittyv\u00e4t asiat<\/p>\n\n\n\n<p class=\"has-vaaleanpunainen-background-color has-background\"><strong>Puhelinvaihde<\/strong> puh. 044 727 9200, a<em>voinna ma-to klo 10-14<\/em><\/p>\n\n\n\n<p><strong>Opintosihteeri <\/strong>Tuija Vihre\u00e4puu<br>puh. 044 727 9214<br>Muskari ja musiikin perusopetus<br><em>s\u00e4hk\u00f6posti: opintosihteeri@kuopionkonservatorio.fi<\/em> <a href=\"https:\/\/www.turvaposti.fi\/viesti\/opintosihteeri@kuopionkonservatorio.fi\" target=\"_blank\" rel=\"noreferrer noopener\">L\u00e4het\u00e4 turvapostia<\/a><\/p>\n\n\n\n<p><strong>Toimistosihteeri<\/strong> Minna Husso, puh. 044 727 9201<br>Tanssin perusopetus<br><em>s\u00e4hk\u00f6posti: opintosihteeri.tanssi@kuopionkonservatorio.fi<\/em><\/p>\n\n\n\n<p><strong>Opinto-ohjaaja<\/strong> Anna Tenhunen, puh. 044 727 9235 <a href=\"https:\/\/www.turvaposti.fi\/viesti\/anna.tenhunen@kuopionkonservatorio.fi\" target=\"_blank\" rel=\"noreferrer noopener\">L\u00e4het\u00e4 turvapostia<\/a><br>Ammatillisen koulutuksen opinto-ohjaus klassinen, rytmimusiikki ja musiikkiteknologia<br>Erasmus+ Coordinator for international relations<\/p>\n\n\n\n<p><strong>Ammatillisen koulutuksen suunnittelija<\/strong> Piia Suhonen, puh. 044 727 9203<br><em>s\u00e4hk\u00f6posti: opintosihteeri.ammatillinen@kuopionkonservatorio.fi<\/em> <a href=\"https:\/\/www.turvaposti.fi\/viesti\/opintosihteeri.ammatillinen@kuopionkonservatorio.fi\" target=\"_blank\" rel=\"noreferrer noopener\">L\u00e4het\u00e4 turvapostia<\/a><\/p>\n\n\n\n<p><strong>Toimistosihteeri<\/strong> Minna Husso, puh. 044 727 9201<br>Kanslia ja avoin konservatorio<br><em><em>Kanslia on avoinna ma\u2013to klo 10.00\u201315.00<\/em><\/em><\/p>\n\n\n\n<p><strong>Kirjanpit\u00e4j\u00e4<\/strong>&nbsp;Tiina Holopainen, puh. 044 727 9206 <a href=\"https:\/\/www.turvaposti.fi\/viesti\/laskutus@kuopionkonservatorio.fi\" target=\"_blank\" rel=\"noreferrer noopener\">L\u00e4het\u00e4 turvapostia<\/a><br><strong>Taloussihteeri<\/strong> Tiia Kankaanp\u00e4\u00e4, puh. 044 727 9208<br><em>Taloushallinnon henkil\u00f6kunta paikalla ma\u2013to<\/em><\/p>\n\n\n\n<p><strong>Taloussihteeri<\/strong>&nbsp;Pirjo Peltoniemi, puh. 044 727 9207 <a href=\"https:\/\/www.turvaposti.fi\/viesti\/palkanlaskenta@kuopionkonservatorio.fi\" target=\"_blank\" rel=\"noreferrer noopener\">L\u00e4het\u00e4 turvapostia<\/a> <\/p>\n\n\n\n<p><strong>Tuottaja-tiedottaja <\/strong>Tiina Tanskanen, puh. 044 727 9216<\/p>\n\n\n\n<p><strong>ICT-vastaava<\/strong> Klaus Sallavo, puh. 045 139 3939 <a href=\"https:\/\/www.turvaposti.fi\/viesti\/klaus.sallavo@kuopionkonservatorio.fi\" data-type=\"URL\" data-id=\"https:\/\/www.turvaposti.fi\/viesti\/klaus.sallavo@kuopionkonservatorio.fi\" target=\"_blank\" rel=\"noreferrer noopener\">L\u00e4het\u00e4 turvapostia<\/a><\/p>\n\n\n\n<p><strong>ICT-tuki&nbsp;<\/strong>puh. 050 596 7325<\/p>\n\n\n\n<p><strong>Pianonviritt\u00e4j\u00e4<\/strong> Timo Aallos, puh. 0400 818&nbsp;345<\/p>\n\n\n\n<p><strong>Tekniikka\/Studio<\/strong> Tommi Kupiainen, puh. 050 365 6222<\/p>\n\n\n\n<p><strong>Vahtimestaripalvelut<\/strong> Palveluvastaava Timo Raita, puh. 045 139 3903, Jorma J\u00e4\u00e4skel\u00e4inen<br><em>s\u00e4hk\u00f6postiosoite: vahtimestarit@kuopionkonservatorio.fi<\/em><\/p>\n\n\n\n<p><strong>Siistij\u00e4t:<\/strong> Irene H\u00e4m\u00e4l\u00e4inen, Janette Nikkinen, Sanna Suominen puh. 044 727 9212<br><em>s\u00e4hk\u00f6postiosoite: siistijat@kuopionkonservatorio.fi<\/em><\/p>\n\n\n\n<h5 class=\"wp-block-heading\">Kollegioden puheenjohtajat <br><\/h5>\n\n\n\n<p><strong>Jousisoittimet <\/strong>Suvi Hyttinen<br><strong>Puhallinsoittimet <\/strong>Susanna Bunda<br><strong>Piano <\/strong>Outi Keskinen, puh. 050 340 6989<br><strong>Musiikkitaito <\/strong>Kirsi Meriranta, puh. 045 139 3902<br><strong>Rytmimusiikki <\/strong>Elina Lehikoinen, puh. 050 365 2510<br><strong>Tanssi <\/strong>Sonja Lydman, puh. 045 139 3901<br><\/p>\n<\/div>\n<\/div>\n","protected":false},"excerpt":{"rendered":"<p>Hallintohenkil\u00f6st\u00f6 Toimipisteet Ota meihin yhteytt\u00e4 &#8211; olemme t\u00e4\u00e4ll\u00e4 sinua varten! S\u00e4hk\u00f6postiosoitteet ovat muotoa&nbsp;etunimi.sukunimi@kuopionkonservatorio.fiKonservatorion yleinen s\u00e4hk\u00f6postiosoite on konservatorio@kuopionkonservatorio.fi Turvaposti&nbsp;on salattu s\u00e4hk\u00f6posti. K\u00e4yt\u00e4 turvapostia, jos s\u00e4hk\u00f6postiviestisi sis\u00e4lt\u00e4\u00e4 luottamuksellista tietoa kuten henkil\u00f6tietoja. Arkisissa yhteydenotoissa k\u00e4yt\u00e4 konservatorion s\u00e4hk\u00f6postiosoitteita. Rehtori,&nbsp;Elina Vetoniemi, puh. 045&nbsp;139 3918 L\u00e4het\u00e4 turvapostiaKuopion Musiikkikeskus, 1. kerros, huone 109Kokonaisvastuu oppilaitoksen toiminnasta. Keskeiset vastuualueet: ammatillinen koulutus, musiikin taiteen perusopetus [&hellip;]<\/p>\n","protected":false},"author":9,"featured_media":0,"parent":0,"menu_order":0,"comment_status":"closed","ping_status":"closed","template":"","meta":{"inline_featured_image":false,"footnotes":""},"oppiaine":[],"class_list":["post-1257","page","type-page","status-publish","hentry"],"_links":{"self":[{"href":"https:\/\/kuopionkonservatorio.fi\/fi\/wp-json\/wp\/v2\/pages\/1257","targetHints":{"allow":["GET"]}}],"collection":[{"href":"https:\/\/kuopionkonservatorio.fi\/fi\/wp-json\/wp\/v2\/pages"}],"about":[{"href":"https:\/\/kuopionkonservatorio.fi\/fi\/wp-json\/wp\/v2\/types\/page"}],"author":[{"embeddable":true,"href":"https:\/\/kuopionkonservatorio.fi\/fi\/wp-json\/wp\/v2\/users\/9"}],"replies":[{"embeddable":true,"href":"https:\/\/kuopionkonservatorio.fi\/fi\/wp-json\/wp\/v2\/comments?post=1257"}],"version-history":[{"count":0,"href":"https:\/\/kuopionkonservatorio.fi\/fi\/wp-json\/wp\/v2\/pages\/1257\/revisions"}],"wp:attachment":[{"href":"https:\/\/kuopionkonservatorio.fi\/fi\/wp-json\/wp\/v2\/media?parent=1257"}],"wp:term":[{"taxonomy":"oppiaine","embeddable":true,"href":"https:\/\/kuopionkonservatorio.fi\/fi\/wp-json\/wp\/v2\/oppiaine?post=1257"}],"curies":[{"name":"wp","href":"https:\/\/api.w.org\/{rel}","templated":true}]}}