{"id":1235,"date":"2022-03-01T10:14:40","date_gmt":"2022-03-01T08:14:40","guid":{"rendered":"https:\/\/kuopionkonservatorio.letm.com\/?page_id=1235"},"modified":"2025-06-13T12:54:57","modified_gmt":"2025-06-13T09:54:57","slug":"lomakkeet","status":"publish","type":"page","link":"https:\/\/kuopionkonservatorio.fi\/fi\/lomakkeet\/","title":{"rendered":"Lomakkeet"},"content":{"rendered":"\n<div class=\"wp-block-columns alignwide is-layout-flex wp-container-core-columns-is-layout-9d6595d7 wp-block-columns-is-layout-flex\">\n<div class=\"wp-block-column is-layout-flow wp-block-column-is-layout-flow\" style=\"flex-basis:33.33%\">\n<h2 class=\"wp-block-heading\" id=\"lomakkeet\">Lomakkeet<\/h2>\n<\/div>\n\n\n\n<div class=\"wp-block-column is-layout-flow wp-block-column-is-layout-flow\" style=\"flex-basis:66.66%\">\n<h2 class=\"wp-block-heading has-ingressi-font-size\" id=\"ilmoitus-opintojen-lopettamisesta-tai-oppilaspaikan-perumisesta\">Ilmoitus opintojen lopettamisesta tai oppilaspaikan perumisesta<\/h2>\n\n\n\n<ul class=\"wp-block-list\">\n<li><a href=\"https:\/\/link.webropol.com\/s\/muslopetus\" target=\"_blank\" rel=\"noreferrer noopener\">musiikkileikkikoulu ja musiikin valmentava opetus<\/a><\/li>\n\n\n\n<li><a href=\"https:\/\/link.webropol.com\/s\/tanlopetus\" target=\"_blank\" rel=\"noreferrer noopener\">tanssiopinnot<\/a><\/li>\n\n\n\n<li><a href=\"https:\/\/link.webropol.com\/s\/mpolopetus\" target=\"_blank\" rel=\"noreferrer noopener\">musiikin perusopinnot ja syvent\u00e4v\u00e4t opinnot<\/a><\/li>\n\n\n\n<li><a href=\"https:\/\/link.webropol.com\/s\/avoinlopetus\" target=\"_blank\" rel=\"noreferrer noopener\">Avoimen konservatorion opinnot<\/a><\/li>\n<\/ul>\n\n\n\n<h2 class=\"wp-block-heading has-ingressi-font-size\" id=\"yhteystietojen-muutosilmoitus\">Yhteystietojen muutosilmoitus<\/h2>\n\n\n\n<p>Ilmoitus tehd\u00e4\u00e4n Kuopion konservatorion Wilma-j\u00e4rjestelm\u00e4n Lomakkeet -osiossa.<\/p>\n\n\n\n<h2 class=\"wp-block-heading has-ingressi-font-size\" id=\"ilmoitus-opintojen-lopettamisesta-tai-oppilaspaikan-perumisesta\">Opintojen tilap\u00e4inen keskeytys<\/h2>\n\n\n\n<p>Tanssin ja musiikin perusopintojen ja syvent\u00e4vien opintojen oppilaat. Lomake l\u00f6ytyy Wilmasta.<\/p>\n\n\n\n<h2 class=\"wp-block-heading has-ingressi-font-size\" id=\"ilmoitus-opintojen-lopettamisesta-tai-oppilaspaikan-perumisesta\">Sivuainehakemus, p\u00e4\u00e4aineen- tai opettajanvaihtohakemus<\/h2>\n\n\n\n<p>Musiikin perusopintojen ja syvent\u00e4vien opintojen oppilaat. Hakemus tehd\u00e4\u00e4n Wilmassa ajalla 10.3.\u201313.4.<\/p>\n\n\n\n<p class=\"has-vaaleanpunainen-background-color has-background has-ingressi-font-size\"><a href=\"https:\/\/kuopionkonservatorio.inschool.fi\/\" target=\"_blank\" rel=\"noreferrer noopener\"><strong>Kirjautuminen Wilmaan<\/strong><\/a><\/p>\n<\/div>\n<\/div>\n","protected":false},"excerpt":{"rendered":"<p>Lomakkeet Ilmoitus opintojen lopettamisesta tai oppilaspaikan perumisesta Yhteystietojen muutosilmoitus Ilmoitus tehd\u00e4\u00e4n Kuopion konservatorion Wilma-j\u00e4rjestelm\u00e4n Lomakkeet -osiossa. Opintojen tilap\u00e4inen keskeytys Tanssin ja musiikin perusopintojen ja syvent\u00e4vien opintojen oppilaat. Lomake l\u00f6ytyy Wilmasta. Sivuainehakemus, p\u00e4\u00e4aineen- tai opettajanvaihtohakemus Musiikin perusopintojen ja syvent\u00e4vien opintojen oppilaat. Hakemus tehd\u00e4\u00e4n Wilmassa ajalla 10.3.\u201313.4. Kirjautuminen Wilmaan<\/p>\n","protected":false},"author":9,"featured_media":0,"parent":0,"menu_order":0,"comment_status":"closed","ping_status":"closed","template":"","meta":{"inline_featured_image":false,"footnotes":""},"oppiaine":[],"class_list":["post-1235","page","type-page","status-publish","hentry"],"_links":{"self":[{"href":"https:\/\/kuopionkonservatorio.fi\/fi\/wp-json\/wp\/v2\/pages\/1235","targetHints":{"allow":["GET"]}}],"collection":[{"href":"https:\/\/kuopionkonservatorio.fi\/fi\/wp-json\/wp\/v2\/pages"}],"about":[{"href":"https:\/\/kuopionkonservatorio.fi\/fi\/wp-json\/wp\/v2\/types\/page"}],"author":[{"embeddable":true,"href":"https:\/\/kuopionkonservatorio.fi\/fi\/wp-json\/wp\/v2\/users\/9"}],"replies":[{"embeddable":true,"href":"https:\/\/kuopionkonservatorio.fi\/fi\/wp-json\/wp\/v2\/comments?post=1235"}],"version-history":[{"count":0,"href":"https:\/\/kuopionkonservatorio.fi\/fi\/wp-json\/wp\/v2\/pages\/1235\/revisions"}],"wp:attachment":[{"href":"https:\/\/kuopionkonservatorio.fi\/fi\/wp-json\/wp\/v2\/media?parent=1235"}],"wp:term":[{"taxonomy":"oppiaine","embeddable":true,"href":"https:\/\/kuopionkonservatorio.fi\/fi\/wp-json\/wp\/v2\/oppiaine?post=1235"}],"curies":[{"name":"wp","href":"https:\/\/api.w.org\/{rel}","templated":true}]}}