{"id":1230,"date":"2022-03-01T10:07:23","date_gmt":"2022-03-01T08:07:23","guid":{"rendered":"https:\/\/kuopionkonservatorio.letm.com\/?page_id=1230"},"modified":"2026-02-09T13:38:48","modified_gmt":"2026-02-09T11:38:48","slug":"jatkoilmoittautuminen","status":"publish","type":"page","link":"https:\/\/kuopionkonservatorio.fi\/fi\/hakeminen\/jatkoilmoittautuminen\/","title":{"rendered":"Jatkoilmoittautuminen"},"content":{"rendered":"\n<div class=\"wp-block-columns alignwide is-layout-flex wp-container-core-columns-is-layout-9d6595d7 wp-block-columns-is-layout-flex\">\n<div class=\"wp-block-column is-layout-flow wp-block-column-is-layout-flow\" style=\"flex-basis:33.33%\">\n<h2 class=\"wp-block-heading\" id=\"jatkoilmoittautuminen\">Jatkoilmoittautuminen<\/h2>\n<\/div>\n\n\n\n<div class=\"wp-block-column is-layout-flow wp-block-column-is-layout-flow\" style=\"flex-basis:66.66%\">\n<p class=\"has-ingressi-font-size\">Jatkoilmoittautuminen konservatorion opintoihin <\/p>\n\n\n\n      <div class=\"wp-block-letm-blocks-accordion\">\n        \n\n<div class=\"wp-block-letm-blocks-accordion-single-row\">\n<div class=\"wp-block-columns accordion-head has-background is-layout-flex wp-container-core-columns-is-layout-9d6595d7 wp-block-columns-is-layout-flex\" style=\"background-color:#eddce4\">\n<div class=\"wp-block-column is-layout-flow wp-block-column-is-layout-flow\" style=\"flex-basis:50%\">\n<p class=\"heading-left\">Musiikkileikkikoulu, lastentanssi, musiikin ja tanssin valmentavat opinnot<\/p>\n<\/div>\n\n\n\n<div class=\"wp-block-column is-layout-flow wp-block-column-is-layout-flow\" style=\"flex-basis:50%\">\n<p class=\"heading-right\">Vuosittain 15.\u201331.5.<\/p>\n<\/div>\n<\/div>\n\n\n\n<div class=\"wp-block-columns accordion-content is-layout-flex wp-container-core-columns-is-layout-9d6595d7 wp-block-columns-is-layout-flex\">\n<div class=\"wp-block-column is-layout-flow wp-block-column-is-layout-flow\" style=\"flex-basis:100%\">\n<p><strong>Jatkoilmoittautuminen musiikin ja tanssin varhaisi\u00e4n opintoihin vuosittain tapahtuu Wilma-j\u00e4rjestelm\u00e4n kurssitarjottimen kautta ajalla 15.5.\u201331.5.<\/strong><\/p>\n\n\n\n<ul class=\"wp-block-list\">\n<li><strong>Ilmoittautuminen alkaa klo 12.00.<\/strong>\n<ul class=\"wp-block-list\">\n<li><a href=\"https:\/\/kuopionkonservatorio.fi\/wp-content\/uploads\/Muskarin-ja-tansiin-jatkoilmoittautuminen-ohje-2023.pdf\">Muskarin ja tanssin jatkoilmoittautuminen, ohje (pdf)<\/a><\/li>\n\n\n\n<li><a rel=\"noreferrer noopener\" href=\"https:\/\/kuopionkonservatorio.inschool.fi\/\" target=\"_blank\">Kirjautuminen Wilmaan<\/a><br>Huom! Wilmaa tulee k\u00e4ytt\u00e4\u00e4 p\u00f6yt\u00e4koneen tai kannettavan kautta, sill\u00e4 emme voi taata kurssitarjottimen toimintaa mobiililaitteella.<\/li>\n\n\n\n<li>Wilma-tunnuksiin liittyviss\u00e4 asioissa otathan yhteytt\u00e4 opintosihteeriin, opintosihteeri@kuopionkonservatorio.fi.<\/li>\n<\/ul>\n<\/li>\n\n\n\n<li><strong>Mik\u00e4li ette jatkoilmoittaudu mihink\u00e4\u00e4n ryhm\u00e4\u00e4n, niin katsomme opiskelun p\u00e4\u00e4ttyneeksi.<\/strong>\n<ul class=\"wp-block-list\">\n<li>Seuraavan lukuvuoden oppilaspaikan voi perua maksutta s\u00e4hk\u00f6isell\u00e4 perumisilmoituksella viel\u00e4 ennen ensimm\u00e4isen opetusviikon alkua. Opetuksen alkamisen j\u00e4lkeen oppilas maksaa lukukausimaksun kokonaan, my\u00f6s silloin kun h\u00e4n j\u00e4tt\u00e4\u00e4 tulematta opetukseen.<\/li>\n<\/ul>\n<\/li>\n<\/ul>\n\n\n\n<p><strong>Muuta huomioitavaa<\/strong><\/p>\n\n\n\n<ul class=\"wp-block-list\">\n<li><strong>Vain nykyiset musiikin varhaisi\u00e4in oppilaat&nbsp;voivat jatkoilmoittautua tulevan lukuvuoden musiikin ryhmiin ja vain nykyiset varhaisi\u00e4n tanssioppilaat voivat ilmoittautua tanssiryhmiin<\/strong>.<\/li>\n\n\n\n<li><a href=\"https:\/\/kuopionkonservatorio.fi\/oppilaitos\/lukukausimaksut\/\">Lukukausimaksut ja oppilaspaikan peruutusehdot<\/a><\/li>\n\n\n\n<li>Kysy tarvittaessa ohjausta tulevan lukuvuoden opintoihin omalta opettajaltasi ennen kes\u00e4lomia.<\/li>\n\n\n\n<li><strong>Oma opettaja laittaa elokuussa Wilma-viestin opetuksen alkamisesta.<\/strong><\/li>\n\n\n\n<li>Emme vahvista erikseen ilmoittautumista ryhmiin, p\u00e4\u00e4set tarkastamaan ilmoittautumisesi Wilmasta tarvittaessa (kts. Wilma-ohje ylemp\u00e4n\u00e4).<\/li>\n\n\n\n<li>Ryhm\u00e4valintoja on mahdollista muuttaa Wilmassa koko jatkoilmoittautumisen ajan aina 31.5. saakka.<\/li>\n\n\n\n<li>Uusien oppilaiden haku vuosittain musiikkileikkikouluun j\u00e4rjestet\u00e4\u00e4n 2.8.-15.8. ja musiikin valmentavat opinnot haku vuosittain 2.8.-31.8.<\/li>\n\n\n\n<li>Uusien oppilaiden haku lastentanssiin j\u00e4rjestet\u00e4\u00e4n vuosittain 2.8.-15.8.<\/li>\n<\/ul>\n\n\n\n<p><strong>Lis\u00e4tietoa opintoihin liittyen:<\/strong><\/p>\n\n\n\n<p><a href=\"https:\/\/kuopionkonservatorio.fi\/fi\/musiikki-harrastuksena\/musiikkileikkikoulu\/\">Musiikkileikkikoulu<\/a><br><a href=\"https:\/\/kuopionkonservatorio.fi\/fi\/musiikki-harrastuksena\/musiikin-valmentavat-opinnot\/\">Musiikin valmentavat opinnot<\/a><br><a href=\"https:\/\/kuopionkonservatorio.fi\/fi\/tanssi-harrastuksena\/lastentanssi\/\">Lastentanssi<\/a><br><a href=\"https:\/\/kuopionkonservatorio.fi\/fi\/tanssi-harrastuksena\/tanssin-valmentavat-opinnot\/\">Tanssin valmentavat opinnot<\/a><\/p>\n<\/div>\n<\/div>\n<\/div>\n\n\n\n<div class=\"wp-block-letm-blocks-accordion-single-row\">\n<div class=\"wp-block-columns accordion-head has-background is-layout-flex wp-container-core-columns-is-layout-9d6595d7 wp-block-columns-is-layout-flex\" style=\"background-color:#eddce4\">\n<div class=\"wp-block-column is-layout-flow wp-block-column-is-layout-flow\" style=\"flex-basis:50%\">\n<p class=\"heading-left\">Musiikin perus- ja syvent\u00e4vien opintojen jatkaminen sek\u00e4 opintoihin liittyvien muutosten hakeminen<\/p>\n<\/div>\n\n\n\n<div class=\"wp-block-column is-layout-flow wp-block-column-is-layout-flow\" style=\"flex-basis:50%\">\n<p class=\"heading-right\"><\/p>\n<\/div>\n<\/div>\n\n\n\n<div class=\"wp-block-columns accordion-content is-layout-flex wp-container-core-columns-is-layout-9d6595d7 wp-block-columns-is-layout-flex\">\n<div class=\"wp-block-column is-layout-flow wp-block-column-is-layout-flow\" style=\"flex-basis:100%\">\n<ul class=\"wp-block-list\">\n<li><strong>Erillist\u00e4 ilmoitusta opintojen jatkamisesta ei tehd\u00e4.<\/strong><br>Kaikkien musiikin perus- ja syvent\u00e4vien oppilaiden opinnot jatkuvat automaattisesti elokuusta alkaen, ellei lopettamisesta erikseen ilmoiteta.<\/li>\n\n\n\n<li><strong>Mik\u00e4li oppilas ei aio jatkaa opintojaan, tulee lopettamisesta ilmoittaa s\u00e4hk\u00f6isell\u00e4 lomakkeella vuosittain 30.4. menness\u00e4<\/strong>, jotta uudet oppilaat voidaan kes\u00e4n aikana valita lopettaneiden tilalle.\n<ul class=\"wp-block-list\">\n<li>&nbsp;\u00c4killisiss\u00e4 tilanteissa lopettamisesta voi kuitenkin ilmoittaa viel\u00e4 13.8. saakka, mutta t\u00e4m\u00e4n j\u00e4lkeen katsomme oppilaan sitoutuneen&nbsp; lukukausimaksuun syyslukukaudeksi.<\/li>\n\n\n\n<li>Lopettamisilmoitus l\u00f6ytyy Wilman Lomakkeet-osiosta.<\/li>\n<\/ul>\n<\/li>\n\n\n\n<li><strong>II instrumentin (sivuaineen) hakeminen 10.3.\u201315.4.2026<\/strong>\n<ul class=\"wp-block-list\">\n<li>Hakemusten ohjeet l\u00f6ytyv\u00e4t Wilman osiosta: Hakemukset ja p\u00e4\u00e4t\u00f6ksen &gt; Tee uusi hakemus. Hakemuksen t\u00e4ytt\u00e4misen yhteydess\u00e4 saat tarkemmat tiedot miten ja milloin p\u00e4\u00e4t\u00f6ksist\u00e4 ilmoitetaan.<\/li>\n\n\n\n<li>Opiskeluoikeus my\u00f6nnet\u00e4\u00e4n yleens\u00e4 vasta alkutason opintojen suorittamisen j\u00e4lkeen. Perustellusta syyst\u00e4, kuten musiikin painotusopetuksen luokalla aloittamisen vuoksi, hakemuksen voi j\u00e4tt\u00e4\u00e4 jo ennen alkutason opintojen suoritusta.<\/li>\n\n\n\n<li>Instrumentti II (sivuaine) opintoihin on rajoitetusti paikkoja, ja niiden my\u00f6nt\u00e4misess\u00e4 huomioidaan oppilaitoksen k\u00e4ytett\u00e4viss\u00e4 olevat opetusresurssit.<\/li>\n<\/ul>\n<\/li>\n\n\n\n<li><strong>I instrumentin (p\u00e4\u00e4aineen) vaihdon tai opettajavaihdon hakeminen 10.3.\u201315.4.2026<\/strong>\n<ul class=\"wp-block-list\">\n<li>Hakemusten ohjeet l\u00f6ytyv\u00e4t Wilman osiosta: Hakemukset ja p\u00e4\u00e4t\u00f6ksen &gt; Tee uusi hakemus. Hakemuksen t\u00e4ytt\u00e4misen yhteydess\u00e4 saat tarkemmat tiedot miten ja milloin p\u00e4\u00e4t\u00f6ksist\u00e4 ilmoitetaan.<\/li>\n<\/ul>\n<\/li>\n\n\n\n<li><strong>Opintojen tilap\u00e4inen keskeytt\u00e4minen vuosittain 30.4. menness\u00e4<\/strong><br>Opinnot on mahdollista tarvittaessa my\u00f6s keskeytt\u00e4\u00e4, esim. tilap\u00e4isen muuton, sairauden tai el\u00e4m\u00e4ntilanteen muutoksen vuoksi. Tarkemmat ohjeet ja ilmoituslomake opintojen keskeytt\u00e4misest\u00e4 l\u00f6ytyy Wilman Lomakkeet -osiosta.<\/li>\n<\/ul>\n\n\n\n<p><strong>HUOM! Opintojen keskeytyst\u00e4 tulee hakea koko lukukaudelle tai lukuvuodelle. Keskeytyst\u00e4 my\u00f6nnet\u00e4\u00e4n p\u00e4\u00e4s\u00e4\u00e4nt\u00f6isesti korkeintaan yhden lukuvuoden verran opintojen aikana.<\/strong><\/p>\n<\/div>\n<\/div>\n<\/div>\n\n\n\n<div class=\"wp-block-letm-blocks-accordion-single-row\">\n<div class=\"wp-block-columns accordion-head has-background is-layout-flex wp-container-core-columns-is-layout-9d6595d7 wp-block-columns-is-layout-flex\" style=\"background-color:#eddce4\">\n<div class=\"wp-block-column is-layout-flow wp-block-column-is-layout-flow\" style=\"flex-basis:50%\">\n<p class=\"heading-left\">Ilmoittautuminen musiikkitaidon kursseille<\/p>\n<\/div>\n\n\n\n<div class=\"wp-block-column is-layout-flow wp-block-column-is-layout-flow\" style=\"flex-basis:50%\">\n<p class=\"heading-right\">15.5.\u20132.6.2025 &amp; 7.8.\u201320.8.2025<\/p>\n<\/div>\n<\/div>\n\n\n\n<div class=\"wp-block-columns accordion-content is-layout-flex wp-container-core-columns-is-layout-9d6595d7 wp-block-columns-is-layout-flex\">\n<div class=\"wp-block-column is-layout-flow wp-block-column-is-layout-flow\" style=\"flex-basis:100%\">\n<p>Ilmoittautuminen lukuvuoden 2025\u201326 musiikkitaidon kursseille tehd\u00e4\u00e4n Wilmassa ajalla 15.5.\u20132.6.2025 ja 7.8.\u201320.8.2025:<\/p>\n\n\n\n<ul class=\"wp-block-list\">\n<li><a href=\"https:\/\/kuopionkonservatorio.inschool.fi\/\">Wilmaan kirjautuminen<\/a><\/li>\n<\/ul>\n<\/div>\n<\/div>\n<\/div>\n\n\n\n<div class=\"wp-block-letm-blocks-accordion-single-row\">\n<div class=\"wp-block-columns accordion-head has-background is-layout-flex wp-container-core-columns-is-layout-9d6595d7 wp-block-columns-is-layout-flex\" style=\"background-color:#eddce4\">\n<div class=\"wp-block-column is-layout-flow wp-block-column-is-layout-flow\" style=\"flex-basis:50%\">\n<p class=\"heading-left\">Baletin ja nykytanssin perus- ja syvent\u00e4v\u00e4t opinnot<\/p>\n<\/div>\n\n\n\n<div class=\"wp-block-column is-layout-flow wp-block-column-is-layout-flow\" style=\"flex-basis:50%\">\n<p class=\"heading-right\">Wilma<\/p>\n<\/div>\n<\/div>\n\n\n\n<div class=\"wp-block-columns accordion-content is-layout-flex wp-container-core-columns-is-layout-9d6595d7 wp-block-columns-is-layout-flex\">\n<div class=\"wp-block-column is-layout-flow wp-block-column-is-layout-flow\" style=\"flex-basis:100%\">\n<p>Oppilaille l\u00e4hetet\u00e4\u00e4n ohjeet jatkoilmoittautumiseen Wilman kautta.<\/p>\n<\/div>\n<\/div>\n<\/div>\n\n      <\/div>\n\n    \n\n\n<p><\/p>\n\n\n\n<p><\/p>\n<\/div>\n<\/div>\n","protected":false},"excerpt":{"rendered":"<p>Jatkoilmoittautuminen Jatkoilmoittautuminen konservatorion opintoihin<\/p>\n","protected":false},"author":9,"featured_media":0,"parent":971,"menu_order":0,"comment_status":"closed","ping_status":"closed","template":"","meta":{"inline_featured_image":false,"footnotes":""},"oppiaine":[],"class_list":["post-1230","page","type-page","status-publish","hentry"],"_links":{"self":[{"href":"https:\/\/kuopionkonservatorio.fi\/fi\/wp-json\/wp\/v2\/pages\/1230","targetHints":{"allow":["GET"]}}],"collection":[{"href":"https:\/\/kuopionkonservatorio.fi\/fi\/wp-json\/wp\/v2\/pages"}],"about":[{"href":"https:\/\/kuopionkonservatorio.fi\/fi\/wp-json\/wp\/v2\/types\/page"}],"author":[{"embeddable":true,"href":"https:\/\/kuopionkonservatorio.fi\/fi\/wp-json\/wp\/v2\/users\/9"}],"replies":[{"embeddable":true,"href":"https:\/\/kuopionkonservatorio.fi\/fi\/wp-json\/wp\/v2\/comments?post=1230"}],"version-history":[{"count":0,"href":"https:\/\/kuopionkonservatorio.fi\/fi\/wp-json\/wp\/v2\/pages\/1230\/revisions"}],"up":[{"embeddable":true,"href":"https:\/\/kuopionkonservatorio.fi\/fi\/wp-json\/wp\/v2\/pages\/971"}],"wp:attachment":[{"href":"https:\/\/kuopionkonservatorio.fi\/fi\/wp-json\/wp\/v2\/media?parent=1230"}],"wp:term":[{"taxonomy":"oppiaine","embeddable":true,"href":"https:\/\/kuopionkonservatorio.fi\/fi\/wp-json\/wp\/v2\/oppiaine?post=1230"}],"curies":[{"name":"wp","href":"https:\/\/api.w.org\/{rel}","templated":true}]}}