{"id":1202,"date":"2022-03-01T09:01:46","date_gmt":"2022-03-01T07:01:46","guid":{"rendered":"https:\/\/kuopionkonservatorio.letm.com\/?page_id=1202"},"modified":"2022-03-01T12:54:23","modified_gmt":"2022-03-01T10:54:23","slug":"yhdessa","status":"publish","type":"page","link":"https:\/\/kuopionkonservatorio.fi\/fi\/kansainvalisyys\/kansainvalinen-toiminta\/yhdessa\/","title":{"rendered":"YHDESS\u00c4"},"content":{"rendered":"\n<div class=\"wp-block-columns alignwide is-layout-flex wp-container-core-columns-is-layout-9d6595d7 wp-block-columns-is-layout-flex\">\n<div class=\"wp-block-column is-layout-flow wp-block-column-is-layout-flow\" style=\"flex-basis:33.33%\">\n<h2 class=\"wp-block-heading\" id=\"yhdessa\">Yhdess\u00e4<\/h2>\n\n\n<ul class=\"relatives\"><li class=\"page_item page-item-1200\"><a href=\"https:\/\/kuopionkonservatorio.fi\/fi\/kansainvalisyys\/kansainvalinen-toiminta\/aliisa\/\">All in &#8211; Inclusive Society for Arts 1.9.2020-31.8.2023<\/a><\/li>\n<li class=\"page_item page-item-1172\"><a href=\"https:\/\/kuopionkonservatorio.fi\/fi\/kansainvalisyys\/kansainvalinen-toiminta\/ipae\/\">Inclusive Pedagogy in Arts \u2013 Europe 1.9.2017-31.3.2019<\/a><\/li>\n<\/ul>\n<\/div>\n\n\n\n<div class=\"wp-block-column is-layout-flow wp-block-column-is-layout-flow\" style=\"flex-basis:66.66%\">\n<p class=\"has-ingressi-font-size\">Kansainv\u00e4linen nuorten musiikinopiskelijoiden sinfoniaorkesteri konserttikiertueella Suomessa ja Sveitsiss\u00e4 syksyll\u00e4 2017.<\/p>\n\n\n\n<p>Sveitsil\u00e4inen Bernin konservatorio kokosi vuonna 2017 yhteisty\u00f6ss\u00e4 Kuopion konservatorion ja Savonia-ammattikorkeakoulun Musiikin ja tanssin yksik\u00f6n kanssa musiikinopiskelijoistaan 60-henkisen sinfoniaorkesterin Suomessa elokuussa ja Sveitsiss\u00e4 lokakuussa j\u00e4rjestett\u00e4ville konserttikiertueille. Orkesteria luotsasivat kapellimestarit Droujelub Yanakiev Bernin konservatoriosta ja Rauno Tikkanen Savonia-ammattikorkeakoulusta. Konserttikiertueet juhlistivat Suomen 100-vuotisjuhlavuotta, Bernin konservatorion Nuorisosinfoniaorkesterin 30-vuotista taivalta sek\u00e4 reformaation 500-vuotismerkkivuotta. Ohjelmistossa olivat suomalaisen klassisen musiikin merkkiteokset <em>Sinfonia nro 2 D-duuri op. 43 <\/em>Jean Sibeliukselta ja <em>Cantus Arcticus op. 61 <\/em>Einojuhani Rautavaaralta sek\u00e4 kantaesitys sveitsil\u00e4isen nykys\u00e4velt\u00e4j\u00e4n Leo Dickin teoksesta <em>Zwingli im Orbit<\/em>.<\/p>\n\n\n\n<p>Orkesterin soittajat kokoontuivat ensimm\u00e4ist\u00e4 kertaa yhteen elokuun alussa viikon kest\u00e4v\u00e4lle harjoitusperiodille Punkaharjulle. Periodi tarjosi nuorille mahdollisuuden kehitty\u00e4 orkesterisoittajina kahden eri kapellimestarin johdolla, luoda uusia kansainv\u00e4lisi\u00e4 yst\u00e4vyyssuhteita sek\u00e4 p\u00e4\u00e4st\u00e4 soittamaan yhdess\u00e4 isolla kokoonpanolla vaativaa sinfoniaorkesterimateriaalia. Periodin j\u00e4lkeen orkesteri konsertoi Joensuun konservatorion salissa, Kuopion Musiikkikeskuksen Konserttisalissa sek\u00e4 Helsingiss\u00e4 Temppeliaukion kirkossa. Kuopion konsertti oli osa Kuopion kaupungin <em>Sata vuotta hyvinvointia edist\u00e4m\u00e4ss\u00e4<\/em> -ohjelmahanketta.<\/p>\n\n\n\n<p>Oppilaitosten yhteisty\u00f6 jatkui lokakuussa, jolloin orkesteri toteutti samalla kokoonpanolla ja ohjelmistolla konserttikiertueen Sveitsiss\u00e4.<\/p>\n\n\n\n<p><a href=\"https:\/\/www.youtube.com\/watch?v=The8l_Hef8U\">Tutustu t\u00e4st\u00e4 linkist\u00e4 Bernin konservatorion tekem\u00e4\u00e4n elokuvaan Suomen konserttikiertueesta!<\/a><\/p>\n<\/div>\n<\/div>\n","protected":false},"excerpt":{"rendered":"<p>Yhdess\u00e4 Kansainv\u00e4linen nuorten musiikinopiskelijoiden sinfoniaorkesteri konserttikiertueella Suomessa ja Sveitsiss\u00e4 syksyll\u00e4 2017. Sveitsil\u00e4inen Bernin konservatorio kokosi vuonna 2017 yhteisty\u00f6ss\u00e4 Kuopion konservatorion ja Savonia-ammattikorkeakoulun Musiikin ja tanssin yksik\u00f6n kanssa musiikinopiskelijoistaan 60-henkisen sinfoniaorkesterin Suomessa elokuussa ja Sveitsiss\u00e4 lokakuussa j\u00e4rjestett\u00e4ville konserttikiertueille. Orkesteria luotsasivat kapellimestarit Droujelub Yanakiev Bernin konservatoriosta ja Rauno Tikkanen Savonia-ammattikorkeakoulusta. Konserttikiertueet juhlistivat Suomen 100-vuotisjuhlavuotta, Bernin konservatorion Nuorisosinfoniaorkesterin [&hellip;]<\/p>\n","protected":false},"author":9,"featured_media":0,"parent":1170,"menu_order":0,"comment_status":"closed","ping_status":"closed","template":"","meta":{"inline_featured_image":false,"footnotes":""},"oppiaine":[],"class_list":["post-1202","page","type-page","status-publish","hentry"],"_links":{"self":[{"href":"https:\/\/kuopionkonservatorio.fi\/fi\/wp-json\/wp\/v2\/pages\/1202","targetHints":{"allow":["GET"]}}],"collection":[{"href":"https:\/\/kuopionkonservatorio.fi\/fi\/wp-json\/wp\/v2\/pages"}],"about":[{"href":"https:\/\/kuopionkonservatorio.fi\/fi\/wp-json\/wp\/v2\/types\/page"}],"author":[{"embeddable":true,"href":"https:\/\/kuopionkonservatorio.fi\/fi\/wp-json\/wp\/v2\/users\/9"}],"replies":[{"embeddable":true,"href":"https:\/\/kuopionkonservatorio.fi\/fi\/wp-json\/wp\/v2\/comments?post=1202"}],"version-history":[{"count":0,"href":"https:\/\/kuopionkonservatorio.fi\/fi\/wp-json\/wp\/v2\/pages\/1202\/revisions"}],"up":[{"embeddable":true,"href":"https:\/\/kuopionkonservatorio.fi\/fi\/wp-json\/wp\/v2\/pages\/1170"}],"wp:attachment":[{"href":"https:\/\/kuopionkonservatorio.fi\/fi\/wp-json\/wp\/v2\/media?parent=1202"}],"wp:term":[{"taxonomy":"oppiaine","embeddable":true,"href":"https:\/\/kuopionkonservatorio.fi\/fi\/wp-json\/wp\/v2\/oppiaine?post=1202"}],"curies":[{"name":"wp","href":"https:\/\/api.w.org\/{rel}","templated":true}]}}