{"id":1200,"date":"2022-03-01T09:00:00","date_gmt":"2022-03-01T07:00:00","guid":{"rendered":"https:\/\/kuopionkonservatorio.letm.com\/?page_id=1200"},"modified":"2022-03-01T12:53:59","modified_gmt":"2022-03-01T10:53:59","slug":"aliisa","status":"publish","type":"page","link":"https:\/\/kuopionkonservatorio.fi\/fi\/kansainvalisyys\/kansainvalinen-toiminta\/aliisa\/","title":{"rendered":"All in &#8211; Inclusive Society for Arts 1.9.2020-31.8.2023"},"content":{"rendered":"\n<div class=\"wp-block-columns alignwide is-layout-flex wp-container-core-columns-is-layout-9d6595d7 wp-block-columns-is-layout-flex\">\n<div class=\"wp-block-column is-layout-flow wp-block-column-is-layout-flow\" style=\"flex-basis:33.33%\">\n<h2 class=\"wp-block-heading\" id=\"aliisa\">ALIISA<\/h2>\n\n\n<ul class=\"relatives\"><li class=\"page_item page-item-1172\"><a href=\"https:\/\/kuopionkonservatorio.fi\/fi\/kansainvalisyys\/kansainvalinen-toiminta\/ipae\/\">Inclusive Pedagogy in Arts \u2013 Europe 1.9.2017-31.3.2019<\/a><\/li>\n<li class=\"page_item page-item-1202\"><a href=\"https:\/\/kuopionkonservatorio.fi\/fi\/kansainvalisyys\/kansainvalinen-toiminta\/yhdessa\/\">YHDESS\u00c4<\/a><\/li>\n<\/ul>\n<\/div>\n\n\n\n<div class=\"wp-block-column is-layout-flow wp-block-column-is-layout-flow\" style=\"flex-basis:66.66%\">\n<p class=\"has-ingressi-font-size\">Kuopion konservatorio on hankepartnerina mukana syyskuussa 2020 alkaneessa ALIISA-hankkeessa, jonka tavoitteena on innovoida, mallintaa ja kehitt\u00e4\u00e4 kansainv\u00e4lisen yhteisty\u00f6n avulla inklusiivista taidekasvatusta ja kulttuurialojen ammattilaisten koulutusta.<\/p>\n\n\n\n<p>Hanketta hallinnoi Savonia-ammattikorkeakoulu. Konservatorion ohella hankkeen partnereita ovat Vilnius University \u0160iauliai Academy (Liettua), Universit\u00e4t f\u00fcr Musik und Darstellende Kunst Wien (It\u00e4valta) ja Ich bin O.K. Kultur- und Bildungsverein der Menschen mit und ohne Behinderung (It\u00e4valta). Hankkeessa kehitet\u00e4\u00e4n mm. taiteen merkityst\u00e4 sosiaalisen inkluusion ja hyvinvoinnin edist\u00e4j\u00e4n\u00e4, vahvistetaan pedagogisia taitoja inklusiivisessa taidekasvatuksessa sek\u00e4&nbsp; alan osaavan ty\u00f6voiman saatavuutta. Hanke jatkuu elokuun 2023 loppuun asti.<\/p>\n\n\n\n<p><a href=\"https:\/\/aliisa.savonia.fi\/\">Tutustu hankkeeseen tarkemmin t\u00e4st\u00e4 linkist\u00e4!<\/a><\/p>\n\n\n\n<p><\/p>\n<\/div>\n<\/div>\n","protected":false},"excerpt":{"rendered":"<p>ALIISA Kuopion konservatorio on hankepartnerina mukana syyskuussa 2020 alkaneessa ALIISA-hankkeessa, jonka tavoitteena on innovoida, mallintaa ja kehitt\u00e4\u00e4 kansainv\u00e4lisen yhteisty\u00f6n avulla inklusiivista taidekasvatusta ja kulttuurialojen ammattilaisten koulutusta. Hanketta hallinnoi Savonia-ammattikorkeakoulu. Konservatorion ohella hankkeen partnereita ovat Vilnius University \u0160iauliai Academy (Liettua), Universit\u00e4t f\u00fcr Musik und Darstellende Kunst Wien (It\u00e4valta) ja Ich bin O.K. Kultur- und Bildungsverein der [&hellip;]<\/p>\n","protected":false},"author":9,"featured_media":0,"parent":1170,"menu_order":0,"comment_status":"closed","ping_status":"closed","template":"","meta":{"inline_featured_image":false,"footnotes":""},"oppiaine":[],"class_list":["post-1200","page","type-page","status-publish","hentry"],"_links":{"self":[{"href":"https:\/\/kuopionkonservatorio.fi\/fi\/wp-json\/wp\/v2\/pages\/1200","targetHints":{"allow":["GET"]}}],"collection":[{"href":"https:\/\/kuopionkonservatorio.fi\/fi\/wp-json\/wp\/v2\/pages"}],"about":[{"href":"https:\/\/kuopionkonservatorio.fi\/fi\/wp-json\/wp\/v2\/types\/page"}],"author":[{"embeddable":true,"href":"https:\/\/kuopionkonservatorio.fi\/fi\/wp-json\/wp\/v2\/users\/9"}],"replies":[{"embeddable":true,"href":"https:\/\/kuopionkonservatorio.fi\/fi\/wp-json\/wp\/v2\/comments?post=1200"}],"version-history":[{"count":0,"href":"https:\/\/kuopionkonservatorio.fi\/fi\/wp-json\/wp\/v2\/pages\/1200\/revisions"}],"up":[{"embeddable":true,"href":"https:\/\/kuopionkonservatorio.fi\/fi\/wp-json\/wp\/v2\/pages\/1170"}],"wp:attachment":[{"href":"https:\/\/kuopionkonservatorio.fi\/fi\/wp-json\/wp\/v2\/media?parent=1200"}],"wp:term":[{"taxonomy":"oppiaine","embeddable":true,"href":"https:\/\/kuopionkonservatorio.fi\/fi\/wp-json\/wp\/v2\/oppiaine?post=1200"}],"curies":[{"name":"wp","href":"https:\/\/api.w.org\/{rel}","templated":true}]}}