{"id":1196,"date":"2022-03-01T08:52:00","date_gmt":"2022-03-01T06:52:00","guid":{"rendered":"https:\/\/kuopionkonservatorio.letm.com\/?page_id=1196"},"modified":"2023-01-04T14:23:48","modified_gmt":"2023-01-04T12:23:48","slug":"kumppanit","status":"publish","type":"page","link":"https:\/\/kuopionkonservatorio.fi\/fi\/kansainvalisyys\/kumppanit\/","title":{"rendered":"Kumppanit"},"content":{"rendered":"\n<div class=\"wp-block-columns alignwide is-layout-flex wp-container-core-columns-is-layout-9d6595d7 wp-block-columns-is-layout-flex\">\n<div class=\"wp-block-column is-layout-flow wp-block-column-is-layout-flow\" style=\"flex-basis:33.33%\">\n<h2 class=\"wp-block-heading\" id=\"kumppanit\">Kumppanit<\/h2>\n\n\n<ul class=\"relatives\"><li class=\"page_item page-item-1170 page_item_has_children\"><a href=\"https:\/\/kuopionkonservatorio.fi\/fi\/kansainvalisyys\/kansainvalinen-toiminta\/\">Kansainv\u00e4linen toiminta<\/a><\/li>\n<li class=\"page_item page-item-2866\"><a href=\"https:\/\/kuopionkonservatorio.fi\/fi\/kansainvalisyys\/erasmus\/\">Erasmus+<\/a><\/li>\n<\/ul>\n<\/div>\n\n\n\n<div class=\"wp-block-column is-layout-flow wp-block-column-is-layout-flow\" style=\"flex-basis:66.66%\">\n<p class=\"has-ingressi-font-size\">Tutustu kansainv\u00e4lisen toiminnan kumppaneihimme.<\/p>\n\n\n\n<h5 class=\"wp-block-heading\" id=\"alueellisia-yhteistyotahoja\">Alueellisia yhteisty\u00f6tahoja<\/h5>\n\n\n\n<ul class=\"wp-block-list\">\n<li><strong>Kouluttajat<\/strong><strong><\/strong>\n<ul class=\"wp-block-list\">\n<li>Kuopion Musiikkikeskuksessa toimivat\n<ul class=\"wp-block-list\">\n<li>Savonia-ammattikorkeakoulu Musiikin ja tanssin yksikk\u00f6<\/li>\n\n\n\n<li>Sibelius-Akatemia Kuopion yksikk\u00f6<\/li>\n<\/ul>\n<\/li>\n\n\n\n<li>Nuorisopuhallinorkesterien taustayhdistykset<\/li>\n\n\n\n<li>Kuopion taidelukio LUMIT<\/li>\n\n\n\n<li>SAKKY<\/li>\n<\/ul>\n<\/li>\n\n\n\n<li><strong>Kulttuurialan toimijat<\/strong>\n<ul class=\"wp-block-list\">\n<li>Kuopion Musiikkikeskus ja Kuopion kaupunginorkesteri<\/li>\n\n\n\n<li>Kuopion kamarimusiikkiseura ry<\/li>\n<\/ul>\n<\/li>\n\n\n\n<li><strong>Voimala-konsortio<\/strong>\n<ul class=\"wp-block-list\">\n<li>9 organisaation yhteenliittym\u00e4<strong><\/strong><\/li>\n\n\n\n<li>It\u00e4-Suomen Hyvinvointivoimala kehitt\u00e4\u00e4 kokonaisvaltaisia hyvinvointipalveluja, edist\u00e4\u00e4 n\u00e4ihin palveluihin liittyv\u00e4\u00e4 osaamista ja vahvistaa tutkimus- ja kehitt\u00e4mistoiminnan sek\u00e4 koulutuksen ja ty\u00f6el\u00e4m\u00e4n v\u00e4list\u00e4 yhteisty\u00f6t\u00e4. Painopiste on sosiaali-, terveys-, opetus- ja kulttuurialojen eri alojen v\u00e4lisess\u00e4 yhteisty\u00f6ss\u00e4.<strong><\/strong><\/li>\n<\/ul>\n<\/li>\n<\/ul>\n\n\n\n<h5 class=\"wp-block-heading\" id=\"kansallisia-yhteistyotahoja\">Kansallisia yhteisty\u00f6tahoja<\/h5>\n\n\n\n<ul class=\"wp-block-list\">\n<li><strong>Kulttuurialan toimijat<\/strong>\n<ul class=\"wp-block-list\">\n<li>Suomen konservatorioliitto (SKL)\n<ul class=\"wp-block-list\">\n<li>muut konservatoriot<\/li>\n<\/ul>\n<\/li>\n\n\n\n<li>Suomen musiikkioppilaitosten liitto (SML)\n<ul class=\"wp-block-list\">\n<li>musiikkioppilaitokset<\/li>\n<\/ul>\n<\/li>\n\n\n\n<li>Suomen tanssioppilaitosten liitto (STOPP)\n<ul class=\"wp-block-list\">\n<li>tanssioppilaitokset<\/li>\n<\/ul>\n<\/li>\n<\/ul>\n<\/li>\n<\/ul>\n\n\n\n<h5 class=\"wp-block-heading\" id=\"kansainvalisia-yhteistyotahoja\">Kansainv\u00e4lisi\u00e4 yhteisty\u00f6tahoja<\/h5>\n\n\n\n<ul class=\"wp-block-list\">\n<li><strong>J\u00e4rjest\u00f6t<\/strong>\n<ul class=\"wp-block-list\">\n<li>EMU, European Music School Union<\/li>\n\n\n\n<li>ECMTA, European Chamber Music Teachers\u2019 Assosiation<\/li>\n\n\n\n<li>EPTA, European Piano Teachers\u2019 Assosiation<\/li>\n<\/ul>\n<\/li>\n\n\n\n<li><strong>Lis\u00e4ksi useita oppilaitoksia ja yhteis\u00f6j\u00e4, joiden kanssa tehd\u00e4\u00e4n kv-yhteisty\u00f6t\u00e4.<\/strong><\/li>\n<\/ul>\n<\/div>\n<\/div>\n","protected":false},"excerpt":{"rendered":"<p>Kumppanit Tutustu kansainv\u00e4lisen toiminnan kumppaneihimme. Alueellisia yhteisty\u00f6tahoja Kansallisia yhteisty\u00f6tahoja Kansainv\u00e4lisi\u00e4 yhteisty\u00f6tahoja<\/p>\n","protected":false},"author":9,"featured_media":0,"parent":1168,"menu_order":0,"comment_status":"closed","ping_status":"closed","template":"","meta":{"inline_featured_image":false,"footnotes":""},"oppiaine":[],"class_list":["post-1196","page","type-page","status-publish","hentry"],"_links":{"self":[{"href":"https:\/\/kuopionkonservatorio.fi\/fi\/wp-json\/wp\/v2\/pages\/1196","targetHints":{"allow":["GET"]}}],"collection":[{"href":"https:\/\/kuopionkonservatorio.fi\/fi\/wp-json\/wp\/v2\/pages"}],"about":[{"href":"https:\/\/kuopionkonservatorio.fi\/fi\/wp-json\/wp\/v2\/types\/page"}],"author":[{"embeddable":true,"href":"https:\/\/kuopionkonservatorio.fi\/fi\/wp-json\/wp\/v2\/users\/9"}],"replies":[{"embeddable":true,"href":"https:\/\/kuopionkonservatorio.fi\/fi\/wp-json\/wp\/v2\/comments?post=1196"}],"version-history":[{"count":0,"href":"https:\/\/kuopionkonservatorio.fi\/fi\/wp-json\/wp\/v2\/pages\/1196\/revisions"}],"up":[{"embeddable":true,"href":"https:\/\/kuopionkonservatorio.fi\/fi\/wp-json\/wp\/v2\/pages\/1168"}],"wp:attachment":[{"href":"https:\/\/kuopionkonservatorio.fi\/fi\/wp-json\/wp\/v2\/media?parent=1196"}],"wp:term":[{"taxonomy":"oppiaine","embeddable":true,"href":"https:\/\/kuopionkonservatorio.fi\/fi\/wp-json\/wp\/v2\/oppiaine?post=1196"}],"curies":[{"name":"wp","href":"https:\/\/api.w.org\/{rel}","templated":true}]}}