{"id":1170,"date":"2022-02-28T14:48:39","date_gmt":"2022-02-28T12:48:39","guid":{"rendered":"https:\/\/kuopionkonservatorio.letm.com\/?page_id=1170"},"modified":"2025-03-27T10:50:01","modified_gmt":"2025-03-27T08:50:01","slug":"kansainvalinen-toiminta","status":"publish","type":"page","link":"https:\/\/kuopionkonservatorio.fi\/fi\/kansainvalisyys\/kansainvalinen-toiminta\/","title":{"rendered":"Kansainv\u00e4linen toiminta"},"content":{"rendered":"\n<div class=\"wp-block-columns alignwide is-layout-flex wp-container-core-columns-is-layout-9d6595d7 wp-block-columns-is-layout-flex\">\n<div class=\"wp-block-column is-layout-flow wp-block-column-is-layout-flow\" style=\"flex-basis:33.33%\">\n<h2 class=\"wp-block-heading\" id=\"kansainvalinen-toiminta\">Kansainv\u00e4linen toiminta<\/h2>\n\n\n<ul class=\"relatives\"><li class=\"page_item page-item-1196\"><a href=\"https:\/\/kuopionkonservatorio.fi\/fi\/kansainvalisyys\/kumppanit\/\">Kumppanit<\/a><\/li>\n<li class=\"page_item page-item-2866\"><a href=\"https:\/\/kuopionkonservatorio.fi\/fi\/kansainvalisyys\/erasmus\/\">Erasmus+<\/a><\/li>\n<\/ul>\n\n\n<ul class=\"relatives\"><li class=\"page_item page-item-1200\"><a href=\"https:\/\/kuopionkonservatorio.fi\/fi\/kansainvalisyys\/kansainvalinen-toiminta\/aliisa\/\">All in &#8211; Inclusive Society for Arts 1.9.2020-31.8.2023<\/a><\/li>\n<li class=\"page_item page-item-1172\"><a href=\"https:\/\/kuopionkonservatorio.fi\/fi\/kansainvalisyys\/kansainvalinen-toiminta\/ipae\/\">Inclusive Pedagogy in Arts \u2013 Europe 1.9.2017-31.3.2019<\/a><\/li>\n<li class=\"page_item page-item-1202\"><a href=\"https:\/\/kuopionkonservatorio.fi\/fi\/kansainvalisyys\/kansainvalinen-toiminta\/yhdessa\/\">YHDESS\u00c4<\/a><\/li>\n<\/ul>\n<\/div>\n\n\n\n<div class=\"wp-block-column is-layout-flow wp-block-column-is-layout-flow\" style=\"flex-basis:66.66%\">\n<p class=\"has-ingressi-font-size\">Tutustu alta Kuopion konservatorion viime vuosien kansainv\u00e4lisiin hankkeisiin ja projekteihin.<\/p>\n\n\n\n<h5 class=\"wp-block-heading\" id=\"juuri-nyt-all-in-international-inclusive-society-in-arts-aliisa-1-9-2020-31-8-2023\"><a href=\"https:\/\/aliisa.savonia.fi\/\">All in \u2013 International Inclusive Society in Arts (ALIISA) 1.9.2020<\/a><a href=\"https:\/\/www.kuopionkonservatorio.fi\/ipae\/\">\u2013<\/a><a href=\"https:\/\/aliisa.savonia.fi\/\">31.8.2023<\/a><\/h5>\n\n\n\n<p>Kuopion konservatorio on hankepartnerina mukana syyskuussa 2020 alkaneessa ALIISA-hankkeessa, jonka tavoitteena on innovoida, mallintaa ja kehitt\u00e4\u00e4 kansainv\u00e4lisen yhteisty\u00f6n avulla inklusiivista taidekasvatusta ja kulttuurialojen ammattilaisten koulutusta. Hanketta hallinnoi Savonia-ammattikorkeakoulu. Konservatorion ohella hankkeen partnereita ovat Vilnius University \u0160iauliai Academy (Liettua), Universit\u00e4t f\u00fcr Musik und Darstellende Kunst Wien (It\u00e4valta) ja Ich bin O.K. Kultur- und Bildungsverein der Menschen mit und ohne Behinderung (It\u00e4valta). Hankkeessa kehitet\u00e4\u00e4n mm. taiteen merkityst\u00e4 sosiaalisen inkluusion ja hyvinvoinnin edist\u00e4j\u00e4n\u00e4, vahvistetaan pedagogisia taitoja inklusiivisessa taidekasvatuksessa sek\u00e4&nbsp; alan osaavan ty\u00f6voiman saatavuutta. Hanke jatkuu elokuun 2023 loppuun asti.<\/p>\n\n\n\n<p><a href=\"https:\/\/aliisa.savonia.fi\/\">Tutustu hankkeeseen tarkemmin t\u00e4st\u00e4 linkist\u00e4!<\/a><\/p>\n\n\n\n<h5 class=\"wp-block-heading\" id=\"liikkuvuushankkeita\">Liikkuvuushankkeita<\/h5>\n\n\n\n<ul class=\"wp-block-list\">\n<li>Kuopion yst\u00e4vyyskaupunki Geran (Saksa) Musikschule \u201dHeinrich Sch\u00fctz\u201d\n<ul class=\"wp-block-list\">\n<li>opettajavierailuja ja oppilasvierailuja useamman vuoden ajalta<\/li>\n<\/ul>\n<\/li>\n\n\n\n<li>Conservatori Elemental i Escola Municipal de M\u00fasica de Palma (Mallorca, Espanja) (<a href=\"http:\/\/www.conservatorimunicipaldepalma.es\">www.conservatorimunicipaldepalma.es<\/a> Kuopion puhallinorkesterien vierailu syksyll\u00e4 2014)<\/li>\n\n\n\n<li>Creative professionals &#8211; professionals without borders, Nord Plus -hanke 2015 &#8211; 16\n<ul class=\"wp-block-list\">\n<li>Cesis Music Secondary School named after Alfreds Kalnins (LV), koordinoi<\/li>\n\n\n\n<li>Kuopion konservatorio, partneri (2. aste sek\u00e4 taiteen perusopetus), partneri<\/li>\n<\/ul>\n<\/li>\n\n\n\n<li>Peer Review of the Conservatories Berne-Kuopio, Comenius 2015 \u2013 2017\n<ul class=\"wp-block-list\">\n<li>Musikschule Konservatorium Bern, Sveitsi, koordinoi<\/li>\n\n\n\n<li>Kuopion konservatorio, partneri (2. aste sek\u00e4 taiteen perusopetus)<\/li>\n\n\n\n<li><a href=\"https:\/\/www.youtube.com\/watch?v=The8l_Hef8U\">Jatkohankkeena orkesteriyhteisty\u00f6 syksyll\u00e4 2017<\/a><\/li>\n<\/ul>\n<\/li>\n\n\n\n<li>Conservatorio profesional de Getafe (SPAIN) <a href=\"http:\/\/www.conservatoriogetafe.org\/\">http:\/\/www.conservatoriogetafe.org\/<\/a>\n<ul class=\"wp-block-list\">\n<li>Kuopion konservatorio vastaanottavana oppilaitoksena helmikuussa 2022<\/li>\n<\/ul>\n<\/li>\n<\/ul>\n\n\n\n<h5 class=\"wp-block-heading\" id=\"kehittamishankkeita\">Kehitt\u00e4mishankkeita<\/h5>\n\n\n\n<ul class=\"wp-block-list\">\n<li>Inclusive Pedagogy in Arts \u2013 Europe (IPA-E), Erasmus + hanke 2017 \u2013 2019\n<ul class=\"wp-block-list\">\n<li>Kuopion konservatorio, koordinoi<\/li>\n\n\n\n<li>Partnerit: Savonia amk; Siauliau University, Liettua; Siauliai 1st Music School, Liettua; Universitet f\u00fcr Musik und Darstellende Kust, Wien, It\u00e4valta; Kreismusikschule Vechta, Saksa; University of Vechta, Saksa<\/li>\n<\/ul>\n<\/li>\n\n\n\n<li>Jatkohanke edelliselle 2020 \u2013 2023, Erasmus+, All In \u2013 International Inclusive Society in Arts, ALIISA\n<ul class=\"wp-block-list\">\n<li>Savonia amk, koordinoi<\/li>\n\n\n\n<li>Partnerit: Kuopion konservatorio; Siauliau University, Liettua; Universitet f\u00fcr Musik und Darstellende Kust, Wien, It\u00e4valta; Ich bin O.K. Kultur- und Bildungsverein der Menschen mit und ohne Behinderung, Wien, It\u00e4valta<\/li>\n<\/ul>\n<\/li>\n\n\n\n<li>Dar al-Kalima University College of Arts &amp; Culture (Beetlelem, Israel\/Palestiina)\n<ul class=\"wp-block-list\">\n<li>UM mukana projektissa rahoittajana, konservatorio mukana asiantuntija-partnerina<\/li>\n\n\n\n<li>Kuopion konservatorion edustajat vierailivat Dar al-Kalima \u2013 oppilaitoksessa syyskuussa 2014, vastavierailu Kuopiossa 8.-10.12.2014<\/li>\n<\/ul>\n<\/li>\n<\/ul>\n\n\n\n<p><\/p>\n<\/div>\n<\/div>\n","protected":false},"excerpt":{"rendered":"<p>Kansainv\u00e4linen toiminta Tutustu alta Kuopion konservatorion viime vuosien kansainv\u00e4lisiin hankkeisiin ja projekteihin. All in \u2013 International Inclusive Society in Arts (ALIISA) 1.9.2020\u201331.8.2023 Kuopion konservatorio on hankepartnerina mukana syyskuussa 2020 alkaneessa ALIISA-hankkeessa, jonka tavoitteena on innovoida, mallintaa ja kehitt\u00e4\u00e4 kansainv\u00e4lisen yhteisty\u00f6n avulla inklusiivista taidekasvatusta ja kulttuurialojen ammattilaisten koulutusta. Hanketta hallinnoi Savonia-ammattikorkeakoulu. Konservatorion ohella hankkeen partnereita ovat [&hellip;]<\/p>\n","protected":false},"author":9,"featured_media":0,"parent":1168,"menu_order":0,"comment_status":"closed","ping_status":"closed","template":"","meta":{"inline_featured_image":false,"footnotes":""},"oppiaine":[],"class_list":["post-1170","page","type-page","status-publish","hentry"],"_links":{"self":[{"href":"https:\/\/kuopionkonservatorio.fi\/fi\/wp-json\/wp\/v2\/pages\/1170","targetHints":{"allow":["GET"]}}],"collection":[{"href":"https:\/\/kuopionkonservatorio.fi\/fi\/wp-json\/wp\/v2\/pages"}],"about":[{"href":"https:\/\/kuopionkonservatorio.fi\/fi\/wp-json\/wp\/v2\/types\/page"}],"author":[{"embeddable":true,"href":"https:\/\/kuopionkonservatorio.fi\/fi\/wp-json\/wp\/v2\/users\/9"}],"replies":[{"embeddable":true,"href":"https:\/\/kuopionkonservatorio.fi\/fi\/wp-json\/wp\/v2\/comments?post=1170"}],"version-history":[{"count":0,"href":"https:\/\/kuopionkonservatorio.fi\/fi\/wp-json\/wp\/v2\/pages\/1170\/revisions"}],"up":[{"embeddable":true,"href":"https:\/\/kuopionkonservatorio.fi\/fi\/wp-json\/wp\/v2\/pages\/1168"}],"wp:attachment":[{"href":"https:\/\/kuopionkonservatorio.fi\/fi\/wp-json\/wp\/v2\/media?parent=1170"}],"wp:term":[{"taxonomy":"oppiaine","embeddable":true,"href":"https:\/\/kuopionkonservatorio.fi\/fi\/wp-json\/wp\/v2\/oppiaine?post=1170"}],"curies":[{"name":"wp","href":"https:\/\/api.w.org\/{rel}","templated":true}]}}