{"id":1168,"date":"2022-02-28T14:43:20","date_gmt":"2022-02-28T12:43:20","guid":{"rendered":"https:\/\/kuopionkonservatorio.letm.com\/?page_id=1168"},"modified":"2025-02-25T14:13:24","modified_gmt":"2025-02-25T12:13:24","slug":"kansainvalisyys","status":"publish","type":"page","link":"https:\/\/kuopionkonservatorio.fi\/fi\/kansainvalisyys\/","title":{"rendered":"Kansainv\u00e4lisyys"},"content":{"rendered":"\n<div class=\"wp-block-columns alignwide mt-5 is-layout-flex wp-container-core-columns-is-layout-9d6595d7 wp-block-columns-is-layout-flex\">\n<div class=\"wp-block-column is-layout-flow wp-block-column-is-layout-flow\" style=\"flex-basis:33.33%\">\n<h2 class=\"wp-block-heading\" id=\"kansainvalisyys\">Kansainv\u00e4lisyys<\/h2>\n<\/div>\n\n\n\n<div class=\"wp-block-column is-layout-flow wp-block-column-is-layout-flow\" style=\"flex-basis:66.66%\">\n<p class=\"has-ingressi-font-size\">Musiikki ja tanssi ovat ilmaisuvoimaisia taiteenlajeja, jotka yhdist\u00e4v\u00e4t ihmisi\u00e4 ymp\u00e4ri maailmaa, kieli- ja kulttuurirajat ylitt\u00e4en.<\/p>\n\n\n\n<p>Kansainv\u00e4lisyys on luonteva osa musiikin ja tanssin opiskelua niin taiteen perusopetuksessa kuin musiikkialan ammatillisessa koulutuksessakin. Oppilaitoksessamme on suvaitseva sek\u00e4 monikulttuurisuutta ja globaalia toimijuutta arvostava ilmapiiri. Kuopion konservatoriolla on lukuisia kansainv\u00e4lisi\u00e4 yhteisty\u00f6kumppaneita joukossaan mm. eri koulutusasteiden taideoppilaitoksia ja toimijoita sek\u00e4 eurooppalaisia kulttuurialan toimijoiden laajoja verkostoja.<\/p>\n\n\n\n<p>Kansainv\u00e4list\u00e4 yhteisty\u00f6t\u00e4 tehd\u00e4\u00e4n aktiivisesti monilla eri tasoilla niin ulkomailla kuin kotimaassakin. Kuopion konservatorion ammatillinen koulutus on saanut Opetushallitukselta Erasmus+ -akkreditoinnin ohjelmakaudelle 2022-2027. Akkreditointi kertoo konservatorion kansainv\u00e4isen toiminnan pitk\u00e4j\u00e4nteisyydest\u00e4 ja akkreditoinnin my\u00f6t\u00e4 konservatorio on sitoutunut noudattamaan Erasmus+ -ohjelman laatustandardeja sek\u00e4 edist\u00e4m\u00e4\u00e4n inkluusion, digitaalisuuden ja ymp\u00e4rist\u00f6vastuullisuuden periaatteita.<\/p>\n\n\n\n<p>Oppilaitoksen toimintaa ja opetusty\u00f6t\u00e4 kehitet\u00e4\u00e4n eri partnereiden kanssa pedagogisissa hankkeissa ja projekteissa, joissa mukana on sek\u00e4 suomalaisia ett\u00e4 eurooppalaisia musiikki- ja tanssialan kouluttajia. Edist\u00e4mme oppilaiden, opiskelijoiden ja henkil\u00f6kunnan kansainv\u00e4list\u00e4 liikkuvuutta mm. oppilaitosvierailujen, esiintymisten, ty\u00f6ss\u00e4oppimisjaksojen sek\u00e4 ns. job shadowing -jaksojen kautta. Kuopion konservatorio kutsuu puolestaan vuosittain Kuopioon mm. mestarikurssien pit\u00e4ji\u00e4 ja alan asiantuntijoita sek\u00e4 oppilas- ja opiskelijaryhmi\u00e4.<\/p>\n\n\n\n<p>Is\u00e4nn\u00f6imme my\u00f6s erilaisia kansainv\u00e4lisi\u00e4 kulttuurialan tapaamisia ja seminaareja, jonka kautta muun muassa Euroopan kamarimusiikkipedagogisen yhdistyksen (ECMTA) j\u00e4senet ovat vierailleet Kuopiossa luennoimassa sek\u00e4 opettamassa oppilaitoksemme kamarimusiikkikokoonpanoja.<\/p>\n<\/div>\n<\/div>\n","protected":false},"excerpt":{"rendered":"<p>Kansainv\u00e4lisyys Musiikki ja tanssi ovat ilmaisuvoimaisia taiteenlajeja, jotka yhdist\u00e4v\u00e4t ihmisi\u00e4 ymp\u00e4ri maailmaa, kieli- ja kulttuurirajat ylitt\u00e4en. Kansainv\u00e4lisyys on luonteva osa musiikin ja tanssin opiskelua niin taiteen perusopetuksessa kuin musiikkialan ammatillisessa koulutuksessakin. Oppilaitoksessamme on suvaitseva sek\u00e4 monikulttuurisuutta ja globaalia toimijuutta arvostava ilmapiiri. Kuopion konservatoriolla on lukuisia kansainv\u00e4lisi\u00e4 yhteisty\u00f6kumppaneita joukossaan mm. eri koulutusasteiden taideoppilaitoksia ja toimijoita sek\u00e4 [&hellip;]<\/p>\n","protected":false},"author":9,"featured_media":0,"parent":0,"menu_order":0,"comment_status":"closed","ping_status":"closed","template":"page-templates\/page_secondary-nav.php","meta":{"inline_featured_image":false,"footnotes":""},"oppiaine":[],"class_list":["post-1168","page","type-page","status-publish","hentry"],"_links":{"self":[{"href":"https:\/\/kuopionkonservatorio.fi\/fi\/wp-json\/wp\/v2\/pages\/1168","targetHints":{"allow":["GET"]}}],"collection":[{"href":"https:\/\/kuopionkonservatorio.fi\/fi\/wp-json\/wp\/v2\/pages"}],"about":[{"href":"https:\/\/kuopionkonservatorio.fi\/fi\/wp-json\/wp\/v2\/types\/page"}],"author":[{"embeddable":true,"href":"https:\/\/kuopionkonservatorio.fi\/fi\/wp-json\/wp\/v2\/users\/9"}],"replies":[{"embeddable":true,"href":"https:\/\/kuopionkonservatorio.fi\/fi\/wp-json\/wp\/v2\/comments?post=1168"}],"version-history":[{"count":0,"href":"https:\/\/kuopionkonservatorio.fi\/fi\/wp-json\/wp\/v2\/pages\/1168\/revisions"}],"wp:attachment":[{"href":"https:\/\/kuopionkonservatorio.fi\/fi\/wp-json\/wp\/v2\/media?parent=1168"}],"wp:term":[{"taxonomy":"oppiaine","embeddable":true,"href":"https:\/\/kuopionkonservatorio.fi\/fi\/wp-json\/wp\/v2\/oppiaine?post=1168"}],"curies":[{"name":"wp","href":"https:\/\/api.w.org\/{rel}","templated":true}]}}