{"id":1157,"date":"2022-02-28T14:26:36","date_gmt":"2022-02-28T12:26:36","guid":{"rendered":"https:\/\/kuopionkonservatorio.letm.com\/?page_id=1157"},"modified":"2022-03-16T14:16:49","modified_gmt":"2022-03-16T12:16:49","slug":"suonenjoki","status":"publish","type":"page","link":"https:\/\/kuopionkonservatorio.fi\/fi\/toimipisteet\/suonenjoki\/","title":{"rendered":"Suonenjoki"},"content":{"rendered":"\n<div class=\"wp-block-columns alignwide is-layout-flex wp-container-core-columns-is-layout-9d6595d7 wp-block-columns-is-layout-flex\">\n<div class=\"wp-block-column is-layout-flow wp-block-column-is-layout-flow\" style=\"flex-basis:33.33%\">\n<h2 class=\"wp-block-heading\" id=\"suonenjoki\">Suonenjoki<\/h2>\n\n\n<ul class=\"relatives\"><li class=\"page_item page-item-1147\"><a href=\"https:\/\/kuopionkonservatorio.fi\/fi\/toimipisteet\/kuopio\/\">Kuopio<\/a><\/li>\n<li class=\"page_item page-item-1149\"><a href=\"https:\/\/kuopionkonservatorio.fi\/fi\/toimipisteet\/juankoski\/\">Juankoski<\/a><\/li>\n<li class=\"page_item page-item-1151\"><a href=\"https:\/\/kuopionkonservatorio.fi\/fi\/toimipisteet\/lapinlahti\/\">Lapinlahti<\/a><\/li>\n<li class=\"page_item page-item-1153\"><a href=\"https:\/\/kuopionkonservatorio.fi\/fi\/toimipisteet\/nilsia\/\">Nilsi\u00e4<\/a><\/li>\n<li class=\"page_item page-item-1155\"><a href=\"https:\/\/kuopionkonservatorio.fi\/fi\/toimipisteet\/siilinjarvi\/\">Siilinj\u00e4rvi<\/a><\/li>\n<\/ul>\n<\/div>\n\n\n\n<div class=\"wp-block-column is-layout-flow wp-block-column-is-layout-flow\" style=\"flex-basis:66.66%\">\n<p class=\"has-ingressi-font-size\">Suonenjoen toimipiste<strong> <\/strong>aloitti toimintansa v. 1973. Suonenjoen toimipisteess\u00e4 annetaan musiikin varhaisi\u00e4n opintojen sek\u00e4 klassisen musiikin perus- ja syvent\u00e4vien opintojen opetusta.<\/p>\n\n\n\n<p>Suonenjoen toimipisteen perustamisvuonna musiikinopiskelunsa aloitti 49 suonenjokista lasta ja nuorta. My\u00f6hemmin oppilaita on tullut my\u00f6s Rautalammilta, Vesannolta, Tervosta ja Pieks\u00e4m\u00e4elt\u00e4.&nbsp;Musiikkileikkikoulu tuli mukaan v. 1980, jolloin \u201dmuskarin\u201d aloitti n. 40 lasta. Oppilaita on nykyisin musiikin perusopinnoissa ja syvent\u00e4viss\u00e4 opinnoissa n. 60 ja musiikkileikkikoulussa n. 130.<\/p>\n\n\n\n<p>Suonenjoen toimipisteen opetustarjontaan sis\u00e4ltyy:<\/p>\n\n\n\n<ul class=\"wp-block-list\"><li>musiikin varhaisi\u00e4n opintoja (musiikkileikkikoulu ja musiikin valmentava opetus)<\/li><li>musiikin perusopintoja ja musiikin syvent\u00e4vi\u00e4 opintoja klassisessa musiikissa<\/li><\/ul>\n\n\n\n<p>Suonenjoella musiikin perusopinnoissa ja syvent\u00e4viss\u00e4 opinnoissa omaksi instrumentiksi voi valita pianon, viulun, sellon, huilun, kitaran ja laulun (klassinen). Muiden soittimien opetusta j\u00e4rjestet\u00e4\u00e4n Suonenjoella mahdollisuuksien mukaan.<\/p>\n\n\n\n<h4 class=\"pt-3 wp-block-heading\">Opetuspisteet<\/h4>\n\n\n\n\n<p>\n<b>Suonenjoen toimipiste<\/b><br>\n<i class=\"bi bi-geo-alt\"><\/i>&nbsp; <a href=\"https:\/\/www.google.com\/maps\/place\/Jalkalantie+6+Suonenjoki\" title=\"karttalinkki\" target=\"_blank\" rel=\"noopener\">Jalkalantie 6, 77600 Suonenjoki<\/a> (Yrityspuisto Futuria)\n<br><i class=\"bi bi-music-note-beamed\"><\/i>&nbsp; kamarimusiikki ja orkesterit, musiikin valmentavat opinnot, musiikkileikkikoulu, musiikkitaito klassinen, ja soitinopinnot klassinen\n<\/p>\n\n\n\n\n<h4 class=\"pt-3 wp-block-heading\">Opettajat<\/h4>\n\n\n\n\n<p>\n<b>Hentil\u00e4, Mirkka<\/b>, huilu ja musiikkileikkikoulu<br>\n<i>Suonenjoen toimipisteen johtaja<\/i><br><i class=\"bi bi-telephone\"><\/i>&nbsp; 045 136 0206<br>\n<i class=\"bi bi-envelope\"><\/i>&nbsp; <a href=\"mailto:mirkka.hentila@kuopionkonservatorio.fi\"> mirkka.hentila@kuopionkonservatorio.fi<\/a><br>\n<i class=\"bi bi-geo\"><\/i>&nbsp; Suonenjoki\n<\/p>\n\n<p>\n<b>Immonen, Jussi<\/b>, piano ja s\u00e4estys<br>\n<i>s\u00e4est\u00e4j\u00e4 (klassinen)<\/i><br>\n<i class=\"bi bi-envelope\"><\/i>&nbsp; <a href=\"mailto:jussi.immonen@kuopionkonservatorio.fi\"> jussi.immonen@kuopionkonservatorio.fi<\/a><br>\n<i class=\"bi bi-geo\"><\/i>&nbsp; Kuopio ja Suonenjoki\n<\/p>\n\n<p>\n<b>J\u00e4rvel\u00e4inen, Lea<\/b>, piano<br>\n\n<i class=\"bi bi-envelope\"><\/i>&nbsp; <a href=\"mailto:lea.jarvelainen@kuopionkonservatorio.fi\"> lea.jarvelainen@kuopionkonservatorio.fi<\/a><br>\n<i class=\"bi bi-geo\"><\/i>&nbsp; Suonenjoki\n<\/p>\n\n<p>\n<b>Karppi, Mikko<\/b>, kitara<br>\n\n<i class=\"bi bi-envelope\"><\/i>&nbsp; <a href=\"mailto:mikko.karppi@kuopionkonservatorio.fi\"> mikko.karppi@kuopionkonservatorio.fi<\/a><br>\n<i class=\"bi bi-geo\"><\/i>&nbsp; Kuopio, Lapinlahti, Nilsi\u00e4, Siilinj\u00e4rvi, ja Suonenjoki\n<\/p>\n\n<p>\n<b>Kuikka, Mirja<\/b>, sello<br>\n\n<i class=\"bi bi-envelope\"><\/i>&nbsp; <a href=\"mailto:mirja.kuikka@kuopionkonservatorio.fi\"> mirja.kuikka@kuopionkonservatorio.fi<\/a><br>\n<i class=\"bi bi-geo\"><\/i>&nbsp; Kuopio, Siilinj\u00e4rvi, ja Suonenjoki\n<\/p>\n\n<p>\n<b>Saastamoinen, Pirkemari<\/b>, huilu<br>\n\n<i class=\"bi bi-envelope\"><\/i>&nbsp; <a href=\"mailto:pirkemari.saastamoinen@kuopionkonservatorio.fi\"> pirkemari.saastamoinen@kuopionkonservatorio.fi<\/a><br>\n<i class=\"bi bi-geo\"><\/i>&nbsp; Kuopio, Lapinlahti, ja Suonenjoki\n<\/p>\n\n<p>\n<b>Savonen, Paula<\/b>, viulu<br>\n\n<i class=\"bi bi-envelope\"><\/i>&nbsp; <a href=\"mailto:paula.savonen@kuopionkonservatorio.fi\"> paula.savonen@kuopionkonservatorio.fi<\/a><br>\n<i class=\"bi bi-geo\"><\/i>&nbsp; Suonenjoki\n<\/p>\n\n<p>\n<b>Alahuhtala, Tuuli<\/b>, musiikkileikkikoulu<br>\n\n<i class=\"bi bi-envelope\"><\/i>&nbsp; <a href=\"mailto:tuuli.alahuhtala@kuopionkonservatorio.fi\"> tuuli.alahuhtala@kuopionkonservatorio.fi<\/a><br>\n<i class=\"bi bi-geo\"><\/i>&nbsp; Kuopio ja Suonenjoki\n<\/p>\n\n\n\n\n<div style=\"height:100px\" aria-hidden=\"true\" class=\"wp-block-spacer\"><\/div>\n<\/div>\n<\/div>\n","protected":false},"excerpt":{"rendered":"<p>Suonenjoki Suonenjoen toimipiste aloitti toimintansa v. 1973. Suonenjoen toimipisteess\u00e4 annetaan musiikin varhaisi\u00e4n opintojen sek\u00e4 klassisen musiikin perus- ja syvent\u00e4vien opintojen opetusta. Suonenjoen toimipisteen perustamisvuonna musiikinopiskelunsa aloitti 49 suonenjokista lasta ja nuorta. My\u00f6hemmin oppilaita on tullut my\u00f6s Rautalammilta, Vesannolta, Tervosta ja Pieks\u00e4m\u00e4elt\u00e4.&nbsp;Musiikkileikkikoulu tuli mukaan v. 1980, jolloin \u201dmuskarin\u201d aloitti n. 40 lasta. Oppilaita on nykyisin musiikin [&hellip;]<\/p>\n","protected":false},"author":9,"featured_media":0,"parent":1104,"menu_order":5,"comment_status":"closed","ping_status":"closed","template":"","meta":{"inline_featured_image":false,"footnotes":""},"oppiaine":[],"class_list":["post-1157","page","type-page","status-publish","hentry"],"_links":{"self":[{"href":"https:\/\/kuopionkonservatorio.fi\/fi\/wp-json\/wp\/v2\/pages\/1157","targetHints":{"allow":["GET"]}}],"collection":[{"href":"https:\/\/kuopionkonservatorio.fi\/fi\/wp-json\/wp\/v2\/pages"}],"about":[{"href":"https:\/\/kuopionkonservatorio.fi\/fi\/wp-json\/wp\/v2\/types\/page"}],"author":[{"embeddable":true,"href":"https:\/\/kuopionkonservatorio.fi\/fi\/wp-json\/wp\/v2\/users\/9"}],"replies":[{"embeddable":true,"href":"https:\/\/kuopionkonservatorio.fi\/fi\/wp-json\/wp\/v2\/comments?post=1157"}],"version-history":[{"count":0,"href":"https:\/\/kuopionkonservatorio.fi\/fi\/wp-json\/wp\/v2\/pages\/1157\/revisions"}],"up":[{"embeddable":true,"href":"https:\/\/kuopionkonservatorio.fi\/fi\/wp-json\/wp\/v2\/pages\/1104"}],"wp:attachment":[{"href":"https:\/\/kuopionkonservatorio.fi\/fi\/wp-json\/wp\/v2\/media?parent=1157"}],"wp:term":[{"taxonomy":"oppiaine","embeddable":true,"href":"https:\/\/kuopionkonservatorio.fi\/fi\/wp-json\/wp\/v2\/oppiaine?post=1157"}],"curies":[{"name":"wp","href":"https:\/\/api.w.org\/{rel}","templated":true}]}}