{"id":1155,"date":"2022-02-28T14:22:34","date_gmt":"2022-02-28T12:22:34","guid":{"rendered":"https:\/\/kuopionkonservatorio.letm.com\/?page_id=1155"},"modified":"2026-03-19T14:47:33","modified_gmt":"2026-03-19T12:47:33","slug":"siilinjarvi","status":"publish","type":"page","link":"https:\/\/kuopionkonservatorio.fi\/fi\/toimipisteet\/siilinjarvi\/","title":{"rendered":"Siilinj\u00e4rvi"},"content":{"rendered":"\n<div class=\"wp-block-columns alignwide is-layout-flex wp-container-core-columns-is-layout-9d6595d7 wp-block-columns-is-layout-flex\">\n<div class=\"wp-block-column is-layout-flow wp-block-column-is-layout-flow\" style=\"flex-basis:33.33%\">\n<h2 class=\"wp-block-heading\" id=\"siilinjarvi\">Siilinj\u00e4rvi<\/h2>\n\n\n<ul class=\"relatives\"><li class=\"page_item page-item-1147\"><a href=\"https:\/\/kuopionkonservatorio.fi\/fi\/toimipisteet\/kuopio\/\">Kuopio<\/a><\/li>\n<li class=\"page_item page-item-1149\"><a href=\"https:\/\/kuopionkonservatorio.fi\/fi\/toimipisteet\/juankoski\/\">Juankoski<\/a><\/li>\n<li class=\"page_item page-item-1151\"><a href=\"https:\/\/kuopionkonservatorio.fi\/fi\/toimipisteet\/lapinlahti\/\">Lapinlahti<\/a><\/li>\n<li class=\"page_item page-item-1153\"><a href=\"https:\/\/kuopionkonservatorio.fi\/fi\/toimipisteet\/nilsia\/\">Nilsi\u00e4<\/a><\/li>\n<li class=\"page_item page-item-1157\"><a href=\"https:\/\/kuopionkonservatorio.fi\/fi\/toimipisteet\/suonenjoki\/\">Suonenjoki<\/a><\/li>\n<\/ul>\n<\/div>\n\n\n\n<div class=\"wp-block-column is-layout-flow wp-block-column-is-layout-flow\" style=\"flex-basis:66.66%\">\n<p class=\"has-ingressi-font-size\">Siilinj\u00e4rven toimipisteess\u00e4 vauvasta virtuoosiksi musiikin siivin!<\/p>\n\n\n\n<p>Musiikin harrastamisella on Siilinj\u00e4rvell\u00e4 jo varsin pitk\u00e4t perinteet. Taiteen perusopetuksen laajan oppim\u00e4\u00e4r\u00e4n mukaista musiikin opetusta on annettu Kuopion konservatorion Siilinj\u00e4rven toimipisteess\u00e4 jo vuodesta 1973. Syksyst\u00e4 2014 l\u00e4htien se on toiminut nykyisiss\u00e4 viihtyisiss\u00e4 tiloissaan Innocumissa Isoharjantiell\u00e4 Harjam\u00e4ess\u00e4.<br><br>Siilinj\u00e4rven toimipisteen instrumenttiopiskelijoiden m\u00e4\u00e4r\u00e4 on noin sata. Musiikin varhaisi\u00e4n opintojen oppilaiden m\u00e4\u00e4r\u00e4 on samoin suuri, noin 70. Toimipisteen yhteis\u00f6llinen henki v\u00e4littyy runsaan yhteismusisoinnin kautta: oppilaalla on mahdollisuus jo varhaisessa vaiheessa musisoida yhdess\u00e4 vaikkapa kaverin kanssa. Harjam\u00e4ess\u00e4 toimii my\u00f6s jousiorkesteri Jouhevat. Lis\u00e4ksi oppilaat voivat halutessaan osallistua my\u00f6s Kuopion jousiorkestereiden sek\u00e4 AmKo-Sinfonian toimintaan. Oppilaiden musiikkiesitysten vieminen niin erilaisiin tapahtumiin kuin my\u00f6s kouluihin ja palvelutaloihin koetaan t\u00e4rke\u00e4ksi ja toimipiste tekeekin tiivist\u00e4 yhteisty\u00f6t\u00e4 Siilinj\u00e4rven muiden kulttuuritoimijoiden kanssa.<\/p>\n\n\n\n<p><strong>Siilinj\u00e4rven toimipisteen monipuoliseen opetustarjontaan sis\u00e4ltyy:<\/strong><\/p>\n\n\n\n<ul class=\"wp-block-list\">\n<li>musiikin varhaisi\u00e4n opintoja (musiikkileikkikoulu ja musiikin valmentavat opinnot)<\/li>\n\n\n\n<li>musiikin perusopintoja ja musiikin syvent\u00e4vi\u00e4 opintoja klassisessa musiikissa ja rytmimusiikissa<\/li>\n<\/ul>\n\n\n\n<p>Musiikin perusopinnoissa ja syvent\u00e4viss\u00e4 opinnoissa omaksi instrumentiksi voi Siilinj\u00e4rvell\u00e4 valita viulun, sellon, kitaran, huilun, klarinetin, nokkahuilun, trumpetin, pianon ja laulun (klassinen). Muiden soittimien opetusta j\u00e4rjestet\u00e4\u00e4n Siilinj\u00e4rvell\u00e4 mahdollisuuksien mukaan. Osa opetuksesta, kuten rytmimusiikin opetus, saatetaan j\u00e4rjest\u00e4\u00e4 Kuopiossa. Siilinj\u00e4rven toimipisteen klassisen musiikin oppilasvalinnat j\u00e4rjestet\u00e4\u00e4n toukokuussa Harjam\u00e4ess\u00e4 Siilinj\u00e4rvell\u00e4 ja rytmimusiikin oppilasvalinnat puolestaan Kuopiossa.<\/p>\n\n\n\n<h4 class=\"wp-block-heading pt-3\">Opetuspisteet<\/h4>\n\n\n\n\n<p>\n<b>Siilinj\u00e4rven toimipiste<\/b><br>\n<i class=\"bi bi-geo-alt\"><\/i>&nbsp; <a href=\"https:\/\/www.google.com\/maps\/place\/Isoharjantie+4+Siilinj%C3%A4rvi\" title=\"karttalinkki\" target=\"_blank\" rel=\"noopener\">Isoharjantie 4, 71870 Siilinj\u00e4rvi<\/a> (Rakennus S3, 3. kerros)\n<br><i class=\"bi bi-music-note-beamed\"><\/i>&nbsp; kamarimusiikki ja orkesterit, musiikin valmentavat opinnot, musiikkileikkikoulu, musiikkitaito klassinen, ja soitinopinnot klassinen\n<\/p>\n\n\n\n\n<h4 class=\"wp-block-heading pt-3\">Opettajat<\/h4>\n\n\n\n\n<p>\n<b>Ahlstedt, Artturi<\/b>, b\u00e4ndit ja ryhm\u00e4opetus<br>\n\n<i class=\"bi bi-envelope\"><\/i>&nbsp; <a href=\"mailto:artturi.ahlstedt@kuopionkonservatorio.fi\"> artturi.ahlstedt@kuopionkonservatorio.fi<\/a><br>\n<i class=\"bi bi-geo\"><\/i>&nbsp; Kuopio ja Siilinj\u00e4rvi\n<\/p>\n\n<p>\n<b>Hietala, Mika<\/b>, ly\u00f6m\u00e4soittimet ja rummut<br>\n\n<i class=\"bi bi-envelope\"><\/i>&nbsp; <a href=\"mailto:mika.hietala@kuopionkonservatorio.fi\"> mika.hietala@kuopionkonservatorio.fi<\/a><br>\n<i class=\"bi bi-geo\"><\/i>&nbsp; Kuopio ja Siilinj\u00e4rvi\n<\/p>\n\n<p>\n<b>Hiltula, Hannu<\/b>, b\u00e4ndit ja ryhm\u00e4opetus, kosketinsoittimet, piano, s\u00e4estys, ja saksofoni<br>\n<i>s\u00e4est\u00e4j\u00e4 (rytmi)<\/i><br>\n<i class=\"bi bi-envelope\"><\/i>&nbsp; <a href=\"mailto:hannu.hiltula@kuopionkonservatorio.fi\"> hannu.hiltula@kuopionkonservatorio.fi<\/a><br>\n<i class=\"bi bi-geo\"><\/i>&nbsp; Kuopio ja Siilinj\u00e4rvi\n<\/p>\n\n<p>\n<b>Immonen, Anna<\/b>, laulu<br>\n\n<i class=\"bi bi-envelope\"><\/i>&nbsp; <a href=\"mailto:anna.immonen@kuopionkonservatorio.fi\"> anna.immonen@kuopionkonservatorio.fi<\/a><br>\n<i class=\"bi bi-geo\"><\/i>&nbsp; Kuopio ja Siilinj\u00e4rvi\n<\/p>\n\n<p>\n<b>Juvonen, Mirja<\/b>, kuoro, lapsikuoro, laulu (klassinen), laulun valmentava opetus, ja lied<br>\n<i>Siilinj\u00e4rven toimipisteen johtaja, varhaisi\u00e4n musiikkikasvatuksen aineryhm\u00e4n johtaja<\/i><br><i class=\"bi bi-telephone\"><\/i>&nbsp; 050 463 4831<br>\n<i class=\"bi bi-envelope\"><\/i>&nbsp; <a href=\"mailto:mirja.juvonen@kuopionkonservatorio.fi\"> mirja.juvonen@kuopionkonservatorio.fi<\/a><br>\n<i class=\"bi bi-geo\"><\/i>&nbsp; Kuopio ja Siilinj\u00e4rvi\n<\/p>\n\n<p>\n<b>Kallio, Silja<\/b>, kantele<br>\n<i class=\"bi bi-telephone\"><\/i>&nbsp; 040 513 3879<br>\n<i class=\"bi bi-envelope\"><\/i>&nbsp; <a href=\"mailto:silja.kallio@kuopionkonservatorio.fi\"> silja.kallio@kuopionkonservatorio.fi<\/a><br>\n<i class=\"bi bi-geo\"><\/i>&nbsp; Kuopio ja Siilinj\u00e4rvi\n<\/p>\n\n<p>\n<b>Karppi, Mikko<\/b>, kitara<br>\n\n<i class=\"bi bi-envelope\"><\/i>&nbsp; <a href=\"mailto:mikko.karppi@kuopionkonservatorio.fi\"> mikko.karppi@kuopionkonservatorio.fi<\/a><br>\n<i class=\"bi bi-geo\"><\/i>&nbsp; Kuopio, Lapinlahti, Nilsi\u00e4, Siilinj\u00e4rvi, ja Suonenjoki\n<\/p>\n\n<p>\n<b>Kivim\u00e4ki, Marketta<\/b>, klarinetti ja nokkahuilu<br>\n\n<i class=\"bi bi-envelope\"><\/i>&nbsp; <a href=\"mailto:marketta.kivimaki@kuopionkonservatorio.fi\"> marketta.kivimaki@kuopionkonservatorio.fi<\/a><br>\n<i class=\"bi bi-geo\"><\/i>&nbsp; Juankoski, Kuopio, ja Siilinj\u00e4rvi\n<\/p>\n\n<p>\n<b>Kuikka, Mirja<\/b>, sello<br>\n\n<i class=\"bi bi-envelope\"><\/i>&nbsp; <a href=\"mailto:mirja.kuikka@kuopionkonservatorio.fi\"> mirja.kuikka@kuopionkonservatorio.fi<\/a><br>\n<i class=\"bi bi-geo\"><\/i>&nbsp; Kuopio, Siilinj\u00e4rvi, ja Suonenjoki\n<\/p>\n\n<p>\n<b>Leksis, Sampo<\/b>, <br>\n<i class=\"bi bi-telephone\"><\/i>&nbsp; 040 962 0542<br>\n<i class=\"bi bi-envelope\"><\/i>&nbsp; <a href=\"mailto:sampo.leksis@kuopionkonservatorio.fi\"> sampo.leksis@kuopionkonservatorio.fi<\/a><br>\n<i class=\"bi bi-geo\"><\/i>&nbsp; Kuopio ja Siilinj\u00e4rvi\n<\/p>\n\n<p>\n<b>Miettunen, Heidi<\/b>, sello<br>\n<i>Kamarimusiikin ja orkestereiden vastuuopettaja<\/i><br>\n<i class=\"bi bi-envelope\"><\/i>&nbsp; <a href=\"mailto:heidi.miettunen@kuopionkonservatorio.fi\"> heidi.miettunen@kuopionkonservatorio.fi<\/a><br>\n<i class=\"bi bi-geo\"><\/i>&nbsp; Kuopio ja Siilinj\u00e4rvi\n<\/p>\n\n<p>\n<b>Muona, Laura<\/b>, alkusoitto, musiikkileikkikoulu, musiikkipaja, ja sello<br>\n<i class=\"bi bi-telephone\"><\/i>&nbsp; 040 565 6704<br>\n<i class=\"bi bi-envelope\"><\/i>&nbsp; <a href=\"mailto:laura.muona@kuopionkonservatorio.fi\"> laura.muona@kuopionkonservatorio.fi<\/a><br>\n<i class=\"bi bi-geo\"><\/i>&nbsp; Kuopio ja Siilinj\u00e4rvi\n<\/p>\n\n<p>\n<b>Naumanen, Tiina<\/b>, piano<br>\n\n<i class=\"bi bi-envelope\"><\/i>&nbsp; <a href=\"mailto:tiina.naumanen@kuopionkonservatorio.fi\"> tiina.naumanen@kuopionkonservatorio.fi<\/a><br>\n<i class=\"bi bi-geo\"><\/i>&nbsp; Siilinj\u00e4rvi\n<\/p>\n\n<p>\n<b>Rautiainen, Mikko<\/b>, rummut<br>\n\n<i class=\"bi bi-envelope\"><\/i>&nbsp; <a href=\"mailto:mikko.rautiainen@kuopionkonservatorio.fi\"> mikko.rautiainen@kuopionkonservatorio.fi<\/a><br>\n<i class=\"bi bi-geo\"><\/i>&nbsp; Kuopio ja Siilinj\u00e4rvi\n<\/p>\n\n<p>\n<b>Ronimus, Anni<\/b>, kamarimusiikki ja orkesterit ja viulu<br>\n\n<i class=\"bi bi-envelope\"><\/i>&nbsp; <a href=\"mailto:anni.ronimus@kuopionkonservatorio.fi\"> anni.ronimus@kuopionkonservatorio.fi<\/a><br>\n<i class=\"bi bi-geo\"><\/i>&nbsp; Kuopio ja Siilinj\u00e4rvi\n<\/p>\n\n<p>\n<b>Saarento, Leena<\/b>, piano<br>\n\n<i class=\"bi bi-envelope\"><\/i>&nbsp; <a href=\"mailto:leena.saarento@kuopionkonservatorio.fi\"> leena.saarento@kuopionkonservatorio.fi<\/a><br>\n<i class=\"bi bi-geo\"><\/i>&nbsp; Kuopio ja Siilinj\u00e4rvi\n<\/p>\n\n<p>\n<b>Sadovnitchaia, Natalia<\/b>, piano ja s\u00e4estys<br>\n<i>s\u00e4est\u00e4j\u00e4 (klassinen)<\/i><br>\n<i class=\"bi bi-envelope\"><\/i>&nbsp; <a href=\"mailto:natalia.sadovnitchaia@kuopionkonservatorio.fi\"> natalia.sadovnitchaia@kuopionkonservatorio.fi<\/a><br>\n<i class=\"bi bi-geo\"><\/i>&nbsp; Kuopio ja Siilinj\u00e4rvi\n<\/p>\n\n<p>\n<b>Sereckis, Remigijus<\/b>, trumpetti<br>\n\n<i class=\"bi bi-envelope\"><\/i>&nbsp; <a href=\"mailto:remigijus.sereckis@kuopionkonservatorio.fi\"> remigijus.sereckis@kuopionkonservatorio.fi<\/a><br>\n<i class=\"bi bi-geo\"><\/i>&nbsp; Kuopio ja Siilinj\u00e4rvi\n<\/p>\n\n<p>\n<b>Vainio, Minna<\/b>, alkusoitto ja piano<br>\n\n<i class=\"bi bi-envelope\"><\/i>&nbsp; <a href=\"mailto:minna.vainio@kuopionkonservatorio.fi\"> minna.vainio@kuopionkonservatorio.fi<\/a><br>\n<i class=\"bi bi-geo\"><\/i>&nbsp; Kuopio ja Siilinj\u00e4rvi\n<\/p>\n\n<p>\n<b>Stedt, Jarna<\/b>, k\u00e4yr\u00e4torvi<br>\n<i>soitinlainat puhaltimet<\/i><br>\n<i class=\"bi bi-envelope\"><\/i>&nbsp; <a href=\"mailto:jarna.stedt@kuopionkonservatorio.fi\"> jarna.stedt@kuopionkonservatorio.fi<\/a><br>\n<i class=\"bi bi-geo\"><\/i>&nbsp; Kuopio ja Siilinj\u00e4rvi\n<\/p>\n\n\n\n\n<div style=\"height:100px\" aria-hidden=\"true\" class=\"wp-block-spacer\"><\/div>\n<\/div>\n<\/div>\n","protected":false},"excerpt":{"rendered":"<p>Siilinj\u00e4rvi Siilinj\u00e4rven toimipisteess\u00e4 vauvasta virtuoosiksi musiikin siivin! Musiikin harrastamisella on Siilinj\u00e4rvell\u00e4 jo varsin pitk\u00e4t perinteet. Taiteen perusopetuksen laajan oppim\u00e4\u00e4r\u00e4n mukaista musiikin opetusta on annettu Kuopion konservatorion Siilinj\u00e4rven toimipisteess\u00e4 jo vuodesta 1973. Syksyst\u00e4 2014 l\u00e4htien se on toiminut nykyisiss\u00e4 viihtyisiss\u00e4 tiloissaan Innocumissa Isoharjantiell\u00e4 Harjam\u00e4ess\u00e4. Siilinj\u00e4rven toimipisteen instrumenttiopiskelijoiden m\u00e4\u00e4r\u00e4 on noin sata. Musiikin varhaisi\u00e4n opintojen oppilaiden m\u00e4\u00e4r\u00e4 [&hellip;]<\/p>\n","protected":false},"author":9,"featured_media":0,"parent":1104,"menu_order":4,"comment_status":"closed","ping_status":"closed","template":"","meta":{"inline_featured_image":false,"footnotes":""},"oppiaine":[],"class_list":["post-1155","page","type-page","status-publish","hentry"],"_links":{"self":[{"href":"https:\/\/kuopionkonservatorio.fi\/fi\/wp-json\/wp\/v2\/pages\/1155","targetHints":{"allow":["GET"]}}],"collection":[{"href":"https:\/\/kuopionkonservatorio.fi\/fi\/wp-json\/wp\/v2\/pages"}],"about":[{"href":"https:\/\/kuopionkonservatorio.fi\/fi\/wp-json\/wp\/v2\/types\/page"}],"author":[{"embeddable":true,"href":"https:\/\/kuopionkonservatorio.fi\/fi\/wp-json\/wp\/v2\/users\/9"}],"replies":[{"embeddable":true,"href":"https:\/\/kuopionkonservatorio.fi\/fi\/wp-json\/wp\/v2\/comments?post=1155"}],"version-history":[{"count":0,"href":"https:\/\/kuopionkonservatorio.fi\/fi\/wp-json\/wp\/v2\/pages\/1155\/revisions"}],"up":[{"embeddable":true,"href":"https:\/\/kuopionkonservatorio.fi\/fi\/wp-json\/wp\/v2\/pages\/1104"}],"wp:attachment":[{"href":"https:\/\/kuopionkonservatorio.fi\/fi\/wp-json\/wp\/v2\/media?parent=1155"}],"wp:term":[{"taxonomy":"oppiaine","embeddable":true,"href":"https:\/\/kuopionkonservatorio.fi\/fi\/wp-json\/wp\/v2\/oppiaine?post=1155"}],"curies":[{"name":"wp","href":"https:\/\/api.w.org\/{rel}","templated":true}]}}